{"id":93,"date":"2022-12-21T07:17:34","date_gmt":"2022-12-21T11:17:34","guid":{"rendered":"http:\/\/guiaturisticodesinop.com.br\/?page_id=93"},"modified":"2025-06-03T09:51:00","modified_gmt":"2025-06-03T13:51:00","slug":"turismologos","status":"publish","type":"page","link":"https:\/\/guiaturisticodesinop.com.br\/?page_id=93","title":{"rendered":"Turism\u00f3logos em Sinop"},"content":{"rendered":"\n<p class=\"has-black-color has-background-color-background-color has-text-color has-background has-medium-font-size\"><strong>Gabriel Jos\u00e9 Pereira<\/strong><\/p>\n\n\n\n<p class=\"has-accent-color has-text-color\"><img decoding=\"async\" width=\"35\" height=\"35\" class=\"wp-image-97\" style=\"width: 35px;\" src=\"http:\/\/guiaturisticodesinop.com.br\/wp-content\/uploads\/2022\/12\/174879-1.png\" alt=\"\" srcset=\"https:\/\/guiaturisticodesinop.com.br\/wp-content\/uploads\/2022\/12\/174879-1.png 512w, https:\/\/guiaturisticodesinop.com.br\/wp-content\/uploads\/2022\/12\/174879-1-300x300.png 300w, https:\/\/guiaturisticodesinop.com.br\/wp-content\/uploads\/2022\/12\/174879-1-150x150.png 150w\" sizes=\"(max-width: 35px) 100vw, 35px\" \/> 66.9.8118-0945<\/p>\n\n\n\n<p class=\"has-accent-color has-text-color\"><img decoding=\"async\" width=\"35\" height=\"35\" class=\"wp-image-158\" style=\"width: 35px;\" src=\"http:\/\/guiaturisticodesinop.com.br\/wp-content\/uploads\/2022\/12\/icones-de-messagerie-vert-1.png\" alt=\"\" srcset=\"https:\/\/guiaturisticodesinop.com.br\/wp-content\/uploads\/2022\/12\/icones-de-messagerie-vert-1.png 512w, https:\/\/guiaturisticodesinop.com.br\/wp-content\/uploads\/2022\/12\/icones-de-messagerie-vert-1-300x300.png 300w, https:\/\/guiaturisticodesinop.com.br\/wp-content\/uploads\/2022\/12\/icones-de-messagerie-vert-1-150x150.png 150w\" sizes=\"(max-width: 35px) 100vw, 35px\" \/>  serprofessoread@gmail.com<\/p>\n\n\n\n<p class=\"has-accent-color has-text-color\">Website: <a href=\"https:\/\/serprofessoread.com.br\/\" target=\"_blank\" rel=\"noreferrer noopener\">serprofessoread<\/a><\/p>\n\n\n\n<p class=\"has-accent-color has-text-color\"><strong>Habilidades na \u00e1rea de turismo: <\/strong>Consultorias, elabora\u00e7\u00e3o de projetos, treinamentos, etc.<\/p>\n\n\n\n<p class=\"has-accent-color has-text-color\">Sinop &#8211; Mato Grosso<\/p>\n\n\n\n<p><\/p>\n\n\n\n<hr class=\"wp-block-separator has-alpha-channel-opacity is-style-wide\"\/>\n\n\n\n<p><center><img decoding=\"async\" src=\"http:\/\/guiaturisticodesinop.com.br\/orla_aquarela_brasil_sinop\/cadastur.png\" alt=\"Cadastur\" hspace=\"5\"><\/center><\/p>\n\n\n\n<p><\/p>\n","protected":false},"excerpt":{"rendered":"<p>Gabriel Jos\u00e9 Pereira 66.9.8118-0945 serprofessoread@gmail.com Website: serprofessoread Habilidades na \u00e1rea de turismo: Consultorias, elabora\u00e7\u00e3o de projetos, treinamentos, etc. Sinop &#8211; Mato Grosso<\/p>\n","protected":false},"author":1,"featured_media":2405,"parent":0,"menu_order":0,"comment_status":"closed","ping_status":"closed","template":"","meta":{"_themeisle_gutenberg_block_has_review":false,"footnotes":""},"class_list":["post-93","page","type-page","status-publish","has-post-thumbnail","hentry"],"yoast_head":"<!-- This site is optimized with the Yoast SEO plugin v25.3.1 - https:\/\/yoast.com\/wordpress\/plugins\/seo\/ -->\n<title>Turism\u00f3logos em Sinop - GUIA TUR\u00cdSTICO DE SINOP<\/title>\n<meta name=\"robots\" content=\"index, follow, max-snippet:-1, max-image-preview:large, max-video-preview:-1\" \/>\n<link rel=\"canonical\" href=\"https:\/\/guiaturisticodesinop.com.br\/?page_id=93\" \/>\n<meta property=\"og:locale\" content=\"pt_BR\" \/>\n<meta property=\"og:type\" content=\"article\" \/>\n<meta property=\"og:title\" content=\"Turism\u00f3logos em Sinop - GUIA TUR\u00cdSTICO DE SINOP\" \/>\n<meta property=\"og:description\" content=\"Gabriel Jos\u00e9 Pereira 66.9.8118-0945 serprofessoread@gmail.com Website: serprofessoread Habilidades na \u00e1rea de turismo: Consultorias, elabora\u00e7\u00e3o de projetos, treinamentos, etc. Sinop &#8211; Mato Grosso\" \/>\n<meta property=\"og:url\" content=\"https:\/\/guiaturisticodesinop.com.br\/?page_id=93\" \/>\n<meta property=\"og:site_name\" content=\"GUIA TUR\u00cdSTICO DE SINOP\" \/>\n<meta property=\"article:publisher\" content=\"https:\/\/www.facebook.com\/people\/Guia-Turstico-de-Sinop\/100089015200279\/\" \/>\n<meta property=\"article:modified_time\" content=\"2025-06-03T13:51:00+00:00\" \/>\n<meta property=\"og:image\" content=\"https:\/\/guiaturisticodesinop.com.br\/wp-content\/uploads\/2023\/02\/capa_turismologos_sinop-2.png\" \/>\n\t<meta property=\"og:image:width\" content=\"1111\" \/>\n\t<meta property=\"og:image:height\" content=\"354\" \/>\n\t<meta property=\"og:image:type\" content=\"image\/png\" \/>\n<meta name=\"twitter:card\" content=\"summary_large_image\" \/>\n<script type=\"application\/ld+json\" class=\"yoast-schema-graph\">{\"@context\":\"https:\/\/schema.org\",\"@graph\":[{\"@type\":\"WebPage\",\"@id\":\"https:\/\/guiaturisticodesinop.com.br\/?page_id=93\",\"url\":\"https:\/\/guiaturisticodesinop.com.br\/?page_id=93\",\"name\":\"Turism\u00f3logos em Sinop - GUIA TUR\u00cdSTICO DE SINOP\",\"isPartOf\":{\"@id\":\"https:\/\/guiaturisticodesinop.com.br\/#website\"},\"primaryImageOfPage\":{\"@id\":\"https:\/\/guiaturisticodesinop.com.br\/?page_id=93#primaryimage\"},\"image\":{\"@id\":\"https:\/\/guiaturisticodesinop.com.br\/?page_id=93#primaryimage\"},\"thumbnailUrl\":\"https:\/\/guiaturisticodesinop.com.br\/wp-content\/uploads\/2023\/02\/capa_turismologos_sinop-2.png\",\"datePublished\":\"2022-12-21T11:17:34+00:00\",\"dateModified\":\"2025-06-03T13:51:00+00:00\",\"breadcrumb\":{\"@id\":\"https:\/\/guiaturisticodesinop.com.br\/?page_id=93#breadcrumb\"},\"inLanguage\":\"pt-BR\",\"potentialAction\":[{\"@type\":\"ReadAction\",\"target\":[\"https:\/\/guiaturisticodesinop.com.br\/?page_id=93\"]}]},{\"@type\":\"ImageObject\",\"inLanguage\":\"pt-BR\",\"@id\":\"https:\/\/guiaturisticodesinop.com.br\/?page_id=93#primaryimage\",\"url\":\"https:\/\/guiaturisticodesinop.com.br\/wp-content\/uploads\/2023\/02\/capa_turismologos_sinop-2.png\",\"contentUrl\":\"https:\/\/guiaturisticodesinop.com.br\/wp-content\/uploads\/2023\/02\/capa_turismologos_sinop-2.png\",\"width\":1111,\"height\":354},{\"@type\":\"BreadcrumbList\",\"@id\":\"https:\/\/guiaturisticodesinop.com.br\/?page_id=93#breadcrumb\",\"itemListElement\":[{\"@type\":\"ListItem\",\"position\":1,\"name\":\"In\u00edcio\",\"item\":\"https:\/\/guiaturisticodesinop.com.br\/\"},{\"@type\":\"ListItem\",\"position\":2,\"name\":\"Turism\u00f3logos em Sinop\"}]},{\"@type\":\"WebSite\",\"@id\":\"https:\/\/guiaturisticodesinop.com.br\/#website\",\"url\":\"https:\/\/guiaturisticodesinop.com.br\/\",\"name\":\"GUIA TUR\u00cdSTICO DE SINOP\",\"description\":\"A vitrine on-line do turismo em Sinop para o mundo!\",\"publisher\":{\"@id\":\"https:\/\/guiaturisticodesinop.com.br\/#organization\"},\"potentialAction\":[{\"@type\":\"SearchAction\",\"target\":{\"@type\":\"EntryPoint\",\"urlTemplate\":\"https:\/\/guiaturisticodesinop.com.br\/?s={search_term_string}\"},\"query-input\":{\"@type\":\"PropertyValueSpecification\",\"valueRequired\":true,\"valueName\":\"search_term_string\"}}],\"inLanguage\":\"pt-BR\"},{\"@type\":\"Organization\",\"@id\":\"https:\/\/guiaturisticodesinop.com.br\/#organization\",\"name\":\"GUIA TUR\u00cdSTICO DE SINOP\",\"url\":\"https:\/\/guiaturisticodesinop.com.br\/\",\"logo\":{\"@type\":\"ImageObject\",\"inLanguage\":\"pt-BR\",\"@id\":\"https:\/\/guiaturisticodesinop.com.br\/#\/schema\/logo\/image\/\",\"url\":\"https:\/\/guiaturisticodesinop.com.br\/wp-content\/uploads\/2023\/02\/logo_marca_guia_turistico_de_sinop.png\",\"contentUrl\":\"https:\/\/guiaturisticodesinop.com.br\/wp-content\/uploads\/2023\/02\/logo_marca_guia_turistico_de_sinop.png\",\"width\":250,\"height\":149,\"caption\":\"GUIA TUR\u00cdSTICO DE SINOP\"},\"image\":{\"@id\":\"https:\/\/guiaturisticodesinop.com.br\/#\/schema\/logo\/image\/\"},\"sameAs\":[\"https:\/\/www.facebook.com\/people\/Guia-Turstico-de-Sinop\/100089015200279\/\",\"https:\/\/www.instagram.com\/guiaturisticodesinop\"]}]}<\/script>\n<!-- \/ Yoast SEO plugin. -->","yoast_head_json":{"title":"Turism\u00f3logos em Sinop - GUIA TUR\u00cdSTICO DE SINOP","robots":{"index":"index","follow":"follow","max-snippet":"max-snippet:-1","max-image-preview":"max-image-preview:large","max-video-preview":"max-video-preview:-1"},"canonical":"https:\/\/guiaturisticodesinop.com.br\/?page_id=93","og_locale":"pt_BR","og_type":"article","og_title":"Turism\u00f3logos em Sinop - GUIA TUR\u00cdSTICO DE SINOP","og_description":"Gabriel Jos\u00e9 Pereira 66.9.8118-0945 serprofessoread@gmail.com Website: serprofessoread Habilidades na \u00e1rea de turismo: Consultorias, elabora\u00e7\u00e3o de projetos, treinamentos, etc. Sinop &#8211; Mato Grosso","og_url":"https:\/\/guiaturisticodesinop.com.br\/?page_id=93","og_site_name":"GUIA TUR\u00cdSTICO DE SINOP","article_publisher":"https:\/\/www.facebook.com\/people\/Guia-Turstico-de-Sinop\/100089015200279\/","article_modified_time":"2025-06-03T13:51:00+00:00","og_image":[{"width":1111,"height":354,"url":"https:\/\/guiaturisticodesinop.com.br\/wp-content\/uploads\/2023\/02\/capa_turismologos_sinop-2.png","type":"image\/png"}],"twitter_card":"summary_large_image","schema":{"@context":"https:\/\/schema.org","@graph":[{"@type":"WebPage","@id":"https:\/\/guiaturisticodesinop.com.br\/?page_id=93","url":"https:\/\/guiaturisticodesinop.com.br\/?page_id=93","name":"Turism\u00f3logos em Sinop - GUIA TUR\u00cdSTICO DE SINOP","isPartOf":{"@id":"https:\/\/guiaturisticodesinop.com.br\/#website"},"primaryImageOfPage":{"@id":"https:\/\/guiaturisticodesinop.com.br\/?page_id=93#primaryimage"},"image":{"@id":"https:\/\/guiaturisticodesinop.com.br\/?page_id=93#primaryimage"},"thumbnailUrl":"https:\/\/guiaturisticodesinop.com.br\/wp-content\/uploads\/2023\/02\/capa_turismologos_sinop-2.png","datePublished":"2022-12-21T11:17:34+00:00","dateModified":"2025-06-03T13:51:00+00:00","breadcrumb":{"@id":"https:\/\/guiaturisticodesinop.com.br\/?page_id=93#breadcrumb"},"inLanguage":"pt-BR","potentialAction":[{"@type":"ReadAction","target":["https:\/\/guiaturisticodesinop.com.br\/?page_id=93"]}]},{"@type":"ImageObject","inLanguage":"pt-BR","@id":"https:\/\/guiaturisticodesinop.com.br\/?page_id=93#primaryimage","url":"https:\/\/guiaturisticodesinop.com.br\/wp-content\/uploads\/2023\/02\/capa_turismologos_sinop-2.png","contentUrl":"https:\/\/guiaturisticodesinop.com.br\/wp-content\/uploads\/2023\/02\/capa_turismologos_sinop-2.png","width":1111,"height":354},{"@type":"BreadcrumbList","@id":"https:\/\/guiaturisticodesinop.com.br\/?page_id=93#breadcrumb","itemListElement":[{"@type":"ListItem","position":1,"name":"In\u00edcio","item":"https:\/\/guiaturisticodesinop.com.br\/"},{"@type":"ListItem","position":2,"name":"Turism\u00f3logos em Sinop"}]},{"@type":"WebSite","@id":"https:\/\/guiaturisticodesinop.com.br\/#website","url":"https:\/\/guiaturisticodesinop.com.br\/","name":"GUIA TUR\u00cdSTICO DE SINOP","description":"A vitrine on-line do turismo em Sinop para o mundo!","publisher":{"@id":"https:\/\/guiaturisticodesinop.com.br\/#organization"},"potentialAction":[{"@type":"SearchAction","target":{"@type":"EntryPoint","urlTemplate":"https:\/\/guiaturisticodesinop.com.br\/?s={search_term_string}"},"query-input":{"@type":"PropertyValueSpecification","valueRequired":true,"valueName":"search_term_string"}}],"inLanguage":"pt-BR"},{"@type":"Organization","@id":"https:\/\/guiaturisticodesinop.com.br\/#organization","name":"GUIA TUR\u00cdSTICO DE SINOP","url":"https:\/\/guiaturisticodesinop.com.br\/","logo":{"@type":"ImageObject","inLanguage":"pt-BR","@id":"https:\/\/guiaturisticodesinop.com.br\/#\/schema\/logo\/image\/","url":"https:\/\/guiaturisticodesinop.com.br\/wp-content\/uploads\/2023\/02\/logo_marca_guia_turistico_de_sinop.png","contentUrl":"https:\/\/guiaturisticodesinop.com.br\/wp-content\/uploads\/2023\/02\/logo_marca_guia_turistico_de_sinop.png","width":250,"height":149,"caption":"GUIA TUR\u00cdSTICO DE SINOP"},"image":{"@id":"https:\/\/guiaturisticodesinop.com.br\/#\/schema\/logo\/image\/"},"sameAs":["https:\/\/www.facebook.com\/people\/Guia-Turstico-de-Sinop\/100089015200279\/","https:\/\/www.instagram.com\/guiaturisticodesinop"]}]}},"_links":{"self":[{"href":"https:\/\/guiaturisticodesinop.com.br\/index.php?rest_route=\/wp\/v2\/pages\/93","targetHints":{"allow":["GET"]}}],"collection":[{"href":"https:\/\/guiaturisticodesinop.com.br\/index.php?rest_route=\/wp\/v2\/pages"}],"about":[{"href":"https:\/\/guiaturisticodesinop.com.br\/index.php?rest_route=\/wp\/v2\/types\/page"}],"author":[{"embeddable":true,"href":"https:\/\/guiaturisticodesinop.com.br\/index.php?rest_route=\/wp\/v2\/users\/1"}],"replies":[{"embeddable":true,"href":"https:\/\/guiaturisticodesinop.com.br\/index.php?rest_route=%2Fwp%2Fv2%2Fcomments&post=93"}],"version-history":[{"count":19,"href":"https:\/\/guiaturisticodesinop.com.br\/index.php?rest_route=\/wp\/v2\/pages\/93\/revisions"}],"predecessor-version":[{"id":2782,"href":"https:\/\/guiaturisticodesinop.com.br\/index.php?rest_route=\/wp\/v2\/pages\/93\/revisions\/2782"}],"wp:featuredmedia":[{"embeddable":true,"href":"https:\/\/guiaturisticodesinop.com.br\/index.php?rest_route=\/wp\/v2\/media\/2405"}],"wp:attachment":[{"href":"https:\/\/guiaturisticodesinop.com.br\/index.php?rest_route=%2Fwp%2Fv2%2Fmedia&parent=93"}],"curies":[{"name":"wp","href":"https:\/\/api.w.org\/{rel}","templated":true}]}}