{"id":65,"date":"2022-12-21T07:01:49","date_gmt":"2022-12-21T11:01:49","guid":{"rendered":"http:\/\/guiaturisticodesinop.com.br\/?page_id=65"},"modified":"2023-02-26T13:44:37","modified_gmt":"2023-02-26T17:44:37","slug":"companhias-aereas","status":"publish","type":"page","link":"https:\/\/guiaturisticodesinop.com.br\/?page_id=65","title":{"rendered":"Shoppings e Lojas de Artesanato"},"content":{"rendered":"\n<p class=\"has-black-color has-background-color-background-color has-text-color has-background has-medium-font-size\"><strong>Shopping Sinop<\/strong><\/p>\n\n\n\n<p class=\"has-black-color has-text-color\"><img decoding=\"async\" width=\"35\" height=\"35\" class=\"wp-image-466\" style=\"width: 35px;\" src=\"http:\/\/guiaturisticodesinop.com.br\/wp-content\/uploads\/2022\/12\/icone_telefone.png\" alt=\"\"> 66.3300-0000<\/p>\n\n\n\n<p class=\"has-black-color has-text-color\">Website: <a href=\"https:\/\/www.shoppingsinop.com\/\" target=\"_blank\" rel=\"noreferrer noopener\">Shopping Sinop<\/a><\/p>\n\n\n\n<p class=\"has-black-color has-text-color\">AV. Alexandre Ferronato, 800 &#8211; Setor Industrial<br>Sinop &#8211; MT<\/p>\n\n\n\n<p class=\"has-black-color has-background-color-background-color has-text-color has-background has-medium-font-size\"><strong>Carand\u00e1<\/strong> <strong>Shopping<\/strong><\/p>\n\n\n\n<p class=\"has-black-color has-text-color\"><img decoding=\"async\" width=\"35\" height=\"35\" class=\"wp-image-466\" style=\"width: 35px;\" src=\"http:\/\/guiaturisticodesinop.com.br\/wp-content\/uploads\/2022\/12\/icone_telefone.png\" alt=\"\"> 66.9.9985-9707<\/p>\n\n\n\n<p class=\"has-black-color has-text-color\"><img decoding=\"async\" class=\"wp-image-453\" style=\"width: 35px;\" src=\"http:\/\/guiaturisticodesinop.com.br\/wp-content\/uploads\/2022\/12\/icone_facebook.png\" alt=\"\">  <a href=\"https:\/\/www.facebook.com\/carandashopping\" target=\"_blank\" rel=\"noreferrer noopener\">carandashopping<\/a><\/p>\n\n\n\n<p class=\"has-black-color has-text-color\"><img decoding=\"async\" width=\"35\" height=\"34\" class=\"wp-image-447\" style=\"width: 35px;\" src=\"http:\/\/guiaturisticodesinop.com.br\/wp-content\/uploads\/2022\/12\/instagram-2.png\" alt=\"\">  <a href=\"https:\/\/www.instagram.com\/carandashopping\/\" target=\"_blank\" rel=\"noreferrer noopener\">carandashopping<\/a><\/p>\n\n\n\n<p class=\"has-black-color has-text-color\">Av. Andr\u00e9 Maggi, 6.529 &#8211; Bairro: S\u00e3o Paulo I &#8211; Cep: 78550-000<br>Sinop &#8211; MT<\/p>\n\n\n\n<p class=\"has-black-color has-background-color-background-color has-text-color has-background has-medium-font-size\"><strong>Casa do Artes\u00e3o<\/strong><\/p>\n\n\n\n<p class=\"has-black-color has-text-color\"><img decoding=\"async\" width=\"35\" height=\"35\" class=\"wp-image-466\" style=\"width: 35px;\" src=\"http:\/\/guiaturisticodesinop.com.br\/wp-content\/uploads\/2022\/12\/icone_telefone.png\" alt=\"\"> 66.3531-6292 | 66.9.9638-4848<\/p>\n\n\n\n<p><img decoding=\"async\" width=\"35\" height=\"34\" class=\"wp-image-447\" style=\"width: 35px;\" src=\"http:\/\/guiaturisticodesinop.com.br\/wp-content\/uploads\/2022\/12\/instagram-2.png\" alt=\"\"> <a href=\"https:\/\/www.instagram.com\/casadoartesaosinop\/\" target=\"_blank\" rel=\"noreferrer noopener\">casadoartesaosinop<\/a><\/p>\n\n\n\n<p class=\"has-black-color has-text-color\"><img decoding=\"async\" class=\"wp-image-453\" style=\"width: 35px;\" src=\"http:\/\/guiaturisticodesinop.com.br\/wp-content\/uploads\/2022\/12\/icone_facebook.png\" alt=\"\"> <a rel=\"noreferrer noopener\" href=\"https:\/\/www.facebook.com\/casadoartesaosinop\" target=\"_blank\">casadoartesaosinop<\/a><\/p>\n\n\n\n<p class=\"has-black-color has-text-color\">Pra\u00e7a da B\u00edblia<br>Sinop &#8211; MT<\/p>\n","protected":false},"excerpt":{"rendered":"<p>Shopping Sinop 66.3300-0000 Website: Shopping Sinop AV. Alexandre Ferronato, 800 &#8211; Setor IndustrialSinop &#8211; MT Carand\u00e1 Shopping 66.9.9985-9707 carandashopping carandashopping Av. Andr\u00e9 Maggi, 6.529 &#8211; Bairro: S\u00e3o Paulo I &#8211; Cep: 78550-000Sinop &#8211; MT Casa do Artes\u00e3o 66.3531-6292 | 66.9.9638-4848 casadoartesaosinop casadoartesaosinop Pra\u00e7a da B\u00edbliaSinop &#8211; MT<\/p>\n","protected":false},"author":1,"featured_media":2402,"parent":0,"menu_order":0,"comment_status":"closed","ping_status":"closed","template":"","meta":{"_themeisle_gutenberg_block_has_review":false,"footnotes":""},"class_list":["post-65","page","type-page","status-publish","has-post-thumbnail","hentry"],"yoast_head":"<!-- This site is optimized with the Yoast SEO plugin v25.3.1 - https:\/\/yoast.com\/wordpress\/plugins\/seo\/ -->\n<title>Shoppings e Lojas de Artesanato - GUIA TUR\u00cdSTICO DE SINOP<\/title>\n<meta name=\"robots\" content=\"index, follow, max-snippet:-1, max-image-preview:large, max-video-preview:-1\" \/>\n<link rel=\"canonical\" href=\"http:\/\/guiaturisticodesinop.com.br\/?page_id=65\" \/>\n<meta property=\"og:locale\" content=\"pt_BR\" \/>\n<meta property=\"og:type\" content=\"article\" \/>\n<meta property=\"og:title\" content=\"Shoppings e Lojas de Artesanato - GUIA TUR\u00cdSTICO DE SINOP\" \/>\n<meta property=\"og:description\" content=\"Shopping Sinop 66.3300-0000 Website: Shopping Sinop AV. Alexandre Ferronato, 800 &#8211; Setor IndustrialSinop &#8211; MT Carand\u00e1 Shopping 66.9.9985-9707 carandashopping carandashopping Av. Andr\u00e9 Maggi, 6.529 &#8211; Bairro: S\u00e3o Paulo I &#8211; Cep: 78550-000Sinop &#8211; MT Casa do Artes\u00e3o 66.3531-6292 | 66.9.9638-4848 casadoartesaosinop casadoartesaosinop Pra\u00e7a da B\u00edbliaSinop &#8211; MT\" \/>\n<meta property=\"og:url\" content=\"http:\/\/guiaturisticodesinop.com.br\/?page_id=65\" \/>\n<meta property=\"og:site_name\" content=\"GUIA TUR\u00cdSTICO DE SINOP\" \/>\n<meta property=\"article:publisher\" content=\"https:\/\/www.facebook.com\/people\/Guia-Turstico-de-Sinop\/100089015200279\/\" \/>\n<meta property=\"article:modified_time\" content=\"2023-02-26T17:44:37+00:00\" \/>\n<meta property=\"og:image\" content=\"http:\/\/guiaturisticodesinop.com.br\/wp-content\/uploads\/2023\/02\/capa_compras_sinop.png\" \/>\n\t<meta property=\"og:image:width\" content=\"1111\" \/>\n\t<meta property=\"og:image:height\" content=\"354\" \/>\n\t<meta property=\"og:image:type\" content=\"image\/png\" \/>\n<meta name=\"twitter:card\" content=\"summary_large_image\" \/>\n<script type=\"application\/ld+json\" class=\"yoast-schema-graph\">{\"@context\":\"https:\/\/schema.org\",\"@graph\":[{\"@type\":\"WebPage\",\"@id\":\"http:\/\/guiaturisticodesinop.com.br\/?page_id=65\",\"url\":\"http:\/\/guiaturisticodesinop.com.br\/?page_id=65\",\"name\":\"Shoppings e Lojas de Artesanato - GUIA TUR\u00cdSTICO DE SINOP\",\"isPartOf\":{\"@id\":\"https:\/\/guiaturisticodesinop.com.br\/#website\"},\"primaryImageOfPage\":{\"@id\":\"http:\/\/guiaturisticodesinop.com.br\/?page_id=65#primaryimage\"},\"image\":{\"@id\":\"http:\/\/guiaturisticodesinop.com.br\/?page_id=65#primaryimage\"},\"thumbnailUrl\":\"https:\/\/guiaturisticodesinop.com.br\/wp-content\/uploads\/2023\/02\/capa_compras_sinop.png\",\"datePublished\":\"2022-12-21T11:01:49+00:00\",\"dateModified\":\"2023-02-26T17:44:37+00:00\",\"breadcrumb\":{\"@id\":\"http:\/\/guiaturisticodesinop.com.br\/?page_id=65#breadcrumb\"},\"inLanguage\":\"pt-BR\",\"potentialAction\":[{\"@type\":\"ReadAction\",\"target\":[\"http:\/\/guiaturisticodesinop.com.br\/?page_id=65\"]}]},{\"@type\":\"ImageObject\",\"inLanguage\":\"pt-BR\",\"@id\":\"http:\/\/guiaturisticodesinop.com.br\/?page_id=65#primaryimage\",\"url\":\"https:\/\/guiaturisticodesinop.com.br\/wp-content\/uploads\/2023\/02\/capa_compras_sinop.png\",\"contentUrl\":\"https:\/\/guiaturisticodesinop.com.br\/wp-content\/uploads\/2023\/02\/capa_compras_sinop.png\",\"width\":1111,\"height\":354},{\"@type\":\"BreadcrumbList\",\"@id\":\"http:\/\/guiaturisticodesinop.com.br\/?page_id=65#breadcrumb\",\"itemListElement\":[{\"@type\":\"ListItem\",\"position\":1,\"name\":\"In\u00edcio\",\"item\":\"https:\/\/guiaturisticodesinop.com.br\/\"},{\"@type\":\"ListItem\",\"position\":2,\"name\":\"Shoppings e Lojas de Artesanato\"}]},{\"@type\":\"WebSite\",\"@id\":\"https:\/\/guiaturisticodesinop.com.br\/#website\",\"url\":\"https:\/\/guiaturisticodesinop.com.br\/\",\"name\":\"GUIA TUR\u00cdSTICO DE SINOP\",\"description\":\"A vitrine on-line do turismo em Sinop para o mundo!\",\"publisher\":{\"@id\":\"https:\/\/guiaturisticodesinop.com.br\/#organization\"},\"potentialAction\":[{\"@type\":\"SearchAction\",\"target\":{\"@type\":\"EntryPoint\",\"urlTemplate\":\"https:\/\/guiaturisticodesinop.com.br\/?s={search_term_string}\"},\"query-input\":{\"@type\":\"PropertyValueSpecification\",\"valueRequired\":true,\"valueName\":\"search_term_string\"}}],\"inLanguage\":\"pt-BR\"},{\"@type\":\"Organization\",\"@id\":\"https:\/\/guiaturisticodesinop.com.br\/#organization\",\"name\":\"GUIA TUR\u00cdSTICO DE SINOP\",\"url\":\"https:\/\/guiaturisticodesinop.com.br\/\",\"logo\":{\"@type\":\"ImageObject\",\"inLanguage\":\"pt-BR\",\"@id\":\"https:\/\/guiaturisticodesinop.com.br\/#\/schema\/logo\/image\/\",\"url\":\"https:\/\/guiaturisticodesinop.com.br\/wp-content\/uploads\/2023\/02\/logo_marca_guia_turistico_de_sinop.png\",\"contentUrl\":\"https:\/\/guiaturisticodesinop.com.br\/wp-content\/uploads\/2023\/02\/logo_marca_guia_turistico_de_sinop.png\",\"width\":250,\"height\":149,\"caption\":\"GUIA TUR\u00cdSTICO DE SINOP\"},\"image\":{\"@id\":\"https:\/\/guiaturisticodesinop.com.br\/#\/schema\/logo\/image\/\"},\"sameAs\":[\"https:\/\/www.facebook.com\/people\/Guia-Turstico-de-Sinop\/100089015200279\/\",\"https:\/\/www.instagram.com\/guiaturisticodesinop\"]}]}<\/script>\n<!-- \/ Yoast SEO plugin. -->","yoast_head_json":{"title":"Shoppings e Lojas de Artesanato - GUIA TUR\u00cdSTICO DE SINOP","robots":{"index":"index","follow":"follow","max-snippet":"max-snippet:-1","max-image-preview":"max-image-preview:large","max-video-preview":"max-video-preview:-1"},"canonical":"http:\/\/guiaturisticodesinop.com.br\/?page_id=65","og_locale":"pt_BR","og_type":"article","og_title":"Shoppings e Lojas de Artesanato - GUIA TUR\u00cdSTICO DE SINOP","og_description":"Shopping Sinop 66.3300-0000 Website: Shopping Sinop AV. Alexandre Ferronato, 800 &#8211; Setor IndustrialSinop &#8211; MT Carand\u00e1 Shopping 66.9.9985-9707 carandashopping carandashopping Av. Andr\u00e9 Maggi, 6.529 &#8211; Bairro: S\u00e3o Paulo I &#8211; Cep: 78550-000Sinop &#8211; MT Casa do Artes\u00e3o 66.3531-6292 | 66.9.9638-4848 casadoartesaosinop casadoartesaosinop Pra\u00e7a da B\u00edbliaSinop &#8211; MT","og_url":"http:\/\/guiaturisticodesinop.com.br\/?page_id=65","og_site_name":"GUIA TUR\u00cdSTICO DE SINOP","article_publisher":"https:\/\/www.facebook.com\/people\/Guia-Turstico-de-Sinop\/100089015200279\/","article_modified_time":"2023-02-26T17:44:37+00:00","og_image":[{"width":1111,"height":354,"url":"http:\/\/guiaturisticodesinop.com.br\/wp-content\/uploads\/2023\/02\/capa_compras_sinop.png","type":"image\/png"}],"twitter_card":"summary_large_image","schema":{"@context":"https:\/\/schema.org","@graph":[{"@type":"WebPage","@id":"http:\/\/guiaturisticodesinop.com.br\/?page_id=65","url":"http:\/\/guiaturisticodesinop.com.br\/?page_id=65","name":"Shoppings e Lojas de Artesanato - GUIA TUR\u00cdSTICO DE SINOP","isPartOf":{"@id":"https:\/\/guiaturisticodesinop.com.br\/#website"},"primaryImageOfPage":{"@id":"http:\/\/guiaturisticodesinop.com.br\/?page_id=65#primaryimage"},"image":{"@id":"http:\/\/guiaturisticodesinop.com.br\/?page_id=65#primaryimage"},"thumbnailUrl":"https:\/\/guiaturisticodesinop.com.br\/wp-content\/uploads\/2023\/02\/capa_compras_sinop.png","datePublished":"2022-12-21T11:01:49+00:00","dateModified":"2023-02-26T17:44:37+00:00","breadcrumb":{"@id":"http:\/\/guiaturisticodesinop.com.br\/?page_id=65#breadcrumb"},"inLanguage":"pt-BR","potentialAction":[{"@type":"ReadAction","target":["http:\/\/guiaturisticodesinop.com.br\/?page_id=65"]}]},{"@type":"ImageObject","inLanguage":"pt-BR","@id":"http:\/\/guiaturisticodesinop.com.br\/?page_id=65#primaryimage","url":"https:\/\/guiaturisticodesinop.com.br\/wp-content\/uploads\/2023\/02\/capa_compras_sinop.png","contentUrl":"https:\/\/guiaturisticodesinop.com.br\/wp-content\/uploads\/2023\/02\/capa_compras_sinop.png","width":1111,"height":354},{"@type":"BreadcrumbList","@id":"http:\/\/guiaturisticodesinop.com.br\/?page_id=65#breadcrumb","itemListElement":[{"@type":"ListItem","position":1,"name":"In\u00edcio","item":"https:\/\/guiaturisticodesinop.com.br\/"},{"@type":"ListItem","position":2,"name":"Shoppings e Lojas de Artesanato"}]},{"@type":"WebSite","@id":"https:\/\/guiaturisticodesinop.com.br\/#website","url":"https:\/\/guiaturisticodesinop.com.br\/","name":"GUIA TUR\u00cdSTICO DE SINOP","description":"A vitrine on-line do turismo em Sinop para o mundo!","publisher":{"@id":"https:\/\/guiaturisticodesinop.com.br\/#organization"},"potentialAction":[{"@type":"SearchAction","target":{"@type":"EntryPoint","urlTemplate":"https:\/\/guiaturisticodesinop.com.br\/?s={search_term_string}"},"query-input":{"@type":"PropertyValueSpecification","valueRequired":true,"valueName":"search_term_string"}}],"inLanguage":"pt-BR"},{"@type":"Organization","@id":"https:\/\/guiaturisticodesinop.com.br\/#organization","name":"GUIA TUR\u00cdSTICO DE SINOP","url":"https:\/\/guiaturisticodesinop.com.br\/","logo":{"@type":"ImageObject","inLanguage":"pt-BR","@id":"https:\/\/guiaturisticodesinop.com.br\/#\/schema\/logo\/image\/","url":"https:\/\/guiaturisticodesinop.com.br\/wp-content\/uploads\/2023\/02\/logo_marca_guia_turistico_de_sinop.png","contentUrl":"https:\/\/guiaturisticodesinop.com.br\/wp-content\/uploads\/2023\/02\/logo_marca_guia_turistico_de_sinop.png","width":250,"height":149,"caption":"GUIA TUR\u00cdSTICO DE SINOP"},"image":{"@id":"https:\/\/guiaturisticodesinop.com.br\/#\/schema\/logo\/image\/"},"sameAs":["https:\/\/www.facebook.com\/people\/Guia-Turstico-de-Sinop\/100089015200279\/","https:\/\/www.instagram.com\/guiaturisticodesinop"]}]}},"_links":{"self":[{"href":"https:\/\/guiaturisticodesinop.com.br\/index.php?rest_route=\/wp\/v2\/pages\/65","targetHints":{"allow":["GET"]}}],"collection":[{"href":"https:\/\/guiaturisticodesinop.com.br\/index.php?rest_route=\/wp\/v2\/pages"}],"about":[{"href":"https:\/\/guiaturisticodesinop.com.br\/index.php?rest_route=\/wp\/v2\/types\/page"}],"author":[{"embeddable":true,"href":"https:\/\/guiaturisticodesinop.com.br\/index.php?rest_route=\/wp\/v2\/users\/1"}],"replies":[{"embeddable":true,"href":"https:\/\/guiaturisticodesinop.com.br\/index.php?rest_route=%2Fwp%2Fv2%2Fcomments&post=65"}],"version-history":[{"count":24,"href":"https:\/\/guiaturisticodesinop.com.br\/index.php?rest_route=\/wp\/v2\/pages\/65\/revisions"}],"predecessor-version":[{"id":2051,"href":"https:\/\/guiaturisticodesinop.com.br\/index.php?rest_route=\/wp\/v2\/pages\/65\/revisions\/2051"}],"wp:featuredmedia":[{"embeddable":true,"href":"https:\/\/guiaturisticodesinop.com.br\/index.php?rest_route=\/wp\/v2\/media\/2402"}],"wp:attachment":[{"href":"https:\/\/guiaturisticodesinop.com.br\/index.php?rest_route=%2Fwp%2Fv2%2Fmedia&parent=65"}],"curies":[{"name":"wp","href":"https:\/\/api.w.org\/{rel}","templated":true}]}}