{"id":60,"date":"2022-12-21T07:01:49","date_gmt":"2022-12-21T10:01:49","guid":{"rendered":"http:\/\/guiaturisticodesinop.com.br\/?page_id=60"},"modified":"2025-07-09T10:18:46","modified_gmt":"2025-07-09T14:18:46","slug":"restaurantes-bares-e-similares","status":"publish","type":"page","link":"https:\/\/guiaturisticodesinop.com.br\/?page_id=60","title":{"rendered":"Restaurantes, padarias e similares"},"content":{"rendered":"\n<p class=\"has-text-align-left has-black-color has-background-color-background-color has-text-color has-background has-medium-font-size\"><strong>Churrascaria Serranas Grill<\/strong><\/p>\n\n\n\n<p><img decoding=\"async\" width=\"30\" height=\"30\" class=\"wp-image-97\" style=\"width: 30px;\" src=\"http:\/\/guiaturisticodesinop.com.br\/wp-content\/uploads\/2022\/12\/174879-1.png\" alt=\"\" srcset=\"https:\/\/guiaturisticodesinop.com.br\/wp-content\/uploads\/2022\/12\/174879-1.png 512w, https:\/\/guiaturisticodesinop.com.br\/wp-content\/uploads\/2022\/12\/174879-1-300x300.png 300w, https:\/\/guiaturisticodesinop.com.br\/wp-content\/uploads\/2022\/12\/174879-1-150x150.png 150w\" sizes=\"(max-width: 30px) 100vw, 30px\" \/> (66) 99680-6715<\/p>\n\n\n\n<p class=\"has-black-color has-text-color\"><img decoding=\"async\" width=\"30\" height=\"31\" class=\"wp-image-100\" style=\"width: 30px;\" src=\"http:\/\/guiaturisticodesinop.com.br\/wp-content\/uploads\/2022\/12\/instagram-1.png\" alt=\"\" srcset=\"https:\/\/guiaturisticodesinop.com.br\/wp-content\/uploads\/2022\/12\/instagram-1.png 230w, https:\/\/guiaturisticodesinop.com.br\/wp-content\/uploads\/2022\/12\/instagram-1-150x150.png 150w\" sizes=\"(max-width: 30px) 100vw, 30px\" \/>  <a href=\"https:\/\/www.instagram.com\/serranasgrillsinop\/\" target=\"_blank\" rel=\"noreferrer noopener\">serranasgrillsinop<\/a><\/p>\n\n\n\n<p class=\"has-black-color has-text-color\">Av. dos Tarum\u00e3s 2903 &#8211; Bairro: Jardim Maring\u00e1<br>Sinop &#8211; MT<\/p>\n\n\n\n<p class=\"has-text-align-left has-black-color has-background-color-background-color has-text-color has-background has-medium-font-size\"><strong>Restaurante Chal\u00e9 Do Italiano<\/strong><\/p>\n\n\n\n<p><img decoding=\"async\" width=\"30\" height=\"30\" class=\"wp-image-97\" style=\"width: 30px;\" src=\"http:\/\/guiaturisticodesinop.com.br\/wp-content\/uploads\/2022\/12\/174879-1.png\" alt=\"\" srcset=\"https:\/\/guiaturisticodesinop.com.br\/wp-content\/uploads\/2022\/12\/174879-1.png 512w, https:\/\/guiaturisticodesinop.com.br\/wp-content\/uploads\/2022\/12\/174879-1-300x300.png 300w, https:\/\/guiaturisticodesinop.com.br\/wp-content\/uploads\/2022\/12\/174879-1-150x150.png 150w\" sizes=\"(max-width: 30px) 100vw, 30px\" \/> (66) 99995-1255<\/p>\n\n\n\n<p class=\"has-black-color has-text-color\"><img decoding=\"async\" width=\"35\" height=\"35\" class=\"wp-image-466\" style=\"width: 35px;\" src=\"http:\/\/guiaturisticodesinop.com.br\/wp-content\/uploads\/2022\/12\/icone_telefone.png\" alt=\"\"> (66) 3531-756066<\/p>\n\n\n\n<p class=\"has-black-color has-text-color\"><img decoding=\"async\" width=\"30\" height=\"31\" class=\"wp-image-100\" style=\"width: 30px;\" src=\"http:\/\/guiaturisticodesinop.com.br\/wp-content\/uploads\/2022\/12\/instagram-1.png\" alt=\"\" srcset=\"https:\/\/guiaturisticodesinop.com.br\/wp-content\/uploads\/2022\/12\/instagram-1.png 230w, https:\/\/guiaturisticodesinop.com.br\/wp-content\/uploads\/2022\/12\/instagram-1-150x150.png 150w\" sizes=\"(max-width: 30px) 100vw, 30px\" \/>  <a href=\"https:\/\/www.instagram.com\/chaledoitaliano\/\" target=\"_blank\" rel=\"noreferrer noopener\">chaledoitaliano<\/a><\/p>\n\n\n\n<p class=\"has-black-color has-text-color\">Av. das Ita\u00fabas, 457 &#8211; Bairro: Centro &#8211; Cep: 78550-000<br>Sinop &#8211; MT<\/p>\n\n\n\n<p class=\"has-text-align-left has-black-color has-background-color-background-color has-text-color has-background has-medium-font-size\"><strong>Restaurante Terra Rica<\/strong><\/p>\n\n\n\n<p><img decoding=\"async\" width=\"30\" height=\"30\" class=\"wp-image-97\" style=\"width: 30px;\" src=\"http:\/\/guiaturisticodesinop.com.br\/wp-content\/uploads\/2022\/12\/174879-1.png\" alt=\"\" srcset=\"https:\/\/guiaturisticodesinop.com.br\/wp-content\/uploads\/2022\/12\/174879-1.png 512w, https:\/\/guiaturisticodesinop.com.br\/wp-content\/uploads\/2022\/12\/174879-1-300x300.png 300w, https:\/\/guiaturisticodesinop.com.br\/wp-content\/uploads\/2022\/12\/174879-1-150x150.png 150w\" sizes=\"(max-width: 30px) 100vw, 30px\" \/> (66) 99624-0156<\/p>\n\n\n\n<p class=\"has-black-color has-text-color\"><img decoding=\"async\" width=\"35\" height=\"35\" class=\"wp-image-466\" style=\"width: 35px;\" src=\"http:\/\/guiaturisticodesinop.com.br\/wp-content\/uploads\/2022\/12\/icone_telefone.png\" alt=\"\"> 66.3531-6470<\/p>\n\n\n\n<p class=\"has-black-color has-text-color\"><img decoding=\"async\" width=\"30\" height=\"31\" class=\"wp-image-100\" style=\"width: 30px;\" src=\"http:\/\/guiaturisticodesinop.com.br\/wp-content\/uploads\/2022\/12\/instagram-1.png\" alt=\"\" srcset=\"https:\/\/guiaturisticodesinop.com.br\/wp-content\/uploads\/2022\/12\/instagram-1.png 230w, https:\/\/guiaturisticodesinop.com.br\/wp-content\/uploads\/2022\/12\/instagram-1-150x150.png 150w\" sizes=\"(max-width: 30px) 100vw, 30px\" \/>  <a href=\"https:\/\/www.instagram.com\/terraricarestaurante\/\" target=\"_blank\" rel=\"noreferrer noopener\">terraricarestaurante<\/a><\/p>\n\n\n\n<p class=\"has-black-color has-text-color\">Av. das Figueiras, 1250 &#8211; St. Res. Norte &#8211; Cep: 78550-272<br>Sinop &#8211; MT<\/p>\n\n\n\n<p class=\"has-text-align-left has-black-color has-background-color-background-color has-text-color has-background has-medium-font-size\"><strong>Costaneiras Grill: Restaurante &amp; Pizzaria<\/strong><\/p>\n\n\n\n<p class=\"has-black-color has-text-color\"><img decoding=\"async\" width=\"35\" height=\"35\" class=\"wp-image-466\" style=\"width: 35px;\" src=\"http:\/\/guiaturisticodesinop.com.br\/wp-content\/uploads\/2022\/12\/icone_telefone.png\" alt=\"\"> 66.3531-6292 | 66 99622-4488&nbsp;<\/p>\n\n\n\n<p class=\"has-black-color has-text-color\"><img decoding=\"async\" width=\"30\" height=\"31\" class=\"wp-image-100\" style=\"width: 30px;\" src=\"http:\/\/guiaturisticodesinop.com.br\/wp-content\/uploads\/2022\/12\/instagram-1.png\" alt=\"\" srcset=\"https:\/\/guiaturisticodesinop.com.br\/wp-content\/uploads\/2022\/12\/instagram-1.png 230w, https:\/\/guiaturisticodesinop.com.br\/wp-content\/uploads\/2022\/12\/instagram-1-150x150.png 150w\" sizes=\"(max-width: 30px) 100vw, 30px\" \/>  <a href=\"https:\/\/www.instagram.com\/costaneiras.grill\/?hl=pt\" target=\"_blank\" rel=\"noreferrer noopener\">costaneiras.grill<\/a><\/p>\n\n\n\n<p><img decoding=\"async\" class=\"wp-image-453\" style=\"width: 30px;\" src=\"http:\/\/guiaturisticodesinop.com.br\/wp-content\/uploads\/2022\/12\/icone_facebook.png\" alt=\"\"> <a href=\"https:\/\/www.facebook.com\/CostaneirasGrillSinop\" target=\"_blank\" rel=\"noreferrer noopener\">CostaneirasGrillSinop<\/a><\/p>\n\n\n\n<p class=\"has-black-color has-text-color\">Av. das Ita\u00fabas, 3792 &#8211; Bairro: Setor Comercial &#8211; Cep: 78550-188<br>Sinop &#8211; MT<\/p>\n\n\n\n<p class=\"has-text-align-left has-black-color has-background-color-background-color has-text-color has-background has-medium-font-size\"><strong><strong>D&#8217;Talia Pizzaria e Choperia<\/strong><\/strong><\/p>\n\n\n\n<p><img decoding=\"async\" width=\"30\" height=\"30\" class=\"wp-image-97\" style=\"width: 30px;\" src=\"http:\/\/guiaturisticodesinop.com.br\/wp-content\/uploads\/2022\/12\/174879-1.png\" alt=\"\" srcset=\"https:\/\/guiaturisticodesinop.com.br\/wp-content\/uploads\/2022\/12\/174879-1.png 512w, https:\/\/guiaturisticodesinop.com.br\/wp-content\/uploads\/2022\/12\/174879-1-300x300.png 300w, https:\/\/guiaturisticodesinop.com.br\/wp-content\/uploads\/2022\/12\/174879-1-150x150.png 150w\" sizes=\"(max-width: 30px) 100vw, 30px\" \/> 66.9.9996-7106<\/p>\n\n\n\n<p class=\"has-black-color has-text-color\"><img decoding=\"async\" width=\"30\" height=\"31\" class=\"wp-image-100\" style=\"width: 30px;\" src=\"http:\/\/guiaturisticodesinop.com.br\/wp-content\/uploads\/2022\/12\/instagram-1.png\" alt=\"\" srcset=\"https:\/\/guiaturisticodesinop.com.br\/wp-content\/uploads\/2022\/12\/instagram-1.png 230w, https:\/\/guiaturisticodesinop.com.br\/wp-content\/uploads\/2022\/12\/instagram-1-150x150.png 150w\" sizes=\"(max-width: 30px) 100vw, 30px\" \/> <a href=\"https:\/\/www.instagram.com\/dtaliadasitaubassinop\/\" target=\"_blank\" rel=\"noreferrer noopener\">dtaliadasitaubassinop<\/a><\/p>\n\n\n\n<p class=\"has-black-color has-text-color\">Av. das Ita\u00fabas, 3795 &#8211; Bairro: Setor Comercial &#8211; Cep: 78550-088<\/p>\n\n\n\n<p class=\"has-black-color has-text-color\">Sinop &#8211; MT<\/p>\n\n\n\n<p class=\"has-text-align-left has-black-color has-background-color-background-color has-text-color has-background has-medium-font-size\"><strong>Pizzaria Barelle<\/strong><\/p>\n\n\n\n<p class=\"has-black-color has-text-color\"><img decoding=\"async\" width=\"35\" height=\"35\" class=\"wp-image-466\" style=\"width: 35px;\" src=\"http:\/\/guiaturisticodesinop.com.br\/wp-content\/uploads\/2022\/12\/icone_telefone.png\" alt=\"\"> 66.3532-3005 | 3532-4461 | 3532-1603 | 9.9634-3005<\/p>\n\n\n\n<p class=\"has-black-color has-text-color\"><img decoding=\"async\" width=\"30\" height=\"31\" class=\"wp-image-100\" style=\"width: 30px;\" src=\"http:\/\/guiaturisticodesinop.com.br\/wp-content\/uploads\/2022\/12\/instagram-1.png\" alt=\"\" srcset=\"https:\/\/guiaturisticodesinop.com.br\/wp-content\/uploads\/2022\/12\/instagram-1.png 230w, https:\/\/guiaturisticodesinop.com.br\/wp-content\/uploads\/2022\/12\/instagram-1-150x150.png 150w\" sizes=\"(max-width: 30px) 100vw, 30px\" \/> <a rel=\"noreferrer noopener\" href=\"https:\/\/www.instagram.com\/barellepizzariasinop\/\" target=\"_blank\">barellepizzariasinop<\/a><\/p>\n\n\n\n<p class=\"has-black-color has-text-color\">Avenida dos Ingas, 2550 &#8211; Bairro: Setor Comercial &#8211; Cep: 78550-124<\/p>\n\n\n\n<p class=\"has-black-color has-text-color\">Sinop &#8211; MT<\/p>\n\n\n\n<p class=\"has-text-align-left has-black-color has-background-color-background-color has-text-color has-background has-medium-font-size\"><strong>Padaria La Matina<\/strong><\/p>\n\n\n\n<p class=\"has-black-color has-text-color\"><img decoding=\"async\" width=\"35\" height=\"35\" class=\"wp-image-466\" style=\"width: 35px;\" src=\"http:\/\/guiaturisticodesinop.com.br\/wp-content\/uploads\/2022\/12\/icone_telefone.png\" alt=\"\"> 66.2102-4292 | 66.9.9923-2737<\/p>\n\n\n\n<p class=\"has-black-color has-text-color\"><img decoding=\"async\" width=\"30\" height=\"31\" class=\"wp-image-100\" style=\"width: 30px;\" src=\"http:\/\/guiaturisticodesinop.com.br\/wp-content\/uploads\/2022\/12\/instagram-1.png\" alt=\"\" srcset=\"https:\/\/guiaturisticodesinop.com.br\/wp-content\/uploads\/2022\/12\/instagram-1.png 230w, https:\/\/guiaturisticodesinop.com.br\/wp-content\/uploads\/2022\/12\/instagram-1-150x150.png 150w\" sizes=\"(max-width: 30px) 100vw, 30px\" \/> <a href=\"https:\/\/www.instagram.com\/lamatinaoficial\/\" target=\"_blank\" rel=\"noreferrer noopener\">lamatinaoficial<\/a><\/p>\n\n\n\n<p class=\"has-black-color has-text-color\">Avenida das Ita\u00fabas, 2731 &#8211; Bairro: Setor Comercial &#8211; Cep: 78550-000<\/p>\n\n\n\n<p class=\"has-black-color has-text-color\">Sinop &#8211; MT<\/p>\n\n\n\n<p class=\"has-text-align-left has-black-color has-background-color-background-color has-text-color has-background has-medium-font-size\"><strong>Panificadora Pim-P\u00e3o<\/strong><\/p>\n\n\n\n<p class=\"has-black-color has-text-color\"><img decoding=\"async\" width=\"35\" height=\"35\" class=\"wp-image-466\" style=\"width: 35px;\" src=\"http:\/\/guiaturisticodesinop.com.br\/wp-content\/uploads\/2022\/12\/icone_telefone.png\" alt=\"\"> 66.99975-0607<\/p>\n\n\n\n<p class=\"has-black-color has-text-color\"><img decoding=\"async\" width=\"30\" height=\"31\" class=\"wp-image-100\" style=\"width: 30px;\" src=\"http:\/\/guiaturisticodesinop.com.br\/wp-content\/uploads\/2022\/12\/instagram-1.png\" alt=\"\" srcset=\"https:\/\/guiaturisticodesinop.com.br\/wp-content\/uploads\/2022\/12\/instagram-1.png 230w, https:\/\/guiaturisticodesinop.com.br\/wp-content\/uploads\/2022\/12\/instagram-1-150x150.png 150w\" sizes=\"(max-width: 30px) 100vw, 30px\" \/> <a href=\"https:\/\/www.instagram.com\/pimpaosinop\/\" target=\"_blank\" rel=\"noreferrer noopener\">pimpaosinop<\/a><\/p>\n\n\n\n<p class=\"has-black-color has-text-color\">Av. Emba\u00fabas, 1043 &#8211; Bairro: Centro\n<br>\nSinop-MT\n<\/p>\n\n\n\n<p class=\"has-text-align-left has-black-color has-background-color-background-color has-text-color has-background has-medium-font-size\"><strong>Ingred Lopes Boleria<\/strong><\/p>\n\n\n\n<p class=\"has-black-color has-text-color\"><img decoding=\"async\" width=\"35\" height=\"35\" class=\"wp-image-466\" style=\"width: 35px;\" src=\"http:\/\/guiaturisticodesinop.com.br\/wp-content\/uploads\/2022\/12\/icone_telefone.png\" alt=\"\"> 66.99242-9859<\/p>\n\n\n\n<p class=\"has-black-color has-text-color\"><img decoding=\"async\" width=\"30\" height=\"31\" class=\"wp-image-100\" style=\"width: 30px;\" src=\"http:\/\/guiaturisticodesinop.com.br\/wp-content\/uploads\/2022\/12\/instagram-1.png\" alt=\"\" srcset=\"https:\/\/guiaturisticodesinop.com.br\/wp-content\/uploads\/2022\/12\/instagram-1.png 230w, https:\/\/guiaturisticodesinop.com.br\/wp-content\/uploads\/2022\/12\/instagram-1-150x150.png 150w\" sizes=\"(max-width: 30px) 100vw, 30px\" \/> <a href=\"https:\/\/www.instagram.com\/ingridlopesboleria\/\" target=\"_blank\" rel=\"noreferrer noopener\">ingridlopesboleria<\/a><\/p>\n\n\n\n<p class=\"has-black-color has-text-color\">Av. Jos\u00e9 Teobaldo Anschau, 310 &#8211; Bairro: Jardim das Na\u00e7\u00f5es &#8211; Cep: 78556-422\n<br>\nSinop-MT\n<\/p>\n\n\n\n<hr style=\"width: 99.8%; height: 1px; text-align:center\" color=\"#A9A9A9\"\/><br>\n\n\n\n<center><img decoding=\"async\" src=\"http:\/\/guiaturisticodesinop.com.br\/orla_aquarela_brasil_sinop\/cadastur.png\" alt=\"Cadastur\" hspace=\"5\"><\/center>\n\n\n\n<br><p><center><strong>Consulte o portal do Cadastur \/ Minist\u00e9rio do Turismo:<\/strong> <a href=\"https:\/\/cadastur.turismo.gov.br\/hotsite\/\" target=\"_blank\" rel=\"noreferrer noopener\"><br><br>Clicar aqui<\/a><\/center><\/p><br>\n\n\n\n<p align=\"justify\" style=\"color: #000; font-size: 25px \">\n#Restaurantes #Sinop #Padaria #Cafeterias #Churrascarias #Sushi #Gastronomia #Bares #Pizzarias<\/p>\n","protected":false},"excerpt":{"rendered":"<p>Churrascaria Serranas Grill (66) 99680-6715 serranasgrillsinop Av. dos Tarum\u00e3s 2903 &#8211; Bairro: Jardim Maring\u00e1Sinop &#8211; MT Restaurante Chal\u00e9 Do Italiano (66) 99995-1255 (66) 3531-756066 chaledoitaliano Av. das Ita\u00fabas, 457 &#8211; Bairro: Centro &#8211; Cep: 78550-000Sinop &#8211; MT Restaurante Terra Rica (66) 99624-0156 66.3531-6470 terraricarestaurante Av. das Figueiras, 1250 &#8211; St. [&hellip;]<\/p>\n","protected":false},"author":1,"featured_media":2407,"parent":0,"menu_order":0,"comment_status":"closed","ping_status":"closed","template":"","meta":{"_themeisle_gutenberg_block_has_review":false,"footnotes":""},"class_list":["post-60","page","type-page","status-publish","has-post-thumbnail","hentry"],"yoast_head":"<!-- This site is optimized with the Yoast SEO plugin v25.3.1 - https:\/\/yoast.com\/wordpress\/plugins\/seo\/ -->\n<title>Restaurantes, padarias e similares - GUIA TUR\u00cdSTICO DE SINOP<\/title>\n<meta name=\"robots\" content=\"index, follow, max-snippet:-1, max-image-preview:large, max-video-preview:-1\" \/>\n<link rel=\"canonical\" href=\"https:\/\/guiaturisticodesinop.com.br\/?page_id=60\" \/>\n<meta property=\"og:locale\" content=\"pt_BR\" \/>\n<meta property=\"og:type\" content=\"article\" \/>\n<meta property=\"og:title\" content=\"Restaurantes, padarias e similares - GUIA TUR\u00cdSTICO DE SINOP\" \/>\n<meta property=\"og:description\" content=\"Churrascaria Serranas Grill (66) 99680-6715 serranasgrillsinop Av. dos Tarum\u00e3s 2903 &#8211; Bairro: Jardim Maring\u00e1Sinop &#8211; MT Restaurante Chal\u00e9 Do Italiano (66) 99995-1255 (66) 3531-756066 chaledoitaliano Av. das Ita\u00fabas, 457 &#8211; Bairro: Centro &#8211; Cep: 78550-000Sinop &#8211; MT Restaurante Terra Rica (66) 99624-0156 66.3531-6470 terraricarestaurante Av. das Figueiras, 1250 &#8211; St. [&hellip;]\" \/>\n<meta property=\"og:url\" content=\"https:\/\/guiaturisticodesinop.com.br\/?page_id=60\" \/>\n<meta property=\"og:site_name\" content=\"GUIA TUR\u00cdSTICO DE SINOP\" \/>\n<meta property=\"article:publisher\" content=\"https:\/\/www.facebook.com\/people\/Guia-Turstico-de-Sinop\/100089015200279\/\" \/>\n<meta property=\"article:modified_time\" content=\"2025-07-09T14:18:46+00:00\" \/>\n<meta property=\"og:image\" content=\"https:\/\/guiaturisticodesinop.com.br\/wp-content\/uploads\/2023\/02\/27-mapa-7.png\" \/>\n\t<meta property=\"og:image:width\" content=\"1111\" \/>\n\t<meta property=\"og:image:height\" content=\"354\" \/>\n\t<meta property=\"og:image:type\" content=\"image\/png\" \/>\n<meta name=\"twitter:card\" content=\"summary_large_image\" \/>\n<meta name=\"twitter:label1\" content=\"Est. tempo de leitura\" \/>\n\t<meta name=\"twitter:data1\" content=\"6 minutos\" \/>\n<script type=\"application\/ld+json\" class=\"yoast-schema-graph\">{\"@context\":\"https:\/\/schema.org\",\"@graph\":[{\"@type\":\"WebPage\",\"@id\":\"https:\/\/guiaturisticodesinop.com.br\/?page_id=60\",\"url\":\"https:\/\/guiaturisticodesinop.com.br\/?page_id=60\",\"name\":\"Restaurantes, padarias e similares - GUIA TUR\u00cdSTICO DE SINOP\",\"isPartOf\":{\"@id\":\"https:\/\/guiaturisticodesinop.com.br\/#website\"},\"primaryImageOfPage\":{\"@id\":\"https:\/\/guiaturisticodesinop.com.br\/?page_id=60#primaryimage\"},\"image\":{\"@id\":\"https:\/\/guiaturisticodesinop.com.br\/?page_id=60#primaryimage\"},\"thumbnailUrl\":\"https:\/\/guiaturisticodesinop.com.br\/wp-content\/uploads\/2023\/02\/27-mapa-7.png\",\"datePublished\":\"2022-12-21T10:01:49+00:00\",\"dateModified\":\"2025-07-09T14:18:46+00:00\",\"breadcrumb\":{\"@id\":\"https:\/\/guiaturisticodesinop.com.br\/?page_id=60#breadcrumb\"},\"inLanguage\":\"pt-BR\",\"potentialAction\":[{\"@type\":\"ReadAction\",\"target\":[\"https:\/\/guiaturisticodesinop.com.br\/?page_id=60\"]}]},{\"@type\":\"ImageObject\",\"inLanguage\":\"pt-BR\",\"@id\":\"https:\/\/guiaturisticodesinop.com.br\/?page_id=60#primaryimage\",\"url\":\"https:\/\/guiaturisticodesinop.com.br\/wp-content\/uploads\/2023\/02\/27-mapa-7.png\",\"contentUrl\":\"https:\/\/guiaturisticodesinop.com.br\/wp-content\/uploads\/2023\/02\/27-mapa-7.png\",\"width\":1111,\"height\":354,\"caption\":\"#Pra\u00e7a Jardim Curitiba II #Sinop #Brinquedos para crian\u00e7as #Lazer #Academia ao livre #Quadras esportiva #Pergolado #Banheiro p\u00fablico #Obra de arte #F\u00e1bio Gomes Trindade\"},{\"@type\":\"BreadcrumbList\",\"@id\":\"https:\/\/guiaturisticodesinop.com.br\/?page_id=60#breadcrumb\",\"itemListElement\":[{\"@type\":\"ListItem\",\"position\":1,\"name\":\"In\u00edcio\",\"item\":\"https:\/\/guiaturisticodesinop.com.br\/\"},{\"@type\":\"ListItem\",\"position\":2,\"name\":\"Restaurantes, padarias e similares\"}]},{\"@type\":\"WebSite\",\"@id\":\"https:\/\/guiaturisticodesinop.com.br\/#website\",\"url\":\"https:\/\/guiaturisticodesinop.com.br\/\",\"name\":\"GUIA TUR\u00cdSTICO DE SINOP\",\"description\":\"A vitrine on-line do turismo em Sinop para o mundo!\",\"publisher\":{\"@id\":\"https:\/\/guiaturisticodesinop.com.br\/#organization\"},\"potentialAction\":[{\"@type\":\"SearchAction\",\"target\":{\"@type\":\"EntryPoint\",\"urlTemplate\":\"https:\/\/guiaturisticodesinop.com.br\/?s={search_term_string}\"},\"query-input\":{\"@type\":\"PropertyValueSpecification\",\"valueRequired\":true,\"valueName\":\"search_term_string\"}}],\"inLanguage\":\"pt-BR\"},{\"@type\":\"Organization\",\"@id\":\"https:\/\/guiaturisticodesinop.com.br\/#organization\",\"name\":\"GUIA TUR\u00cdSTICO DE SINOP\",\"url\":\"https:\/\/guiaturisticodesinop.com.br\/\",\"logo\":{\"@type\":\"ImageObject\",\"inLanguage\":\"pt-BR\",\"@id\":\"https:\/\/guiaturisticodesinop.com.br\/#\/schema\/logo\/image\/\",\"url\":\"https:\/\/guiaturisticodesinop.com.br\/wp-content\/uploads\/2023\/02\/logo_marca_guia_turistico_de_sinop.png\",\"contentUrl\":\"https:\/\/guiaturisticodesinop.com.br\/wp-content\/uploads\/2023\/02\/logo_marca_guia_turistico_de_sinop.png\",\"width\":250,\"height\":149,\"caption\":\"GUIA TUR\u00cdSTICO DE SINOP\"},\"image\":{\"@id\":\"https:\/\/guiaturisticodesinop.com.br\/#\/schema\/logo\/image\/\"},\"sameAs\":[\"https:\/\/www.facebook.com\/people\/Guia-Turstico-de-Sinop\/100089015200279\/\",\"https:\/\/www.instagram.com\/guiaturisticodesinop\"]}]}<\/script>\n<!-- \/ Yoast SEO plugin. -->","yoast_head_json":{"title":"Restaurantes, padarias e similares - GUIA TUR\u00cdSTICO DE SINOP","robots":{"index":"index","follow":"follow","max-snippet":"max-snippet:-1","max-image-preview":"max-image-preview:large","max-video-preview":"max-video-preview:-1"},"canonical":"https:\/\/guiaturisticodesinop.com.br\/?page_id=60","og_locale":"pt_BR","og_type":"article","og_title":"Restaurantes, padarias e similares - GUIA TUR\u00cdSTICO DE SINOP","og_description":"Churrascaria Serranas Grill (66) 99680-6715 serranasgrillsinop Av. dos Tarum\u00e3s 2903 &#8211; Bairro: Jardim Maring\u00e1Sinop &#8211; MT Restaurante Chal\u00e9 Do Italiano (66) 99995-1255 (66) 3531-756066 chaledoitaliano Av. das Ita\u00fabas, 457 &#8211; Bairro: Centro &#8211; Cep: 78550-000Sinop &#8211; MT Restaurante Terra Rica (66) 99624-0156 66.3531-6470 terraricarestaurante Av. das Figueiras, 1250 &#8211; St. [&hellip;]","og_url":"https:\/\/guiaturisticodesinop.com.br\/?page_id=60","og_site_name":"GUIA TUR\u00cdSTICO DE SINOP","article_publisher":"https:\/\/www.facebook.com\/people\/Guia-Turstico-de-Sinop\/100089015200279\/","article_modified_time":"2025-07-09T14:18:46+00:00","og_image":[{"width":1111,"height":354,"url":"https:\/\/guiaturisticodesinop.com.br\/wp-content\/uploads\/2023\/02\/27-mapa-7.png","type":"image\/png"}],"twitter_card":"summary_large_image","twitter_misc":{"Est. tempo de leitura":"6 minutos"},"schema":{"@context":"https:\/\/schema.org","@graph":[{"@type":"WebPage","@id":"https:\/\/guiaturisticodesinop.com.br\/?page_id=60","url":"https:\/\/guiaturisticodesinop.com.br\/?page_id=60","name":"Restaurantes, padarias e similares - GUIA TUR\u00cdSTICO DE SINOP","isPartOf":{"@id":"https:\/\/guiaturisticodesinop.com.br\/#website"},"primaryImageOfPage":{"@id":"https:\/\/guiaturisticodesinop.com.br\/?page_id=60#primaryimage"},"image":{"@id":"https:\/\/guiaturisticodesinop.com.br\/?page_id=60#primaryimage"},"thumbnailUrl":"https:\/\/guiaturisticodesinop.com.br\/wp-content\/uploads\/2023\/02\/27-mapa-7.png","datePublished":"2022-12-21T10:01:49+00:00","dateModified":"2025-07-09T14:18:46+00:00","breadcrumb":{"@id":"https:\/\/guiaturisticodesinop.com.br\/?page_id=60#breadcrumb"},"inLanguage":"pt-BR","potentialAction":[{"@type":"ReadAction","target":["https:\/\/guiaturisticodesinop.com.br\/?page_id=60"]}]},{"@type":"ImageObject","inLanguage":"pt-BR","@id":"https:\/\/guiaturisticodesinop.com.br\/?page_id=60#primaryimage","url":"https:\/\/guiaturisticodesinop.com.br\/wp-content\/uploads\/2023\/02\/27-mapa-7.png","contentUrl":"https:\/\/guiaturisticodesinop.com.br\/wp-content\/uploads\/2023\/02\/27-mapa-7.png","width":1111,"height":354,"caption":"#Pra\u00e7a Jardim Curitiba II #Sinop #Brinquedos para crian\u00e7as #Lazer #Academia ao livre #Quadras esportiva #Pergolado #Banheiro p\u00fablico #Obra de arte #F\u00e1bio Gomes Trindade"},{"@type":"BreadcrumbList","@id":"https:\/\/guiaturisticodesinop.com.br\/?page_id=60#breadcrumb","itemListElement":[{"@type":"ListItem","position":1,"name":"In\u00edcio","item":"https:\/\/guiaturisticodesinop.com.br\/"},{"@type":"ListItem","position":2,"name":"Restaurantes, padarias e similares"}]},{"@type":"WebSite","@id":"https:\/\/guiaturisticodesinop.com.br\/#website","url":"https:\/\/guiaturisticodesinop.com.br\/","name":"GUIA TUR\u00cdSTICO DE SINOP","description":"A vitrine on-line do turismo em Sinop para o mundo!","publisher":{"@id":"https:\/\/guiaturisticodesinop.com.br\/#organization"},"potentialAction":[{"@type":"SearchAction","target":{"@type":"EntryPoint","urlTemplate":"https:\/\/guiaturisticodesinop.com.br\/?s={search_term_string}"},"query-input":{"@type":"PropertyValueSpecification","valueRequired":true,"valueName":"search_term_string"}}],"inLanguage":"pt-BR"},{"@type":"Organization","@id":"https:\/\/guiaturisticodesinop.com.br\/#organization","name":"GUIA TUR\u00cdSTICO DE SINOP","url":"https:\/\/guiaturisticodesinop.com.br\/","logo":{"@type":"ImageObject","inLanguage":"pt-BR","@id":"https:\/\/guiaturisticodesinop.com.br\/#\/schema\/logo\/image\/","url":"https:\/\/guiaturisticodesinop.com.br\/wp-content\/uploads\/2023\/02\/logo_marca_guia_turistico_de_sinop.png","contentUrl":"https:\/\/guiaturisticodesinop.com.br\/wp-content\/uploads\/2023\/02\/logo_marca_guia_turistico_de_sinop.png","width":250,"height":149,"caption":"GUIA TUR\u00cdSTICO DE SINOP"},"image":{"@id":"https:\/\/guiaturisticodesinop.com.br\/#\/schema\/logo\/image\/"},"sameAs":["https:\/\/www.facebook.com\/people\/Guia-Turstico-de-Sinop\/100089015200279\/","https:\/\/www.instagram.com\/guiaturisticodesinop"]}]}},"_links":{"self":[{"href":"https:\/\/guiaturisticodesinop.com.br\/index.php?rest_route=\/wp\/v2\/pages\/60","targetHints":{"allow":["GET"]}}],"collection":[{"href":"https:\/\/guiaturisticodesinop.com.br\/index.php?rest_route=\/wp\/v2\/pages"}],"about":[{"href":"https:\/\/guiaturisticodesinop.com.br\/index.php?rest_route=\/wp\/v2\/types\/page"}],"author":[{"embeddable":true,"href":"https:\/\/guiaturisticodesinop.com.br\/index.php?rest_route=\/wp\/v2\/users\/1"}],"replies":[{"embeddable":true,"href":"https:\/\/guiaturisticodesinop.com.br\/index.php?rest_route=%2Fwp%2Fv2%2Fcomments&post=60"}],"version-history":[{"count":56,"href":"https:\/\/guiaturisticodesinop.com.br\/index.php?rest_route=\/wp\/v2\/pages\/60\/revisions"}],"predecessor-version":[{"id":4004,"href":"https:\/\/guiaturisticodesinop.com.br\/index.php?rest_route=\/wp\/v2\/pages\/60\/revisions\/4004"}],"wp:featuredmedia":[{"embeddable":true,"href":"https:\/\/guiaturisticodesinop.com.br\/index.php?rest_route=\/wp\/v2\/media\/2407"}],"wp:attachment":[{"href":"https:\/\/guiaturisticodesinop.com.br\/index.php?rest_route=%2Fwp%2Fv2%2Fmedia&parent=60"}],"curies":[{"name":"wp","href":"https:\/\/api.w.org\/{rel}","templated":true}]}}