{"id":59,"date":"2022-12-21T07:01:49","date_gmt":"2022-12-21T10:01:49","guid":{"rendered":"http:\/\/guiaturisticodesinop.com.br\/?page_id=59"},"modified":"2023-02-16T20:11:48","modified_gmt":"2023-02-17T00:11:48","slug":"trade-turistico","status":"publish","type":"page","link":"https:\/\/guiaturisticodesinop.com.br\/?page_id=59","title":{"rendered":"Trade Tur\u00edstico"},"content":{"rendered":"\n<p><\/p>\n\n\n\n<p class=\"has-text-align-left has-black-color has-background-color-background-color has-text-color has-background has-medium-font-size\">O que \u00e9 Trade Tur\u00edstico?<\/p>\n\n\n\n<p align=\"justify\" style=\"color: #000; font-size: 25px \">\n\n<img fetchpriority=\"high\" decoding=\"async\" src=\"http:\/\/guiaturisticodesinop.com.br\/wp-content\/uploads\/2022\/12\/logo_trade.png\" alt=\"Fachada Parque Florestal - Sinop-MT\" height=\"250\" width=\"200\" align=\"left\" hspace=\"20\">\n\nO Trade Tur\u00edstico \u00e9 o conjunto de equipamentos e servi\u00e7os que fazem parte de uma superestrutura constitui o produto tur\u00edstico.\n\nCaracterizados com meios de hospedagem, segmento de gastronomia, centros de conven\u00e7\u00f5es e feiras de neg\u00f3cios, ag\u00eancias de viagens e turismo, empresas de transporte, lojas de suvenir\u2019s, atrativos turisticos, profissionais qualificados e todas as atividades comerciais perif\u00e9ricas ligadas direta ou indiretamente a atividade tur\u00edstica.<\/p>\n\n\n\n<p class=\"has-text-align-center has-accent-background-color has-background has-medium-font-size\"><strong>GUIA TURISTICO DE SINOP<\/strong><\/p>\n\n\n\n<p class=\"has-text-align-left has-black-color has-text-color\"><img decoding=\"async\" width=\"35\" height=\"35\" class=\"wp-image-450\" style=\"width: 35px;\" src=\"http:\/\/guiaturisticodesinop.com.br\/wp-content\/uploads\/2022\/12\/174879-2.png\" alt=\"\" srcset=\"https:\/\/guiaturisticodesinop.com.br\/wp-content\/uploads\/2022\/12\/174879-2.png 512w, https:\/\/guiaturisticodesinop.com.br\/wp-content\/uploads\/2022\/12\/174879-2-300x300.png 300w, https:\/\/guiaturisticodesinop.com.br\/wp-content\/uploads\/2022\/12\/174879-2-150x150.png 150w\" sizes=\"(max-width: 35px) 100vw, 35px\" \/> <strong>66.9.8118-0945<\/strong>  <\/p>\n\n\n\n<p class=\"has-text-align-left has-black-color has-text-color\"><img decoding=\"async\" width=\"35\" height=\"34\" class=\"wp-image-670\" style=\"width: 35px;\" src=\"http:\/\/guiaturisticodesinop.com.br\/wp-content\/uploads\/2022\/12\/instagram-3.png\" alt=\"\">  <a rel=\"noreferrer noopener\" href=\"https:\/\/www.instagram.com\/guiaturisticodesinop\" target=\"_blank\">guiaturisticodesinop<\/a> <\/p>\n\n\n\n<p><img loading=\"lazy\" decoding=\"async\" width=\"35\" height=\"36\" class=\"wp-image-659\" style=\"width: 35px;\" src=\"http:\/\/guiaturisticodesinop.com.br\/wp-content\/uploads\/2022\/12\/icone_facebook-1.png\" alt=\"\"> <a href=\"https:\/\/www.facebook.com\/profile.php?id=100089015200279\" target=\"_blank\" rel=\"noreferrer noopener\">guiaturisticodesinop<\/a><\/p>\n\n\n\n<p class=\"has-text-align-left has-black-color has-text-color\"><img loading=\"lazy\" decoding=\"async\" width=\"40\" height=\"28\" class=\"wp-image-729\" style=\"width: 40px;\" src=\"http:\/\/guiaturisticodesinop.com.br\/wp-content\/uploads\/2022\/12\/icone_youtube-1.png\" alt=\"\"> <a rel=\"noreferrer noopener\" href=\"https:\/\/www.youtube.com\/channel\/UCVEfpydyZ59-4jCgt6o7spQ\" target=\"_blank\">guiaturisticodesinop<\/a><\/p>\n\n\n\n<p class=\"has-text-align-left has-black-color has-text-color\">Sinop-MT<\/p>\n","protected":false},"excerpt":{"rendered":"<p>O que \u00e9 Trade Tur\u00edstico? O Trade Tur\u00edstico \u00e9 o conjunto de equipamentos e servi\u00e7os que fazem parte de uma superestrutura constitui o produto tur\u00edstico. Caracterizados com meios de hospedagem, segmento de gastronomia, centros de conven\u00e7\u00f5es e feiras de neg\u00f3cios, ag\u00eancias de viagens e turismo, empresas de transporte, lojas de [&hellip;]<\/p>\n","protected":false},"author":1,"featured_media":757,"parent":0,"menu_order":0,"comment_status":"closed","ping_status":"closed","template":"","meta":{"_themeisle_gutenberg_block_has_review":false,"footnotes":""},"class_list":["post-59","page","type-page","status-publish","has-post-thumbnail","hentry"],"yoast_head":"<!-- This site is optimized with the Yoast SEO plugin v25.3.1 - https:\/\/yoast.com\/wordpress\/plugins\/seo\/ -->\n<title>Trade Tur\u00edstico - GUIA TUR\u00cdSTICO DE SINOP<\/title>\n<meta name=\"robots\" content=\"index, follow, max-snippet:-1, max-image-preview:large, max-video-preview:-1\" \/>\n<link rel=\"canonical\" href=\"http:\/\/guiaturisticodesinop.com.br\/?page_id=59\" \/>\n<meta property=\"og:locale\" content=\"pt_BR\" \/>\n<meta property=\"og:type\" content=\"article\" \/>\n<meta property=\"og:title\" content=\"Trade Tur\u00edstico - GUIA TUR\u00cdSTICO DE SINOP\" \/>\n<meta property=\"og:description\" content=\"O que \u00e9 Trade Tur\u00edstico? O Trade Tur\u00edstico \u00e9 o conjunto de equipamentos e servi\u00e7os que fazem parte de uma superestrutura constitui o produto tur\u00edstico. Caracterizados com meios de hospedagem, segmento de gastronomia, centros de conven\u00e7\u00f5es e feiras de neg\u00f3cios, ag\u00eancias de viagens e turismo, empresas de transporte, lojas de [&hellip;]\" \/>\n<meta property=\"og:url\" content=\"http:\/\/guiaturisticodesinop.com.br\/?page_id=59\" \/>\n<meta property=\"og:site_name\" content=\"GUIA TUR\u00cdSTICO DE SINOP\" \/>\n<meta property=\"article:publisher\" content=\"https:\/\/www.facebook.com\/people\/Guia-Turstico-de-Sinop\/100089015200279\/\" \/>\n<meta property=\"article:modified_time\" content=\"2023-02-17T00:11:48+00:00\" \/>\n<meta property=\"og:image\" content=\"http:\/\/guiaturisticodesinop.com.br\/wp-content\/uploads\/2022\/12\/24-TRADE-5.png\" \/>\n\t<meta property=\"og:image:width\" content=\"1111\" \/>\n\t<meta property=\"og:image:height\" content=\"354\" \/>\n\t<meta property=\"og:image:type\" content=\"image\/png\" \/>\n<meta name=\"twitter:card\" content=\"summary_large_image\" \/>\n<script type=\"application\/ld+json\" class=\"yoast-schema-graph\">{\"@context\":\"https:\/\/schema.org\",\"@graph\":[{\"@type\":\"WebPage\",\"@id\":\"http:\/\/guiaturisticodesinop.com.br\/?page_id=59\",\"url\":\"http:\/\/guiaturisticodesinop.com.br\/?page_id=59\",\"name\":\"Trade Tur\u00edstico - GUIA TUR\u00cdSTICO DE SINOP\",\"isPartOf\":{\"@id\":\"https:\/\/guiaturisticodesinop.com.br\/#website\"},\"primaryImageOfPage\":{\"@id\":\"http:\/\/guiaturisticodesinop.com.br\/?page_id=59#primaryimage\"},\"image\":{\"@id\":\"http:\/\/guiaturisticodesinop.com.br\/?page_id=59#primaryimage\"},\"thumbnailUrl\":\"https:\/\/guiaturisticodesinop.com.br\/wp-content\/uploads\/2022\/12\/24-TRADE-5.png\",\"datePublished\":\"2022-12-21T10:01:49+00:00\",\"dateModified\":\"2023-02-17T00:11:48+00:00\",\"breadcrumb\":{\"@id\":\"http:\/\/guiaturisticodesinop.com.br\/?page_id=59#breadcrumb\"},\"inLanguage\":\"pt-BR\",\"potentialAction\":[{\"@type\":\"ReadAction\",\"target\":[\"http:\/\/guiaturisticodesinop.com.br\/?page_id=59\"]}]},{\"@type\":\"ImageObject\",\"inLanguage\":\"pt-BR\",\"@id\":\"http:\/\/guiaturisticodesinop.com.br\/?page_id=59#primaryimage\",\"url\":\"https:\/\/guiaturisticodesinop.com.br\/wp-content\/uploads\/2022\/12\/24-TRADE-5.png\",\"contentUrl\":\"https:\/\/guiaturisticodesinop.com.br\/wp-content\/uploads\/2022\/12\/24-TRADE-5.png\",\"width\":1111,\"height\":354},{\"@type\":\"BreadcrumbList\",\"@id\":\"http:\/\/guiaturisticodesinop.com.br\/?page_id=59#breadcrumb\",\"itemListElement\":[{\"@type\":\"ListItem\",\"position\":1,\"name\":\"In\u00edcio\",\"item\":\"https:\/\/guiaturisticodesinop.com.br\/\"},{\"@type\":\"ListItem\",\"position\":2,\"name\":\"Trade Tur\u00edstico\"}]},{\"@type\":\"WebSite\",\"@id\":\"https:\/\/guiaturisticodesinop.com.br\/#website\",\"url\":\"https:\/\/guiaturisticodesinop.com.br\/\",\"name\":\"GUIA TUR\u00cdSTICO DE SINOP\",\"description\":\"A vitrine on-line do turismo em Sinop para o mundo!\",\"publisher\":{\"@id\":\"https:\/\/guiaturisticodesinop.com.br\/#organization\"},\"potentialAction\":[{\"@type\":\"SearchAction\",\"target\":{\"@type\":\"EntryPoint\",\"urlTemplate\":\"https:\/\/guiaturisticodesinop.com.br\/?s={search_term_string}\"},\"query-input\":{\"@type\":\"PropertyValueSpecification\",\"valueRequired\":true,\"valueName\":\"search_term_string\"}}],\"inLanguage\":\"pt-BR\"},{\"@type\":\"Organization\",\"@id\":\"https:\/\/guiaturisticodesinop.com.br\/#organization\",\"name\":\"GUIA TUR\u00cdSTICO DE SINOP\",\"url\":\"https:\/\/guiaturisticodesinop.com.br\/\",\"logo\":{\"@type\":\"ImageObject\",\"inLanguage\":\"pt-BR\",\"@id\":\"https:\/\/guiaturisticodesinop.com.br\/#\/schema\/logo\/image\/\",\"url\":\"https:\/\/guiaturisticodesinop.com.br\/wp-content\/uploads\/2023\/02\/logo_marca_guia_turistico_de_sinop.png\",\"contentUrl\":\"https:\/\/guiaturisticodesinop.com.br\/wp-content\/uploads\/2023\/02\/logo_marca_guia_turistico_de_sinop.png\",\"width\":250,\"height\":149,\"caption\":\"GUIA TUR\u00cdSTICO DE SINOP\"},\"image\":{\"@id\":\"https:\/\/guiaturisticodesinop.com.br\/#\/schema\/logo\/image\/\"},\"sameAs\":[\"https:\/\/www.facebook.com\/people\/Guia-Turstico-de-Sinop\/100089015200279\/\",\"https:\/\/www.instagram.com\/guiaturisticodesinop\"]}]}<\/script>\n<!-- \/ Yoast SEO plugin. -->","yoast_head_json":{"title":"Trade Tur\u00edstico - GUIA TUR\u00cdSTICO DE SINOP","robots":{"index":"index","follow":"follow","max-snippet":"max-snippet:-1","max-image-preview":"max-image-preview:large","max-video-preview":"max-video-preview:-1"},"canonical":"http:\/\/guiaturisticodesinop.com.br\/?page_id=59","og_locale":"pt_BR","og_type":"article","og_title":"Trade Tur\u00edstico - GUIA TUR\u00cdSTICO DE SINOP","og_description":"O que \u00e9 Trade Tur\u00edstico? O Trade Tur\u00edstico \u00e9 o conjunto de equipamentos e servi\u00e7os que fazem parte de uma superestrutura constitui o produto tur\u00edstico. Caracterizados com meios de hospedagem, segmento de gastronomia, centros de conven\u00e7\u00f5es e feiras de neg\u00f3cios, ag\u00eancias de viagens e turismo, empresas de transporte, lojas de [&hellip;]","og_url":"http:\/\/guiaturisticodesinop.com.br\/?page_id=59","og_site_name":"GUIA TUR\u00cdSTICO DE SINOP","article_publisher":"https:\/\/www.facebook.com\/people\/Guia-Turstico-de-Sinop\/100089015200279\/","article_modified_time":"2023-02-17T00:11:48+00:00","og_image":[{"width":1111,"height":354,"url":"http:\/\/guiaturisticodesinop.com.br\/wp-content\/uploads\/2022\/12\/24-TRADE-5.png","type":"image\/png"}],"twitter_card":"summary_large_image","schema":{"@context":"https:\/\/schema.org","@graph":[{"@type":"WebPage","@id":"http:\/\/guiaturisticodesinop.com.br\/?page_id=59","url":"http:\/\/guiaturisticodesinop.com.br\/?page_id=59","name":"Trade Tur\u00edstico - GUIA TUR\u00cdSTICO DE SINOP","isPartOf":{"@id":"https:\/\/guiaturisticodesinop.com.br\/#website"},"primaryImageOfPage":{"@id":"http:\/\/guiaturisticodesinop.com.br\/?page_id=59#primaryimage"},"image":{"@id":"http:\/\/guiaturisticodesinop.com.br\/?page_id=59#primaryimage"},"thumbnailUrl":"https:\/\/guiaturisticodesinop.com.br\/wp-content\/uploads\/2022\/12\/24-TRADE-5.png","datePublished":"2022-12-21T10:01:49+00:00","dateModified":"2023-02-17T00:11:48+00:00","breadcrumb":{"@id":"http:\/\/guiaturisticodesinop.com.br\/?page_id=59#breadcrumb"},"inLanguage":"pt-BR","potentialAction":[{"@type":"ReadAction","target":["http:\/\/guiaturisticodesinop.com.br\/?page_id=59"]}]},{"@type":"ImageObject","inLanguage":"pt-BR","@id":"http:\/\/guiaturisticodesinop.com.br\/?page_id=59#primaryimage","url":"https:\/\/guiaturisticodesinop.com.br\/wp-content\/uploads\/2022\/12\/24-TRADE-5.png","contentUrl":"https:\/\/guiaturisticodesinop.com.br\/wp-content\/uploads\/2022\/12\/24-TRADE-5.png","width":1111,"height":354},{"@type":"BreadcrumbList","@id":"http:\/\/guiaturisticodesinop.com.br\/?page_id=59#breadcrumb","itemListElement":[{"@type":"ListItem","position":1,"name":"In\u00edcio","item":"https:\/\/guiaturisticodesinop.com.br\/"},{"@type":"ListItem","position":2,"name":"Trade Tur\u00edstico"}]},{"@type":"WebSite","@id":"https:\/\/guiaturisticodesinop.com.br\/#website","url":"https:\/\/guiaturisticodesinop.com.br\/","name":"GUIA TUR\u00cdSTICO DE SINOP","description":"A vitrine on-line do turismo em Sinop para o mundo!","publisher":{"@id":"https:\/\/guiaturisticodesinop.com.br\/#organization"},"potentialAction":[{"@type":"SearchAction","target":{"@type":"EntryPoint","urlTemplate":"https:\/\/guiaturisticodesinop.com.br\/?s={search_term_string}"},"query-input":{"@type":"PropertyValueSpecification","valueRequired":true,"valueName":"search_term_string"}}],"inLanguage":"pt-BR"},{"@type":"Organization","@id":"https:\/\/guiaturisticodesinop.com.br\/#organization","name":"GUIA TUR\u00cdSTICO DE SINOP","url":"https:\/\/guiaturisticodesinop.com.br\/","logo":{"@type":"ImageObject","inLanguage":"pt-BR","@id":"https:\/\/guiaturisticodesinop.com.br\/#\/schema\/logo\/image\/","url":"https:\/\/guiaturisticodesinop.com.br\/wp-content\/uploads\/2023\/02\/logo_marca_guia_turistico_de_sinop.png","contentUrl":"https:\/\/guiaturisticodesinop.com.br\/wp-content\/uploads\/2023\/02\/logo_marca_guia_turistico_de_sinop.png","width":250,"height":149,"caption":"GUIA TUR\u00cdSTICO DE SINOP"},"image":{"@id":"https:\/\/guiaturisticodesinop.com.br\/#\/schema\/logo\/image\/"},"sameAs":["https:\/\/www.facebook.com\/people\/Guia-Turstico-de-Sinop\/100089015200279\/","https:\/\/www.instagram.com\/guiaturisticodesinop"]}]}},"_links":{"self":[{"href":"https:\/\/guiaturisticodesinop.com.br\/index.php?rest_route=\/wp\/v2\/pages\/59","targetHints":{"allow":["GET"]}}],"collection":[{"href":"https:\/\/guiaturisticodesinop.com.br\/index.php?rest_route=\/wp\/v2\/pages"}],"about":[{"href":"https:\/\/guiaturisticodesinop.com.br\/index.php?rest_route=\/wp\/v2\/types\/page"}],"author":[{"embeddable":true,"href":"https:\/\/guiaturisticodesinop.com.br\/index.php?rest_route=\/wp\/v2\/users\/1"}],"replies":[{"embeddable":true,"href":"https:\/\/guiaturisticodesinop.com.br\/index.php?rest_route=%2Fwp%2Fv2%2Fcomments&post=59"}],"version-history":[{"count":17,"href":"https:\/\/guiaturisticodesinop.com.br\/index.php?rest_route=\/wp\/v2\/pages\/59\/revisions"}],"predecessor-version":[{"id":2057,"href":"https:\/\/guiaturisticodesinop.com.br\/index.php?rest_route=\/wp\/v2\/pages\/59\/revisions\/2057"}],"wp:featuredmedia":[{"embeddable":true,"href":"https:\/\/guiaturisticodesinop.com.br\/index.php?rest_route=\/wp\/v2\/media\/757"}],"wp:attachment":[{"href":"https:\/\/guiaturisticodesinop.com.br\/index.php?rest_route=%2Fwp%2Fv2%2Fmedia&parent=59"}],"curies":[{"name":"wp","href":"https:\/\/api.w.org\/{rel}","templated":true}]}}