{"id":57,"date":"2022-12-21T07:01:49","date_gmt":"2022-12-21T11:01:49","guid":{"rendered":"http:\/\/guiaturisticodesinop.com.br\/?page_id=57"},"modified":"2025-07-19T17:00:17","modified_gmt":"2025-07-19T21:00:17","slug":"profissionais","status":"publish","type":"page","link":"https:\/\/guiaturisticodesinop.com.br\/?page_id=57","title":{"rendered":"Guias de Turismo em Sinop"},"content":{"rendered":"\n<p class=\"has-black-color has-background-color-background-color has-text-color has-background has-medium-font-size\"><strong>Gabriel Jos\u00e9 Pereira<\/strong><\/p>\n\n\n\n<p class=\"has-accent-color has-text-color\"><img decoding=\"async\" width=\"35\" height=\"35\" class=\"wp-image-97\" style=\"width: 35px;\" src=\"http:\/\/guiaturisticodesinop.com.br\/wp-content\/uploads\/2022\/12\/174879-1.png\" alt=\"\" srcset=\"https:\/\/guiaturisticodesinop.com.br\/wp-content\/uploads\/2022\/12\/174879-1.png 512w, https:\/\/guiaturisticodesinop.com.br\/wp-content\/uploads\/2022\/12\/174879-1-300x300.png 300w, https:\/\/guiaturisticodesinop.com.br\/wp-content\/uploads\/2022\/12\/174879-1-150x150.png 150w\" sizes=\"(max-width: 35px) 100vw, 35px\" \/> (66) 9.8118-0945<\/p>\n\n\n\n<p class=\"has-accent-color has-text-color\"><img decoding=\"async\" width=\"35\" height=\"35\" class=\"wp-image-158\" style=\"width: 35px;\" src=\"http:\/\/guiaturisticodesinop.com.br\/wp-content\/uploads\/2022\/12\/icones-de-messagerie-vert-1.png\" alt=\"\" srcset=\"https:\/\/guiaturisticodesinop.com.br\/wp-content\/uploads\/2022\/12\/icones-de-messagerie-vert-1.png 512w, https:\/\/guiaturisticodesinop.com.br\/wp-content\/uploads\/2022\/12\/icones-de-messagerie-vert-1-300x300.png 300w, https:\/\/guiaturisticodesinop.com.br\/wp-content\/uploads\/2022\/12\/icones-de-messagerie-vert-1-150x150.png 150w\" sizes=\"(max-width: 35px) 100vw, 35px\" \/> serprofessoread@gmail.com<\/p>\n\n\n\n<p class=\"has-accent-color has-text-color\">Idiomas:      <img decoding=\"async\" width=\"50\" height=\"50\" class=\"wp-image-241\" style=\"width: 50px;\" src=\"http:\/\/guiaturisticodesinop.com.br\/wp-content\/uploads\/2022\/12\/images-1.png\" alt=\"\" srcset=\"https:\/\/guiaturisticodesinop.com.br\/wp-content\/uploads\/2022\/12\/images-1.png 225w, https:\/\/guiaturisticodesinop.com.br\/wp-content\/uploads\/2022\/12\/images-1-150x150.png 150w\" sizes=\"(max-width: 50px) 100vw, 50px\" \/>        <img loading=\"lazy\" decoding=\"async\" width=\"50\" height=\"50\" class=\"wp-image-243\" style=\"width: 50px;\" src=\"http:\/\/guiaturisticodesinop.com.br\/wp-content\/uploads\/2022\/12\/3909370.png\" alt=\"\" srcset=\"https:\/\/guiaturisticodesinop.com.br\/wp-content\/uploads\/2022\/12\/3909370.png 512w, https:\/\/guiaturisticodesinop.com.br\/wp-content\/uploads\/2022\/12\/3909370-300x300.png 300w, https:\/\/guiaturisticodesinop.com.br\/wp-content\/uploads\/2022\/12\/3909370-150x150.png 150w\" sizes=\"(max-width: 50px) 100vw, 50px\" \/><\/p>\n\n\n\n<p class=\"has-accent-color has-text-color\"><strong>Possui registro no Cadastur do Minist\u00e9rio do Turismo:<\/strong> SIM<\/p>\n\n\n\n<p class=\"has-accent-color has-text-color\"><strong>Habilidades na \u00e1rea de turismo:&nbsp;<\/strong>Guia de turismo categoria Brasil Am\u00e9rica do Sul com experi\u00eancias em acompanhamento de turistas em v\u00e1rios destinos tur\u00edsticos no Brasil e Am\u00e9rica do Sul.<\/p>\n\n\n\n<p class=\"has-accent-color has-text-color\">Sinop &#8211; Mato Grosso<\/p>\n\n\n\n<!DOCTYPE html>\n<html>\n  <head>\n    <title>Title of the document<\/title>\n    <style>\n      marquee{\n      font-size: 18px;\n      font-weight: 800;\n      color: #8ebf42;\n      font-family: sans-serif;\n      }\n    <\/style>\n  <\/head>\n  <body>\n    <marquee>Ser guia de turismo \u00e9 ser grande diante dos limites geogr\u00e1ficos&#8230;<\/marquee>\n  <\/body>\n<\/html>\n\n\n\n<div id=\"metaslider-id-4168\" style=\"width: 100%;\" class=\"ml-slider-3-99-0 metaslider metaslider-flex metaslider-4168 ml-slider ms-theme-cubic has-dots-nav\" role=\"region\" aria-label=\"Gabriel\" data-width=\"705\">\n    <div id=\"metaslider_container_4168\">\n        <div id=\"metaslider_4168\">\n            <ul class='slides'>\n                <li style=\"display: block; width: 100%;\" class=\"slide-4172 ms-image \" aria-roledescription=\"slide\" data-date=\"2025-07-19 16:54:38\"><img loading=\"lazy\" decoding=\"async\" src=\"https:\/\/guiaturisticodesinop.com.br\/wp-content\/uploads\/2025\/07\/aparecida_sp.png\" height=\"545\" width=\"705\" alt=\"\" class=\"slider-4168 slide-4172 msDefaultImage\" title=\"aparecida_sp\" \/><\/li>\n                <li style=\"display: none; width: 100%;\" class=\"slide-4173 ms-image \" aria-roledescription=\"slide\" data-date=\"2025-07-19 16:54:38\"><img loading=\"lazy\" decoding=\"async\" src=\"https:\/\/guiaturisticodesinop.com.br\/wp-content\/uploads\/2025\/07\/avirrp_rebeirao_preto_sp.png\" height=\"545\" width=\"705\" alt=\"\" class=\"slider-4168 slide-4173 msDefaultImage\" title=\"avirrp_rebeirao_preto_sp\" \/><\/li>\n                <li style=\"display: none; width: 100%;\" class=\"slide-4174 ms-image \" aria-roledescription=\"slide\" data-date=\"2025-07-19 16:54:38\"><img loading=\"lazy\" decoding=\"async\" src=\"https:\/\/guiaturisticodesinop.com.br\/wp-content\/uploads\/2025\/07\/avirrp_rebeirao_preto_sp1.png\" height=\"545\" width=\"705\" alt=\"\" class=\"slider-4168 slide-4174 msDefaultImage\" title=\"avirrp_rebeirao_preto_sp1\" \/><\/li>\n            <\/ul>\n        <\/div>\n        \n    <\/div>\n<\/div>\n\n\n\n<p><center>\n<iframe width=\"560\" height=\"315\" src=\"https:\/\/www.youtube.com\/embed\/IWyVYozN0Ck\" title=\"YouTube video player\" frameborder=\"0\" allow=\"accelerometer; autoplay; clipboard-write; encrypted-media; gyroscope; picture-in-picture; web-share\" allowfullscreen=\"\"><\/iframe>\n<\/center><\/p>\n\n\n\n<hr style=\"width: 99.8%; height: 1px; text-align:center\" color=\"#A9A9A9\"\/><br>\n\n\n\n<p><center><img decoding=\"async\" src=\"http:\/\/guiaturisticodesinop.com.br\/orla_aquarela_brasil_sinop\/cadastur.png\" alt=\"Cadastur\" hspace=\"5\"><\/center><\/p>\n\n\n\n<br><p><center><strong>Consulte o portal do Cadastur \/ Minist\u00e9rio do Turismo:<\/strong> <a href=\"https:\/\/cadastur.turismo.gov.br\/hotsite\/\" target=\"_blank\" rel=\"noreferrer noopener\"><br><br>Clicar aqui<\/a><\/center><\/p><br>\n\n\n\n<p class=\"has-text-align-left has-black-color has-text-color\"><\/p>\n","protected":false},"excerpt":{"rendered":"<p>Gabriel Jos\u00e9 Pereira (66) 9.8118-0945 serprofessoread@gmail.com Idiomas: Possui registro no Cadastur do Minist\u00e9rio do Turismo: SIM Habilidades na \u00e1rea de turismo:&nbsp;Guia de turismo categoria Brasil Am\u00e9rica do Sul com experi\u00eancias em acompanhamento de turistas em v\u00e1rios destinos tur\u00edsticos no Brasil e Am\u00e9rica do Sul. Sinop &#8211; Mato Grosso Title of [&hellip;]<\/p>\n","protected":false},"author":1,"featured_media":2407,"parent":0,"menu_order":0,"comment_status":"closed","ping_status":"closed","template":"","meta":{"_themeisle_gutenberg_block_has_review":false,"footnotes":""},"class_list":["post-57","page","type-page","status-publish","has-post-thumbnail","hentry"],"yoast_head":"<!-- This site is optimized with the Yoast SEO plugin v25.3.1 - https:\/\/yoast.com\/wordpress\/plugins\/seo\/ -->\n<title>Guias de Turismo em Sinop - GUIA TUR\u00cdSTICO DE SINOP<\/title>\n<meta name=\"robots\" content=\"index, follow, max-snippet:-1, max-image-preview:large, max-video-preview:-1\" \/>\n<link rel=\"canonical\" href=\"https:\/\/guiaturisticodesinop.com.br\/?page_id=57\" \/>\n<meta property=\"og:locale\" content=\"pt_BR\" \/>\n<meta property=\"og:type\" content=\"article\" \/>\n<meta property=\"og:title\" content=\"Guias de Turismo em Sinop - GUIA TUR\u00cdSTICO DE SINOP\" \/>\n<meta property=\"og:description\" content=\"Gabriel Jos\u00e9 Pereira (66) 9.8118-0945 serprofessoread@gmail.com Idiomas: Possui registro no Cadastur do Minist\u00e9rio do Turismo: SIM Habilidades na \u00e1rea de turismo:&nbsp;Guia de turismo categoria Brasil Am\u00e9rica do Sul com experi\u00eancias em acompanhamento de turistas em v\u00e1rios destinos tur\u00edsticos no Brasil e Am\u00e9rica do Sul. Sinop &#8211; Mato Grosso Title of [&hellip;]\" \/>\n<meta property=\"og:url\" content=\"https:\/\/guiaturisticodesinop.com.br\/?page_id=57\" \/>\n<meta property=\"og:site_name\" content=\"GUIA TUR\u00cdSTICO DE SINOP\" \/>\n<meta property=\"article:publisher\" content=\"https:\/\/www.facebook.com\/people\/Guia-Turstico-de-Sinop\/100089015200279\/\" \/>\n<meta property=\"article:modified_time\" content=\"2025-07-19T21:00:17+00:00\" \/>\n<meta property=\"og:image\" content=\"https:\/\/guiaturisticodesinop.com.br\/wp-content\/uploads\/2023\/02\/27-mapa-7.png\" \/>\n\t<meta property=\"og:image:width\" content=\"1111\" \/>\n\t<meta property=\"og:image:height\" content=\"354\" \/>\n\t<meta property=\"og:image:type\" content=\"image\/png\" \/>\n<meta name=\"twitter:card\" content=\"summary_large_image\" \/>\n<meta name=\"twitter:label1\" content=\"Est. tempo de leitura\" \/>\n\t<meta name=\"twitter:data1\" content=\"2 minutos\" \/>\n<script type=\"application\/ld+json\" class=\"yoast-schema-graph\">{\"@context\":\"https:\/\/schema.org\",\"@graph\":[{\"@type\":\"WebPage\",\"@id\":\"https:\/\/guiaturisticodesinop.com.br\/?page_id=57\",\"url\":\"https:\/\/guiaturisticodesinop.com.br\/?page_id=57\",\"name\":\"Guias de Turismo em Sinop - GUIA TUR\u00cdSTICO DE SINOP\",\"isPartOf\":{\"@id\":\"https:\/\/guiaturisticodesinop.com.br\/#website\"},\"primaryImageOfPage\":{\"@id\":\"https:\/\/guiaturisticodesinop.com.br\/?page_id=57#primaryimage\"},\"image\":{\"@id\":\"https:\/\/guiaturisticodesinop.com.br\/?page_id=57#primaryimage\"},\"thumbnailUrl\":\"https:\/\/guiaturisticodesinop.com.br\/wp-content\/uploads\/2023\/02\/27-mapa-7.png\",\"datePublished\":\"2022-12-21T11:01:49+00:00\",\"dateModified\":\"2025-07-19T21:00:17+00:00\",\"breadcrumb\":{\"@id\":\"https:\/\/guiaturisticodesinop.com.br\/?page_id=57#breadcrumb\"},\"inLanguage\":\"pt-BR\",\"potentialAction\":[{\"@type\":\"ReadAction\",\"target\":[\"https:\/\/guiaturisticodesinop.com.br\/?page_id=57\"]}]},{\"@type\":\"ImageObject\",\"inLanguage\":\"pt-BR\",\"@id\":\"https:\/\/guiaturisticodesinop.com.br\/?page_id=57#primaryimage\",\"url\":\"https:\/\/guiaturisticodesinop.com.br\/wp-content\/uploads\/2023\/02\/27-mapa-7.png\",\"contentUrl\":\"https:\/\/guiaturisticodesinop.com.br\/wp-content\/uploads\/2023\/02\/27-mapa-7.png\",\"width\":1111,\"height\":354,\"caption\":\"#Pra\u00e7a Jardim Curitiba II #Sinop #Brinquedos para crian\u00e7as #Lazer #Academia ao livre #Quadras esportiva #Pergolado #Banheiro p\u00fablico #Obra de arte #F\u00e1bio Gomes Trindade\"},{\"@type\":\"BreadcrumbList\",\"@id\":\"https:\/\/guiaturisticodesinop.com.br\/?page_id=57#breadcrumb\",\"itemListElement\":[{\"@type\":\"ListItem\",\"position\":1,\"name\":\"In\u00edcio\",\"item\":\"https:\/\/guiaturisticodesinop.com.br\/\"},{\"@type\":\"ListItem\",\"position\":2,\"name\":\"Guias de Turismo em Sinop\"}]},{\"@type\":\"WebSite\",\"@id\":\"https:\/\/guiaturisticodesinop.com.br\/#website\",\"url\":\"https:\/\/guiaturisticodesinop.com.br\/\",\"name\":\"GUIA TUR\u00cdSTICO DE SINOP\",\"description\":\"A vitrine on-line do turismo em Sinop para o mundo!\",\"publisher\":{\"@id\":\"https:\/\/guiaturisticodesinop.com.br\/#organization\"},\"potentialAction\":[{\"@type\":\"SearchAction\",\"target\":{\"@type\":\"EntryPoint\",\"urlTemplate\":\"https:\/\/guiaturisticodesinop.com.br\/?s={search_term_string}\"},\"query-input\":{\"@type\":\"PropertyValueSpecification\",\"valueRequired\":true,\"valueName\":\"search_term_string\"}}],\"inLanguage\":\"pt-BR\"},{\"@type\":\"Organization\",\"@id\":\"https:\/\/guiaturisticodesinop.com.br\/#organization\",\"name\":\"GUIA TUR\u00cdSTICO DE SINOP\",\"url\":\"https:\/\/guiaturisticodesinop.com.br\/\",\"logo\":{\"@type\":\"ImageObject\",\"inLanguage\":\"pt-BR\",\"@id\":\"https:\/\/guiaturisticodesinop.com.br\/#\/schema\/logo\/image\/\",\"url\":\"https:\/\/guiaturisticodesinop.com.br\/wp-content\/uploads\/2023\/02\/logo_marca_guia_turistico_de_sinop.png\",\"contentUrl\":\"https:\/\/guiaturisticodesinop.com.br\/wp-content\/uploads\/2023\/02\/logo_marca_guia_turistico_de_sinop.png\",\"width\":250,\"height\":149,\"caption\":\"GUIA TUR\u00cdSTICO DE SINOP\"},\"image\":{\"@id\":\"https:\/\/guiaturisticodesinop.com.br\/#\/schema\/logo\/image\/\"},\"sameAs\":[\"https:\/\/www.facebook.com\/people\/Guia-Turstico-de-Sinop\/100089015200279\/\",\"https:\/\/www.instagram.com\/guiaturisticodesinop\"]}]}<\/script>\n<!-- \/ Yoast SEO plugin. -->","yoast_head_json":{"title":"Guias de Turismo em Sinop - GUIA TUR\u00cdSTICO DE SINOP","robots":{"index":"index","follow":"follow","max-snippet":"max-snippet:-1","max-image-preview":"max-image-preview:large","max-video-preview":"max-video-preview:-1"},"canonical":"https:\/\/guiaturisticodesinop.com.br\/?page_id=57","og_locale":"pt_BR","og_type":"article","og_title":"Guias de Turismo em Sinop - GUIA TUR\u00cdSTICO DE SINOP","og_description":"Gabriel Jos\u00e9 Pereira (66) 9.8118-0945 serprofessoread@gmail.com Idiomas: Possui registro no Cadastur do Minist\u00e9rio do Turismo: SIM Habilidades na \u00e1rea de turismo:&nbsp;Guia de turismo categoria Brasil Am\u00e9rica do Sul com experi\u00eancias em acompanhamento de turistas em v\u00e1rios destinos tur\u00edsticos no Brasil e Am\u00e9rica do Sul. Sinop &#8211; Mato Grosso Title of [&hellip;]","og_url":"https:\/\/guiaturisticodesinop.com.br\/?page_id=57","og_site_name":"GUIA TUR\u00cdSTICO DE SINOP","article_publisher":"https:\/\/www.facebook.com\/people\/Guia-Turstico-de-Sinop\/100089015200279\/","article_modified_time":"2025-07-19T21:00:17+00:00","og_image":[{"width":1111,"height":354,"url":"https:\/\/guiaturisticodesinop.com.br\/wp-content\/uploads\/2023\/02\/27-mapa-7.png","type":"image\/png"}],"twitter_card":"summary_large_image","twitter_misc":{"Est. tempo de leitura":"2 minutos"},"schema":{"@context":"https:\/\/schema.org","@graph":[{"@type":"WebPage","@id":"https:\/\/guiaturisticodesinop.com.br\/?page_id=57","url":"https:\/\/guiaturisticodesinop.com.br\/?page_id=57","name":"Guias de Turismo em Sinop - GUIA TUR\u00cdSTICO DE SINOP","isPartOf":{"@id":"https:\/\/guiaturisticodesinop.com.br\/#website"},"primaryImageOfPage":{"@id":"https:\/\/guiaturisticodesinop.com.br\/?page_id=57#primaryimage"},"image":{"@id":"https:\/\/guiaturisticodesinop.com.br\/?page_id=57#primaryimage"},"thumbnailUrl":"https:\/\/guiaturisticodesinop.com.br\/wp-content\/uploads\/2023\/02\/27-mapa-7.png","datePublished":"2022-12-21T11:01:49+00:00","dateModified":"2025-07-19T21:00:17+00:00","breadcrumb":{"@id":"https:\/\/guiaturisticodesinop.com.br\/?page_id=57#breadcrumb"},"inLanguage":"pt-BR","potentialAction":[{"@type":"ReadAction","target":["https:\/\/guiaturisticodesinop.com.br\/?page_id=57"]}]},{"@type":"ImageObject","inLanguage":"pt-BR","@id":"https:\/\/guiaturisticodesinop.com.br\/?page_id=57#primaryimage","url":"https:\/\/guiaturisticodesinop.com.br\/wp-content\/uploads\/2023\/02\/27-mapa-7.png","contentUrl":"https:\/\/guiaturisticodesinop.com.br\/wp-content\/uploads\/2023\/02\/27-mapa-7.png","width":1111,"height":354,"caption":"#Pra\u00e7a Jardim Curitiba II #Sinop #Brinquedos para crian\u00e7as #Lazer #Academia ao livre #Quadras esportiva #Pergolado #Banheiro p\u00fablico #Obra de arte #F\u00e1bio Gomes Trindade"},{"@type":"BreadcrumbList","@id":"https:\/\/guiaturisticodesinop.com.br\/?page_id=57#breadcrumb","itemListElement":[{"@type":"ListItem","position":1,"name":"In\u00edcio","item":"https:\/\/guiaturisticodesinop.com.br\/"},{"@type":"ListItem","position":2,"name":"Guias de Turismo em Sinop"}]},{"@type":"WebSite","@id":"https:\/\/guiaturisticodesinop.com.br\/#website","url":"https:\/\/guiaturisticodesinop.com.br\/","name":"GUIA TUR\u00cdSTICO DE SINOP","description":"A vitrine on-line do turismo em Sinop para o mundo!","publisher":{"@id":"https:\/\/guiaturisticodesinop.com.br\/#organization"},"potentialAction":[{"@type":"SearchAction","target":{"@type":"EntryPoint","urlTemplate":"https:\/\/guiaturisticodesinop.com.br\/?s={search_term_string}"},"query-input":{"@type":"PropertyValueSpecification","valueRequired":true,"valueName":"search_term_string"}}],"inLanguage":"pt-BR"},{"@type":"Organization","@id":"https:\/\/guiaturisticodesinop.com.br\/#organization","name":"GUIA TUR\u00cdSTICO DE SINOP","url":"https:\/\/guiaturisticodesinop.com.br\/","logo":{"@type":"ImageObject","inLanguage":"pt-BR","@id":"https:\/\/guiaturisticodesinop.com.br\/#\/schema\/logo\/image\/","url":"https:\/\/guiaturisticodesinop.com.br\/wp-content\/uploads\/2023\/02\/logo_marca_guia_turistico_de_sinop.png","contentUrl":"https:\/\/guiaturisticodesinop.com.br\/wp-content\/uploads\/2023\/02\/logo_marca_guia_turistico_de_sinop.png","width":250,"height":149,"caption":"GUIA TUR\u00cdSTICO DE SINOP"},"image":{"@id":"https:\/\/guiaturisticodesinop.com.br\/#\/schema\/logo\/image\/"},"sameAs":["https:\/\/www.facebook.com\/people\/Guia-Turstico-de-Sinop\/100089015200279\/","https:\/\/www.instagram.com\/guiaturisticodesinop"]}]}},"_links":{"self":[{"href":"https:\/\/guiaturisticodesinop.com.br\/index.php?rest_route=\/wp\/v2\/pages\/57","targetHints":{"allow":["GET"]}}],"collection":[{"href":"https:\/\/guiaturisticodesinop.com.br\/index.php?rest_route=\/wp\/v2\/pages"}],"about":[{"href":"https:\/\/guiaturisticodesinop.com.br\/index.php?rest_route=\/wp\/v2\/types\/page"}],"author":[{"embeddable":true,"href":"https:\/\/guiaturisticodesinop.com.br\/index.php?rest_route=\/wp\/v2\/users\/1"}],"replies":[{"embeddable":true,"href":"https:\/\/guiaturisticodesinop.com.br\/index.php?rest_route=%2Fwp%2Fv2%2Fcomments&post=57"}],"version-history":[{"count":86,"href":"https:\/\/guiaturisticodesinop.com.br\/index.php?rest_route=\/wp\/v2\/pages\/57\/revisions"}],"predecessor-version":[{"id":4177,"href":"https:\/\/guiaturisticodesinop.com.br\/index.php?rest_route=\/wp\/v2\/pages\/57\/revisions\/4177"}],"wp:featuredmedia":[{"embeddable":true,"href":"https:\/\/guiaturisticodesinop.com.br\/index.php?rest_route=\/wp\/v2\/media\/2407"}],"wp:attachment":[{"href":"https:\/\/guiaturisticodesinop.com.br\/index.php?rest_route=%2Fwp%2Fv2%2Fmedia&parent=57"}],"curies":[{"name":"wp","href":"https:\/\/api.w.org\/{rel}","templated":true}]}}