{"id":4013,"date":"2025-07-09T14:21:53","date_gmt":"2025-07-09T18:21:53","guid":{"rendered":"https:\/\/guiaturisticodesinop.com.br\/?page_id=4013"},"modified":"2025-07-17T19:56:13","modified_gmt":"2025-07-17T23:56:13","slug":"shopping-sinop-sinop-mt","status":"publish","type":"page","link":"https:\/\/guiaturisticodesinop.com.br\/?page_id=4013","title":{"rendered":"Shopping Sinop | Sinop-MT"},"content":{"rendered":"\n<p align=\"justify\" style=\"color: #000; font-size: 25px \">\n\n<img decoding=\"async\" src=\"http:\/\/guiaturisticodesinop.com.br\/wp-content\/uploads\/2025\/07\/shopping_sinop.png\" alt=\"Shopping Sinop\" height=\"85\" width=\"180\" align=\"left\" hspace=\"20\">\n\nO <b>Shopping Sinop<\/b> est\u00e1 situado no Nort\u00e3o do Mato Grosso, com localiza\u00e7\u00e3o estrat\u00e9gica, pr\u00f3ximo \u00e0 BR 163, sendo o \u00fanico num raio de 500 km, al\u00e9m de estar localizado pr\u00f3ximo a Universidades Federal e particular com grande movimento di\u00e1rio e \u00e1rea domiciliar em expans\u00e3o. \n<br>\nEntre as vantagens que o Shopping Sinop oferece, est\u00e3o a comodidade do hor\u00e1rio estendido de atendimento, a seguran\u00e7a e o conforto; pois o local \u00e9 climatizado e possui um amplo estacionamento.\n\n<br><br>\n<b>Ficha T\u00e9cnica<\/b>\n<br><br>\n&#8211; Inaugura\u00e7\u00e3o: 28 de outubro de 2021\n<br>\n&#8211; \u00c1rea bruta loc\u00e1vel: 22.641,76 M\u00b2\n<br>\n&#8211; \u00c1rea total constru\u00edda: 40.539 M\u00b2\n<br>\n&#8211; Lojas \u00e2ncoras: 8\n<br>\n&#8211; Semi \u00e2ncoras: 2\n<br>\n&#8211; Megalojas: 4\n<br>\n&#8211; Lojas: 122\n<br>\n&#8211; Alimenta\u00e7\u00e3o\/Fast-Foof: 18\n<br>\n&#8211; Restaurantes: 2\n<br>\n&#8211; Servi\u00e7os: 4\n<br>\n&#8211; Cinema: 4\n<br>\n&#8211; Estacionamento\/Vagas: 1.200\n<\/p>\n\n\n\n<br><p class=\"has-text-align-left\"><strong>Shopping Sinop<\/strong><\/p>\n\n\n\n<p class=\"has-black-color has-text-color\"><img decoding=\"async\" width=\"35\" height=\"35\" class=\"wp-image-466\" style=\"width: 35px;\" src=\"http:\/\/guiaturisticodesinop.com.br\/wp-content\/uploads\/2022\/12\/icone_telefone.png\" alt=\"\"> (66) 3300-0000<\/p>\n\n\n\n<p class=\"has-black-color has-text-color\"><img decoding=\"async\" width=\"30\" height=\"31\" class=\"wp-image-100\" style=\"width: 30px;\" src=\"http:\/\/guiaturisticodesinop.com.br\/wp-content\/uploads\/2022\/12\/instagram-1.png\" alt=\"\" srcset=\"https:\/\/guiaturisticodesinop.com.br\/wp-content\/uploads\/2022\/12\/instagram-1.png 230w, https:\/\/guiaturisticodesinop.com.br\/wp-content\/uploads\/2022\/12\/instagram-1-150x150.png 150w\" sizes=\"(max-width: 30px) 100vw, 30px\" \/> <a href=\"https:\/\/www.instagram.com\/shoppingsinopmt\/\" target=\"_blank\" rel=\"noreferrer noopener\">shoppingsinopmt<\/a><\/p>\n\n\n\n<p><strong>Site:<\/strong> <a href=\"https:\/\/www.shoppingsinop.com\/\" target=\"_blank\" rel=\"noreferrer noopener\">www.shoppingsinop.com<\/a><\/p>\n\n\n\n<p class=\"has-black-color has-text-color\">Av. Alexandre Ferronato, 800 &#8211; Bairro: Setor Industrial &#8211; Cep: 78557-247<br>Sinop &#8211; MT<\/p>\n\n\n\n<hr style=\"width: 99.8%; height: 1px; text-align:center\" color=\"#A9A9A9\"\/><br>\n\n\n\n<center><img decoding=\"async\" src=\"http:\/\/guiaturisticodesinop.com.br\/orla_aquarela_brasil_sinop\/cadastur.png\" alt=\"Cadastur\" hspace=\"5\"><\/center>\n\n\n\n<br><p><center><strong>Consulte o portal do Cadastur \/ Minist\u00e9rio do Turismo:<\/strong> <a href=\"https:\/\/cadastur.turismo.gov.br\/hotsite\/\" target=\"_blank\" rel=\"noreferrer noopener\"><br><br>Clicar aqui<\/a><\/center><\/p><br>\n\n\n\n<p align=\"justify\" style=\"color: #000; font-size: 25px \">\n#Shopping Sinop #Sinop #Cinema #Lazer #Lojas #Pra\u00e7a de alimenta\u00e7\u00e3o #Estacionamento #Renner #C&#038;A #Compras #Passeio em Sinop #Riachuelo #Americanas\n<\/p>\n","protected":false},"excerpt":{"rendered":"<p>O Shopping Sinop est\u00e1 situado no Nort\u00e3o do Mato Grosso, com localiza\u00e7\u00e3o estrat\u00e9gica, pr\u00f3ximo \u00e0 BR 163, sendo o \u00fanico num raio de 500 km, al\u00e9m de estar localizado pr\u00f3ximo a Universidades Federal e particular com grande movimento di\u00e1rio e \u00e1rea domiciliar em expans\u00e3o. Entre as vantagens que o Shopping [&hellip;]<\/p>\n","protected":false},"author":1,"featured_media":2402,"parent":0,"menu_order":0,"comment_status":"closed","ping_status":"closed","template":"","meta":{"_themeisle_gutenberg_block_has_review":false,"footnotes":""},"class_list":["post-4013","page","type-page","status-publish","has-post-thumbnail","hentry"],"yoast_head":"<!-- This site is optimized with the Yoast SEO plugin v25.3.1 - https:\/\/yoast.com\/wordpress\/plugins\/seo\/ -->\n<title>Shopping Sinop | Sinop-MT - GUIA TUR\u00cdSTICO DE SINOP<\/title>\n<meta name=\"description\" content=\"#Shopping Sinop #Sinop #Cinema #Lazer #Lojas #Pra\u00e7a de alimenta\u00e7\u00e3o #Estacionamento #Renner #C&amp;A #Compras #Passeio em Sinop #Riachuelo #Americanas\" \/>\n<meta name=\"robots\" content=\"index, follow, max-snippet:-1, max-image-preview:large, max-video-preview:-1\" \/>\n<link rel=\"canonical\" href=\"https:\/\/guiaturisticodesinop.com.br\/?page_id=4013\" \/>\n<meta property=\"og:locale\" content=\"pt_BR\" \/>\n<meta property=\"og:type\" content=\"article\" \/>\n<meta property=\"og:title\" content=\"Shopping Sinop | Sinop-MT - GUIA TUR\u00cdSTICO DE SINOP\" \/>\n<meta property=\"og:description\" content=\"#Shopping Sinop #Sinop #Cinema #Lazer #Lojas #Pra\u00e7a de alimenta\u00e7\u00e3o #Estacionamento #Renner #C&amp;A #Compras #Passeio em Sinop #Riachuelo #Americanas\" \/>\n<meta property=\"og:url\" content=\"https:\/\/guiaturisticodesinop.com.br\/?page_id=4013\" \/>\n<meta property=\"og:site_name\" content=\"GUIA TUR\u00cdSTICO DE SINOP\" \/>\n<meta property=\"article:publisher\" content=\"https:\/\/www.facebook.com\/people\/Guia-Turstico-de-Sinop\/100089015200279\/\" \/>\n<meta property=\"article:modified_time\" content=\"2025-07-17T23:56:13+00:00\" \/>\n<meta property=\"og:image\" content=\"https:\/\/guiaturisticodesinop.com.br\/wp-content\/uploads\/2023\/02\/capa_compras_sinop.png\" \/>\n\t<meta property=\"og:image:width\" content=\"1111\" \/>\n\t<meta property=\"og:image:height\" content=\"354\" \/>\n\t<meta property=\"og:image:type\" content=\"image\/png\" \/>\n<meta name=\"twitter:card\" content=\"summary_large_image\" \/>\n<meta name=\"twitter:label1\" content=\"Est. tempo de leitura\" \/>\n\t<meta name=\"twitter:data1\" content=\"2 minutos\" \/>\n<script type=\"application\/ld+json\" class=\"yoast-schema-graph\">{\"@context\":\"https:\/\/schema.org\",\"@graph\":[{\"@type\":\"WebPage\",\"@id\":\"https:\/\/guiaturisticodesinop.com.br\/?page_id=4013\",\"url\":\"https:\/\/guiaturisticodesinop.com.br\/?page_id=4013\",\"name\":\"Shopping Sinop | Sinop-MT - GUIA TUR\u00cdSTICO DE SINOP\",\"isPartOf\":{\"@id\":\"https:\/\/guiaturisticodesinop.com.br\/#website\"},\"primaryImageOfPage\":{\"@id\":\"https:\/\/guiaturisticodesinop.com.br\/?page_id=4013#primaryimage\"},\"image\":{\"@id\":\"https:\/\/guiaturisticodesinop.com.br\/?page_id=4013#primaryimage\"},\"thumbnailUrl\":\"https:\/\/guiaturisticodesinop.com.br\/wp-content\/uploads\/2023\/02\/capa_compras_sinop.png\",\"datePublished\":\"2025-07-09T18:21:53+00:00\",\"dateModified\":\"2025-07-17T23:56:13+00:00\",\"description\":\"#Shopping Sinop #Sinop #Cinema #Lazer #Lojas #Pra\u00e7a de alimenta\u00e7\u00e3o #Estacionamento #Renner #C&A #Compras #Passeio em Sinop #Riachuelo #Americanas\",\"breadcrumb\":{\"@id\":\"https:\/\/guiaturisticodesinop.com.br\/?page_id=4013#breadcrumb\"},\"inLanguage\":\"pt-BR\",\"potentialAction\":[{\"@type\":\"ReadAction\",\"target\":[\"https:\/\/guiaturisticodesinop.com.br\/?page_id=4013\"]}]},{\"@type\":\"ImageObject\",\"inLanguage\":\"pt-BR\",\"@id\":\"https:\/\/guiaturisticodesinop.com.br\/?page_id=4013#primaryimage\",\"url\":\"https:\/\/guiaturisticodesinop.com.br\/wp-content\/uploads\/2023\/02\/capa_compras_sinop.png\",\"contentUrl\":\"https:\/\/guiaturisticodesinop.com.br\/wp-content\/uploads\/2023\/02\/capa_compras_sinop.png\",\"width\":1111,\"height\":354},{\"@type\":\"BreadcrumbList\",\"@id\":\"https:\/\/guiaturisticodesinop.com.br\/?page_id=4013#breadcrumb\",\"itemListElement\":[{\"@type\":\"ListItem\",\"position\":1,\"name\":\"In\u00edcio\",\"item\":\"https:\/\/guiaturisticodesinop.com.br\/\"},{\"@type\":\"ListItem\",\"position\":2,\"name\":\"Shopping Sinop | Sinop-MT\"}]},{\"@type\":\"WebSite\",\"@id\":\"https:\/\/guiaturisticodesinop.com.br\/#website\",\"url\":\"https:\/\/guiaturisticodesinop.com.br\/\",\"name\":\"GUIA TUR\u00cdSTICO DE SINOP\",\"description\":\"A vitrine on-line do turismo em Sinop para o mundo!\",\"publisher\":{\"@id\":\"https:\/\/guiaturisticodesinop.com.br\/#organization\"},\"potentialAction\":[{\"@type\":\"SearchAction\",\"target\":{\"@type\":\"EntryPoint\",\"urlTemplate\":\"https:\/\/guiaturisticodesinop.com.br\/?s={search_term_string}\"},\"query-input\":{\"@type\":\"PropertyValueSpecification\",\"valueRequired\":true,\"valueName\":\"search_term_string\"}}],\"inLanguage\":\"pt-BR\"},{\"@type\":\"Organization\",\"@id\":\"https:\/\/guiaturisticodesinop.com.br\/#organization\",\"name\":\"GUIA TUR\u00cdSTICO DE SINOP\",\"url\":\"https:\/\/guiaturisticodesinop.com.br\/\",\"logo\":{\"@type\":\"ImageObject\",\"inLanguage\":\"pt-BR\",\"@id\":\"https:\/\/guiaturisticodesinop.com.br\/#\/schema\/logo\/image\/\",\"url\":\"https:\/\/guiaturisticodesinop.com.br\/wp-content\/uploads\/2023\/02\/logo_marca_guia_turistico_de_sinop.png\",\"contentUrl\":\"https:\/\/guiaturisticodesinop.com.br\/wp-content\/uploads\/2023\/02\/logo_marca_guia_turistico_de_sinop.png\",\"width\":250,\"height\":149,\"caption\":\"GUIA TUR\u00cdSTICO DE SINOP\"},\"image\":{\"@id\":\"https:\/\/guiaturisticodesinop.com.br\/#\/schema\/logo\/image\/\"},\"sameAs\":[\"https:\/\/www.facebook.com\/people\/Guia-Turstico-de-Sinop\/100089015200279\/\",\"https:\/\/www.instagram.com\/guiaturisticodesinop\"]}]}<\/script>\n<!-- \/ Yoast SEO plugin. -->","yoast_head_json":{"title":"Shopping Sinop | Sinop-MT - GUIA TUR\u00cdSTICO DE SINOP","description":"#Shopping Sinop #Sinop #Cinema #Lazer #Lojas #Pra\u00e7a de alimenta\u00e7\u00e3o #Estacionamento #Renner #C&A #Compras #Passeio em Sinop #Riachuelo #Americanas","robots":{"index":"index","follow":"follow","max-snippet":"max-snippet:-1","max-image-preview":"max-image-preview:large","max-video-preview":"max-video-preview:-1"},"canonical":"https:\/\/guiaturisticodesinop.com.br\/?page_id=4013","og_locale":"pt_BR","og_type":"article","og_title":"Shopping Sinop | Sinop-MT - GUIA TUR\u00cdSTICO DE SINOP","og_description":"#Shopping Sinop #Sinop #Cinema #Lazer #Lojas #Pra\u00e7a de alimenta\u00e7\u00e3o #Estacionamento #Renner #C&A #Compras #Passeio em Sinop #Riachuelo #Americanas","og_url":"https:\/\/guiaturisticodesinop.com.br\/?page_id=4013","og_site_name":"GUIA TUR\u00cdSTICO DE SINOP","article_publisher":"https:\/\/www.facebook.com\/people\/Guia-Turstico-de-Sinop\/100089015200279\/","article_modified_time":"2025-07-17T23:56:13+00:00","og_image":[{"width":1111,"height":354,"url":"https:\/\/guiaturisticodesinop.com.br\/wp-content\/uploads\/2023\/02\/capa_compras_sinop.png","type":"image\/png"}],"twitter_card":"summary_large_image","twitter_misc":{"Est. tempo de leitura":"2 minutos"},"schema":{"@context":"https:\/\/schema.org","@graph":[{"@type":"WebPage","@id":"https:\/\/guiaturisticodesinop.com.br\/?page_id=4013","url":"https:\/\/guiaturisticodesinop.com.br\/?page_id=4013","name":"Shopping Sinop | Sinop-MT - GUIA TUR\u00cdSTICO DE SINOP","isPartOf":{"@id":"https:\/\/guiaturisticodesinop.com.br\/#website"},"primaryImageOfPage":{"@id":"https:\/\/guiaturisticodesinop.com.br\/?page_id=4013#primaryimage"},"image":{"@id":"https:\/\/guiaturisticodesinop.com.br\/?page_id=4013#primaryimage"},"thumbnailUrl":"https:\/\/guiaturisticodesinop.com.br\/wp-content\/uploads\/2023\/02\/capa_compras_sinop.png","datePublished":"2025-07-09T18:21:53+00:00","dateModified":"2025-07-17T23:56:13+00:00","description":"#Shopping Sinop #Sinop #Cinema #Lazer #Lojas #Pra\u00e7a de alimenta\u00e7\u00e3o #Estacionamento #Renner #C&A #Compras #Passeio em Sinop #Riachuelo #Americanas","breadcrumb":{"@id":"https:\/\/guiaturisticodesinop.com.br\/?page_id=4013#breadcrumb"},"inLanguage":"pt-BR","potentialAction":[{"@type":"ReadAction","target":["https:\/\/guiaturisticodesinop.com.br\/?page_id=4013"]}]},{"@type":"ImageObject","inLanguage":"pt-BR","@id":"https:\/\/guiaturisticodesinop.com.br\/?page_id=4013#primaryimage","url":"https:\/\/guiaturisticodesinop.com.br\/wp-content\/uploads\/2023\/02\/capa_compras_sinop.png","contentUrl":"https:\/\/guiaturisticodesinop.com.br\/wp-content\/uploads\/2023\/02\/capa_compras_sinop.png","width":1111,"height":354},{"@type":"BreadcrumbList","@id":"https:\/\/guiaturisticodesinop.com.br\/?page_id=4013#breadcrumb","itemListElement":[{"@type":"ListItem","position":1,"name":"In\u00edcio","item":"https:\/\/guiaturisticodesinop.com.br\/"},{"@type":"ListItem","position":2,"name":"Shopping Sinop | Sinop-MT"}]},{"@type":"WebSite","@id":"https:\/\/guiaturisticodesinop.com.br\/#website","url":"https:\/\/guiaturisticodesinop.com.br\/","name":"GUIA TUR\u00cdSTICO DE SINOP","description":"A vitrine on-line do turismo em Sinop para o mundo!","publisher":{"@id":"https:\/\/guiaturisticodesinop.com.br\/#organization"},"potentialAction":[{"@type":"SearchAction","target":{"@type":"EntryPoint","urlTemplate":"https:\/\/guiaturisticodesinop.com.br\/?s={search_term_string}"},"query-input":{"@type":"PropertyValueSpecification","valueRequired":true,"valueName":"search_term_string"}}],"inLanguage":"pt-BR"},{"@type":"Organization","@id":"https:\/\/guiaturisticodesinop.com.br\/#organization","name":"GUIA TUR\u00cdSTICO DE SINOP","url":"https:\/\/guiaturisticodesinop.com.br\/","logo":{"@type":"ImageObject","inLanguage":"pt-BR","@id":"https:\/\/guiaturisticodesinop.com.br\/#\/schema\/logo\/image\/","url":"https:\/\/guiaturisticodesinop.com.br\/wp-content\/uploads\/2023\/02\/logo_marca_guia_turistico_de_sinop.png","contentUrl":"https:\/\/guiaturisticodesinop.com.br\/wp-content\/uploads\/2023\/02\/logo_marca_guia_turistico_de_sinop.png","width":250,"height":149,"caption":"GUIA TUR\u00cdSTICO DE SINOP"},"image":{"@id":"https:\/\/guiaturisticodesinop.com.br\/#\/schema\/logo\/image\/"},"sameAs":["https:\/\/www.facebook.com\/people\/Guia-Turstico-de-Sinop\/100089015200279\/","https:\/\/www.instagram.com\/guiaturisticodesinop"]}]}},"_links":{"self":[{"href":"https:\/\/guiaturisticodesinop.com.br\/index.php?rest_route=\/wp\/v2\/pages\/4013","targetHints":{"allow":["GET"]}}],"collection":[{"href":"https:\/\/guiaturisticodesinop.com.br\/index.php?rest_route=\/wp\/v2\/pages"}],"about":[{"href":"https:\/\/guiaturisticodesinop.com.br\/index.php?rest_route=\/wp\/v2\/types\/page"}],"author":[{"embeddable":true,"href":"https:\/\/guiaturisticodesinop.com.br\/index.php?rest_route=\/wp\/v2\/users\/1"}],"replies":[{"embeddable":true,"href":"https:\/\/guiaturisticodesinop.com.br\/index.php?rest_route=%2Fwp%2Fv2%2Fcomments&post=4013"}],"version-history":[{"count":8,"href":"https:\/\/guiaturisticodesinop.com.br\/index.php?rest_route=\/wp\/v2\/pages\/4013\/revisions"}],"predecessor-version":[{"id":4089,"href":"https:\/\/guiaturisticodesinop.com.br\/index.php?rest_route=\/wp\/v2\/pages\/4013\/revisions\/4089"}],"wp:featuredmedia":[{"embeddable":true,"href":"https:\/\/guiaturisticodesinop.com.br\/index.php?rest_route=\/wp\/v2\/media\/2402"}],"wp:attachment":[{"href":"https:\/\/guiaturisticodesinop.com.br\/index.php?rest_route=%2Fwp%2Fv2%2Fmedia&parent=4013"}],"curies":[{"name":"wp","href":"https:\/\/api.w.org\/{rel}","templated":true}]}}