{"id":3935,"date":"2025-07-05T11:57:28","date_gmt":"2025-07-05T15:57:28","guid":{"rendered":"https:\/\/guiaturisticodesinop.com.br\/?page_id=3935"},"modified":"2025-07-17T20:02:22","modified_gmt":"2025-07-18T00:02:22","slug":"padarias-cafeterias-e-confeitarias","status":"publish","type":"page","link":"https:\/\/guiaturisticodesinop.com.br\/?page_id=3935","title":{"rendered":"Padarias, Cafeterias e Confeitarias"},"content":{"rendered":"\n<p class=\"has-text-align-left has-black-color has-background-color-background-color has-text-color has-background has-medium-font-size\"><strong>Padaria La Matina<\/strong><\/p>\n\n\n\n<p class=\"has-black-color has-text-color\"><img decoding=\"async\" width=\"35\" height=\"35\" class=\"wp-image-466\" style=\"width: 35px;\" src=\"http:\/\/guiaturisticodesinop.com.br\/wp-content\/uploads\/2022\/12\/icone_telefone.png\" alt=\"\"> 66.2102-4292 | 66.9.9923-2737<\/p>\n\n\n\n<p class=\"has-black-color has-text-color\"><img decoding=\"async\" width=\"30\" height=\"31\" class=\"wp-image-100\" style=\"width: 30px;\" src=\"http:\/\/guiaturisticodesinop.com.br\/wp-content\/uploads\/2022\/12\/instagram-1.png\" alt=\"\" srcset=\"https:\/\/guiaturisticodesinop.com.br\/wp-content\/uploads\/2022\/12\/instagram-1.png 230w, https:\/\/guiaturisticodesinop.com.br\/wp-content\/uploads\/2022\/12\/instagram-1-150x150.png 150w\" sizes=\"(max-width: 30px) 100vw, 30px\" \/> <a href=\"https:\/\/www.instagram.com\/lamatinaoficial\/\" target=\"_blank\" rel=\"noreferrer noopener\">lamatinaoficial<\/a><\/p>\n\n\n\n<p class=\"has-black-color has-text-color\">Avenida dos Ingas, 2550 &#8211; Bairro: Setor Comercial &#8211; Cep: 78550-124<br>\nSinop-MT\n<\/p>\n\n\n\n<p class=\"has-text-align-left has-black-color has-background-color-background-color has-text-color has-background has-medium-font-size\"><strong>Panificadora Pim-P\u00e3o<\/strong><\/p>\n\n\n\n<p class=\"has-black-color has-text-color\"><img decoding=\"async\" width=\"35\" height=\"35\" class=\"wp-image-466\" style=\"width: 35px;\" src=\"http:\/\/guiaturisticodesinop.com.br\/wp-content\/uploads\/2022\/12\/icone_telefone.png\" alt=\"\"> 66.99975-0607<\/p>\n\n\n\n<p class=\"has-black-color has-text-color\"><img decoding=\"async\" width=\"30\" height=\"31\" class=\"wp-image-100\" style=\"width: 30px;\" src=\"http:\/\/guiaturisticodesinop.com.br\/wp-content\/uploads\/2022\/12\/instagram-1.png\" alt=\"\" srcset=\"https:\/\/guiaturisticodesinop.com.br\/wp-content\/uploads\/2022\/12\/instagram-1.png 230w, https:\/\/guiaturisticodesinop.com.br\/wp-content\/uploads\/2022\/12\/instagram-1-150x150.png 150w\" sizes=\"(max-width: 30px) 100vw, 30px\" \/> <a href=\"https:\/\/www.instagram.com\/pimpaosinop\/\" target=\"_blank\" rel=\"noreferrer noopener\">pimpaosinop<\/a><\/p>\n\n\n\n<p class=\"has-black-color has-text-color\">Av. Emba\u00fabas, 1043 &#8211; Bairro: Centro <br> Sinop-MT<\/p>\n\n\n\n<p class=\"has-text-align-left has-black-color has-background-color-background-color has-text-color has-background has-medium-font-size\"><strong>Ingred Lopes Boleria<\/strong><\/p>\n\n\n\n<p class=\"has-black-color has-text-color\"><img decoding=\"async\" width=\"35\" height=\"35\" class=\"wp-image-466\" style=\"width: 35px;\" src=\"http:\/\/guiaturisticodesinop.com.br\/wp-content\/uploads\/2022\/12\/icone_telefone.png\" alt=\"\"> 66.99242-9859<\/p>\n\n\n\n<p class=\"has-black-color has-text-color\"><img decoding=\"async\" width=\"30\" height=\"31\" class=\"wp-image-100\" style=\"width: 30px;\" src=\"http:\/\/guiaturisticodesinop.com.br\/wp-content\/uploads\/2022\/12\/instagram-1.png\" alt=\"\" srcset=\"https:\/\/guiaturisticodesinop.com.br\/wp-content\/uploads\/2022\/12\/instagram-1.png 230w, https:\/\/guiaturisticodesinop.com.br\/wp-content\/uploads\/2022\/12\/instagram-1-150x150.png 150w\" sizes=\"(max-width: 30px) 100vw, 30px\" \/> <a href=\"https:\/\/www.instagram.com\/ingridlopesboleria\/\" target=\"_blank\" rel=\"noreferrer noopener\">ingridlopesboleria<\/a><\/p>\n\n\n\n<p class=\"has-black-color has-text-color\">Av. Jos\u00e9 Teobaldo Anschau, 310 &#8211; Bairro: Jardim das Na\u00e7\u00f5es &#8211; Cep: 78556-422\n<br>\nSinop-MT\n<\/p>\n\n\n\n<p class=\"has-text-align-left has-black-color has-background-color-background-color has-text-color has-background has-medium-font-size\"><strong>Dona Zetti Confeitaria e Caf\u00e9<\/strong><\/p>\n\n\n\n<p class=\"has-black-color has-text-color\"><img decoding=\"async\" width=\"35\" height=\"35\" class=\"wp-image-466\" style=\"width: 35px;\" src=\"http:\/\/guiaturisticodesinop.com.br\/wp-content\/uploads\/2022\/12\/icone_telefone.png\" alt=\"\"> 66.3531-4588\u200b\u200b\u200b\u200b\u200b\u200b\u200b<\/p>\n\n\n\n<p class=\"has-black-color has-text-color\"><img decoding=\"async\" width=\"35\" height=\"35\" class=\"wp-image-450\" style=\"width: 35px;\" src=\"http:\/\/guiaturisticodesinop.com.br\/wp-content\/uploads\/2022\/12\/174879-2.png\" alt=\"\" srcset=\"https:\/\/guiaturisticodesinop.com.br\/wp-content\/uploads\/2022\/12\/174879-2.png 512w, https:\/\/guiaturisticodesinop.com.br\/wp-content\/uploads\/2022\/12\/174879-2-300x300.png 300w, https:\/\/guiaturisticodesinop.com.br\/wp-content\/uploads\/2022\/12\/174879-2-150x150.png 150w\" sizes=\"(max-width: 35px) 100vw, 35px\" \/> 66.99210-1151<\/p>\n\n\n\n<p class=\"has-black-color has-text-color\"><img decoding=\"async\" width=\"30\" height=\"31\" class=\"wp-image-100\" style=\"width: 30px;\" src=\"http:\/\/guiaturisticodesinop.com.br\/wp-content\/uploads\/2022\/12\/instagram-1.png\" alt=\"\" srcset=\"https:\/\/guiaturisticodesinop.com.br\/wp-content\/uploads\/2022\/12\/instagram-1.png 230w, https:\/\/guiaturisticodesinop.com.br\/wp-content\/uploads\/2022\/12\/instagram-1-150x150.png 150w\" sizes=\"(max-width: 30px) 100vw, 30px\" \/> <a href=\"https:\/\/www.instagram.com\/donazettisinop\/\" target=\"_blank\" rel=\"noreferrer noopener\">donazettisinop<\/a><\/p>\n\n\n\n<p class=\"has-black-color has-text-color\">Av. das Figueiras, 868 &#8211; Setor Comercial &#8211; Cep: 78550-328\n<br>\nSinop-MT\n<\/p>\n\n\n\n<hr style=\"width: 99.8%; height: 1px; text-align:center\" color=\"#A9A9A9\"\/><br>\n\n\n\n<center><img decoding=\"async\" src=\"http:\/\/guiaturisticodesinop.com.br\/orla_aquarela_brasil_sinop\/cadastur.png\" alt=\"Cadastur\" hspace=\"5\"><\/center>\n\n\n\n<br><p><center><strong>Consulte o portal do Cadastur \/ Minist\u00e9rio do Turismo:<\/strong> <a href=\"https:\/\/cadastur.turismo.gov.br\/hotsite\/\" target=\"_blank\" rel=\"noreferrer noopener\"><br><br>Clicar aqui<\/a><\/center><\/p><br>\n\n\n\n<p align=\"justify\" style=\"color: #000; font-size: 25px \">\n#Padarias #Sinop #Confeitarias #Cafeterias #Boleiras #Caf\u00e9 da manh\u00e3 #Bolos # Salgados #Tortas #Sobremesa #Gastronomia\n<\/p>\n","protected":false},"excerpt":{"rendered":"<p>Padaria La Matina 66.2102-4292 | 66.9.9923-2737 lamatinaoficial Avenida dos Ingas, 2550 &#8211; Bairro: Setor Comercial &#8211; Cep: 78550-124 Sinop-MT Panificadora Pim-P\u00e3o 66.99975-0607 pimpaosinop Av. Emba\u00fabas, 1043 &#8211; Bairro: Centro Sinop-MT Ingred Lopes Boleria 66.99242-9859 ingridlopesboleria Av. Jos\u00e9 Teobaldo Anschau, 310 &#8211; Bairro: Jardim das Na\u00e7\u00f5es &#8211; Cep: 78556-422 Sinop-MT Dona [&hellip;]<\/p>\n","protected":false},"author":1,"featured_media":3957,"parent":0,"menu_order":0,"comment_status":"closed","ping_status":"closed","template":"","meta":{"_themeisle_gutenberg_block_has_review":false,"footnotes":""},"class_list":["post-3935","page","type-page","status-publish","has-post-thumbnail","hentry"],"yoast_head":"<!-- This site is optimized with the Yoast SEO plugin v25.3.1 - https:\/\/yoast.com\/wordpress\/plugins\/seo\/ -->\n<title>Padarias, Cafeterias e Confeitarias - GUIA TUR\u00cdSTICO DE SINOP<\/title>\n<meta name=\"robots\" content=\"index, follow, max-snippet:-1, max-image-preview:large, max-video-preview:-1\" \/>\n<link rel=\"canonical\" href=\"http:\/\/guiaturisticodesinop.com.br\/?page_id=3935\" \/>\n<meta property=\"og:locale\" content=\"pt_BR\" \/>\n<meta property=\"og:type\" content=\"article\" \/>\n<meta property=\"og:title\" content=\"Padarias, Cafeterias e Confeitarias - GUIA TUR\u00cdSTICO DE SINOP\" \/>\n<meta property=\"og:description\" content=\"Padaria La Matina 66.2102-4292 | 66.9.9923-2737 lamatinaoficial Avenida dos Ingas, 2550 &#8211; Bairro: Setor Comercial &#8211; Cep: 78550-124 Sinop-MT Panificadora Pim-P\u00e3o 66.99975-0607 pimpaosinop Av. Emba\u00fabas, 1043 &#8211; Bairro: Centro Sinop-MT Ingred Lopes Boleria 66.99242-9859 ingridlopesboleria Av. Jos\u00e9 Teobaldo Anschau, 310 &#8211; Bairro: Jardim das Na\u00e7\u00f5es &#8211; Cep: 78556-422 Sinop-MT Dona [&hellip;]\" \/>\n<meta property=\"og:url\" content=\"http:\/\/guiaturisticodesinop.com.br\/?page_id=3935\" \/>\n<meta property=\"og:site_name\" content=\"GUIA TUR\u00cdSTICO DE SINOP\" \/>\n<meta property=\"article:publisher\" content=\"https:\/\/www.facebook.com\/people\/Guia-Turstico-de-Sinop\/100089015200279\/\" \/>\n<meta property=\"article:modified_time\" content=\"2025-07-18T00:02:22+00:00\" \/>\n<meta property=\"og:image\" content=\"http:\/\/guiaturisticodesinop.com.br\/wp-content\/uploads\/2025\/07\/padaria_sinop.jpg\" \/>\n\t<meta property=\"og:image:width\" content=\"1111\" \/>\n\t<meta property=\"og:image:height\" content=\"354\" \/>\n\t<meta property=\"og:image:type\" content=\"image\/jpeg\" \/>\n<meta name=\"twitter:card\" content=\"summary_large_image\" \/>\n<meta name=\"twitter:label1\" content=\"Est. tempo de leitura\" \/>\n\t<meta name=\"twitter:data1\" content=\"3 minutos\" \/>\n<script type=\"application\/ld+json\" class=\"yoast-schema-graph\">{\"@context\":\"https:\/\/schema.org\",\"@graph\":[{\"@type\":\"WebPage\",\"@id\":\"http:\/\/guiaturisticodesinop.com.br\/?page_id=3935\",\"url\":\"http:\/\/guiaturisticodesinop.com.br\/?page_id=3935\",\"name\":\"Padarias, Cafeterias e Confeitarias - GUIA TUR\u00cdSTICO DE SINOP\",\"isPartOf\":{\"@id\":\"https:\/\/guiaturisticodesinop.com.br\/#website\"},\"primaryImageOfPage\":{\"@id\":\"http:\/\/guiaturisticodesinop.com.br\/?page_id=3935#primaryimage\"},\"image\":{\"@id\":\"http:\/\/guiaturisticodesinop.com.br\/?page_id=3935#primaryimage\"},\"thumbnailUrl\":\"https:\/\/guiaturisticodesinop.com.br\/wp-content\/uploads\/2025\/07\/padaria_sinop.jpg\",\"datePublished\":\"2025-07-05T15:57:28+00:00\",\"dateModified\":\"2025-07-18T00:02:22+00:00\",\"breadcrumb\":{\"@id\":\"http:\/\/guiaturisticodesinop.com.br\/?page_id=3935#breadcrumb\"},\"inLanguage\":\"pt-BR\",\"potentialAction\":[{\"@type\":\"ReadAction\",\"target\":[\"http:\/\/guiaturisticodesinop.com.br\/?page_id=3935\"]}]},{\"@type\":\"ImageObject\",\"inLanguage\":\"pt-BR\",\"@id\":\"http:\/\/guiaturisticodesinop.com.br\/?page_id=3935#primaryimage\",\"url\":\"https:\/\/guiaturisticodesinop.com.br\/wp-content\/uploads\/2025\/07\/padaria_sinop.jpg\",\"contentUrl\":\"https:\/\/guiaturisticodesinop.com.br\/wp-content\/uploads\/2025\/07\/padaria_sinop.jpg\",\"width\":1111,\"height\":354},{\"@type\":\"BreadcrumbList\",\"@id\":\"http:\/\/guiaturisticodesinop.com.br\/?page_id=3935#breadcrumb\",\"itemListElement\":[{\"@type\":\"ListItem\",\"position\":1,\"name\":\"In\u00edcio\",\"item\":\"https:\/\/guiaturisticodesinop.com.br\/\"},{\"@type\":\"ListItem\",\"position\":2,\"name\":\"Padarias, Cafeterias e Confeitarias\"}]},{\"@type\":\"WebSite\",\"@id\":\"https:\/\/guiaturisticodesinop.com.br\/#website\",\"url\":\"https:\/\/guiaturisticodesinop.com.br\/\",\"name\":\"GUIA TUR\u00cdSTICO DE SINOP\",\"description\":\"A vitrine on-line do turismo em Sinop para o mundo!\",\"publisher\":{\"@id\":\"https:\/\/guiaturisticodesinop.com.br\/#organization\"},\"potentialAction\":[{\"@type\":\"SearchAction\",\"target\":{\"@type\":\"EntryPoint\",\"urlTemplate\":\"https:\/\/guiaturisticodesinop.com.br\/?s={search_term_string}\"},\"query-input\":{\"@type\":\"PropertyValueSpecification\",\"valueRequired\":true,\"valueName\":\"search_term_string\"}}],\"inLanguage\":\"pt-BR\"},{\"@type\":\"Organization\",\"@id\":\"https:\/\/guiaturisticodesinop.com.br\/#organization\",\"name\":\"GUIA TUR\u00cdSTICO DE SINOP\",\"url\":\"https:\/\/guiaturisticodesinop.com.br\/\",\"logo\":{\"@type\":\"ImageObject\",\"inLanguage\":\"pt-BR\",\"@id\":\"https:\/\/guiaturisticodesinop.com.br\/#\/schema\/logo\/image\/\",\"url\":\"https:\/\/guiaturisticodesinop.com.br\/wp-content\/uploads\/2023\/02\/logo_marca_guia_turistico_de_sinop.png\",\"contentUrl\":\"https:\/\/guiaturisticodesinop.com.br\/wp-content\/uploads\/2023\/02\/logo_marca_guia_turistico_de_sinop.png\",\"width\":250,\"height\":149,\"caption\":\"GUIA TUR\u00cdSTICO DE SINOP\"},\"image\":{\"@id\":\"https:\/\/guiaturisticodesinop.com.br\/#\/schema\/logo\/image\/\"},\"sameAs\":[\"https:\/\/www.facebook.com\/people\/Guia-Turstico-de-Sinop\/100089015200279\/\",\"https:\/\/www.instagram.com\/guiaturisticodesinop\"]}]}<\/script>\n<!-- \/ Yoast SEO plugin. -->","yoast_head_json":{"title":"Padarias, Cafeterias e Confeitarias - GUIA TUR\u00cdSTICO DE SINOP","robots":{"index":"index","follow":"follow","max-snippet":"max-snippet:-1","max-image-preview":"max-image-preview:large","max-video-preview":"max-video-preview:-1"},"canonical":"http:\/\/guiaturisticodesinop.com.br\/?page_id=3935","og_locale":"pt_BR","og_type":"article","og_title":"Padarias, Cafeterias e Confeitarias - GUIA TUR\u00cdSTICO DE SINOP","og_description":"Padaria La Matina 66.2102-4292 | 66.9.9923-2737 lamatinaoficial Avenida dos Ingas, 2550 &#8211; Bairro: Setor Comercial &#8211; Cep: 78550-124 Sinop-MT Panificadora Pim-P\u00e3o 66.99975-0607 pimpaosinop Av. Emba\u00fabas, 1043 &#8211; Bairro: Centro Sinop-MT Ingred Lopes Boleria 66.99242-9859 ingridlopesboleria Av. Jos\u00e9 Teobaldo Anschau, 310 &#8211; Bairro: Jardim das Na\u00e7\u00f5es &#8211; Cep: 78556-422 Sinop-MT Dona [&hellip;]","og_url":"http:\/\/guiaturisticodesinop.com.br\/?page_id=3935","og_site_name":"GUIA TUR\u00cdSTICO DE SINOP","article_publisher":"https:\/\/www.facebook.com\/people\/Guia-Turstico-de-Sinop\/100089015200279\/","article_modified_time":"2025-07-18T00:02:22+00:00","og_image":[{"width":1111,"height":354,"url":"http:\/\/guiaturisticodesinop.com.br\/wp-content\/uploads\/2025\/07\/padaria_sinop.jpg","type":"image\/jpeg"}],"twitter_card":"summary_large_image","twitter_misc":{"Est. tempo de leitura":"3 minutos"},"schema":{"@context":"https:\/\/schema.org","@graph":[{"@type":"WebPage","@id":"http:\/\/guiaturisticodesinop.com.br\/?page_id=3935","url":"http:\/\/guiaturisticodesinop.com.br\/?page_id=3935","name":"Padarias, Cafeterias e Confeitarias - GUIA TUR\u00cdSTICO DE SINOP","isPartOf":{"@id":"https:\/\/guiaturisticodesinop.com.br\/#website"},"primaryImageOfPage":{"@id":"http:\/\/guiaturisticodesinop.com.br\/?page_id=3935#primaryimage"},"image":{"@id":"http:\/\/guiaturisticodesinop.com.br\/?page_id=3935#primaryimage"},"thumbnailUrl":"https:\/\/guiaturisticodesinop.com.br\/wp-content\/uploads\/2025\/07\/padaria_sinop.jpg","datePublished":"2025-07-05T15:57:28+00:00","dateModified":"2025-07-18T00:02:22+00:00","breadcrumb":{"@id":"http:\/\/guiaturisticodesinop.com.br\/?page_id=3935#breadcrumb"},"inLanguage":"pt-BR","potentialAction":[{"@type":"ReadAction","target":["http:\/\/guiaturisticodesinop.com.br\/?page_id=3935"]}]},{"@type":"ImageObject","inLanguage":"pt-BR","@id":"http:\/\/guiaturisticodesinop.com.br\/?page_id=3935#primaryimage","url":"https:\/\/guiaturisticodesinop.com.br\/wp-content\/uploads\/2025\/07\/padaria_sinop.jpg","contentUrl":"https:\/\/guiaturisticodesinop.com.br\/wp-content\/uploads\/2025\/07\/padaria_sinop.jpg","width":1111,"height":354},{"@type":"BreadcrumbList","@id":"http:\/\/guiaturisticodesinop.com.br\/?page_id=3935#breadcrumb","itemListElement":[{"@type":"ListItem","position":1,"name":"In\u00edcio","item":"https:\/\/guiaturisticodesinop.com.br\/"},{"@type":"ListItem","position":2,"name":"Padarias, Cafeterias e Confeitarias"}]},{"@type":"WebSite","@id":"https:\/\/guiaturisticodesinop.com.br\/#website","url":"https:\/\/guiaturisticodesinop.com.br\/","name":"GUIA TUR\u00cdSTICO DE SINOP","description":"A vitrine on-line do turismo em Sinop para o mundo!","publisher":{"@id":"https:\/\/guiaturisticodesinop.com.br\/#organization"},"potentialAction":[{"@type":"SearchAction","target":{"@type":"EntryPoint","urlTemplate":"https:\/\/guiaturisticodesinop.com.br\/?s={search_term_string}"},"query-input":{"@type":"PropertyValueSpecification","valueRequired":true,"valueName":"search_term_string"}}],"inLanguage":"pt-BR"},{"@type":"Organization","@id":"https:\/\/guiaturisticodesinop.com.br\/#organization","name":"GUIA TUR\u00cdSTICO DE SINOP","url":"https:\/\/guiaturisticodesinop.com.br\/","logo":{"@type":"ImageObject","inLanguage":"pt-BR","@id":"https:\/\/guiaturisticodesinop.com.br\/#\/schema\/logo\/image\/","url":"https:\/\/guiaturisticodesinop.com.br\/wp-content\/uploads\/2023\/02\/logo_marca_guia_turistico_de_sinop.png","contentUrl":"https:\/\/guiaturisticodesinop.com.br\/wp-content\/uploads\/2023\/02\/logo_marca_guia_turistico_de_sinop.png","width":250,"height":149,"caption":"GUIA TUR\u00cdSTICO DE SINOP"},"image":{"@id":"https:\/\/guiaturisticodesinop.com.br\/#\/schema\/logo\/image\/"},"sameAs":["https:\/\/www.facebook.com\/people\/Guia-Turstico-de-Sinop\/100089015200279\/","https:\/\/www.instagram.com\/guiaturisticodesinop"]}]}},"_links":{"self":[{"href":"https:\/\/guiaturisticodesinop.com.br\/index.php?rest_route=\/wp\/v2\/pages\/3935","targetHints":{"allow":["GET"]}}],"collection":[{"href":"https:\/\/guiaturisticodesinop.com.br\/index.php?rest_route=\/wp\/v2\/pages"}],"about":[{"href":"https:\/\/guiaturisticodesinop.com.br\/index.php?rest_route=\/wp\/v2\/types\/page"}],"author":[{"embeddable":true,"href":"https:\/\/guiaturisticodesinop.com.br\/index.php?rest_route=\/wp\/v2\/users\/1"}],"replies":[{"embeddable":true,"href":"https:\/\/guiaturisticodesinop.com.br\/index.php?rest_route=%2Fwp%2Fv2%2Fcomments&post=3935"}],"version-history":[{"count":11,"href":"https:\/\/guiaturisticodesinop.com.br\/index.php?rest_route=\/wp\/v2\/pages\/3935\/revisions"}],"predecessor-version":[{"id":4091,"href":"https:\/\/guiaturisticodesinop.com.br\/index.php?rest_route=\/wp\/v2\/pages\/3935\/revisions\/4091"}],"wp:featuredmedia":[{"embeddable":true,"href":"https:\/\/guiaturisticodesinop.com.br\/index.php?rest_route=\/wp\/v2\/media\/3957"}],"wp:attachment":[{"href":"https:\/\/guiaturisticodesinop.com.br\/index.php?rest_route=%2Fwp%2Fv2%2Fmedia&parent=3935"}],"curies":[{"name":"wp","href":"https:\/\/api.w.org\/{rel}","templated":true}]}}