{"id":3777,"date":"2025-07-01T18:40:09","date_gmt":"2025-07-01T22:40:09","guid":{"rendered":"https:\/\/guiaturisticodesinop.com.br\/?page_id=3777"},"modified":"2025-07-09T14:36:07","modified_gmt":"2025-07-09T18:36:07","slug":"iate-clube-teles-pires","status":"publish","type":"page","link":"https:\/\/guiaturisticodesinop.com.br\/?page_id=3777","title":{"rendered":"Iate Clube Teles Pires"},"content":{"rendered":"\n<p align=\"justify\" style=\"color: #000; font-size: 25px \">\n\n<img fetchpriority=\"high\" decoding=\"async\" src=\"http:\/\/guiaturisticodesinop.com.br\/wp-content\/uploads\/2025\/07\/logo.png\" alt=\"Iate Clube Teles Pires\" height=\"273\" width=\"228\" align=\"left\" hspace=\"20\">\n\nO <b>Iate Clube Teles Pires<\/b> representa um marco para a consolida\u00e7\u00e3o e inser\u00e7\u00e3o definitiva de Sinop no cen\u00e1rio do turismo nacional e internacional. \n<br>\nImportante empreendimento tur\u00edstico concebido para proporcionar lazer aos usu\u00e1rios, o Iate Clube \u00e9 parte integrante do complexo n\u00e1utico, de lazer e residencial <b>O\u00e1sis da Amaz\u00f4nia<\/b> que, em breve contar\u00e1 com um condom\u00ednio praia de alto padr\u00e3o denominado Uatum\u00e3 e com um empreendimento hoteleiro com conceito de resort de bandeira  internacional da rede Wyndham (previsto para ser inaugurado no final de 2028). \n<br>\nLocalizado na extens\u00e3o do lago artificial da Usina Hidroel\u00e9trica Sinop entre os munic\u00edpios de Cl\u00e1udia e Sinop, o Iate Clube est\u00e1 harmoniosamente estabelecido em um ecossistema que representa um verdadeiro o\u00e1sis contemplado por uma fauna e flora exuberante, existente apenas no bioma amaz\u00f4nico.  \n<br><br>\n<b>Estrutura<\/b>\n<br><br>\n&#8211; Praia privativa\n<br>\n&#8211; Pesca esportiva\n<br>\n&#8211; Espa\u00e7o gourmet\n<br>\n&#8211; Passeios de lancha\n<br>\n&#8211; Marina privativa\n<br>\n&#8211; Espa\u00e7o de conviv\u00eancia premium\n<br>\n&#8211; Esportes n\u00e1uticos\n<\/p>\n\n\n\n<div id=\"metaslider-id-3811\" style=\"width: 100%;\" class=\"ml-slider-3-99-0 metaslider metaslider-flex metaslider-3811 ml-slider ms-theme-bubble has-dots-nav\" role=\"region\" aria-label=\"Iate Clube Teles Pires\" data-width=\"746\">\n    <div id=\"metaslider_container_3811\">\n        <div id=\"metaslider_3811\">\n            <ul class='slides'>\n                <li style=\"display: block; width: 100%;\" class=\"slide-3816 ms-image \" aria-roledescription=\"slide\" data-date=\"2025-07-01 23:29:19\"><img decoding=\"async\" src=\"https:\/\/guiaturisticodesinop.com.br\/wp-content\/uploads\/2025\/07\/iate_clube_teles_pires_foto.jpg\" height=\"420\" width=\"746\" alt=\"\" class=\"slider-3811 slide-3816 msDefaultImage\" title=\"iate_clube_teles_pires_foto\" \/><\/li>\n                <li style=\"display: none; width: 100%;\" class=\"slide-3817 ms-image \" aria-roledescription=\"slide\" data-date=\"2025-07-01 23:29:19\"><img decoding=\"async\" src=\"https:\/\/guiaturisticodesinop.com.br\/wp-content\/uploads\/2025\/07\/iate_clube_teles_pires_foto1.jpg\" height=\"420\" width=\"746\" alt=\"\" class=\"slider-3811 slide-3817 msDefaultImage\" title=\"iate_clube_teles_pires_foto1\" \/><\/li>\n                <li style=\"display: none; width: 100%;\" class=\"slide-3818 ms-image \" aria-roledescription=\"slide\" data-date=\"2025-07-01 23:29:20\"><img loading=\"lazy\" decoding=\"async\" src=\"https:\/\/guiaturisticodesinop.com.br\/wp-content\/uploads\/2025\/07\/iate_clube_teles_pires_foto2.jpg\" height=\"420\" width=\"746\" alt=\"\" class=\"slider-3811 slide-3818 msDefaultImage\" title=\"iate_clube_teles_pires_foto2\" \/><\/li>\n                <li style=\"display: none; width: 100%;\" class=\"slide-3819 ms-image \" aria-roledescription=\"slide\" data-date=\"2025-07-01 23:29:20\"><img loading=\"lazy\" decoding=\"async\" src=\"https:\/\/guiaturisticodesinop.com.br\/wp-content\/uploads\/2025\/07\/iate_clube_teles_pires_foto3.jpg\" height=\"420\" width=\"746\" alt=\"\" class=\"slider-3811 slide-3819 msDefaultImage\" title=\"iate_clube_teles_pires_foto3\" \/><\/li>\n            <\/ul>\n        <\/div>\n        \n    <\/div>\n<\/div>\n\n\n\n<br><p class=\"has-text-align-left\"><strong>Iate Clube Teles Pires | Oasis da Amaz\u00f4nia<\/strong>\n<br><br>\n<b><i>Onde fica<\/i><\/b>: Estrada Loanda &#8211; Cep: 78.540-000\n<br>\nClaudia\/MT\n<br><br>\n\n<b>Departamento Comercial<\/b>\n<br><br>\n<img loading=\"lazy\" decoding=\"async\" width=\"35\" height=\"35\" class=\"wp-image-450\" style=\"width: 35px;\" src=\"http:\/\/guiaturisticodesinop.com.br\/wp-content\/uploads\/2022\/12\/174879-2.png\" alt=\"\" srcset=\"https:\/\/guiaturisticodesinop.com.br\/wp-content\/uploads\/2022\/12\/174879-2.png 512w, https:\/\/guiaturisticodesinop.com.br\/wp-content\/uploads\/2022\/12\/174879-2-300x300.png 300w, https:\/\/guiaturisticodesinop.com.br\/wp-content\/uploads\/2022\/12\/174879-2-150x150.png 150w\" sizes=\"(max-width: 35px) 100vw, 35px\" \/> 66.99221-3510\n<br>\n<img loading=\"lazy\" decoding=\"async\" width=\"35\" height=\"34\" class=\"wp-image-447\" style=\"width: 35px;\" src=\"http:\/\/guiaturisticodesinop.com.br\/wp-content\/uploads\/2022\/12\/instagram-2.png\" alt=\"\"> <a rel=\"noreferrer noopener\" href=\"https:\/\/www.instagram.com\/oasisdaamazonia\/\" target=\"_blank\">Oasis da Amaz\u00f4nia<\/a>\n<br>\n<img decoding=\"async\" class=\"wp-image-447\" style=\"width: 55px;\" src=\"http:\/\/guiaturisticodesinop.com.br\/familia_masiero_emporio\/www.familiamasiero.com.br.png\" alt=\"Iate Clube Teles Pires \/ Oasis da Amaz\u00f4nia\"> <a rel=\"noreferrer noopener\" href=\"https:\/\/oasisdaamazonia.com\/\" target=\"_blank\">Oasis da Amaz\u00f4nia<\/a>\n<br>\n\nAv. das Figueiras, 1622 &#8211; Centro\n<br>\nSinop\/MT\n<br>\n<\/p>\n\n\n\n<hr style=\"width: 99.8%; height: 1px; text-align:center\" color=\"#A9A9A9\"\/><br>\n\n\n\n<center><img decoding=\"async\" src=\"http:\/\/guiaturisticodesinop.com.br\/orla_aquarela_brasil_sinop\/cadastur.png\" alt=\"Cadastur\" hspace=\"5\"><\/center>\n\n\n\n<br><p><center><strong>Consulte o portal do Cadastur \/ Minist\u00e9rio do Turismo:<\/strong> <a href=\"https:\/\/cadastur.turismo.gov.br\/hotsite\/\" target=\"_blank\" rel=\"noreferrer noopener\"><br><br>Clicar aqui<\/a><\/center><\/p><br>\n\n\n\n<p align=\"justify\" style=\"color: #000; font-size: 25px \">\n#Iate Clube Teles Pires #Sinop #Praia de \u00e1gua doce #Lazer #Turismo n\u00e1utico #Oasis da Amaz\u00f4nia #Marina privativa #Pesca esportiva #Condominio praia Uatum\u00e3 #Resort #Wyndham #Passeio em Sinop #Day Use\n<\/p>\n","protected":false},"excerpt":{"rendered":"<p>O Iate Clube Teles Pires representa um marco para a consolida\u00e7\u00e3o e inser\u00e7\u00e3o definitiva de Sinop no cen\u00e1rio do turismo nacional e internacional. Importante empreendimento tur\u00edstico concebido para proporcionar lazer aos usu\u00e1rios, o Iate Clube \u00e9 parte integrante do complexo n\u00e1utico, de lazer e residencial O\u00e1sis da Amaz\u00f4nia que, em [&hellip;]<\/p>\n","protected":false},"author":1,"featured_media":2407,"parent":0,"menu_order":0,"comment_status":"closed","ping_status":"closed","template":"","meta":{"_themeisle_gutenberg_block_has_review":false,"footnotes":""},"class_list":["post-3777","page","type-page","status-publish","has-post-thumbnail","hentry"],"yoast_head":"<!-- This site is optimized with the Yoast SEO plugin v25.3.1 - https:\/\/yoast.com\/wordpress\/plugins\/seo\/ -->\n<title>Iate Clube Teles Pires | Oasis da Amaz\u00f4nia | Sinop-MT<\/title>\n<meta name=\"description\" content=\"#Iate Clube Teles Pires #Sinop #Praia de \u00e1gua doce #Lazer #Turismo n\u00e1utico #Oasis da Amaz\u00f4nia #Marina privativa #Pesca esportiva #Condominio praia Uatum\u00e3 #Resort #Wyndham #Passeio em Sinop #Day Use\" \/>\n<meta name=\"robots\" content=\"index, follow, max-snippet:-1, max-image-preview:large, max-video-preview:-1\" \/>\n<link rel=\"canonical\" href=\"https:\/\/guiaturisticodesinop.com.br\/?page_id=3777\" \/>\n<meta property=\"og:locale\" content=\"pt_BR\" \/>\n<meta property=\"og:type\" content=\"article\" \/>\n<meta property=\"og:title\" content=\"Iate Clube Teles Pires | Oasis da Amaz\u00f4nia | Sinop-MT\" \/>\n<meta property=\"og:description\" content=\"#Iate Clube Teles Pires #Sinop #Praia de \u00e1gua doce #Lazer #Turismo n\u00e1utico #Oasis da Amaz\u00f4nia #Marina privativa #Pesca esportiva #Condominio praia Uatum\u00e3 #Resort #Wyndham #Passeio em Sinop #Day Use\" \/>\n<meta property=\"og:url\" content=\"https:\/\/guiaturisticodesinop.com.br\/?page_id=3777\" \/>\n<meta property=\"og:site_name\" content=\"GUIA TUR\u00cdSTICO DE SINOP\" \/>\n<meta property=\"article:publisher\" content=\"https:\/\/www.facebook.com\/people\/Guia-Turstico-de-Sinop\/100089015200279\/\" \/>\n<meta property=\"article:modified_time\" content=\"2025-07-09T18:36:07+00:00\" \/>\n<meta property=\"og:image\" content=\"https:\/\/guiaturisticodesinop.com.br\/wp-content\/uploads\/2023\/02\/27-mapa-7.png\" \/>\n\t<meta property=\"og:image:width\" content=\"1111\" \/>\n\t<meta property=\"og:image:height\" content=\"354\" \/>\n\t<meta property=\"og:image:type\" content=\"image\/png\" \/>\n<meta name=\"twitter:card\" content=\"summary_large_image\" \/>\n<meta name=\"twitter:label1\" content=\"Est. tempo de leitura\" \/>\n\t<meta name=\"twitter:data1\" content=\"3 minutos\" \/>\n<script type=\"application\/ld+json\" class=\"yoast-schema-graph\">{\"@context\":\"https:\/\/schema.org\",\"@graph\":[{\"@type\":\"WebPage\",\"@id\":\"https:\/\/guiaturisticodesinop.com.br\/?page_id=3777\",\"url\":\"https:\/\/guiaturisticodesinop.com.br\/?page_id=3777\",\"name\":\"Iate Clube Teles Pires | Oasis da Amaz\u00f4nia | Sinop-MT\",\"isPartOf\":{\"@id\":\"https:\/\/guiaturisticodesinop.com.br\/#website\"},\"primaryImageOfPage\":{\"@id\":\"https:\/\/guiaturisticodesinop.com.br\/?page_id=3777#primaryimage\"},\"image\":{\"@id\":\"https:\/\/guiaturisticodesinop.com.br\/?page_id=3777#primaryimage\"},\"thumbnailUrl\":\"https:\/\/guiaturisticodesinop.com.br\/wp-content\/uploads\/2023\/02\/27-mapa-7.png\",\"datePublished\":\"2025-07-01T22:40:09+00:00\",\"dateModified\":\"2025-07-09T18:36:07+00:00\",\"description\":\"#Iate Clube Teles Pires #Sinop #Praia de \u00e1gua doce #Lazer #Turismo n\u00e1utico #Oasis da Amaz\u00f4nia #Marina privativa #Pesca esportiva #Condominio praia Uatum\u00e3 #Resort #Wyndham #Passeio em Sinop #Day Use\",\"breadcrumb\":{\"@id\":\"https:\/\/guiaturisticodesinop.com.br\/?page_id=3777#breadcrumb\"},\"inLanguage\":\"pt-BR\",\"potentialAction\":[{\"@type\":\"ReadAction\",\"target\":[\"https:\/\/guiaturisticodesinop.com.br\/?page_id=3777\"]}]},{\"@type\":\"ImageObject\",\"inLanguage\":\"pt-BR\",\"@id\":\"https:\/\/guiaturisticodesinop.com.br\/?page_id=3777#primaryimage\",\"url\":\"https:\/\/guiaturisticodesinop.com.br\/wp-content\/uploads\/2023\/02\/27-mapa-7.png\",\"contentUrl\":\"https:\/\/guiaturisticodesinop.com.br\/wp-content\/uploads\/2023\/02\/27-mapa-7.png\",\"width\":1111,\"height\":354,\"caption\":\"#Pra\u00e7a Jardim Curitiba II #Sinop #Brinquedos para crian\u00e7as #Lazer #Academia ao livre #Quadras esportiva #Pergolado #Banheiro p\u00fablico #Obra de arte #F\u00e1bio Gomes Trindade\"},{\"@type\":\"BreadcrumbList\",\"@id\":\"https:\/\/guiaturisticodesinop.com.br\/?page_id=3777#breadcrumb\",\"itemListElement\":[{\"@type\":\"ListItem\",\"position\":1,\"name\":\"In\u00edcio\",\"item\":\"https:\/\/guiaturisticodesinop.com.br\/\"},{\"@type\":\"ListItem\",\"position\":2,\"name\":\"Iate Clube Teles Pires\"}]},{\"@type\":\"WebSite\",\"@id\":\"https:\/\/guiaturisticodesinop.com.br\/#website\",\"url\":\"https:\/\/guiaturisticodesinop.com.br\/\",\"name\":\"GUIA TUR\u00cdSTICO DE SINOP\",\"description\":\"A vitrine on-line do turismo em Sinop para o mundo!\",\"publisher\":{\"@id\":\"https:\/\/guiaturisticodesinop.com.br\/#organization\"},\"potentialAction\":[{\"@type\":\"SearchAction\",\"target\":{\"@type\":\"EntryPoint\",\"urlTemplate\":\"https:\/\/guiaturisticodesinop.com.br\/?s={search_term_string}\"},\"query-input\":{\"@type\":\"PropertyValueSpecification\",\"valueRequired\":true,\"valueName\":\"search_term_string\"}}],\"inLanguage\":\"pt-BR\"},{\"@type\":\"Organization\",\"@id\":\"https:\/\/guiaturisticodesinop.com.br\/#organization\",\"name\":\"GUIA TUR\u00cdSTICO DE SINOP\",\"url\":\"https:\/\/guiaturisticodesinop.com.br\/\",\"logo\":{\"@type\":\"ImageObject\",\"inLanguage\":\"pt-BR\",\"@id\":\"https:\/\/guiaturisticodesinop.com.br\/#\/schema\/logo\/image\/\",\"url\":\"https:\/\/guiaturisticodesinop.com.br\/wp-content\/uploads\/2023\/02\/logo_marca_guia_turistico_de_sinop.png\",\"contentUrl\":\"https:\/\/guiaturisticodesinop.com.br\/wp-content\/uploads\/2023\/02\/logo_marca_guia_turistico_de_sinop.png\",\"width\":250,\"height\":149,\"caption\":\"GUIA TUR\u00cdSTICO DE SINOP\"},\"image\":{\"@id\":\"https:\/\/guiaturisticodesinop.com.br\/#\/schema\/logo\/image\/\"},\"sameAs\":[\"https:\/\/www.facebook.com\/people\/Guia-Turstico-de-Sinop\/100089015200279\/\",\"https:\/\/www.instagram.com\/guiaturisticodesinop\"]}]}<\/script>\n<!-- \/ Yoast SEO plugin. -->","yoast_head_json":{"title":"Iate Clube Teles Pires | Oasis da Amaz\u00f4nia | Sinop-MT","description":"#Iate Clube Teles Pires #Sinop #Praia de \u00e1gua doce #Lazer #Turismo n\u00e1utico #Oasis da Amaz\u00f4nia #Marina privativa #Pesca esportiva #Condominio praia Uatum\u00e3 #Resort #Wyndham #Passeio em Sinop #Day Use","robots":{"index":"index","follow":"follow","max-snippet":"max-snippet:-1","max-image-preview":"max-image-preview:large","max-video-preview":"max-video-preview:-1"},"canonical":"https:\/\/guiaturisticodesinop.com.br\/?page_id=3777","og_locale":"pt_BR","og_type":"article","og_title":"Iate Clube Teles Pires | Oasis da Amaz\u00f4nia | Sinop-MT","og_description":"#Iate Clube Teles Pires #Sinop #Praia de \u00e1gua doce #Lazer #Turismo n\u00e1utico #Oasis da Amaz\u00f4nia #Marina privativa #Pesca esportiva #Condominio praia Uatum\u00e3 #Resort #Wyndham #Passeio em Sinop #Day Use","og_url":"https:\/\/guiaturisticodesinop.com.br\/?page_id=3777","og_site_name":"GUIA TUR\u00cdSTICO DE SINOP","article_publisher":"https:\/\/www.facebook.com\/people\/Guia-Turstico-de-Sinop\/100089015200279\/","article_modified_time":"2025-07-09T18:36:07+00:00","og_image":[{"width":1111,"height":354,"url":"https:\/\/guiaturisticodesinop.com.br\/wp-content\/uploads\/2023\/02\/27-mapa-7.png","type":"image\/png"}],"twitter_card":"summary_large_image","twitter_misc":{"Est. tempo de leitura":"3 minutos"},"schema":{"@context":"https:\/\/schema.org","@graph":[{"@type":"WebPage","@id":"https:\/\/guiaturisticodesinop.com.br\/?page_id=3777","url":"https:\/\/guiaturisticodesinop.com.br\/?page_id=3777","name":"Iate Clube Teles Pires | Oasis da Amaz\u00f4nia | Sinop-MT","isPartOf":{"@id":"https:\/\/guiaturisticodesinop.com.br\/#website"},"primaryImageOfPage":{"@id":"https:\/\/guiaturisticodesinop.com.br\/?page_id=3777#primaryimage"},"image":{"@id":"https:\/\/guiaturisticodesinop.com.br\/?page_id=3777#primaryimage"},"thumbnailUrl":"https:\/\/guiaturisticodesinop.com.br\/wp-content\/uploads\/2023\/02\/27-mapa-7.png","datePublished":"2025-07-01T22:40:09+00:00","dateModified":"2025-07-09T18:36:07+00:00","description":"#Iate Clube Teles Pires #Sinop #Praia de \u00e1gua doce #Lazer #Turismo n\u00e1utico #Oasis da Amaz\u00f4nia #Marina privativa #Pesca esportiva #Condominio praia Uatum\u00e3 #Resort #Wyndham #Passeio em Sinop #Day Use","breadcrumb":{"@id":"https:\/\/guiaturisticodesinop.com.br\/?page_id=3777#breadcrumb"},"inLanguage":"pt-BR","potentialAction":[{"@type":"ReadAction","target":["https:\/\/guiaturisticodesinop.com.br\/?page_id=3777"]}]},{"@type":"ImageObject","inLanguage":"pt-BR","@id":"https:\/\/guiaturisticodesinop.com.br\/?page_id=3777#primaryimage","url":"https:\/\/guiaturisticodesinop.com.br\/wp-content\/uploads\/2023\/02\/27-mapa-7.png","contentUrl":"https:\/\/guiaturisticodesinop.com.br\/wp-content\/uploads\/2023\/02\/27-mapa-7.png","width":1111,"height":354,"caption":"#Pra\u00e7a Jardim Curitiba II #Sinop #Brinquedos para crian\u00e7as #Lazer #Academia ao livre #Quadras esportiva #Pergolado #Banheiro p\u00fablico #Obra de arte #F\u00e1bio Gomes Trindade"},{"@type":"BreadcrumbList","@id":"https:\/\/guiaturisticodesinop.com.br\/?page_id=3777#breadcrumb","itemListElement":[{"@type":"ListItem","position":1,"name":"In\u00edcio","item":"https:\/\/guiaturisticodesinop.com.br\/"},{"@type":"ListItem","position":2,"name":"Iate Clube Teles Pires"}]},{"@type":"WebSite","@id":"https:\/\/guiaturisticodesinop.com.br\/#website","url":"https:\/\/guiaturisticodesinop.com.br\/","name":"GUIA TUR\u00cdSTICO DE SINOP","description":"A vitrine on-line do turismo em Sinop para o mundo!","publisher":{"@id":"https:\/\/guiaturisticodesinop.com.br\/#organization"},"potentialAction":[{"@type":"SearchAction","target":{"@type":"EntryPoint","urlTemplate":"https:\/\/guiaturisticodesinop.com.br\/?s={search_term_string}"},"query-input":{"@type":"PropertyValueSpecification","valueRequired":true,"valueName":"search_term_string"}}],"inLanguage":"pt-BR"},{"@type":"Organization","@id":"https:\/\/guiaturisticodesinop.com.br\/#organization","name":"GUIA TUR\u00cdSTICO DE SINOP","url":"https:\/\/guiaturisticodesinop.com.br\/","logo":{"@type":"ImageObject","inLanguage":"pt-BR","@id":"https:\/\/guiaturisticodesinop.com.br\/#\/schema\/logo\/image\/","url":"https:\/\/guiaturisticodesinop.com.br\/wp-content\/uploads\/2023\/02\/logo_marca_guia_turistico_de_sinop.png","contentUrl":"https:\/\/guiaturisticodesinop.com.br\/wp-content\/uploads\/2023\/02\/logo_marca_guia_turistico_de_sinop.png","width":250,"height":149,"caption":"GUIA TUR\u00cdSTICO DE SINOP"},"image":{"@id":"https:\/\/guiaturisticodesinop.com.br\/#\/schema\/logo\/image\/"},"sameAs":["https:\/\/www.facebook.com\/people\/Guia-Turstico-de-Sinop\/100089015200279\/","https:\/\/www.instagram.com\/guiaturisticodesinop"]}]}},"_links":{"self":[{"href":"https:\/\/guiaturisticodesinop.com.br\/index.php?rest_route=\/wp\/v2\/pages\/3777","targetHints":{"allow":["GET"]}}],"collection":[{"href":"https:\/\/guiaturisticodesinop.com.br\/index.php?rest_route=\/wp\/v2\/pages"}],"about":[{"href":"https:\/\/guiaturisticodesinop.com.br\/index.php?rest_route=\/wp\/v2\/types\/page"}],"author":[{"embeddable":true,"href":"https:\/\/guiaturisticodesinop.com.br\/index.php?rest_route=\/wp\/v2\/users\/1"}],"replies":[{"embeddable":true,"href":"https:\/\/guiaturisticodesinop.com.br\/index.php?rest_route=%2Fwp%2Fv2%2Fcomments&post=3777"}],"version-history":[{"count":28,"href":"https:\/\/guiaturisticodesinop.com.br\/index.php?rest_route=\/wp\/v2\/pages\/3777\/revisions"}],"predecessor-version":[{"id":3855,"href":"https:\/\/guiaturisticodesinop.com.br\/index.php?rest_route=\/wp\/v2\/pages\/3777\/revisions\/3855"}],"wp:featuredmedia":[{"embeddable":true,"href":"https:\/\/guiaturisticodesinop.com.br\/index.php?rest_route=\/wp\/v2\/media\/2407"}],"wp:attachment":[{"href":"https:\/\/guiaturisticodesinop.com.br\/index.php?rest_route=%2Fwp%2Fv2%2Fmedia&parent=3777"}],"curies":[{"name":"wp","href":"https:\/\/api.w.org\/{rel}","templated":true}]}}