{"id":3476,"date":"2025-06-28T11:42:36","date_gmt":"2025-06-28T15:42:36","guid":{"rendered":"https:\/\/guiaturisticodesinop.com.br\/?page_id=3476"},"modified":"2025-06-28T14:56:02","modified_gmt":"2025-06-28T18:56:02","slug":"dicionario-turistico","status":"publish","type":"page","link":"https:\/\/guiaturisticodesinop.com.br\/?page_id=3476","title":{"rendered":"Turismo em Sinop"},"content":{"rendered":"\n<p align=\"justify\" style=\"color: #000; font-size: 25px\"><strong>\n#Sinop #Passeio #Passeios #Lazer # Atra\u00e7\u00e3o #Atra\u00e7\u00f5es #Pesca #Rancho #Ch\u00e1cara #Ch\u00e1caras #Parque #Parques #Balne\u00e1rio #Balne\u00e1rios #Pousada #Pousadas #Hot\u00e9l Hot\u00e9is #Artesanato #Shopping #Enoturismo #Pra\u00e7a #Pra\u00e7as #Igreja #Igrejas #Compra #Compras #Restaurante #Restaurantes #Gastronomia #TurismoN\u00e1utico #RioTelesPires\n\n<br>\n\n\n#Sinop #ParqueJardimBot\u00e2nico #ParqueFlorestal #Pra\u00e7aArcoDoTriunfo #Pra\u00e7aDaB\u00edblia #Pra\u00e7aJardimCuritiba #Pra\u00e7aPlinioCalleg\u00e1rio IgrejaSagradoCora\u00e7\u00e3oDeJesus #ShoppingSinop #Aeroporto #Rodovi\u00e1ria #Est\u00e1dioGiganteDoNorte #CurupyAcquaParque #Balne\u00e1rioPLaza #Ch\u00e1caraRecantoDoLazer #MiranteDoVale #Fam\u00edliaMasiroEmp\u00f3rio #RanchoVegas #AureaEcoPArque #PousadaRancho3Meninas #RestauranteFlutuante #OrlaAquarelaBrasil #OrlaAquarelaDasArtes #Ag\u00eanciasDeViagens #LocadorasDeVe\u00edculos #CasasDeC\u00e2mbio #IgrejaS\u00e3oBenedito\n<\/p>\n","protected":false},"excerpt":{"rendered":"<p>#Sinop #Passeio #Passeios #Lazer # Atra\u00e7\u00e3o #Atra\u00e7\u00f5es #Pesca #Rancho #Ch\u00e1cara #Ch\u00e1caras #Parque #Parques #Balne\u00e1rio #Balne\u00e1rios #Pousada #Pousadas #Hot\u00e9l Hot\u00e9is #Artesanato #Shopping #Enoturismo #Pra\u00e7a #Pra\u00e7as #Igreja #Igrejas #Compra #Compras #Restaurante #Restaurantes #Gastronomia #TurismoN\u00e1utico #RioTelesPires #Sinop #ParqueJardimBot\u00e2nico #ParqueFlorestal #Pra\u00e7aArcoDoTriunfo #Pra\u00e7aDaB\u00edblia #Pra\u00e7aJardimCuritiba #Pra\u00e7aPlinioCalleg\u00e1rio IgrejaSagradoCora\u00e7\u00e3oDeJesus #ShoppingSinop #Aeroporto #Rodovi\u00e1ria #Est\u00e1dioGiganteDoNorte #CurupyAcquaParque #Balne\u00e1rioPLaza #Ch\u00e1caraRecantoDoLazer #MiranteDoVale #Fam\u00edliaMasiroEmp\u00f3rio [&hellip;]<\/p>\n","protected":false},"author":1,"featured_media":2407,"parent":0,"menu_order":0,"comment_status":"closed","ping_status":"closed","template":"","meta":{"_themeisle_gutenberg_block_has_review":false,"footnotes":""},"class_list":["post-3476","page","type-page","status-publish","has-post-thumbnail","hentry"],"yoast_head":"<!-- This site is optimized with the Yoast SEO plugin v25.3.1 - https:\/\/yoast.com\/wordpress\/plugins\/seo\/ -->\n<title>Turismo em Sinop - GUIA TUR\u00cdSTICO DE SINOP #Turismo em Sinop<\/title>\n<meta name=\"description\" content=\"#Sinop #Passeio #Passeios #Lazer # Atra\u00e7\u00e3o #Atra\u00e7\u00f5es #Pesca #Rancho #Ch\u00e1cara #Ch\u00e1caras #Parque #Parques #Balne\u00e1rio #Balne\u00e1rios #Pousada #Pousadas #Hot\u00e9l Hot\u00e9is #Artesanato #Shopping #Enoturismo #Pra\u00e7a #Pra\u00e7as #Igreja #Igrejas #Compra #Compras #Restaurante #Restaurantes #Gastronomia #TurismoN\u00e1utico #RioTelesPires\" \/>\n<meta name=\"robots\" content=\"index, follow, max-snippet:-1, max-image-preview:large, max-video-preview:-1\" \/>\n<link rel=\"canonical\" href=\"https:\/\/guiaturisticodesinop.com.br\/?page_id=3476\" \/>\n<meta property=\"og:locale\" content=\"pt_BR\" \/>\n<meta property=\"og:type\" content=\"article\" \/>\n<meta property=\"og:title\" content=\"Turismo em Sinop - GUIA TUR\u00cdSTICO DE SINOP #Turismo em Sinop\" \/>\n<meta property=\"og:description\" content=\"#Sinop #Passeio #Passeios #Lazer # Atra\u00e7\u00e3o #Atra\u00e7\u00f5es #Pesca #Rancho #Ch\u00e1cara #Ch\u00e1caras #Parque #Parques #Balne\u00e1rio #Balne\u00e1rios #Pousada #Pousadas #Hot\u00e9l Hot\u00e9is #Artesanato #Shopping #Enoturismo #Pra\u00e7a #Pra\u00e7as #Igreja #Igrejas #Compra #Compras #Restaurante #Restaurantes #Gastronomia #TurismoN\u00e1utico #RioTelesPires\" \/>\n<meta property=\"og:url\" content=\"https:\/\/guiaturisticodesinop.com.br\/?page_id=3476\" \/>\n<meta property=\"og:site_name\" content=\"GUIA TUR\u00cdSTICO DE SINOP\" \/>\n<meta property=\"article:publisher\" content=\"https:\/\/www.facebook.com\/people\/Guia-Turstico-de-Sinop\/100089015200279\/\" \/>\n<meta property=\"article:modified_time\" content=\"2025-06-28T18:56:02+00:00\" \/>\n<meta property=\"og:image\" content=\"https:\/\/guiaturisticodesinop.com.br\/wp-content\/uploads\/2023\/02\/27-mapa-7.png\" \/>\n\t<meta property=\"og:image:width\" content=\"1111\" \/>\n\t<meta property=\"og:image:height\" content=\"354\" \/>\n\t<meta property=\"og:image:type\" content=\"image\/png\" \/>\n<meta name=\"twitter:card\" content=\"summary_large_image\" \/>\n<meta name=\"twitter:label1\" content=\"Est. tempo de leitura\" \/>\n\t<meta name=\"twitter:data1\" content=\"1 minuto\" \/>\n<script type=\"application\/ld+json\" class=\"yoast-schema-graph\">{\"@context\":\"https:\/\/schema.org\",\"@graph\":[{\"@type\":\"WebPage\",\"@id\":\"https:\/\/guiaturisticodesinop.com.br\/?page_id=3476\",\"url\":\"https:\/\/guiaturisticodesinop.com.br\/?page_id=3476\",\"name\":\"Turismo em Sinop - GUIA TUR\u00cdSTICO DE SINOP #Turismo em Sinop\",\"isPartOf\":{\"@id\":\"https:\/\/guiaturisticodesinop.com.br\/#website\"},\"primaryImageOfPage\":{\"@id\":\"https:\/\/guiaturisticodesinop.com.br\/?page_id=3476#primaryimage\"},\"image\":{\"@id\":\"https:\/\/guiaturisticodesinop.com.br\/?page_id=3476#primaryimage\"},\"thumbnailUrl\":\"https:\/\/guiaturisticodesinop.com.br\/wp-content\/uploads\/2023\/02\/27-mapa-7.png\",\"datePublished\":\"2025-06-28T15:42:36+00:00\",\"dateModified\":\"2025-06-28T18:56:02+00:00\",\"description\":\"#Sinop #Passeio #Passeios #Lazer # Atra\u00e7\u00e3o #Atra\u00e7\u00f5es #Pesca #Rancho #Ch\u00e1cara #Ch\u00e1caras #Parque #Parques #Balne\u00e1rio #Balne\u00e1rios #Pousada #Pousadas #Hot\u00e9l Hot\u00e9is #Artesanato #Shopping #Enoturismo #Pra\u00e7a #Pra\u00e7as #Igreja #Igrejas #Compra #Compras #Restaurante #Restaurantes #Gastronomia #TurismoN\u00e1utico #RioTelesPires\",\"breadcrumb\":{\"@id\":\"https:\/\/guiaturisticodesinop.com.br\/?page_id=3476#breadcrumb\"},\"inLanguage\":\"pt-BR\",\"potentialAction\":[{\"@type\":\"ReadAction\",\"target\":[\"https:\/\/guiaturisticodesinop.com.br\/?page_id=3476\"]}]},{\"@type\":\"ImageObject\",\"inLanguage\":\"pt-BR\",\"@id\":\"https:\/\/guiaturisticodesinop.com.br\/?page_id=3476#primaryimage\",\"url\":\"https:\/\/guiaturisticodesinop.com.br\/wp-content\/uploads\/2023\/02\/27-mapa-7.png\",\"contentUrl\":\"https:\/\/guiaturisticodesinop.com.br\/wp-content\/uploads\/2023\/02\/27-mapa-7.png\",\"width\":1111,\"height\":354,\"caption\":\"#Pra\u00e7a Jardim Curitiba II #Sinop #Brinquedos para crian\u00e7as #Lazer #Academia ao livre #Quadras esportiva #Pergolado #Banheiro p\u00fablico #Obra de arte #F\u00e1bio Gomes Trindade\"},{\"@type\":\"BreadcrumbList\",\"@id\":\"https:\/\/guiaturisticodesinop.com.br\/?page_id=3476#breadcrumb\",\"itemListElement\":[{\"@type\":\"ListItem\",\"position\":1,\"name\":\"In\u00edcio\",\"item\":\"https:\/\/guiaturisticodesinop.com.br\/\"},{\"@type\":\"ListItem\",\"position\":2,\"name\":\"Turismo em Sinop\"}]},{\"@type\":\"WebSite\",\"@id\":\"https:\/\/guiaturisticodesinop.com.br\/#website\",\"url\":\"https:\/\/guiaturisticodesinop.com.br\/\",\"name\":\"GUIA TUR\u00cdSTICO DE SINOP\",\"description\":\"A vitrine on-line do turismo em Sinop para o mundo!\",\"publisher\":{\"@id\":\"https:\/\/guiaturisticodesinop.com.br\/#organization\"},\"potentialAction\":[{\"@type\":\"SearchAction\",\"target\":{\"@type\":\"EntryPoint\",\"urlTemplate\":\"https:\/\/guiaturisticodesinop.com.br\/?s={search_term_string}\"},\"query-input\":{\"@type\":\"PropertyValueSpecification\",\"valueRequired\":true,\"valueName\":\"search_term_string\"}}],\"inLanguage\":\"pt-BR\"},{\"@type\":\"Organization\",\"@id\":\"https:\/\/guiaturisticodesinop.com.br\/#organization\",\"name\":\"GUIA TUR\u00cdSTICO DE SINOP\",\"url\":\"https:\/\/guiaturisticodesinop.com.br\/\",\"logo\":{\"@type\":\"ImageObject\",\"inLanguage\":\"pt-BR\",\"@id\":\"https:\/\/guiaturisticodesinop.com.br\/#\/schema\/logo\/image\/\",\"url\":\"https:\/\/guiaturisticodesinop.com.br\/wp-content\/uploads\/2023\/02\/logo_marca_guia_turistico_de_sinop.png\",\"contentUrl\":\"https:\/\/guiaturisticodesinop.com.br\/wp-content\/uploads\/2023\/02\/logo_marca_guia_turistico_de_sinop.png\",\"width\":250,\"height\":149,\"caption\":\"GUIA TUR\u00cdSTICO DE SINOP\"},\"image\":{\"@id\":\"https:\/\/guiaturisticodesinop.com.br\/#\/schema\/logo\/image\/\"},\"sameAs\":[\"https:\/\/www.facebook.com\/people\/Guia-Turstico-de-Sinop\/100089015200279\/\",\"https:\/\/www.instagram.com\/guiaturisticodesinop\"]}]}<\/script>\n<!-- \/ Yoast SEO plugin. -->","yoast_head_json":{"title":"Turismo em Sinop - GUIA TUR\u00cdSTICO DE SINOP #Turismo em Sinop","description":"#Sinop #Passeio #Passeios #Lazer # Atra\u00e7\u00e3o #Atra\u00e7\u00f5es #Pesca #Rancho #Ch\u00e1cara #Ch\u00e1caras #Parque #Parques #Balne\u00e1rio #Balne\u00e1rios #Pousada #Pousadas #Hot\u00e9l Hot\u00e9is #Artesanato #Shopping #Enoturismo #Pra\u00e7a #Pra\u00e7as #Igreja #Igrejas #Compra #Compras #Restaurante #Restaurantes #Gastronomia #TurismoN\u00e1utico #RioTelesPires","robots":{"index":"index","follow":"follow","max-snippet":"max-snippet:-1","max-image-preview":"max-image-preview:large","max-video-preview":"max-video-preview:-1"},"canonical":"https:\/\/guiaturisticodesinop.com.br\/?page_id=3476","og_locale":"pt_BR","og_type":"article","og_title":"Turismo em Sinop - GUIA TUR\u00cdSTICO DE SINOP #Turismo em Sinop","og_description":"#Sinop #Passeio #Passeios #Lazer # Atra\u00e7\u00e3o #Atra\u00e7\u00f5es #Pesca #Rancho #Ch\u00e1cara #Ch\u00e1caras #Parque #Parques #Balne\u00e1rio #Balne\u00e1rios #Pousada #Pousadas #Hot\u00e9l Hot\u00e9is #Artesanato #Shopping #Enoturismo #Pra\u00e7a #Pra\u00e7as #Igreja #Igrejas #Compra #Compras #Restaurante #Restaurantes #Gastronomia #TurismoN\u00e1utico #RioTelesPires","og_url":"https:\/\/guiaturisticodesinop.com.br\/?page_id=3476","og_site_name":"GUIA TUR\u00cdSTICO DE SINOP","article_publisher":"https:\/\/www.facebook.com\/people\/Guia-Turstico-de-Sinop\/100089015200279\/","article_modified_time":"2025-06-28T18:56:02+00:00","og_image":[{"width":1111,"height":354,"url":"https:\/\/guiaturisticodesinop.com.br\/wp-content\/uploads\/2023\/02\/27-mapa-7.png","type":"image\/png"}],"twitter_card":"summary_large_image","twitter_misc":{"Est. tempo de leitura":"1 minuto"},"schema":{"@context":"https:\/\/schema.org","@graph":[{"@type":"WebPage","@id":"https:\/\/guiaturisticodesinop.com.br\/?page_id=3476","url":"https:\/\/guiaturisticodesinop.com.br\/?page_id=3476","name":"Turismo em Sinop - GUIA TUR\u00cdSTICO DE SINOP #Turismo em Sinop","isPartOf":{"@id":"https:\/\/guiaturisticodesinop.com.br\/#website"},"primaryImageOfPage":{"@id":"https:\/\/guiaturisticodesinop.com.br\/?page_id=3476#primaryimage"},"image":{"@id":"https:\/\/guiaturisticodesinop.com.br\/?page_id=3476#primaryimage"},"thumbnailUrl":"https:\/\/guiaturisticodesinop.com.br\/wp-content\/uploads\/2023\/02\/27-mapa-7.png","datePublished":"2025-06-28T15:42:36+00:00","dateModified":"2025-06-28T18:56:02+00:00","description":"#Sinop #Passeio #Passeios #Lazer # Atra\u00e7\u00e3o #Atra\u00e7\u00f5es #Pesca #Rancho #Ch\u00e1cara #Ch\u00e1caras #Parque #Parques #Balne\u00e1rio #Balne\u00e1rios #Pousada #Pousadas #Hot\u00e9l Hot\u00e9is #Artesanato #Shopping #Enoturismo #Pra\u00e7a #Pra\u00e7as #Igreja #Igrejas #Compra #Compras #Restaurante #Restaurantes #Gastronomia #TurismoN\u00e1utico #RioTelesPires","breadcrumb":{"@id":"https:\/\/guiaturisticodesinop.com.br\/?page_id=3476#breadcrumb"},"inLanguage":"pt-BR","potentialAction":[{"@type":"ReadAction","target":["https:\/\/guiaturisticodesinop.com.br\/?page_id=3476"]}]},{"@type":"ImageObject","inLanguage":"pt-BR","@id":"https:\/\/guiaturisticodesinop.com.br\/?page_id=3476#primaryimage","url":"https:\/\/guiaturisticodesinop.com.br\/wp-content\/uploads\/2023\/02\/27-mapa-7.png","contentUrl":"https:\/\/guiaturisticodesinop.com.br\/wp-content\/uploads\/2023\/02\/27-mapa-7.png","width":1111,"height":354,"caption":"#Pra\u00e7a Jardim Curitiba II #Sinop #Brinquedos para crian\u00e7as #Lazer #Academia ao livre #Quadras esportiva #Pergolado #Banheiro p\u00fablico #Obra de arte #F\u00e1bio Gomes Trindade"},{"@type":"BreadcrumbList","@id":"https:\/\/guiaturisticodesinop.com.br\/?page_id=3476#breadcrumb","itemListElement":[{"@type":"ListItem","position":1,"name":"In\u00edcio","item":"https:\/\/guiaturisticodesinop.com.br\/"},{"@type":"ListItem","position":2,"name":"Turismo em Sinop"}]},{"@type":"WebSite","@id":"https:\/\/guiaturisticodesinop.com.br\/#website","url":"https:\/\/guiaturisticodesinop.com.br\/","name":"GUIA TUR\u00cdSTICO DE SINOP","description":"A vitrine on-line do turismo em Sinop para o mundo!","publisher":{"@id":"https:\/\/guiaturisticodesinop.com.br\/#organization"},"potentialAction":[{"@type":"SearchAction","target":{"@type":"EntryPoint","urlTemplate":"https:\/\/guiaturisticodesinop.com.br\/?s={search_term_string}"},"query-input":{"@type":"PropertyValueSpecification","valueRequired":true,"valueName":"search_term_string"}}],"inLanguage":"pt-BR"},{"@type":"Organization","@id":"https:\/\/guiaturisticodesinop.com.br\/#organization","name":"GUIA TUR\u00cdSTICO DE SINOP","url":"https:\/\/guiaturisticodesinop.com.br\/","logo":{"@type":"ImageObject","inLanguage":"pt-BR","@id":"https:\/\/guiaturisticodesinop.com.br\/#\/schema\/logo\/image\/","url":"https:\/\/guiaturisticodesinop.com.br\/wp-content\/uploads\/2023\/02\/logo_marca_guia_turistico_de_sinop.png","contentUrl":"https:\/\/guiaturisticodesinop.com.br\/wp-content\/uploads\/2023\/02\/logo_marca_guia_turistico_de_sinop.png","width":250,"height":149,"caption":"GUIA TUR\u00cdSTICO DE SINOP"},"image":{"@id":"https:\/\/guiaturisticodesinop.com.br\/#\/schema\/logo\/image\/"},"sameAs":["https:\/\/www.facebook.com\/people\/Guia-Turstico-de-Sinop\/100089015200279\/","https:\/\/www.instagram.com\/guiaturisticodesinop"]}]}},"_links":{"self":[{"href":"https:\/\/guiaturisticodesinop.com.br\/index.php?rest_route=\/wp\/v2\/pages\/3476","targetHints":{"allow":["GET"]}}],"collection":[{"href":"https:\/\/guiaturisticodesinop.com.br\/index.php?rest_route=\/wp\/v2\/pages"}],"about":[{"href":"https:\/\/guiaturisticodesinop.com.br\/index.php?rest_route=\/wp\/v2\/types\/page"}],"author":[{"embeddable":true,"href":"https:\/\/guiaturisticodesinop.com.br\/index.php?rest_route=\/wp\/v2\/users\/1"}],"replies":[{"embeddable":true,"href":"https:\/\/guiaturisticodesinop.com.br\/index.php?rest_route=%2Fwp%2Fv2%2Fcomments&post=3476"}],"version-history":[{"count":15,"href":"https:\/\/guiaturisticodesinop.com.br\/index.php?rest_route=\/wp\/v2\/pages\/3476\/revisions"}],"predecessor-version":[{"id":3513,"href":"https:\/\/guiaturisticodesinop.com.br\/index.php?rest_route=\/wp\/v2\/pages\/3476\/revisions\/3513"}],"wp:featuredmedia":[{"embeddable":true,"href":"https:\/\/guiaturisticodesinop.com.br\/index.php?rest_route=\/wp\/v2\/media\/2407"}],"wp:attachment":[{"href":"https:\/\/guiaturisticodesinop.com.br\/index.php?rest_route=%2Fwp%2Fv2%2Fmedia&parent=3476"}],"curies":[{"name":"wp","href":"https:\/\/api.w.org\/{rel}","templated":true}]}}