{"id":3106,"date":"2025-06-21T14:26:35","date_gmt":"2025-06-21T18:26:35","guid":{"rendered":"https:\/\/guiaturisticodesinop.com.br\/?page_id=3106"},"modified":"2025-06-30T13:31:48","modified_gmt":"2025-06-30T17:31:48","slug":"pracas-em-sinop-mt-2","status":"publish","type":"page","link":"https:\/\/guiaturisticodesinop.com.br\/?page_id=3106","title":{"rendered":"Pra\u00e7as em Sinop"},"content":{"rendered":"\n<figure class=\"wp-block-image\"><img decoding=\"async\" src=\"http:\/\/guiaturisticodesinop.com.br\/pracas_sinop\/pracas_sinop.png\" alt=\"Pra\u00e7as - Sinop - Mato Grosso\"\/><\/figure>\n\n\n\n<br><p align=\"justify\" style=\"color: #000; font-size: 20px \">\n\nPra\u00e7as s\u00e3o espa\u00e7os p\u00fablicos abertos, geralmente rodeados por edif\u00edcios, destinados \u00e0 conviv\u00eancia, lazer e atividades sociais. Elas s\u00e3o \u00e1reas importantes na estrutura urbana, proporcionando locais de encontro, descanso e intera\u00e7\u00e3o para a comunidade. S\u00e3o elementos importantes na paisagem urbana, contribuindo para a qualidade de vida e a identidade de um lugar. As pra\u00e7as podem incluir \u00e1reas verdes, bancos, equipamentos de lazer, fontes e outros elementos que convidam \u00e0 perman\u00eancia e intera\u00e7\u00e3o.  \n<br><br>\n\n<b>PRA\u00c7AS EM SINOP &#8211; MATO GROSSO &#8211; BRASIL<\/b>\n<br>\n<\/p>\n\n\n\n<!DOCTYPE html PUBLIC \"-\/\/W3C\/\/DTD XHTML 1.0 Transitional\/\/EN\" \"http:\/\/www.w3.org\/TR\/xhtml1\/DTD\/xhtml1-transitional.dtd\">\n<html xmlns=\"http:\/\/www.w3.org\/1999\/xhtml\">\n<head>\n<meta http-equiv=\"Content-Type\" content=\"text\/html; charset=utf-8\" \/>\n<title>Pra\u00e7as em Sinop &#8211; Mato Grosso<\/title>\n\n<!--Inicio das Tags de SEO, mecanismos sensivel ao moteres de buscas Google, Bing e outros-->\n<!--#Pra\u00e7a Arco do Triunfo #Sinop #Mato Grosso-->\n<!--#Pra\u00e7a da B\u00edblia #Sinop #Mato Grosso-->\n<!--#Pra\u00e7a Jardim Curitiba I #Sinop #Mato Grosso-->\n<!--#Pra\u00e7a Jardim Curitiba II #Sinop #Mato Grosso-->\n<!--#Sinop #Mato_Grosso-->\n<!--#Pra\u00e7as #Sinop #Mato_Grosso-->\n\n<!--Fim das Tags de SEO-->\n\n<style rel=\"stylesheet\">\n\tp {\n\t\n\t\/*Tirar sublinhdo dos links*\/\n\ta:link \n   { \n   text-decoration:none; \n   }\t\n<\/style>\n<\/head>\n\n\n<body>\n<center>\n<table bgcolor=\"#ffffff\" width=\"100%\" border=\"1\" align=\"center\" cellpadding=\"1\" cellspacing=\"1\">\n\n\n<center>\n\n  <tr>\n    <td bgcolor=\"#a6d684\" align=\"center\"><font size=\"4\" face=\"Arial\" color=\"#696969\">Ord<\/font><\/td>\n\t<td style=\"padding: 5px;\" bgcolor=\"#a6d684\" align=\"center\"><font size=\"4\" face=\"Arial\" color=\"#696969\">Pra\u00e7a<\/font><\/td>\n\t<td bgcolor=\"#a6d684\" align=\"center\"><font size=\"4\" face=\"Arial\" color=\"#696969\">Visitar \/ Conhecer<\/font><\/td>\n  <\/tr>\n  \n  \n<tr>\n    <td bgcolor=\"#DCDCDC\" align=\"center\"><font size=\"4\" face=\"Arial\" color=\"#696969\">1<\/font><\/td>  \n    <td style=\"padding: 5px;\" bgcolor=\"#DCDCDC\" align=\"left\"> <font size=\"4\" face=\"Arial\" color=\"#696969\">Pra\u00e7a Arco do Triunfo<\/font><\/td>\n     <td bgcolor=\"#DCDCDC\" align=\"center\"> <font size=\"4\" face=\"Arial\" color=\"#000000\"><a href=\"https:\/\/guiaturisticodesinop.com.br\/?page_id=3180\">Acessar<\/font><\/td> \n  <\/tr>\n  \n \n          <tr>\n    <td bgcolor=\"#DCDCDC\" align=\"center\"><font size=\"4\" face=\"Arial\" color=\"#696969\">2<\/font><\/td>  \n    <td style=\"padding: 5px;\" bgcolor=\"#DCDCDC\" align=\"left\"> <font size=\"4\" face=\"Arial\" color=\"#696969\">Pra\u00e7a da B\u00edblia<\/font><\/td>\n     <td bgcolor=\"#DCDCDC\" align=\"center\"> <font size=\"4\" face=\"Arial\" color=\"#000000\"><a href=\"https:\/\/guiaturisticodesinop.com.br\/?page_id=2187\">Acessar<\/font><\/td> \n  <\/tr>\n\n          <tr>\n    <td bgcolor=\"#DCDCDC\" align=\"center\"><font size=\"4\" face=\"Arial\" color=\"#696969\">3<\/font><\/td>  \n    <td style=\"padding: 5px;\" bgcolor=\"#DCDCDC\" align=\"left\"> <font size=\"4\" face=\"Arial\" color=\"#696969\">Pra\u00e7a Jardim Curitiba I<\/font><\/td>\n     <td bgcolor=\"#DCDCDC\" align=\"center\"> <font size=\"4\" face=\"Arial\" color=\"#000000\"><a href=\"https:\/\/guiaturisticodesinop.com.br\/?page_id=3081\">Acessar<\/font><\/td> \n  <\/tr>\n\n          <tr>\n    <td bgcolor=\"#DCDCDC\" align=\"center\"><font size=\"4\" face=\"Arial\" color=\"#696969\">4<\/font><\/td>  \n    <td style=\"padding: 5px;\" bgcolor=\"#DCDCDC\" align=\"left\"> <font size=\"4\" face=\"Arial\" color=\"#696969\">Pra\u00e7a Jardim Curitiba II<\/font><\/td>\n     <td bgcolor=\"#DCDCDC\" align=\"center\"> <font size=\"4\" face=\"Arial\" color=\"#000000\"><a href=\"https:\/\/guiaturisticodesinop.com.br\/?page_id=3168\">Acessar<\/font><\/td> \n  <\/tr>\n  \n  \n  <\/center>\n     \n<\/table>\n<\/center>\n\n<\/body>\n<\/html>\n\n\n\n<br><p align=\"justify\" style=\"color: #000; font-size: 20px \">\n\n<i><b>NOTA:<\/b><\/i> Algumas pra\u00e7as existentes em Sinop n\u00e3o possuem um nome especifico, por essa raz\u00e3o, ao identific\u00e1-las\/apresent\u00e1-las, utilizou-se o nome do bairro onde est\u00e1 localizada. \n<br>\n<\/p>\n\n\n\n<hr style=\"width: 99.8%; height: 2px; text-align:center\" color=\"#A9A9A9\"\/><br>\n\n\n\n<p><center><img decoding=\"async\" src=\"http:\/\/guiaturisticodesinop.com.br\/vale_do_mirante_sinop\/cadastur.png\" alt=\"Cadastur\" hspace=\"5\"><\/center><\/p>\n\n\n\n<br><p><center><strong>Consulte o portal do Cadastur \/ Minist\u00e9rio do Turismo:<\/strong> <a href=\"https:\/\/cadastur.turismo.gov.br\/hotsite\/\" target=\"_blank\" rel=\"noreferrer noopener\"><br><br>Clicar aqui<\/a><\/center><\/p><br>\n\n\n\n<p align=\"justify\" style=\"color: #000; font-size: 25px \">\n#Pra\u00e7a Arco do Triunfo #Sinop #Mato Grosso<br>\n#Pra\u00e7a da B\u00edblia #Sinop #Mato Grosso<br>\n#Pra\u00e7a Jardim Curitiba I #Sinop #Mato Grosso<br>\n#Pra\u00e7a Jardim Curitiba II #Sinop #Mato Grosso<br>\n#Pra\u00e7a Pl\u00ednio Callegaro #Sinop #Mato Grosso<br>\n#Pra\u00e7as em Sinop #Mato Grosso\n<\/p>\n","protected":false},"excerpt":{"rendered":"<p>Pra\u00e7as s\u00e3o espa\u00e7os p\u00fablicos abertos, geralmente rodeados por edif\u00edcios, destinados \u00e0 conviv\u00eancia, lazer e atividades sociais. Elas s\u00e3o \u00e1reas importantes na estrutura urbana, proporcionando locais de encontro, descanso e intera\u00e7\u00e3o para a comunidade. S\u00e3o elementos importantes na paisagem urbana, contribuindo para a qualidade de vida e a identidade de um [&hellip;]<\/p>\n","protected":false},"author":1,"featured_media":2407,"parent":0,"menu_order":0,"comment_status":"closed","ping_status":"closed","template":"","meta":{"_themeisle_gutenberg_block_has_review":false,"footnotes":""},"class_list":["post-3106","page","type-page","status-publish","has-post-thumbnail","hentry"],"yoast_head":"<!-- This site is optimized with the Yoast SEO plugin v25.3.1 - https:\/\/yoast.com\/wordpress\/plugins\/seo\/ -->\n<title>Pr\u00e7as em Sinop - Mato Grosso - Brasil<\/title>\n<meta name=\"description\" content=\"#Pra\u00e7a Arco do Triunfo #Sinop #Mato Grosso #Pra\u00e7a da B\u00edblia #Sinop #Mato Grosso #Pra\u00e7a Jardim Curitiba I #Sinop #Mato Grosso #Pra\u00e7a Jardim Curitiba II #Sinop #Mato Grosso #Pra\u00e7a Pl\u00ednio Callegaro #Sinop #Mato Grosso #Pra\u00e7as em Sinop #Mato Grosso\" \/>\n<meta name=\"robots\" content=\"index, follow, max-snippet:-1, max-image-preview:large, max-video-preview:-1\" \/>\n<link rel=\"canonical\" href=\"https:\/\/guiaturisticodesinop.com.br\/?page_id=3106\" \/>\n<meta property=\"og:locale\" content=\"pt_BR\" \/>\n<meta property=\"og:type\" content=\"article\" \/>\n<meta property=\"og:title\" content=\"Pr\u00e7as em Sinop - Mato Grosso - Brasil\" \/>\n<meta property=\"og:description\" content=\"#Pra\u00e7a Arco do Triunfo #Sinop #Mato Grosso #Pra\u00e7a da B\u00edblia #Sinop #Mato Grosso #Pra\u00e7a Jardim Curitiba I #Sinop #Mato Grosso #Pra\u00e7a Jardim Curitiba II #Sinop #Mato Grosso #Pra\u00e7a Pl\u00ednio Callegaro #Sinop #Mato Grosso #Pra\u00e7as em Sinop #Mato Grosso\" \/>\n<meta property=\"og:url\" content=\"https:\/\/guiaturisticodesinop.com.br\/?page_id=3106\" \/>\n<meta property=\"og:site_name\" content=\"GUIA TUR\u00cdSTICO DE SINOP\" \/>\n<meta property=\"article:publisher\" content=\"https:\/\/www.facebook.com\/people\/Guia-Turstico-de-Sinop\/100089015200279\/\" \/>\n<meta property=\"article:modified_time\" content=\"2025-06-30T17:31:48+00:00\" \/>\n<meta property=\"og:image\" content=\"https:\/\/guiaturisticodesinop.com.br\/wp-content\/uploads\/2023\/02\/27-mapa-7.png\" \/>\n\t<meta property=\"og:image:width\" content=\"1111\" \/>\n\t<meta property=\"og:image:height\" content=\"354\" \/>\n\t<meta property=\"og:image:type\" content=\"image\/png\" \/>\n<meta name=\"twitter:card\" content=\"summary_large_image\" \/>\n<meta name=\"twitter:label1\" content=\"Est. tempo de leitura\" \/>\n\t<meta name=\"twitter:data1\" content=\"2 minutos\" \/>\n<script type=\"application\/ld+json\" class=\"yoast-schema-graph\">{\"@context\":\"https:\/\/schema.org\",\"@graph\":[{\"@type\":\"WebPage\",\"@id\":\"https:\/\/guiaturisticodesinop.com.br\/?page_id=3106\",\"url\":\"https:\/\/guiaturisticodesinop.com.br\/?page_id=3106\",\"name\":\"Pr\u00e7as em Sinop - Mato Grosso - Brasil\",\"isPartOf\":{\"@id\":\"https:\/\/guiaturisticodesinop.com.br\/#website\"},\"primaryImageOfPage\":{\"@id\":\"https:\/\/guiaturisticodesinop.com.br\/?page_id=3106#primaryimage\"},\"image\":{\"@id\":\"https:\/\/guiaturisticodesinop.com.br\/?page_id=3106#primaryimage\"},\"thumbnailUrl\":\"https:\/\/guiaturisticodesinop.com.br\/wp-content\/uploads\/2023\/02\/27-mapa-7.png\",\"datePublished\":\"2025-06-21T18:26:35+00:00\",\"dateModified\":\"2025-06-30T17:31:48+00:00\",\"description\":\"#Pra\u00e7a Arco do Triunfo #Sinop #Mato Grosso #Pra\u00e7a da B\u00edblia #Sinop #Mato Grosso #Pra\u00e7a Jardim Curitiba I #Sinop #Mato Grosso #Pra\u00e7a Jardim Curitiba II #Sinop #Mato Grosso #Pra\u00e7a Pl\u00ednio Callegaro #Sinop #Mato Grosso #Pra\u00e7as em Sinop #Mato Grosso\",\"breadcrumb\":{\"@id\":\"https:\/\/guiaturisticodesinop.com.br\/?page_id=3106#breadcrumb\"},\"inLanguage\":\"pt-BR\",\"potentialAction\":[{\"@type\":\"ReadAction\",\"target\":[\"https:\/\/guiaturisticodesinop.com.br\/?page_id=3106\"]}]},{\"@type\":\"ImageObject\",\"inLanguage\":\"pt-BR\",\"@id\":\"https:\/\/guiaturisticodesinop.com.br\/?page_id=3106#primaryimage\",\"url\":\"https:\/\/guiaturisticodesinop.com.br\/wp-content\/uploads\/2023\/02\/27-mapa-7.png\",\"contentUrl\":\"https:\/\/guiaturisticodesinop.com.br\/wp-content\/uploads\/2023\/02\/27-mapa-7.png\",\"width\":1111,\"height\":354,\"caption\":\"#Pra\u00e7a Jardim Curitiba II #Sinop #Brinquedos para crian\u00e7as #Lazer #Academia ao livre #Quadras esportiva #Pergolado #Banheiro p\u00fablico #Obra de arte #F\u00e1bio Gomes Trindade\"},{\"@type\":\"BreadcrumbList\",\"@id\":\"https:\/\/guiaturisticodesinop.com.br\/?page_id=3106#breadcrumb\",\"itemListElement\":[{\"@type\":\"ListItem\",\"position\":1,\"name\":\"In\u00edcio\",\"item\":\"https:\/\/guiaturisticodesinop.com.br\/\"},{\"@type\":\"ListItem\",\"position\":2,\"name\":\"Pra\u00e7as em Sinop\"}]},{\"@type\":\"WebSite\",\"@id\":\"https:\/\/guiaturisticodesinop.com.br\/#website\",\"url\":\"https:\/\/guiaturisticodesinop.com.br\/\",\"name\":\"GUIA TUR\u00cdSTICO DE SINOP\",\"description\":\"A vitrine on-line do turismo em Sinop para o mundo!\",\"publisher\":{\"@id\":\"https:\/\/guiaturisticodesinop.com.br\/#organization\"},\"potentialAction\":[{\"@type\":\"SearchAction\",\"target\":{\"@type\":\"EntryPoint\",\"urlTemplate\":\"https:\/\/guiaturisticodesinop.com.br\/?s={search_term_string}\"},\"query-input\":{\"@type\":\"PropertyValueSpecification\",\"valueRequired\":true,\"valueName\":\"search_term_string\"}}],\"inLanguage\":\"pt-BR\"},{\"@type\":\"Organization\",\"@id\":\"https:\/\/guiaturisticodesinop.com.br\/#organization\",\"name\":\"GUIA TUR\u00cdSTICO DE SINOP\",\"url\":\"https:\/\/guiaturisticodesinop.com.br\/\",\"logo\":{\"@type\":\"ImageObject\",\"inLanguage\":\"pt-BR\",\"@id\":\"https:\/\/guiaturisticodesinop.com.br\/#\/schema\/logo\/image\/\",\"url\":\"https:\/\/guiaturisticodesinop.com.br\/wp-content\/uploads\/2023\/02\/logo_marca_guia_turistico_de_sinop.png\",\"contentUrl\":\"https:\/\/guiaturisticodesinop.com.br\/wp-content\/uploads\/2023\/02\/logo_marca_guia_turistico_de_sinop.png\",\"width\":250,\"height\":149,\"caption\":\"GUIA TUR\u00cdSTICO DE SINOP\"},\"image\":{\"@id\":\"https:\/\/guiaturisticodesinop.com.br\/#\/schema\/logo\/image\/\"},\"sameAs\":[\"https:\/\/www.facebook.com\/people\/Guia-Turstico-de-Sinop\/100089015200279\/\",\"https:\/\/www.instagram.com\/guiaturisticodesinop\"]}]}<\/script>\n<!-- \/ Yoast SEO plugin. -->","yoast_head_json":{"title":"Pr\u00e7as em Sinop - Mato Grosso - Brasil","description":"#Pra\u00e7a Arco do Triunfo #Sinop #Mato Grosso #Pra\u00e7a da B\u00edblia #Sinop #Mato Grosso #Pra\u00e7a Jardim Curitiba I #Sinop #Mato Grosso #Pra\u00e7a Jardim Curitiba II #Sinop #Mato Grosso #Pra\u00e7a Pl\u00ednio Callegaro #Sinop #Mato Grosso #Pra\u00e7as em Sinop #Mato Grosso","robots":{"index":"index","follow":"follow","max-snippet":"max-snippet:-1","max-image-preview":"max-image-preview:large","max-video-preview":"max-video-preview:-1"},"canonical":"https:\/\/guiaturisticodesinop.com.br\/?page_id=3106","og_locale":"pt_BR","og_type":"article","og_title":"Pr\u00e7as em Sinop - Mato Grosso - Brasil","og_description":"#Pra\u00e7a Arco do Triunfo #Sinop #Mato Grosso #Pra\u00e7a da B\u00edblia #Sinop #Mato Grosso #Pra\u00e7a Jardim Curitiba I #Sinop #Mato Grosso #Pra\u00e7a Jardim Curitiba II #Sinop #Mato Grosso #Pra\u00e7a Pl\u00ednio Callegaro #Sinop #Mato Grosso #Pra\u00e7as em Sinop #Mato Grosso","og_url":"https:\/\/guiaturisticodesinop.com.br\/?page_id=3106","og_site_name":"GUIA TUR\u00cdSTICO DE SINOP","article_publisher":"https:\/\/www.facebook.com\/people\/Guia-Turstico-de-Sinop\/100089015200279\/","article_modified_time":"2025-06-30T17:31:48+00:00","og_image":[{"width":1111,"height":354,"url":"https:\/\/guiaturisticodesinop.com.br\/wp-content\/uploads\/2023\/02\/27-mapa-7.png","type":"image\/png"}],"twitter_card":"summary_large_image","twitter_misc":{"Est. tempo de leitura":"2 minutos"},"schema":{"@context":"https:\/\/schema.org","@graph":[{"@type":"WebPage","@id":"https:\/\/guiaturisticodesinop.com.br\/?page_id=3106","url":"https:\/\/guiaturisticodesinop.com.br\/?page_id=3106","name":"Pr\u00e7as em Sinop - Mato Grosso - Brasil","isPartOf":{"@id":"https:\/\/guiaturisticodesinop.com.br\/#website"},"primaryImageOfPage":{"@id":"https:\/\/guiaturisticodesinop.com.br\/?page_id=3106#primaryimage"},"image":{"@id":"https:\/\/guiaturisticodesinop.com.br\/?page_id=3106#primaryimage"},"thumbnailUrl":"https:\/\/guiaturisticodesinop.com.br\/wp-content\/uploads\/2023\/02\/27-mapa-7.png","datePublished":"2025-06-21T18:26:35+00:00","dateModified":"2025-06-30T17:31:48+00:00","description":"#Pra\u00e7a Arco do Triunfo #Sinop #Mato Grosso #Pra\u00e7a da B\u00edblia #Sinop #Mato Grosso #Pra\u00e7a Jardim Curitiba I #Sinop #Mato Grosso #Pra\u00e7a Jardim Curitiba II #Sinop #Mato Grosso #Pra\u00e7a Pl\u00ednio Callegaro #Sinop #Mato Grosso #Pra\u00e7as em Sinop #Mato Grosso","breadcrumb":{"@id":"https:\/\/guiaturisticodesinop.com.br\/?page_id=3106#breadcrumb"},"inLanguage":"pt-BR","potentialAction":[{"@type":"ReadAction","target":["https:\/\/guiaturisticodesinop.com.br\/?page_id=3106"]}]},{"@type":"ImageObject","inLanguage":"pt-BR","@id":"https:\/\/guiaturisticodesinop.com.br\/?page_id=3106#primaryimage","url":"https:\/\/guiaturisticodesinop.com.br\/wp-content\/uploads\/2023\/02\/27-mapa-7.png","contentUrl":"https:\/\/guiaturisticodesinop.com.br\/wp-content\/uploads\/2023\/02\/27-mapa-7.png","width":1111,"height":354,"caption":"#Pra\u00e7a Jardim Curitiba II #Sinop #Brinquedos para crian\u00e7as #Lazer #Academia ao livre #Quadras esportiva #Pergolado #Banheiro p\u00fablico #Obra de arte #F\u00e1bio Gomes Trindade"},{"@type":"BreadcrumbList","@id":"https:\/\/guiaturisticodesinop.com.br\/?page_id=3106#breadcrumb","itemListElement":[{"@type":"ListItem","position":1,"name":"In\u00edcio","item":"https:\/\/guiaturisticodesinop.com.br\/"},{"@type":"ListItem","position":2,"name":"Pra\u00e7as em Sinop"}]},{"@type":"WebSite","@id":"https:\/\/guiaturisticodesinop.com.br\/#website","url":"https:\/\/guiaturisticodesinop.com.br\/","name":"GUIA TUR\u00cdSTICO DE SINOP","description":"A vitrine on-line do turismo em Sinop para o mundo!","publisher":{"@id":"https:\/\/guiaturisticodesinop.com.br\/#organization"},"potentialAction":[{"@type":"SearchAction","target":{"@type":"EntryPoint","urlTemplate":"https:\/\/guiaturisticodesinop.com.br\/?s={search_term_string}"},"query-input":{"@type":"PropertyValueSpecification","valueRequired":true,"valueName":"search_term_string"}}],"inLanguage":"pt-BR"},{"@type":"Organization","@id":"https:\/\/guiaturisticodesinop.com.br\/#organization","name":"GUIA TUR\u00cdSTICO DE SINOP","url":"https:\/\/guiaturisticodesinop.com.br\/","logo":{"@type":"ImageObject","inLanguage":"pt-BR","@id":"https:\/\/guiaturisticodesinop.com.br\/#\/schema\/logo\/image\/","url":"https:\/\/guiaturisticodesinop.com.br\/wp-content\/uploads\/2023\/02\/logo_marca_guia_turistico_de_sinop.png","contentUrl":"https:\/\/guiaturisticodesinop.com.br\/wp-content\/uploads\/2023\/02\/logo_marca_guia_turistico_de_sinop.png","width":250,"height":149,"caption":"GUIA TUR\u00cdSTICO DE SINOP"},"image":{"@id":"https:\/\/guiaturisticodesinop.com.br\/#\/schema\/logo\/image\/"},"sameAs":["https:\/\/www.facebook.com\/people\/Guia-Turstico-de-Sinop\/100089015200279\/","https:\/\/www.instagram.com\/guiaturisticodesinop"]}]}},"_links":{"self":[{"href":"https:\/\/guiaturisticodesinop.com.br\/index.php?rest_route=\/wp\/v2\/pages\/3106","targetHints":{"allow":["GET"]}}],"collection":[{"href":"https:\/\/guiaturisticodesinop.com.br\/index.php?rest_route=\/wp\/v2\/pages"}],"about":[{"href":"https:\/\/guiaturisticodesinop.com.br\/index.php?rest_route=\/wp\/v2\/types\/page"}],"author":[{"embeddable":true,"href":"https:\/\/guiaturisticodesinop.com.br\/index.php?rest_route=\/wp\/v2\/users\/1"}],"replies":[{"embeddable":true,"href":"https:\/\/guiaturisticodesinop.com.br\/index.php?rest_route=%2Fwp%2Fv2%2Fcomments&post=3106"}],"version-history":[{"count":37,"href":"https:\/\/guiaturisticodesinop.com.br\/index.php?rest_route=\/wp\/v2\/pages\/3106\/revisions"}],"predecessor-version":[{"id":3727,"href":"https:\/\/guiaturisticodesinop.com.br\/index.php?rest_route=\/wp\/v2\/pages\/3106\/revisions\/3727"}],"wp:featuredmedia":[{"embeddable":true,"href":"https:\/\/guiaturisticodesinop.com.br\/index.php?rest_route=\/wp\/v2\/media\/2407"}],"wp:attachment":[{"href":"https:\/\/guiaturisticodesinop.com.br\/index.php?rest_route=%2Fwp%2Fv2%2Fmedia&parent=3106"}],"curies":[{"name":"wp","href":"https:\/\/api.w.org\/{rel}","templated":true}]}}