{"id":3081,"date":"2025-06-20T16:44:06","date_gmt":"2025-06-20T20:44:06","guid":{"rendered":"https:\/\/guiaturisticodesinop.com.br\/?page_id=3081"},"modified":"2025-06-24T16:35:11","modified_gmt":"2025-06-24T20:35:11","slug":"pracas-em-sinop-mt","status":"publish","type":"page","link":"https:\/\/guiaturisticodesinop.com.br\/?page_id=3081","title":{"rendered":"Pra\u00e7a Jardim Curitiba I"},"content":{"rendered":"\n<!DOCTYPE html PUBLIC \"-\/\/W3C\/\/DTD XHTML 1.0 Transitional\/\/EN\" \"http:\/\/www.w3.org\/TR\/xhtml1\/DTD\/xhtml1-transitional.dtd\">\n<html xmlns=\"http:\/\/www.w3.org\/1999\/xhtml\">\n<head>\n<meta http-equiv=\"Content-Type\" content=\"text\/html; charset=utf-8\" \/>\n<title>Pra\u00e7as em Sinop &#8211; Mato Grosso<\/title>\n\n<!--Inicio das Tags de SEO, mecanismos sensivel ao moteres de buscas Google, Bing e outros-->\n<!--#Pra\u00e7a Jardim Curitiba I #Sinop-->\n<!--#Sinop #Mato_Grosso-->\n<!--#Pra\u00e7as #Sinop #Mato_Grosso-->\n<!--#Brinquedo para crian\u00e7a #Sinop #Mato Grosso-->\n<!--#Academia ao ar livre #Sinop #Mato Grosso-->\n\n<!--Fim das Tags de SEO-->\n<\/head>\n\n<body>\n<img decoding=\"async\" src=\"http:\/\/guiaturisticodesinop.com.br\/praca_jardim_curitiba1_sinop\/praca_jardim_curitiba_sinop_logo.png\" alt=\"Pra\u00e7a Jardim Curitiba I - Sinop - Mato Grosso\" hspace=\"5\"><br><br>\n<\/body>\n<\/html>\n\n\n\n<p align=\"justify\" style=\"color: #000; font-size: 25px \">\nA <b>Pra\u00e7a Jardim Curitiba I<\/b> representa um importante equipamento de lazer para a sociedade sinopense e visitantes da nossa cidade em geral.<br>\nO espa\u00e7o est\u00e1 localizada na Av. Joaquim Socreppa, 2535 em frente ao Edif\u00edcio DuoTTori Residence e foi idealizado e concebido como parte integrante do paisagismo e infraestrutura do bairro com mesmo da pra\u00e7a, sua finalidade \u00e9 servir como alternativa de lazer, contempla\u00e7\u00e3o da natureza e pr\u00e1tica esportiva para os moradores locais e comunidade em geral.\n<br>\nA pra\u00e7a possui pista para caminhada,  academia ao ar livre, brinquedos infantis e \u00e9 toda arborizada, trata-se de um local excelente para descanso, relaxamento, intera\u00e7\u00e3o e conviv\u00eancia social.\n<br><br>\n<b>Estrutura \/ Equipamentos de lazer:<\/b>\n<br>\n&#8211; Bancos\n<br>\n&#8211; Pista para caminhada\n<br>\n&#8211; Brinquedos para crian\u00e7as\n<br>\n&#8211; Academia ao ar livre\n<br>\n&#8211; Arboriza\u00e7\u00e3o\n<br>\n<\/p>\n\n\n\n<div id=\"metaslider-id-3256\" style=\"width: 100%;\" class=\"ml-slider-3-99-0 metaslider metaslider-flex metaslider-3256 ml-slider ms-theme-bubble has-dots-nav\" role=\"region\" aria-label=\"Pra\u00e7a Jardim Curitiba I\" data-width=\"550\">\n    <div id=\"metaslider_container_3256\">\n        <div id=\"metaslider_3256\">\n            <ul class='slides'>\n                <li style=\"display: block; width: 100%;\" class=\"slide-3262 ms-image \" aria-roledescription=\"slide\" data-date=\"2025-06-24 12:28:52\"><img fetchpriority=\"high\" decoding=\"async\" src=\"https:\/\/guiaturisticodesinop.com.br\/wp-content\/uploads\/2025\/06\/praca_jardim_curitiba1_sinop_foto01.png\" height=\"397\" width=\"550\" alt=\"Pra\u00e7a Jardim Curitiba I Sinop - Mato Grosso\" class=\"slider-3256 slide-3262 msDefaultImage\" title=\"praca_jardim_curitiba1_sinop_foto01\" \/><\/li>\n                <li style=\"display: none; width: 100%;\" class=\"slide-3263 ms-image \" aria-roledescription=\"slide\" data-date=\"2025-06-24 12:28:52\"><img decoding=\"async\" src=\"https:\/\/guiaturisticodesinop.com.br\/wp-content\/uploads\/2025\/06\/praca_jardim_curitiba1_sinop_foto02.png\" height=\"397\" width=\"550\" alt=\"\" class=\"slider-3256 slide-3263 msDefaultImage\" title=\"praca_jardim_curitiba1_sinop_foto02\" \/><\/li>\n                <li style=\"display: none; width: 100%;\" class=\"slide-3264 ms-image \" aria-roledescription=\"slide\" data-date=\"2025-06-24 12:28:52\"><img decoding=\"async\" src=\"https:\/\/guiaturisticodesinop.com.br\/wp-content\/uploads\/2025\/06\/praca_jardim_curitiba1_sinop_foto03.png\" height=\"397\" width=\"550\" alt=\"\" class=\"slider-3256 slide-3264 msDefaultImage\" title=\"praca_jardim_curitiba1_sinop_foto03\" \/><\/li>\n                <li style=\"display: none; width: 100%;\" class=\"slide-3265 ms-image \" aria-roledescription=\"slide\" data-date=\"2025-06-24 12:28:52\"><img loading=\"lazy\" decoding=\"async\" src=\"https:\/\/guiaturisticodesinop.com.br\/wp-content\/uploads\/2025\/06\/praca_jardim_curitiba1_sinop_foto04.png\" height=\"397\" width=\"550\" alt=\"\" class=\"slider-3256 slide-3265 msDefaultImage\" title=\"praca_jardim_curitiba1_sinop_foto04\" \/><\/li>\n                <li style=\"display: none; width: 100%;\" class=\"slide-3266 ms-image \" aria-roledescription=\"slide\" data-date=\"2025-06-24 12:28:53\"><img loading=\"lazy\" decoding=\"async\" src=\"https:\/\/guiaturisticodesinop.com.br\/wp-content\/uploads\/2025\/06\/praca_jardim_curitiba1_sinop_foto05.png\" height=\"397\" width=\"550\" alt=\"\" class=\"slider-3256 slide-3266 msDefaultImage\" title=\"praca_jardim_curitiba1_sinop_foto05\" \/><\/li>\n            <\/ul>\n        <\/div>\n        \n    <\/div>\n<\/div>\n\n\n\n<br><p class=\"has-text-align-left\"><strong>Pra\u00e7a Jardim Curitiba I<\/strong><\/p>\n\nAv. Joaquim Socreppa, 2535 &#8211; Cep.: 78556-720 &#8211; Jardim Curitiba<br>\nEm frente ao Edif\u00edcio DuoTTori Residence<br>\nSinop\/MT\n<br><br>\n\n\n\n<hr style=\"width: 99.8%; height: 2px; text-align:center\" color=\"#A9A9A9\"\/><br>\n\n\n\n<p><center><img decoding=\"async\" src=\"http:\/\/guiaturisticodesinop.com.br\/vale_do_mirante_sinop\/cadastur.png\" alt=\"Cadastur\" hspace=\"5\"><\/center><\/p>\n\n\n\n<br><p><center><strong>Consulte o portal do Cadastur \/ Minist\u00e9rio do Turismo:<\/strong> <a href=\"https:\/\/cadastur.turismo.gov.br\/hotsite\/\" target=\"_blank\" rel=\"noreferrer noopener\"><br><br>Clicar aqui<\/a><\/center><\/p><br>\n\n\n\n<p align=\"justify\" style=\"color: #000; font-size: 25px \">\n#Pra\u00e7aJardimCuritibaI #Sinop #BrinquedosParaCrian\u00e7as #Lazer #AcademiaAoLivre #PistaCaminhada #Arboriza\u00e7\u00e3o \n<\/p>\n\n\n\n<p><\/p>\n","protected":false},"excerpt":{"rendered":"<p>Pra\u00e7as em Sinop &#8211; Mato Grosso A Pra\u00e7a Jardim Curitiba I representa um importante equipamento de lazer para a sociedade sinopense e visitantes da nossa cidade em geral. O espa\u00e7o est\u00e1 localizada na Av. Joaquim Socreppa, 2535 em frente ao Edif\u00edcio DuoTTori Residence e foi idealizado e concebido como parte [&hellip;]<\/p>\n","protected":false},"author":1,"featured_media":2407,"parent":0,"menu_order":0,"comment_status":"closed","ping_status":"closed","template":"","meta":{"_themeisle_gutenberg_block_has_review":false,"footnotes":""},"class_list":["post-3081","page","type-page","status-publish","has-post-thumbnail","hentry"],"yoast_head":"<!-- This site is optimized with the Yoast SEO plugin v25.3.1 - https:\/\/yoast.com\/wordpress\/plugins\/seo\/ -->\n<title>Pra\u00e7a Jardim Curitiba I - GUIA TUR\u00cdSTICO DE SINOP<\/title>\n<meta name=\"description\" content=\"#Pra\u00e7aJardimCuritibaI #Sinop #BrinquedosParaCrian\u00e7as #Lazer #AcademiaaoLivre #PistaCaminhada #Arboriza\u00e7\u00e3o\" \/>\n<meta name=\"robots\" content=\"index, follow, max-snippet:-1, max-image-preview:large, max-video-preview:-1\" \/>\n<link rel=\"canonical\" href=\"https:\/\/guiaturisticodesinop.com.br\/?page_id=3081\" \/>\n<meta property=\"og:locale\" content=\"pt_BR\" \/>\n<meta property=\"og:type\" content=\"article\" \/>\n<meta property=\"og:title\" content=\"Pra\u00e7a Jardim Curitiba I - GUIA TUR\u00cdSTICO DE SINOP\" \/>\n<meta property=\"og:description\" content=\"#Pra\u00e7aJardimCuritibaI #Sinop #BrinquedosParaCrian\u00e7as #Lazer #AcademiaaoLivre #PistaCaminhada #Arboriza\u00e7\u00e3o\" \/>\n<meta property=\"og:url\" content=\"https:\/\/guiaturisticodesinop.com.br\/?page_id=3081\" \/>\n<meta property=\"og:site_name\" content=\"GUIA TUR\u00cdSTICO DE SINOP\" \/>\n<meta property=\"article:publisher\" content=\"https:\/\/www.facebook.com\/people\/Guia-Turstico-de-Sinop\/100089015200279\/\" \/>\n<meta property=\"article:modified_time\" content=\"2025-06-24T20:35:11+00:00\" \/>\n<meta property=\"og:image\" content=\"https:\/\/guiaturisticodesinop.com.br\/wp-content\/uploads\/2023\/02\/27-mapa-7.png\" \/>\n\t<meta property=\"og:image:width\" content=\"1111\" \/>\n\t<meta property=\"og:image:height\" content=\"354\" \/>\n\t<meta property=\"og:image:type\" content=\"image\/png\" \/>\n<meta name=\"twitter:card\" content=\"summary_large_image\" \/>\n<meta name=\"twitter:label1\" content=\"Est. tempo de leitura\" \/>\n\t<meta name=\"twitter:data1\" content=\"2 minutos\" \/>\n<script type=\"application\/ld+json\" class=\"yoast-schema-graph\">{\"@context\":\"https:\/\/schema.org\",\"@graph\":[{\"@type\":\"WebPage\",\"@id\":\"https:\/\/guiaturisticodesinop.com.br\/?page_id=3081\",\"url\":\"https:\/\/guiaturisticodesinop.com.br\/?page_id=3081\",\"name\":\"Pra\u00e7a Jardim Curitiba I - GUIA TUR\u00cdSTICO DE SINOP\",\"isPartOf\":{\"@id\":\"https:\/\/guiaturisticodesinop.com.br\/#website\"},\"primaryImageOfPage\":{\"@id\":\"https:\/\/guiaturisticodesinop.com.br\/?page_id=3081#primaryimage\"},\"image\":{\"@id\":\"https:\/\/guiaturisticodesinop.com.br\/?page_id=3081#primaryimage\"},\"thumbnailUrl\":\"https:\/\/guiaturisticodesinop.com.br\/wp-content\/uploads\/2023\/02\/27-mapa-7.png\",\"datePublished\":\"2025-06-20T20:44:06+00:00\",\"dateModified\":\"2025-06-24T20:35:11+00:00\",\"description\":\"#Pra\u00e7aJardimCuritibaI #Sinop #BrinquedosParaCrian\u00e7as #Lazer #AcademiaaoLivre #PistaCaminhada #Arboriza\u00e7\u00e3o\",\"breadcrumb\":{\"@id\":\"https:\/\/guiaturisticodesinop.com.br\/?page_id=3081#breadcrumb\"},\"inLanguage\":\"pt-BR\",\"potentialAction\":[{\"@type\":\"ReadAction\",\"target\":[\"https:\/\/guiaturisticodesinop.com.br\/?page_id=3081\"]}]},{\"@type\":\"ImageObject\",\"inLanguage\":\"pt-BR\",\"@id\":\"https:\/\/guiaturisticodesinop.com.br\/?page_id=3081#primaryimage\",\"url\":\"https:\/\/guiaturisticodesinop.com.br\/wp-content\/uploads\/2023\/02\/27-mapa-7.png\",\"contentUrl\":\"https:\/\/guiaturisticodesinop.com.br\/wp-content\/uploads\/2023\/02\/27-mapa-7.png\",\"width\":1111,\"height\":354,\"caption\":\"#Pra\u00e7a Jardim Curitiba II #Sinop #Brinquedos para crian\u00e7as #Lazer #Academia ao livre #Quadras esportiva #Pergolado #Banheiro p\u00fablico #Obra de arte #F\u00e1bio Gomes Trindade\"},{\"@type\":\"BreadcrumbList\",\"@id\":\"https:\/\/guiaturisticodesinop.com.br\/?page_id=3081#breadcrumb\",\"itemListElement\":[{\"@type\":\"ListItem\",\"position\":1,\"name\":\"In\u00edcio\",\"item\":\"https:\/\/guiaturisticodesinop.com.br\/\"},{\"@type\":\"ListItem\",\"position\":2,\"name\":\"Pra\u00e7a Jardim Curitiba I\"}]},{\"@type\":\"WebSite\",\"@id\":\"https:\/\/guiaturisticodesinop.com.br\/#website\",\"url\":\"https:\/\/guiaturisticodesinop.com.br\/\",\"name\":\"GUIA TUR\u00cdSTICO DE SINOP\",\"description\":\"A vitrine on-line do turismo em Sinop para o mundo!\",\"publisher\":{\"@id\":\"https:\/\/guiaturisticodesinop.com.br\/#organization\"},\"potentialAction\":[{\"@type\":\"SearchAction\",\"target\":{\"@type\":\"EntryPoint\",\"urlTemplate\":\"https:\/\/guiaturisticodesinop.com.br\/?s={search_term_string}\"},\"query-input\":{\"@type\":\"PropertyValueSpecification\",\"valueRequired\":true,\"valueName\":\"search_term_string\"}}],\"inLanguage\":\"pt-BR\"},{\"@type\":\"Organization\",\"@id\":\"https:\/\/guiaturisticodesinop.com.br\/#organization\",\"name\":\"GUIA TUR\u00cdSTICO DE SINOP\",\"url\":\"https:\/\/guiaturisticodesinop.com.br\/\",\"logo\":{\"@type\":\"ImageObject\",\"inLanguage\":\"pt-BR\",\"@id\":\"https:\/\/guiaturisticodesinop.com.br\/#\/schema\/logo\/image\/\",\"url\":\"https:\/\/guiaturisticodesinop.com.br\/wp-content\/uploads\/2023\/02\/logo_marca_guia_turistico_de_sinop.png\",\"contentUrl\":\"https:\/\/guiaturisticodesinop.com.br\/wp-content\/uploads\/2023\/02\/logo_marca_guia_turistico_de_sinop.png\",\"width\":250,\"height\":149,\"caption\":\"GUIA TUR\u00cdSTICO DE SINOP\"},\"image\":{\"@id\":\"https:\/\/guiaturisticodesinop.com.br\/#\/schema\/logo\/image\/\"},\"sameAs\":[\"https:\/\/www.facebook.com\/people\/Guia-Turstico-de-Sinop\/100089015200279\/\",\"https:\/\/www.instagram.com\/guiaturisticodesinop\"]}]}<\/script>\n<!-- \/ Yoast SEO plugin. -->","yoast_head_json":{"title":"Pra\u00e7a Jardim Curitiba I - GUIA TUR\u00cdSTICO DE SINOP","description":"#Pra\u00e7aJardimCuritibaI #Sinop #BrinquedosParaCrian\u00e7as #Lazer #AcademiaaoLivre #PistaCaminhada #Arboriza\u00e7\u00e3o","robots":{"index":"index","follow":"follow","max-snippet":"max-snippet:-1","max-image-preview":"max-image-preview:large","max-video-preview":"max-video-preview:-1"},"canonical":"https:\/\/guiaturisticodesinop.com.br\/?page_id=3081","og_locale":"pt_BR","og_type":"article","og_title":"Pra\u00e7a Jardim Curitiba I - GUIA TUR\u00cdSTICO DE SINOP","og_description":"#Pra\u00e7aJardimCuritibaI #Sinop #BrinquedosParaCrian\u00e7as #Lazer #AcademiaaoLivre #PistaCaminhada #Arboriza\u00e7\u00e3o","og_url":"https:\/\/guiaturisticodesinop.com.br\/?page_id=3081","og_site_name":"GUIA TUR\u00cdSTICO DE SINOP","article_publisher":"https:\/\/www.facebook.com\/people\/Guia-Turstico-de-Sinop\/100089015200279\/","article_modified_time":"2025-06-24T20:35:11+00:00","og_image":[{"width":1111,"height":354,"url":"https:\/\/guiaturisticodesinop.com.br\/wp-content\/uploads\/2023\/02\/27-mapa-7.png","type":"image\/png"}],"twitter_card":"summary_large_image","twitter_misc":{"Est. tempo de leitura":"2 minutos"},"schema":{"@context":"https:\/\/schema.org","@graph":[{"@type":"WebPage","@id":"https:\/\/guiaturisticodesinop.com.br\/?page_id=3081","url":"https:\/\/guiaturisticodesinop.com.br\/?page_id=3081","name":"Pra\u00e7a Jardim Curitiba I - GUIA TUR\u00cdSTICO DE SINOP","isPartOf":{"@id":"https:\/\/guiaturisticodesinop.com.br\/#website"},"primaryImageOfPage":{"@id":"https:\/\/guiaturisticodesinop.com.br\/?page_id=3081#primaryimage"},"image":{"@id":"https:\/\/guiaturisticodesinop.com.br\/?page_id=3081#primaryimage"},"thumbnailUrl":"https:\/\/guiaturisticodesinop.com.br\/wp-content\/uploads\/2023\/02\/27-mapa-7.png","datePublished":"2025-06-20T20:44:06+00:00","dateModified":"2025-06-24T20:35:11+00:00","description":"#Pra\u00e7aJardimCuritibaI #Sinop #BrinquedosParaCrian\u00e7as #Lazer #AcademiaaoLivre #PistaCaminhada #Arboriza\u00e7\u00e3o","breadcrumb":{"@id":"https:\/\/guiaturisticodesinop.com.br\/?page_id=3081#breadcrumb"},"inLanguage":"pt-BR","potentialAction":[{"@type":"ReadAction","target":["https:\/\/guiaturisticodesinop.com.br\/?page_id=3081"]}]},{"@type":"ImageObject","inLanguage":"pt-BR","@id":"https:\/\/guiaturisticodesinop.com.br\/?page_id=3081#primaryimage","url":"https:\/\/guiaturisticodesinop.com.br\/wp-content\/uploads\/2023\/02\/27-mapa-7.png","contentUrl":"https:\/\/guiaturisticodesinop.com.br\/wp-content\/uploads\/2023\/02\/27-mapa-7.png","width":1111,"height":354,"caption":"#Pra\u00e7a Jardim Curitiba II #Sinop #Brinquedos para crian\u00e7as #Lazer #Academia ao livre #Quadras esportiva #Pergolado #Banheiro p\u00fablico #Obra de arte #F\u00e1bio Gomes Trindade"},{"@type":"BreadcrumbList","@id":"https:\/\/guiaturisticodesinop.com.br\/?page_id=3081#breadcrumb","itemListElement":[{"@type":"ListItem","position":1,"name":"In\u00edcio","item":"https:\/\/guiaturisticodesinop.com.br\/"},{"@type":"ListItem","position":2,"name":"Pra\u00e7a Jardim Curitiba I"}]},{"@type":"WebSite","@id":"https:\/\/guiaturisticodesinop.com.br\/#website","url":"https:\/\/guiaturisticodesinop.com.br\/","name":"GUIA TUR\u00cdSTICO DE SINOP","description":"A vitrine on-line do turismo em Sinop para o mundo!","publisher":{"@id":"https:\/\/guiaturisticodesinop.com.br\/#organization"},"potentialAction":[{"@type":"SearchAction","target":{"@type":"EntryPoint","urlTemplate":"https:\/\/guiaturisticodesinop.com.br\/?s={search_term_string}"},"query-input":{"@type":"PropertyValueSpecification","valueRequired":true,"valueName":"search_term_string"}}],"inLanguage":"pt-BR"},{"@type":"Organization","@id":"https:\/\/guiaturisticodesinop.com.br\/#organization","name":"GUIA TUR\u00cdSTICO DE SINOP","url":"https:\/\/guiaturisticodesinop.com.br\/","logo":{"@type":"ImageObject","inLanguage":"pt-BR","@id":"https:\/\/guiaturisticodesinop.com.br\/#\/schema\/logo\/image\/","url":"https:\/\/guiaturisticodesinop.com.br\/wp-content\/uploads\/2023\/02\/logo_marca_guia_turistico_de_sinop.png","contentUrl":"https:\/\/guiaturisticodesinop.com.br\/wp-content\/uploads\/2023\/02\/logo_marca_guia_turistico_de_sinop.png","width":250,"height":149,"caption":"GUIA TUR\u00cdSTICO DE SINOP"},"image":{"@id":"https:\/\/guiaturisticodesinop.com.br\/#\/schema\/logo\/image\/"},"sameAs":["https:\/\/www.facebook.com\/people\/Guia-Turstico-de-Sinop\/100089015200279\/","https:\/\/www.instagram.com\/guiaturisticodesinop"]}]}},"_links":{"self":[{"href":"https:\/\/guiaturisticodesinop.com.br\/index.php?rest_route=\/wp\/v2\/pages\/3081","targetHints":{"allow":["GET"]}}],"collection":[{"href":"https:\/\/guiaturisticodesinop.com.br\/index.php?rest_route=\/wp\/v2\/pages"}],"about":[{"href":"https:\/\/guiaturisticodesinop.com.br\/index.php?rest_route=\/wp\/v2\/types\/page"}],"author":[{"embeddable":true,"href":"https:\/\/guiaturisticodesinop.com.br\/index.php?rest_route=\/wp\/v2\/users\/1"}],"replies":[{"embeddable":true,"href":"https:\/\/guiaturisticodesinop.com.br\/index.php?rest_route=%2Fwp%2Fv2%2Fcomments&post=3081"}],"version-history":[{"count":24,"href":"https:\/\/guiaturisticodesinop.com.br\/index.php?rest_route=\/wp\/v2\/pages\/3081\/revisions"}],"predecessor-version":[{"id":3295,"href":"https:\/\/guiaturisticodesinop.com.br\/index.php?rest_route=\/wp\/v2\/pages\/3081\/revisions\/3295"}],"wp:featuredmedia":[{"embeddable":true,"href":"https:\/\/guiaturisticodesinop.com.br\/index.php?rest_route=\/wp\/v2\/media\/2407"}],"wp:attachment":[{"href":"https:\/\/guiaturisticodesinop.com.br\/index.php?rest_route=%2Fwp%2Fv2%2Fmedia&parent=3081"}],"curies":[{"name":"wp","href":"https:\/\/api.w.org\/{rel}","templated":true}]}}