{"id":3003,"date":"2025-06-19T17:08:20","date_gmt":"2025-06-19T21:08:20","guid":{"rendered":"https:\/\/guiaturisticodesinop.com.br\/?page_id=3003"},"modified":"2025-07-09T10:41:58","modified_gmt":"2025-07-09T14:41:58","slug":"artesanato-sinop","status":"publish","type":"page","link":"https:\/\/guiaturisticodesinop.com.br\/?page_id=3003","title":{"rendered":"Casa do Artes\u00e3o | Sinop-MT"},"content":{"rendered":"\n<!DOCTYPE html PUBLIC \"-\/\/W3C\/\/DTD XHTML 1.0 Transitional\/\/EN\" \"http:\/\/www.w3.org\/TR\/xhtml1\/DTD\/xhtml1-transitional.dtd\">\n<html xmlns=\"http:\/\/www.w3.org\/1999\/xhtml\">\n<head>\n<meta http-equiv=\"Content-Type\" content=\"text\/html; charset=utf-8\" \/>\n<title>Casa do Artes\u00e3o em Sinop &#8211; Mato Grosso<\/title>\n\n<!--Inicio das Tags de SEO, mecanismos sensivel ao moteres de buscas Google, Bing e outros-->\n<!--#Casa do Artes\u00e3o #Sinop-->\n<!--#Sinop #Mato_Grosso-->\n<!--#Artesanato #Mato_Grosso-->\n<!--#Lembrancinhas #Sinop #Mato Grosso-->\n<!--#Souvenir #Sinop #Mato Grosso-->\n<!--#Artes\u00e3o #Sinop #Mato Grosso-->\n\n<!--Fim das Tags de SEO-->\n<\/head>\n\n<body>\n<img decoding=\"async\" src=\"http:\/\/guiaturisticodesinop.com.br\/casa_do_artesao_sinop\/casa_do_artesao_sinop_logo.png\" alt=\"Casa do Artes\u00e3o - Sinop - Mato Grosso\" hspace=\"5\"><br><br>\n<\/body>\n<\/html>\n\n\n\n<p align=\"justify\" style=\"color: #000; font-size: 25px \">\nO Localizada na Pra\u00e7a da B\u00edblia em Sinop &#8211; Mato Grosso, a <b>Casa do Artes\u00e3o<\/b> representa um importante centro de comercializa\u00e7\u00e3o do artesanato local, contribuindo com a promo\u00e7\u00e3o e valoriza\u00e7\u00e3o da cultura sinopense. O espa\u00e7o comercializa produtos artesanais como camisetas, bordados, chaveiros, esculturas e diversos tipos de lembrancinhas que representam os principais atrativos tur\u00edsticos, s\u00edmbolos culturais e naturais da nossa fauna e flora regional.<br><br>\nA Casa do Artes\u00e3o possui parceria com os artes\u00e3os locais para que possam expor e comercializar seus produtos.\n<br><br>\n<b>Hor\u00e1rios de funcionamento:<\/b>\n<br>\nSegunda-feira \u00e0 sexta-feira: Das 07:00 \u00e0s 17:00 horas\n<br>\nS\u00e1bados: Das 09:00 \u00e0s 13:00 e das 16:00 \u00e0s 20:00 horas\n<br>\nDomingos e feriados: Das 16:00 \u00e0s 20:00 horas \n<br><br>\n<\/p>\n\n\n\n<p class=\"has-text-align-left\"><strong>Casa do Artes\u00e3o<\/strong><\/p>\n\n\n<p class=\"has-black-color has-text-color\"><img decoding=\"async\" width=\"35\" height=\"35\" class=\"wp-image-450\" style=\"width: 35px;\" src=\"http:\/\/guiaturisticodesinop.com.br\/wp-content\/uploads\/2022\/12\/174879-2.png\" alt=\"\" srcset=\"https:\/\/guiaturisticodesinop.com.br\/wp-content\/uploads\/2022\/12\/174879-2.png 512w, https:\/\/guiaturisticodesinop.com.br\/wp-content\/uploads\/2022\/12\/174879-2-300x300.png 300w, https:\/\/guiaturisticodesinop.com.br\/wp-content\/uploads\/2022\/12\/174879-2-150x150.png 150w\" sizes=\"(max-width: 35px) 100vw, 35px\" \/> 66.99699-4665 | 66.99902-8505<\/p>\n\n\n<p><img decoding=\"async\" width=\"35\" height=\"34\" class=\"wp-image-447\" style=\"width: 35px;\" src=\"http:\/\/guiaturisticodesinop.com.br\/wp-content\/uploads\/2022\/12\/instagram-2.png\" alt=\"Casa do Artes\u00e3o\"> <a rel=\"noreferrer noopener\" href=\"https:\/\/www.instagram.com\/casadoartesaosinop\/\" target=\"_blank\">Casa do Artes\u00e3o<\/a><\/p>\nPra\u00e7a da B\u00edblia <br>\nCep.: 78557097<br>\nSinop\/MT\n<br><br>\n\n\n\n<center>\n<p><strong>Fonte da Pesquisa:<\/strong> <a href=\"https:\/\/www.instagram.com\/casadoartesaosinop\/\" target=\"_blank\" rel=\"noreferrer noopener\">Casa do Artes\u00e3o<\/a><\/p><br>\n<\/center>\n\n\n\n<hr style=\"width: 99.8%; height: 2px; text-align:center\" color=\"#A9A9A9\"\/><br>\n\n\n\n<p><center><img decoding=\"async\" src=\"http:\/\/guiaturisticodesinop.com.br\/vale_do_mirante_sinop\/cadastur.png\" alt=\"Cadastur\" hspace=\"5\"><\/center><\/p>\n\n\n\n<br><p><center><strong>Consulte o portal do Cadastur \/ Minist\u00e9rio do Turismo:<\/strong> <a href=\"https:\/\/cadastur.turismo.gov.br\/hotsite\/\" target=\"_blank\" rel=\"noreferrer noopener\"><br><br>Clicar aqui<\/a><\/center><\/p><br>\n\n\n\n<p align=\"justify\" style=\"color: #000; font-size: 25px \">\n\n<!--#Casa do Artes\u00e3o #Sinop-->\n<!--#Sinop #Mato_Grosso-->\n<!--#Artesanato #Mato_Grosso-->\n<!--#Lembrancinhas #Sinop #Mato Grosso-->\n<!--#Souvenir #Sinop #Mato Grosso-->\n<!--#Artes\u00e3o #Sinop #Mato Grosso-->\n\n#Casa do Artes\u00e3o #Sinop #Artesanato #Lembrancinhas #Loja #Souvenir #Artes\u00e3o\n<\/p>\n\n\n\n<p><\/p>\n\n\n\n<p><\/p>\n","protected":false},"excerpt":{"rendered":"<p>Casa do Artes\u00e3o em Sinop &#8211; Mato Grosso O Localizada na Pra\u00e7a da B\u00edblia em Sinop &#8211; Mato Grosso, a Casa do Artes\u00e3o representa um importante centro de comercializa\u00e7\u00e3o do artesanato local, contribuindo com a promo\u00e7\u00e3o e valoriza\u00e7\u00e3o da cultura sinopense. O espa\u00e7o comercializa produtos artesanais como camisetas, bordados, chaveiros, [&hellip;]<\/p>\n","protected":false},"author":1,"featured_media":2402,"parent":0,"menu_order":0,"comment_status":"closed","ping_status":"closed","template":"","meta":{"_themeisle_gutenberg_block_has_review":false,"footnotes":""},"class_list":["post-3003","page","type-page","status-publish","has-post-thumbnail","hentry"],"yoast_head":"<!-- This site is optimized with the Yoast SEO plugin v25.3.1 - https:\/\/yoast.com\/wordpress\/plugins\/seo\/ -->\n<title>Casa do Artes\u00e3o | Sinop-MT - GUIA TUR\u00cdSTICO DE SINOP<\/title>\n<meta name=\"description\" content=\"#artesanato #sinop casa do artes\u00e3o #loja #artes\u00e3o #souvenir #lembran\u00e7a #lembracinha\" \/>\n<meta name=\"robots\" content=\"index, follow, max-snippet:-1, max-image-preview:large, max-video-preview:-1\" \/>\n<link rel=\"canonical\" href=\"http:\/\/guiaturisticodesinop.com.br\/?page_id=3003\" \/>\n<meta property=\"og:locale\" content=\"pt_BR\" \/>\n<meta property=\"og:type\" content=\"article\" \/>\n<meta property=\"og:title\" content=\"Casa do Artes\u00e3o | Sinop-MT - GUIA TUR\u00cdSTICO DE SINOP\" \/>\n<meta property=\"og:description\" content=\"#artesanato #sinop casa do artes\u00e3o #loja #artes\u00e3o #souvenir #lembran\u00e7a #lembracinha\" \/>\n<meta property=\"og:url\" content=\"http:\/\/guiaturisticodesinop.com.br\/?page_id=3003\" \/>\n<meta property=\"og:site_name\" content=\"GUIA TUR\u00cdSTICO DE SINOP\" \/>\n<meta property=\"article:publisher\" content=\"https:\/\/www.facebook.com\/people\/Guia-Turstico-de-Sinop\/100089015200279\/\" \/>\n<meta property=\"article:modified_time\" content=\"2025-07-09T14:41:58+00:00\" \/>\n<meta property=\"og:image\" content=\"http:\/\/guiaturisticodesinop.com.br\/wp-content\/uploads\/2023\/02\/capa_compras_sinop.png\" \/>\n\t<meta property=\"og:image:width\" content=\"1111\" \/>\n\t<meta property=\"og:image:height\" content=\"354\" \/>\n\t<meta property=\"og:image:type\" content=\"image\/png\" \/>\n<meta name=\"twitter:card\" content=\"summary_large_image\" \/>\n<meta name=\"twitter:label1\" content=\"Est. tempo de leitura\" \/>\n\t<meta name=\"twitter:data1\" content=\"2 minutos\" \/>\n<script type=\"application\/ld+json\" class=\"yoast-schema-graph\">{\"@context\":\"https:\/\/schema.org\",\"@graph\":[{\"@type\":\"WebPage\",\"@id\":\"http:\/\/guiaturisticodesinop.com.br\/?page_id=3003\",\"url\":\"http:\/\/guiaturisticodesinop.com.br\/?page_id=3003\",\"name\":\"Casa do Artes\u00e3o | Sinop-MT - GUIA TUR\u00cdSTICO DE SINOP\",\"isPartOf\":{\"@id\":\"https:\/\/guiaturisticodesinop.com.br\/#website\"},\"primaryImageOfPage\":{\"@id\":\"http:\/\/guiaturisticodesinop.com.br\/?page_id=3003#primaryimage\"},\"image\":{\"@id\":\"http:\/\/guiaturisticodesinop.com.br\/?page_id=3003#primaryimage\"},\"thumbnailUrl\":\"https:\/\/guiaturisticodesinop.com.br\/wp-content\/uploads\/2023\/02\/capa_compras_sinop.png\",\"datePublished\":\"2025-06-19T21:08:20+00:00\",\"dateModified\":\"2025-07-09T14:41:58+00:00\",\"description\":\"#artesanato #sinop casa do artes\u00e3o #loja #artes\u00e3o #souvenir #lembran\u00e7a #lembracinha\",\"breadcrumb\":{\"@id\":\"http:\/\/guiaturisticodesinop.com.br\/?page_id=3003#breadcrumb\"},\"inLanguage\":\"pt-BR\",\"potentialAction\":[{\"@type\":\"ReadAction\",\"target\":[\"http:\/\/guiaturisticodesinop.com.br\/?page_id=3003\"]}]},{\"@type\":\"ImageObject\",\"inLanguage\":\"pt-BR\",\"@id\":\"http:\/\/guiaturisticodesinop.com.br\/?page_id=3003#primaryimage\",\"url\":\"https:\/\/guiaturisticodesinop.com.br\/wp-content\/uploads\/2023\/02\/capa_compras_sinop.png\",\"contentUrl\":\"https:\/\/guiaturisticodesinop.com.br\/wp-content\/uploads\/2023\/02\/capa_compras_sinop.png\",\"width\":1111,\"height\":354},{\"@type\":\"BreadcrumbList\",\"@id\":\"http:\/\/guiaturisticodesinop.com.br\/?page_id=3003#breadcrumb\",\"itemListElement\":[{\"@type\":\"ListItem\",\"position\":1,\"name\":\"In\u00edcio\",\"item\":\"https:\/\/guiaturisticodesinop.com.br\/\"},{\"@type\":\"ListItem\",\"position\":2,\"name\":\"Casa do Artes\u00e3o | Sinop-MT\"}]},{\"@type\":\"WebSite\",\"@id\":\"https:\/\/guiaturisticodesinop.com.br\/#website\",\"url\":\"https:\/\/guiaturisticodesinop.com.br\/\",\"name\":\"GUIA TUR\u00cdSTICO DE SINOP\",\"description\":\"A vitrine on-line do turismo em Sinop para o mundo!\",\"publisher\":{\"@id\":\"https:\/\/guiaturisticodesinop.com.br\/#organization\"},\"potentialAction\":[{\"@type\":\"SearchAction\",\"target\":{\"@type\":\"EntryPoint\",\"urlTemplate\":\"https:\/\/guiaturisticodesinop.com.br\/?s={search_term_string}\"},\"query-input\":{\"@type\":\"PropertyValueSpecification\",\"valueRequired\":true,\"valueName\":\"search_term_string\"}}],\"inLanguage\":\"pt-BR\"},{\"@type\":\"Organization\",\"@id\":\"https:\/\/guiaturisticodesinop.com.br\/#organization\",\"name\":\"GUIA TUR\u00cdSTICO DE SINOP\",\"url\":\"https:\/\/guiaturisticodesinop.com.br\/\",\"logo\":{\"@type\":\"ImageObject\",\"inLanguage\":\"pt-BR\",\"@id\":\"https:\/\/guiaturisticodesinop.com.br\/#\/schema\/logo\/image\/\",\"url\":\"https:\/\/guiaturisticodesinop.com.br\/wp-content\/uploads\/2023\/02\/logo_marca_guia_turistico_de_sinop.png\",\"contentUrl\":\"https:\/\/guiaturisticodesinop.com.br\/wp-content\/uploads\/2023\/02\/logo_marca_guia_turistico_de_sinop.png\",\"width\":250,\"height\":149,\"caption\":\"GUIA TUR\u00cdSTICO DE SINOP\"},\"image\":{\"@id\":\"https:\/\/guiaturisticodesinop.com.br\/#\/schema\/logo\/image\/\"},\"sameAs\":[\"https:\/\/www.facebook.com\/people\/Guia-Turstico-de-Sinop\/100089015200279\/\",\"https:\/\/www.instagram.com\/guiaturisticodesinop\"]}]}<\/script>\n<!-- \/ Yoast SEO plugin. -->","yoast_head_json":{"title":"Casa do Artes\u00e3o | Sinop-MT - GUIA TUR\u00cdSTICO DE SINOP","description":"#artesanato #sinop casa do artes\u00e3o #loja #artes\u00e3o #souvenir #lembran\u00e7a #lembracinha","robots":{"index":"index","follow":"follow","max-snippet":"max-snippet:-1","max-image-preview":"max-image-preview:large","max-video-preview":"max-video-preview:-1"},"canonical":"http:\/\/guiaturisticodesinop.com.br\/?page_id=3003","og_locale":"pt_BR","og_type":"article","og_title":"Casa do Artes\u00e3o | Sinop-MT - GUIA TUR\u00cdSTICO DE SINOP","og_description":"#artesanato #sinop casa do artes\u00e3o #loja #artes\u00e3o #souvenir #lembran\u00e7a #lembracinha","og_url":"http:\/\/guiaturisticodesinop.com.br\/?page_id=3003","og_site_name":"GUIA TUR\u00cdSTICO DE SINOP","article_publisher":"https:\/\/www.facebook.com\/people\/Guia-Turstico-de-Sinop\/100089015200279\/","article_modified_time":"2025-07-09T14:41:58+00:00","og_image":[{"width":1111,"height":354,"url":"http:\/\/guiaturisticodesinop.com.br\/wp-content\/uploads\/2023\/02\/capa_compras_sinop.png","type":"image\/png"}],"twitter_card":"summary_large_image","twitter_misc":{"Est. tempo de leitura":"2 minutos"},"schema":{"@context":"https:\/\/schema.org","@graph":[{"@type":"WebPage","@id":"http:\/\/guiaturisticodesinop.com.br\/?page_id=3003","url":"http:\/\/guiaturisticodesinop.com.br\/?page_id=3003","name":"Casa do Artes\u00e3o | Sinop-MT - GUIA TUR\u00cdSTICO DE SINOP","isPartOf":{"@id":"https:\/\/guiaturisticodesinop.com.br\/#website"},"primaryImageOfPage":{"@id":"http:\/\/guiaturisticodesinop.com.br\/?page_id=3003#primaryimage"},"image":{"@id":"http:\/\/guiaturisticodesinop.com.br\/?page_id=3003#primaryimage"},"thumbnailUrl":"https:\/\/guiaturisticodesinop.com.br\/wp-content\/uploads\/2023\/02\/capa_compras_sinop.png","datePublished":"2025-06-19T21:08:20+00:00","dateModified":"2025-07-09T14:41:58+00:00","description":"#artesanato #sinop casa do artes\u00e3o #loja #artes\u00e3o #souvenir #lembran\u00e7a #lembracinha","breadcrumb":{"@id":"http:\/\/guiaturisticodesinop.com.br\/?page_id=3003#breadcrumb"},"inLanguage":"pt-BR","potentialAction":[{"@type":"ReadAction","target":["http:\/\/guiaturisticodesinop.com.br\/?page_id=3003"]}]},{"@type":"ImageObject","inLanguage":"pt-BR","@id":"http:\/\/guiaturisticodesinop.com.br\/?page_id=3003#primaryimage","url":"https:\/\/guiaturisticodesinop.com.br\/wp-content\/uploads\/2023\/02\/capa_compras_sinop.png","contentUrl":"https:\/\/guiaturisticodesinop.com.br\/wp-content\/uploads\/2023\/02\/capa_compras_sinop.png","width":1111,"height":354},{"@type":"BreadcrumbList","@id":"http:\/\/guiaturisticodesinop.com.br\/?page_id=3003#breadcrumb","itemListElement":[{"@type":"ListItem","position":1,"name":"In\u00edcio","item":"https:\/\/guiaturisticodesinop.com.br\/"},{"@type":"ListItem","position":2,"name":"Casa do Artes\u00e3o | Sinop-MT"}]},{"@type":"WebSite","@id":"https:\/\/guiaturisticodesinop.com.br\/#website","url":"https:\/\/guiaturisticodesinop.com.br\/","name":"GUIA TUR\u00cdSTICO DE SINOP","description":"A vitrine on-line do turismo em Sinop para o mundo!","publisher":{"@id":"https:\/\/guiaturisticodesinop.com.br\/#organization"},"potentialAction":[{"@type":"SearchAction","target":{"@type":"EntryPoint","urlTemplate":"https:\/\/guiaturisticodesinop.com.br\/?s={search_term_string}"},"query-input":{"@type":"PropertyValueSpecification","valueRequired":true,"valueName":"search_term_string"}}],"inLanguage":"pt-BR"},{"@type":"Organization","@id":"https:\/\/guiaturisticodesinop.com.br\/#organization","name":"GUIA TUR\u00cdSTICO DE SINOP","url":"https:\/\/guiaturisticodesinop.com.br\/","logo":{"@type":"ImageObject","inLanguage":"pt-BR","@id":"https:\/\/guiaturisticodesinop.com.br\/#\/schema\/logo\/image\/","url":"https:\/\/guiaturisticodesinop.com.br\/wp-content\/uploads\/2023\/02\/logo_marca_guia_turistico_de_sinop.png","contentUrl":"https:\/\/guiaturisticodesinop.com.br\/wp-content\/uploads\/2023\/02\/logo_marca_guia_turistico_de_sinop.png","width":250,"height":149,"caption":"GUIA TUR\u00cdSTICO DE SINOP"},"image":{"@id":"https:\/\/guiaturisticodesinop.com.br\/#\/schema\/logo\/image\/"},"sameAs":["https:\/\/www.facebook.com\/people\/Guia-Turstico-de-Sinop\/100089015200279\/","https:\/\/www.instagram.com\/guiaturisticodesinop"]}]}},"_links":{"self":[{"href":"https:\/\/guiaturisticodesinop.com.br\/index.php?rest_route=\/wp\/v2\/pages\/3003","targetHints":{"allow":["GET"]}}],"collection":[{"href":"https:\/\/guiaturisticodesinop.com.br\/index.php?rest_route=\/wp\/v2\/pages"}],"about":[{"href":"https:\/\/guiaturisticodesinop.com.br\/index.php?rest_route=\/wp\/v2\/types\/page"}],"author":[{"embeddable":true,"href":"https:\/\/guiaturisticodesinop.com.br\/index.php?rest_route=\/wp\/v2\/users\/1"}],"replies":[{"embeddable":true,"href":"https:\/\/guiaturisticodesinop.com.br\/index.php?rest_route=%2Fwp%2Fv2%2Fcomments&post=3003"}],"version-history":[{"count":20,"href":"https:\/\/guiaturisticodesinop.com.br\/index.php?rest_route=\/wp\/v2\/pages\/3003\/revisions"}],"predecessor-version":[{"id":4012,"href":"https:\/\/guiaturisticodesinop.com.br\/index.php?rest_route=\/wp\/v2\/pages\/3003\/revisions\/4012"}],"wp:featuredmedia":[{"embeddable":true,"href":"https:\/\/guiaturisticodesinop.com.br\/index.php?rest_route=\/wp\/v2\/media\/2402"}],"wp:attachment":[{"href":"https:\/\/guiaturisticodesinop.com.br\/index.php?rest_route=%2Fwp%2Fv2%2Fmedia&parent=3003"}],"curies":[{"name":"wp","href":"https:\/\/api.w.org\/{rel}","templated":true}]}}