{"id":2839,"date":"2025-06-10T14:54:32","date_gmt":"2025-06-10T18:54:32","guid":{"rendered":"https:\/\/guiaturisticodesinop.com.br\/?page_id=2839"},"modified":"2025-06-12T07:47:04","modified_gmt":"2025-06-12T11:47:04","slug":"chacara-recanto-da-lagoa-sinop","status":"publish","type":"page","link":"https:\/\/guiaturisticodesinop.com.br\/?page_id=2839","title":{"rendered":"Ch\u00e1cara Recanto da Lagoa"},"content":{"rendered":"\n<img decoding=\"async\" src=\"http:\/\/guiaturisticodesinop.com.br\/chacara_recanto_da_lagoa_sinop\/chacara_recanto_da_lagoa_sinop.png\" alt=\"Ch\u00e1cara Recanto da Lagoa - Sinop - Mato Grosso\" hspace=\"5\"><br><br>\n\n\n\n<p align=\"justify\" style=\"color: #000; font-size: 25px \">\nO <b>Ch\u00e1cara Recanto da Lagoa<\/b> em Sinop \u00e9 o destino ideal para quem busca tranquilidade, contato com a natureza e experi\u00eancias aut\u00eanticas no cora\u00e7\u00e3o do Mato Grosso. Localizado em Sinop, o espa\u00e7o oferece uma combina\u00e7\u00e3o perfeita entre lazer e contempla\u00e7\u00e3o em meio a um ambiente rural acolhedor.\n<br>\nOs visitantes podem desfrutar de um delicioso caf\u00e9 rural, com sabores t\u00edpicos da regi\u00e3o, preparados com ingredientes frescos e caseiros. O local tamb\u00e9m conta com uma \u00e1rea especial para observa\u00e7\u00e3o de aves, ideal para amantes da natureza e da fotografia, al\u00e9m de um espa\u00e7o de contempla\u00e7\u00e3o cercado por belas \npaisagens.\n<br>\nE para quem deseja se refrescar, o Recanto da Lagoa oferece uma piscina natural de \u00e1guas cristalinas \u2013 perfeita para um banho relaxante em meio \u00e0 natureza.\n<br>\nVenha conhecer esse peda\u00e7o de para\u00edso e viva momentos inesquec\u00edveis no Recanto da Lagoa!\n<\/p>\n\n\n\n<!--https:\/\/guiaturisticodesinop.com.br\/?page_id=2839-->\n\n<html lang=\"pt-br\">\n<head>\n\n<!--Tag que define toda estrutura de codigo desta p\u00e1gina como sendo HTML5-->\n\n<!--Fim Tag que define toda estrutura de codigo desta p\u00e1gina como sendo HTML5-->\n\n<!--Inicio da tag (title), mecanismo importante para os sites de busca-->\n<title>Ch\u00e1cara Recanto da Lagoa :-: Sinop &#8211; Mato Grosso &#8230;<\/title>\n<!--Fim da tag (title), mecanismo importante para os sites de busca-->\n\n<!--Inicio das Tags de SEO, mecanismos sensivel ao moteres de buscas Google, Bing e outros-->\n<meta name=\"description\" content=\"Ch\u00e1cara Recanto da Lagoa - Sinop - Mato Grosso\"\/>\n<meta name=\"description\" content=\"Espa\u00e7o para piquenique\"\/>\n<meta name=\"description\" content=\"Lazer em Sinop - Mato Grosso\"\/>\n<meta name=\"description\" content=\"Turismo em Sinop - Mato Grosso\"\/>\n<meta name=\"description\" content=\"Atrativo tur\u00edstico em Sinop - Mato Grosso\"\/>\n<meta name=\"description\" content=\"Passeios em Sinop - Mato Grosso\"\/>\n<meta name=\"description\" content=\"Camping em Sinop - Mato Grosso\"\/>\n<meta name=\"description\" content=\"Lago em Sinop - Mato Grosso\"\/>\n<meta name=\"description\" content=\"Ch\u00e1cara em Sinop - Mato Grosso\"\/>\n<meta name=\"description\" content=\"Fauna e flora em Sinop - Mato Grosso\"\/>\n<meta name=\"description\" content=\"Ecoturismo em Sinop - Mato Grosso\"\/>\n<meta name=\"description\" content=\"Onde passear em Sinop - Mato Grosso\"\/>\n<meta name=\"description\" content=\"Turismo Rural - Mato Grosso\"\/>\n<meta name=\"description\" content=\"#Lazer #Passeios #Lago #Ecoturismo #Turismo #Atrativo_Turistico #Quadra_esportiva #Turismo_Rural #Sinop\"\/>\n<!--Fim das Tags de SEO-->\n<\/head>\n\n<body onselectstart=\"return false\">\n\n<!--Bloco de codigo em JavaScript responsavel por impedir sele\u00e7\u00e3o \/ copia de imagens--> \n<script language=\"javascript\"> \nfunction desabilitaCopia(){ \nalert (\"C\u00f3pia n\u00e3o permitida.\\n\\n\\ Obrigado pela compreens\u00e3o.\") \nreturn false \n} \ndocument.oncontextmenu=desabilitaCopia \n<\/script>\n<!--Fim do bloco de codigo em JavaScript responsavel por impedir sele\u00e7\u00e3o \/ copia de imagens-->\n\n\n<center>\n<img decoding=\"async\" src=\"http:\/\/guiaturisticodesinop.com.br\/chacara_recanto_da_lagoa_sinop\/chacara_recanto_da_lagoa1_sinop.png\" alt=\"Rancho Vegas - Sinop - Mato Grosso\" hspace=\"5\"><br><br>\n<\/center>\n\n\n\n<\/body>\n<\/html>\n\n\n\n<p class=\"has-text-align-left\"><strong>Ch\u00e1cara Recanto da Lagoa <\/strong><\/p>\n\n\n\n<p class=\"has-black-color has-text-color\"><img decoding=\"async\" width=\"35\" height=\"35\" class=\"wp-image-450\" style=\"width: 35px;\" src=\"http:\/\/guiaturisticodesinop.com.br\/wp-content\/uploads\/2022\/12\/174879-2.png\" alt=\"\" srcset=\"https:\/\/guiaturisticodesinop.com.br\/wp-content\/uploads\/2022\/12\/174879-2.png 512w, https:\/\/guiaturisticodesinop.com.br\/wp-content\/uploads\/2022\/12\/174879-2-300x300.png 300w, https:\/\/guiaturisticodesinop.com.br\/wp-content\/uploads\/2022\/12\/174879-2-150x150.png 150w\" sizes=\"(max-width: 35px) 100vw, 35px\" \/> 66.9.9921-0307<\/p>\n\n<p><img decoding=\"async\" width=\"35\" height=\"34\" class=\"wp-image-447\" style=\"width: 35px;\" src=\"http:\/\/guiaturisticodesinop.com.br\/wp-content\/uploads\/2022\/12\/instagram-2.png\" alt=\"\"> <a rel=\"noreferrer noopener\" href=\"https:\/\/www.instagram.com\/recantodalagoasinop\/\" target=\"_blank\">recantodalagoasinop<\/a><\/p>\n\n\nZona Rural &#8211; Sinop-MT\n<br><br>\n\n\n\n<center>\n<p><strong>Fonte da Pesquisa:<\/strong> <a href=\"https:\/\/www.instagram.com\/recantodalagoasinop\/\" target=\"_blank\" rel=\"noreferrer noopener\">Ch\u00e1cara Recanto da Lagoa<\/a><\/p><br>\n<\/center>\n\n\n\n<hr style=\"width: 99.8%; height: 2px; text-align:center\" color=\"#A9A9A9\"\/><br>\n\n\n\n<p><center><img decoding=\"async\" src=\"http:\/\/guiaturisticodesinop.com.br\/chacara_recanto_da_lagoa_sinop\/cadastur.png\" alt=\"Cadastur\" hspace=\"5\"><\/center><\/p>\n\n\n\n<br><p><center><strong>Consulte o portal do Cadastur \/ Minist\u00e9rio do Turismo:<\/strong> <a href=\"https:\/\/cadastur.turismo.gov.br\/hotsite\/\" target=\"_blank\" rel=\"noreferrer noopener\"><br><br>Clicar aqui<\/a><\/center><\/p><br>\n\n\n\n<p align=\"justify\" style=\"color: #000; font-size: 25px \">\n\n<!--#Ch\u00e1cara_Recanto_da_Lagoa-->\n<!--#Sinop #Mato_Grosso-->\n<!--#Lazer_em_Sinop #Mato_Grosso-->\n<!--#Turismo_em_Sinop #Mato_Grosso-->\n<!--Atrativo_tur\u00edstico #Sinop #Mato_Grosso-->\n<!--#Passeios #Sinop #Mato_Grosso-->\n<!--#Lago #Sinop #Mato_Grosso-->\n<!--#Trilha_ecol\u00f3gica #Sinop #Mato_Grosso-->\n<!--#Fauna #flora #Sinop #Mato_Grosso-->\n<!--#Ecoturismo #Sinop #Mato_Grosso-->\n<!--#Onde_passear #Sinop #Mato_Grosso-->\n<!--#Sinop-->\n\n#Ch\u00e1cara_Recanto_da_Lagoa #Sinop #Lazer #Passeios #Lago #Ecoturismo #Turismo #Atrativo_Turistico #Turismo_Rural #Espa\u00e7o_para_Eventos \n<\/p>\n","protected":false},"excerpt":{"rendered":"<p>O Ch\u00e1cara Recanto da Lagoa em Sinop \u00e9 o destino ideal para quem busca tranquilidade, contato com a natureza e experi\u00eancias aut\u00eanticas no cora\u00e7\u00e3o do Mato Grosso. Localizado em Sinop, o espa\u00e7o oferece uma combina\u00e7\u00e3o perfeita entre lazer e contempla\u00e7\u00e3o em meio a um ambiente rural acolhedor. Os visitantes podem [&hellip;]<\/p>\n","protected":false},"author":1,"featured_media":2326,"parent":0,"menu_order":0,"comment_status":"closed","ping_status":"closed","template":"","meta":{"_themeisle_gutenberg_block_has_review":false,"footnotes":""},"class_list":["post-2839","page","type-page","status-publish","has-post-thumbnail","hentry"],"yoast_head":"<!-- This site is optimized with the Yoast SEO plugin v25.3.1 - https:\/\/yoast.com\/wordpress\/plugins\/seo\/ -->\n<title>Ch\u00e1cara Recanto da Lagoa - GUIA TUR\u00cdSTICO DE SINOP<\/title>\n<meta name=\"robots\" content=\"index, follow, max-snippet:-1, max-image-preview:large, max-video-preview:-1\" \/>\n<link rel=\"canonical\" href=\"http:\/\/guiaturisticodesinop.com.br\/?page_id=2839\" \/>\n<meta property=\"og:locale\" content=\"pt_BR\" \/>\n<meta property=\"og:type\" content=\"article\" \/>\n<meta property=\"og:title\" content=\"Ch\u00e1cara Recanto da Lagoa - GUIA TUR\u00cdSTICO DE SINOP\" \/>\n<meta property=\"og:description\" content=\"O Ch\u00e1cara Recanto da Lagoa em Sinop \u00e9 o destino ideal para quem busca tranquilidade, contato com a natureza e experi\u00eancias aut\u00eanticas no cora\u00e7\u00e3o do Mato Grosso. Localizado em Sinop, o espa\u00e7o oferece uma combina\u00e7\u00e3o perfeita entre lazer e contempla\u00e7\u00e3o em meio a um ambiente rural acolhedor. Os visitantes podem [&hellip;]\" \/>\n<meta property=\"og:url\" content=\"http:\/\/guiaturisticodesinop.com.br\/?page_id=2839\" \/>\n<meta property=\"og:site_name\" content=\"GUIA TUR\u00cdSTICO DE SINOP\" \/>\n<meta property=\"article:publisher\" content=\"https:\/\/www.facebook.com\/people\/Guia-Turstico-de-Sinop\/100089015200279\/\" \/>\n<meta property=\"article:modified_time\" content=\"2025-06-12T11:47:04+00:00\" \/>\n<meta property=\"og:image\" content=\"http:\/\/guiaturisticodesinop.com.br\/wp-content\/uploads\/2023\/02\/27-mapa-5.png\" \/>\n\t<meta property=\"og:image:width\" content=\"1111\" \/>\n\t<meta property=\"og:image:height\" content=\"354\" \/>\n\t<meta property=\"og:image:type\" content=\"image\/png\" \/>\n<meta name=\"twitter:card\" content=\"summary_large_image\" \/>\n<meta name=\"twitter:label1\" content=\"Est. tempo de leitura\" \/>\n\t<meta name=\"twitter:data1\" content=\"1 minuto\" \/>\n<script type=\"application\/ld+json\" class=\"yoast-schema-graph\">{\"@context\":\"https:\/\/schema.org\",\"@graph\":[{\"@type\":\"WebPage\",\"@id\":\"http:\/\/guiaturisticodesinop.com.br\/?page_id=2839\",\"url\":\"http:\/\/guiaturisticodesinop.com.br\/?page_id=2839\",\"name\":\"Ch\u00e1cara Recanto da Lagoa - GUIA TUR\u00cdSTICO DE SINOP\",\"isPartOf\":{\"@id\":\"https:\/\/guiaturisticodesinop.com.br\/#website\"},\"primaryImageOfPage\":{\"@id\":\"http:\/\/guiaturisticodesinop.com.br\/?page_id=2839#primaryimage\"},\"image\":{\"@id\":\"http:\/\/guiaturisticodesinop.com.br\/?page_id=2839#primaryimage\"},\"thumbnailUrl\":\"https:\/\/guiaturisticodesinop.com.br\/wp-content\/uploads\/2023\/02\/27-mapa-5.png\",\"datePublished\":\"2025-06-10T18:54:32+00:00\",\"dateModified\":\"2025-06-12T11:47:04+00:00\",\"breadcrumb\":{\"@id\":\"http:\/\/guiaturisticodesinop.com.br\/?page_id=2839#breadcrumb\"},\"inLanguage\":\"pt-BR\",\"potentialAction\":[{\"@type\":\"ReadAction\",\"target\":[\"http:\/\/guiaturisticodesinop.com.br\/?page_id=2839\"]}]},{\"@type\":\"ImageObject\",\"inLanguage\":\"pt-BR\",\"@id\":\"http:\/\/guiaturisticodesinop.com.br\/?page_id=2839#primaryimage\",\"url\":\"https:\/\/guiaturisticodesinop.com.br\/wp-content\/uploads\/2023\/02\/27-mapa-5.png\",\"contentUrl\":\"https:\/\/guiaturisticodesinop.com.br\/wp-content\/uploads\/2023\/02\/27-mapa-5.png\",\"width\":1111,\"height\":354},{\"@type\":\"BreadcrumbList\",\"@id\":\"http:\/\/guiaturisticodesinop.com.br\/?page_id=2839#breadcrumb\",\"itemListElement\":[{\"@type\":\"ListItem\",\"position\":1,\"name\":\"In\u00edcio\",\"item\":\"https:\/\/guiaturisticodesinop.com.br\/\"},{\"@type\":\"ListItem\",\"position\":2,\"name\":\"Ch\u00e1cara Recanto da Lagoa\"}]},{\"@type\":\"WebSite\",\"@id\":\"https:\/\/guiaturisticodesinop.com.br\/#website\",\"url\":\"https:\/\/guiaturisticodesinop.com.br\/\",\"name\":\"GUIA TUR\u00cdSTICO DE SINOP\",\"description\":\"A vitrine on-line do turismo em Sinop para o mundo!\",\"publisher\":{\"@id\":\"https:\/\/guiaturisticodesinop.com.br\/#organization\"},\"potentialAction\":[{\"@type\":\"SearchAction\",\"target\":{\"@type\":\"EntryPoint\",\"urlTemplate\":\"https:\/\/guiaturisticodesinop.com.br\/?s={search_term_string}\"},\"query-input\":{\"@type\":\"PropertyValueSpecification\",\"valueRequired\":true,\"valueName\":\"search_term_string\"}}],\"inLanguage\":\"pt-BR\"},{\"@type\":\"Organization\",\"@id\":\"https:\/\/guiaturisticodesinop.com.br\/#organization\",\"name\":\"GUIA TUR\u00cdSTICO DE SINOP\",\"url\":\"https:\/\/guiaturisticodesinop.com.br\/\",\"logo\":{\"@type\":\"ImageObject\",\"inLanguage\":\"pt-BR\",\"@id\":\"https:\/\/guiaturisticodesinop.com.br\/#\/schema\/logo\/image\/\",\"url\":\"https:\/\/guiaturisticodesinop.com.br\/wp-content\/uploads\/2023\/02\/logo_marca_guia_turistico_de_sinop.png\",\"contentUrl\":\"https:\/\/guiaturisticodesinop.com.br\/wp-content\/uploads\/2023\/02\/logo_marca_guia_turistico_de_sinop.png\",\"width\":250,\"height\":149,\"caption\":\"GUIA TUR\u00cdSTICO DE SINOP\"},\"image\":{\"@id\":\"https:\/\/guiaturisticodesinop.com.br\/#\/schema\/logo\/image\/\"},\"sameAs\":[\"https:\/\/www.facebook.com\/people\/Guia-Turstico-de-Sinop\/100089015200279\/\",\"https:\/\/www.instagram.com\/guiaturisticodesinop\"]}]}<\/script>\n<!-- \/ Yoast SEO plugin. -->","yoast_head_json":{"title":"Ch\u00e1cara Recanto da Lagoa - GUIA TUR\u00cdSTICO DE SINOP","robots":{"index":"index","follow":"follow","max-snippet":"max-snippet:-1","max-image-preview":"max-image-preview:large","max-video-preview":"max-video-preview:-1"},"canonical":"http:\/\/guiaturisticodesinop.com.br\/?page_id=2839","og_locale":"pt_BR","og_type":"article","og_title":"Ch\u00e1cara Recanto da Lagoa - GUIA TUR\u00cdSTICO DE SINOP","og_description":"O Ch\u00e1cara Recanto da Lagoa em Sinop \u00e9 o destino ideal para quem busca tranquilidade, contato com a natureza e experi\u00eancias aut\u00eanticas no cora\u00e7\u00e3o do Mato Grosso. Localizado em Sinop, o espa\u00e7o oferece uma combina\u00e7\u00e3o perfeita entre lazer e contempla\u00e7\u00e3o em meio a um ambiente rural acolhedor. Os visitantes podem [&hellip;]","og_url":"http:\/\/guiaturisticodesinop.com.br\/?page_id=2839","og_site_name":"GUIA TUR\u00cdSTICO DE SINOP","article_publisher":"https:\/\/www.facebook.com\/people\/Guia-Turstico-de-Sinop\/100089015200279\/","article_modified_time":"2025-06-12T11:47:04+00:00","og_image":[{"width":1111,"height":354,"url":"http:\/\/guiaturisticodesinop.com.br\/wp-content\/uploads\/2023\/02\/27-mapa-5.png","type":"image\/png"}],"twitter_card":"summary_large_image","twitter_misc":{"Est. tempo de leitura":"1 minuto"},"schema":{"@context":"https:\/\/schema.org","@graph":[{"@type":"WebPage","@id":"http:\/\/guiaturisticodesinop.com.br\/?page_id=2839","url":"http:\/\/guiaturisticodesinop.com.br\/?page_id=2839","name":"Ch\u00e1cara Recanto da Lagoa - GUIA TUR\u00cdSTICO DE SINOP","isPartOf":{"@id":"https:\/\/guiaturisticodesinop.com.br\/#website"},"primaryImageOfPage":{"@id":"http:\/\/guiaturisticodesinop.com.br\/?page_id=2839#primaryimage"},"image":{"@id":"http:\/\/guiaturisticodesinop.com.br\/?page_id=2839#primaryimage"},"thumbnailUrl":"https:\/\/guiaturisticodesinop.com.br\/wp-content\/uploads\/2023\/02\/27-mapa-5.png","datePublished":"2025-06-10T18:54:32+00:00","dateModified":"2025-06-12T11:47:04+00:00","breadcrumb":{"@id":"http:\/\/guiaturisticodesinop.com.br\/?page_id=2839#breadcrumb"},"inLanguage":"pt-BR","potentialAction":[{"@type":"ReadAction","target":["http:\/\/guiaturisticodesinop.com.br\/?page_id=2839"]}]},{"@type":"ImageObject","inLanguage":"pt-BR","@id":"http:\/\/guiaturisticodesinop.com.br\/?page_id=2839#primaryimage","url":"https:\/\/guiaturisticodesinop.com.br\/wp-content\/uploads\/2023\/02\/27-mapa-5.png","contentUrl":"https:\/\/guiaturisticodesinop.com.br\/wp-content\/uploads\/2023\/02\/27-mapa-5.png","width":1111,"height":354},{"@type":"BreadcrumbList","@id":"http:\/\/guiaturisticodesinop.com.br\/?page_id=2839#breadcrumb","itemListElement":[{"@type":"ListItem","position":1,"name":"In\u00edcio","item":"https:\/\/guiaturisticodesinop.com.br\/"},{"@type":"ListItem","position":2,"name":"Ch\u00e1cara Recanto da Lagoa"}]},{"@type":"WebSite","@id":"https:\/\/guiaturisticodesinop.com.br\/#website","url":"https:\/\/guiaturisticodesinop.com.br\/","name":"GUIA TUR\u00cdSTICO DE SINOP","description":"A vitrine on-line do turismo em Sinop para o mundo!","publisher":{"@id":"https:\/\/guiaturisticodesinop.com.br\/#organization"},"potentialAction":[{"@type":"SearchAction","target":{"@type":"EntryPoint","urlTemplate":"https:\/\/guiaturisticodesinop.com.br\/?s={search_term_string}"},"query-input":{"@type":"PropertyValueSpecification","valueRequired":true,"valueName":"search_term_string"}}],"inLanguage":"pt-BR"},{"@type":"Organization","@id":"https:\/\/guiaturisticodesinop.com.br\/#organization","name":"GUIA TUR\u00cdSTICO DE SINOP","url":"https:\/\/guiaturisticodesinop.com.br\/","logo":{"@type":"ImageObject","inLanguage":"pt-BR","@id":"https:\/\/guiaturisticodesinop.com.br\/#\/schema\/logo\/image\/","url":"https:\/\/guiaturisticodesinop.com.br\/wp-content\/uploads\/2023\/02\/logo_marca_guia_turistico_de_sinop.png","contentUrl":"https:\/\/guiaturisticodesinop.com.br\/wp-content\/uploads\/2023\/02\/logo_marca_guia_turistico_de_sinop.png","width":250,"height":149,"caption":"GUIA TUR\u00cdSTICO DE SINOP"},"image":{"@id":"https:\/\/guiaturisticodesinop.com.br\/#\/schema\/logo\/image\/"},"sameAs":["https:\/\/www.facebook.com\/people\/Guia-Turstico-de-Sinop\/100089015200279\/","https:\/\/www.instagram.com\/guiaturisticodesinop"]}]}},"_links":{"self":[{"href":"https:\/\/guiaturisticodesinop.com.br\/index.php?rest_route=\/wp\/v2\/pages\/2839","targetHints":{"allow":["GET"]}}],"collection":[{"href":"https:\/\/guiaturisticodesinop.com.br\/index.php?rest_route=\/wp\/v2\/pages"}],"about":[{"href":"https:\/\/guiaturisticodesinop.com.br\/index.php?rest_route=\/wp\/v2\/types\/page"}],"author":[{"embeddable":true,"href":"https:\/\/guiaturisticodesinop.com.br\/index.php?rest_route=\/wp\/v2\/users\/1"}],"replies":[{"embeddable":true,"href":"https:\/\/guiaturisticodesinop.com.br\/index.php?rest_route=%2Fwp%2Fv2%2Fcomments&post=2839"}],"version-history":[{"count":23,"href":"https:\/\/guiaturisticodesinop.com.br\/index.php?rest_route=\/wp\/v2\/pages\/2839\/revisions"}],"predecessor-version":[{"id":2966,"href":"https:\/\/guiaturisticodesinop.com.br\/index.php?rest_route=\/wp\/v2\/pages\/2839\/revisions\/2966"}],"wp:featuredmedia":[{"embeddable":true,"href":"https:\/\/guiaturisticodesinop.com.br\/index.php?rest_route=\/wp\/v2\/media\/2326"}],"wp:attachment":[{"href":"https:\/\/guiaturisticodesinop.com.br\/index.php?rest_route=%2Fwp%2Fv2%2Fmedia&parent=2839"}],"curies":[{"name":"wp","href":"https:\/\/api.w.org\/{rel}","templated":true}]}}