{"id":2673,"date":"2024-07-09T09:00:48","date_gmt":"2024-07-09T13:00:48","guid":{"rendered":"http:\/\/guiaturisticodesinop.com.br\/?page_id=2673"},"modified":"2025-06-12T07:33:25","modified_gmt":"2025-06-12T11:33:25","slug":"rancho-vegas","status":"publish","type":"page","link":"https:\/\/guiaturisticodesinop.com.br\/?page_id=2673","title":{"rendered":"Rancho Vegas"},"content":{"rendered":"\n<img decoding=\"async\" src=\"http:\/\/guiaturisticodesinop.com.br\/rancho_vegas\/rancho_vegas_sinop.png\" alt=\"Rancho Vegas - Sinop - Mato Grosso\" hspace=\"5\"><br><br>\n\n\n\n<p align=\"justify\" style=\"color: #000; font-size: 25px \">\nSe voc\u00ea pensa em lazer e descanso em contato com a natureza, o <b>Rancho Vegas<\/b> \u00e9 o lugar certo!\n<br>\nLocalizado \u00e0 600 metros do Rio Telas Pires e a cerca de 30 km de Sinop, o Rancho Vegas possui estrutura com espa\u00e7o coberto, estacionamento, pscina, \u00e1rea para churrasqueira, cozinha equipada e casa mobiliada com 2 quartos que acomoda at\u00e9 10 pessoas.\n<\/p>\n\n\n\n<!--http:\/\/www.professorgabriel.com.br-->\n\n<html lang=\"pt-br\">\n<head>\n\n<!--Tag que define toda estrutura de codigo desta p\u00e1gina como sendo HTML5-->\n<meta charset=\"utf-8\" \/>\n<!--Fim Tag que define toda estrutura de codigo desta p\u00e1gina como sendo HTML5-->\n\n<!--Inicio da tag (title), mecanismo importante para os sites de busca-->\n<title>Rancho Vegas &#8211; Sinop &#8211; Mato Grosso<\/title>\n<!--Fim da tag (title), mecanismo importante para os sites de busca-->\n\n<!--Inicio das Tags de SEO, mecanismos sensivel ao moteres de buscas Google, Bing e outros-->\n<meta name=\"description\" content=\"Rancho Vegas - Sinop - Mato Grosso\"\/>\n<meta name=\"description\" content=\"Espa\u00e7o para eventos\"\/>\n<meta name=\"description\" content=\"Lazer em Sinop - Mato Grosso\"\/>\n<meta name=\"description\" content=\"Turismo em Sinop - Mato Grosso\"\/>\n<meta name=\"description\" content=\"Atrativo tur\u00edstico em Sinop - Mato Grosso\"\/>\n<meta name=\"description\" content=\"Passeios em Sinop - Mato Grosso\"\/>\n<meta name=\"description\" content=\"Pesca em Sinop - Mato Grosso\"\/>\n<meta name=\"description\" content=\"Pescaria em Sinop - Mato Grosso\"\/>\n<meta name=\"description\" content=\"Rio Teles Pires em Sinop - Mato Grosso\"\/>\n<meta name=\"description\" content=\"Espa\u00e7os de aluguel para eventos em Sinop - Mato Grosso\"\/>\n<meta name=\"description\" content=\"Trilha ecol\u00f3gica em Sinop - Mato Grosso\"\/>\n<meta name=\"description\" content=\"Lagos em Sinop - Mato Grosso\"\/>\n<meta name=\"description\" content=\"Fauna e flora em Sinop - Mato Grosso\"\/>\n<meta name=\"description\" content=\"Ecoturismo em Sinop - Mato Grosso\"\/>\n<meta name=\"description\" content=\"Onde passear em Sinop - Mato Grosso\"\/>\n<meta name=\"description\" content=\"#Lazer#Passeios#Turismo_Rural#Camping#Ecoturismo#Turismo#Atrativo_Turistico#Rancho_Vegas#Sinop\"\/>\n<!--Fim das Tags de SEO-->\n\n\n\t<!--Inicio da estrutura de codigo que linka \/ chama a p\u00e1gina de codigo CSS-->\n<link rel=\"stylesheet\" href=\"rancho_vegas\/gallery.theme.css\"\/>\n<link rel=\"stylesheet\" href=\"rancho_vegas\/gallery.min.css\"\/>\n<!--Fim da estrutura de codigo que linka \/ chama a p\u00e1gina de codigo CSS-->\n<\/head>\n\n\n<!--https:\/\/github.com\/benschwarz\/gallery-css-->\n<!--https:\/\/www.youtube.com\/watch?v=AmG2vFnHVfI&t=606s-->\n<!--https:\/\/imasters.com.br\/css\/slide-com-css-puro-simples-facil-e-rapido-->\n\n<\/head>\n\n<body>\n<center>\n<table bgcolor=\"#FFFFFF\" width=\"705px\" border=\"0\" align=\"center\" cellpadding=\"1\" cellspacing=\"1\">\n<tr>\n<td colspan=\"3\">\n\n\n<div class=\"gallery autoplay items-3\">\n\n<div id=\"item-1\" class=\"control-operator\"><\/div> \n<div id=\"item-2\" class=\"control-operator\"><\/div>\n<div id=\"item-3\" class=\"control-operator\"><\/div>\n\n\n<figure class=\"item\">\n<h1><img decoding=\"async\" src=\"rancho_vegas\/rancho_vegas1.png\"\/><\/h1>\n<\/figure>\n\n<figure class=\"item\">\n<h1><img decoding=\"async\" src=\"rancho_vegas\/rancho_vegas2.png\"\/><\/h1>\n<\/figure>\n\n<figure class=\"item\">\n<h1><img decoding=\"async\" src=\"rancho_vegas\/rancho_vegas3.png\"\/><\/h1>\n<\/figure>\n\n\n<div class=\"controls\">\n<a href=\"#item-1\" class=\"control-button\">.<\/a> \n<a href=\"#item-2\" class=\"control-button\">.<\/a> \n<a href=\"#item-3\" class=\"control-button\">.<\/a> \n<\/div>\n\n\n\n\n<\/td>\n<\/tr>\n\n<\/table>\n<\/center>\n\n<\/body>\n<\/html>\n\n\n\n<br><p class=\"has-text-align-left\"><strong>Rancho Vegas <\/strong><\/p>\n\n\n\n<p class=\"has-black-color has-text-color\"><img decoding=\"async\" width=\"35\" height=\"35\" class=\"wp-image-450\" style=\"width: 35px;\" src=\"http:\/\/guiaturisticodesinop.com.br\/wp-content\/uploads\/2022\/12\/174879-2.png\" alt=\"\" srcset=\"https:\/\/guiaturisticodesinop.com.br\/wp-content\/uploads\/2022\/12\/174879-2.png 512w, https:\/\/guiaturisticodesinop.com.br\/wp-content\/uploads\/2022\/12\/174879-2-300x300.png 300w, https:\/\/guiaturisticodesinop.com.br\/wp-content\/uploads\/2022\/12\/174879-2-150x150.png 150w\" sizes=\"(max-width: 35px) 100vw, 35px\" \/> 66.99662-5758<\/p>\n\n<p><img decoding=\"async\" width=\"35\" height=\"34\" class=\"wp-image-447\" style=\"width: 35px;\" src=\"http:\/\/guiaturisticodesinop.com.br\/wp-content\/uploads\/2022\/12\/instagram-2.png\" alt=\"\"> <a rel=\"noreferrer noopener\" href=\"https:\/\/www.instagram.com\/ranchovegas.sinop\/\" target=\"_blank\">ranchovegas.sinop<\/a><\/p>\n\n\nZona Rural &#8211; Sinop-MT\n<br><br>\n\n\n\n<hr style=\"width: 99.8%; height: 2px; text-align:center\" color=\"#A9A9A9\"\/><br>\n\n\n\n<p><center><img decoding=\"async\" src=\"http:\/\/guiaturisticodesinop.com.br\/rancho_vegas\/cadastur.png\" alt=\"Cadastur\" hspace=\"5\"><\/center><\/p>\n\n\n\n<br><p><center><strong>Consulte o portal do Cadastur \/ Minist\u00e9rio do Turismo:<\/strong> <a href=\"https:\/\/cadastur.turismo.gov.br\/hotsite\/\" target=\"_blank\" rel=\"noreferrer noopener\"><br><br>Clicar aqui<\/a><\/center><\/p><br>\n\n\n\n<p align=\"justify\" style=\"color: #000; font-size: 25px \">\n\n<!--#Rancho_Vegas #Sinop #Mato_Grosso-->\n<!--#Espa\u00e7o_para_eventos #Sinop #Mato_Grosso-->\n<!--#Lazer_em_Sinop #Mato_Grosso-->\n<!--#Turismo_em_Sinop #Mato_Grosso-->\n<!--Atrativo_tur\u00edstico #Sinop #Mato_Grosso-->\n<!--#Passeios #Sinop #Mato_Grosso-->\n<!--#Pesca #Sinop #Mato_Grosso-->\n<!--#Pescaria #Sinop #Mato_Grosso-->\n<!--#Rio_Teles_Pires #Sinop #Mato_Grosso-->\n<!--#Espa\u00e7os_de_aluguel_para_eventos #Sinop #Mato_Grosso-->\n<!--#Trilha_ecol\u00f3gica #Sinop #Mato_Grosso-->\n<!--#Lagos #Sinop #Mato_Grosso-->\n<!--#Fauna #flora #Sinop #Mato_Grosso-->\n<!--#Ecoturismo #Sinop #Mato_Grosso-->\n<!--#Onde_passear #Sinop #Mato_Grosso-->\n\n\n#sinop #lazer #turismo #espa\u00e7o_para_eventos #lago #trilha #turismo_rural #pescaria #pesca #rancho_vegas\n<\/p>\n\n\n\n<p><\/p>\n","protected":false},"excerpt":{"rendered":"<p>Se voc\u00ea pensa em lazer e descanso em contato com a natureza, o Rancho Vegas \u00e9 o lugar certo! Localizado \u00e0 600 metros do Rio Telas Pires e a cerca de 30 km de Sinop, o Rancho Vegas possui estrutura com espa\u00e7o coberto, estacionamento, pscina, \u00e1rea para churrasqueira, cozinha equipada [&hellip;]<\/p>\n","protected":false},"author":1,"featured_media":2407,"parent":0,"menu_order":0,"comment_status":"closed","ping_status":"closed","template":"","meta":{"_themeisle_gutenberg_block_has_review":false,"footnotes":""},"class_list":["post-2673","page","type-page","status-publish","has-post-thumbnail","hentry"],"yoast_head":"<!-- This site is optimized with the Yoast SEO plugin v25.3.1 - https:\/\/yoast.com\/wordpress\/plugins\/seo\/ -->\n<title>Rancho Vegas - GUIA TUR\u00cdSTICO DE SINOP<\/title>\n<meta name=\"robots\" content=\"index, follow, max-snippet:-1, max-image-preview:large, max-video-preview:-1\" \/>\n<link rel=\"canonical\" href=\"http:\/\/guiaturisticodesinop.com.br\/?page_id=2673\" \/>\n<meta property=\"og:locale\" content=\"pt_BR\" \/>\n<meta property=\"og:type\" content=\"article\" \/>\n<meta property=\"og:title\" content=\"Rancho Vegas - GUIA TUR\u00cdSTICO DE SINOP\" \/>\n<meta property=\"og:description\" content=\"Se voc\u00ea pensa em lazer e descanso em contato com a natureza, o Rancho Vegas \u00e9 o lugar certo! Localizado \u00e0 600 metros do Rio Telas Pires e a cerca de 30 km de Sinop, o Rancho Vegas possui estrutura com espa\u00e7o coberto, estacionamento, pscina, \u00e1rea para churrasqueira, cozinha equipada [&hellip;]\" \/>\n<meta property=\"og:url\" content=\"http:\/\/guiaturisticodesinop.com.br\/?page_id=2673\" \/>\n<meta property=\"og:site_name\" content=\"GUIA TUR\u00cdSTICO DE SINOP\" \/>\n<meta property=\"article:publisher\" content=\"https:\/\/www.facebook.com\/people\/Guia-Turstico-de-Sinop\/100089015200279\/\" \/>\n<meta property=\"article:modified_time\" content=\"2025-06-12T11:33:25+00:00\" \/>\n<meta property=\"og:image\" content=\"http:\/\/guiaturisticodesinop.com.br\/wp-content\/uploads\/2023\/02\/27-mapa-7.png\" \/>\n\t<meta property=\"og:image:width\" content=\"1111\" \/>\n\t<meta property=\"og:image:height\" content=\"354\" \/>\n\t<meta property=\"og:image:type\" content=\"image\/png\" \/>\n<meta name=\"twitter:card\" content=\"summary_large_image\" \/>\n<script type=\"application\/ld+json\" class=\"yoast-schema-graph\">{\"@context\":\"https:\/\/schema.org\",\"@graph\":[{\"@type\":\"WebPage\",\"@id\":\"http:\/\/guiaturisticodesinop.com.br\/?page_id=2673\",\"url\":\"http:\/\/guiaturisticodesinop.com.br\/?page_id=2673\",\"name\":\"Rancho Vegas - GUIA TUR\u00cdSTICO DE SINOP\",\"isPartOf\":{\"@id\":\"https:\/\/guiaturisticodesinop.com.br\/#website\"},\"primaryImageOfPage\":{\"@id\":\"http:\/\/guiaturisticodesinop.com.br\/?page_id=2673#primaryimage\"},\"image\":{\"@id\":\"http:\/\/guiaturisticodesinop.com.br\/?page_id=2673#primaryimage\"},\"thumbnailUrl\":\"https:\/\/guiaturisticodesinop.com.br\/wp-content\/uploads\/2023\/02\/27-mapa-7.png\",\"datePublished\":\"2024-07-09T13:00:48+00:00\",\"dateModified\":\"2025-06-12T11:33:25+00:00\",\"breadcrumb\":{\"@id\":\"http:\/\/guiaturisticodesinop.com.br\/?page_id=2673#breadcrumb\"},\"inLanguage\":\"pt-BR\",\"potentialAction\":[{\"@type\":\"ReadAction\",\"target\":[\"http:\/\/guiaturisticodesinop.com.br\/?page_id=2673\"]}]},{\"@type\":\"ImageObject\",\"inLanguage\":\"pt-BR\",\"@id\":\"http:\/\/guiaturisticodesinop.com.br\/?page_id=2673#primaryimage\",\"url\":\"https:\/\/guiaturisticodesinop.com.br\/wp-content\/uploads\/2023\/02\/27-mapa-7.png\",\"contentUrl\":\"https:\/\/guiaturisticodesinop.com.br\/wp-content\/uploads\/2023\/02\/27-mapa-7.png\",\"width\":1111,\"height\":354,\"caption\":\"#Pra\u00e7a Jardim Curitiba II #Sinop #Brinquedos para crian\u00e7as #Lazer #Academia ao livre #Quadras esportiva #Pergolado #Banheiro p\u00fablico #Obra de arte #F\u00e1bio Gomes Trindade\"},{\"@type\":\"BreadcrumbList\",\"@id\":\"http:\/\/guiaturisticodesinop.com.br\/?page_id=2673#breadcrumb\",\"itemListElement\":[{\"@type\":\"ListItem\",\"position\":1,\"name\":\"In\u00edcio\",\"item\":\"https:\/\/guiaturisticodesinop.com.br\/\"},{\"@type\":\"ListItem\",\"position\":2,\"name\":\"Rancho Vegas\"}]},{\"@type\":\"WebSite\",\"@id\":\"https:\/\/guiaturisticodesinop.com.br\/#website\",\"url\":\"https:\/\/guiaturisticodesinop.com.br\/\",\"name\":\"GUIA TUR\u00cdSTICO DE SINOP\",\"description\":\"A vitrine on-line do turismo em Sinop para o mundo!\",\"publisher\":{\"@id\":\"https:\/\/guiaturisticodesinop.com.br\/#organization\"},\"potentialAction\":[{\"@type\":\"SearchAction\",\"target\":{\"@type\":\"EntryPoint\",\"urlTemplate\":\"https:\/\/guiaturisticodesinop.com.br\/?s={search_term_string}\"},\"query-input\":{\"@type\":\"PropertyValueSpecification\",\"valueRequired\":true,\"valueName\":\"search_term_string\"}}],\"inLanguage\":\"pt-BR\"},{\"@type\":\"Organization\",\"@id\":\"https:\/\/guiaturisticodesinop.com.br\/#organization\",\"name\":\"GUIA TUR\u00cdSTICO DE SINOP\",\"url\":\"https:\/\/guiaturisticodesinop.com.br\/\",\"logo\":{\"@type\":\"ImageObject\",\"inLanguage\":\"pt-BR\",\"@id\":\"https:\/\/guiaturisticodesinop.com.br\/#\/schema\/logo\/image\/\",\"url\":\"https:\/\/guiaturisticodesinop.com.br\/wp-content\/uploads\/2023\/02\/logo_marca_guia_turistico_de_sinop.png\",\"contentUrl\":\"https:\/\/guiaturisticodesinop.com.br\/wp-content\/uploads\/2023\/02\/logo_marca_guia_turistico_de_sinop.png\",\"width\":250,\"height\":149,\"caption\":\"GUIA TUR\u00cdSTICO DE SINOP\"},\"image\":{\"@id\":\"https:\/\/guiaturisticodesinop.com.br\/#\/schema\/logo\/image\/\"},\"sameAs\":[\"https:\/\/www.facebook.com\/people\/Guia-Turstico-de-Sinop\/100089015200279\/\",\"https:\/\/www.instagram.com\/guiaturisticodesinop\"]}]}<\/script>\n<!-- \/ Yoast SEO plugin. -->","yoast_head_json":{"title":"Rancho Vegas - GUIA TUR\u00cdSTICO DE SINOP","robots":{"index":"index","follow":"follow","max-snippet":"max-snippet:-1","max-image-preview":"max-image-preview:large","max-video-preview":"max-video-preview:-1"},"canonical":"http:\/\/guiaturisticodesinop.com.br\/?page_id=2673","og_locale":"pt_BR","og_type":"article","og_title":"Rancho Vegas - GUIA TUR\u00cdSTICO DE SINOP","og_description":"Se voc\u00ea pensa em lazer e descanso em contato com a natureza, o Rancho Vegas \u00e9 o lugar certo! Localizado \u00e0 600 metros do Rio Telas Pires e a cerca de 30 km de Sinop, o Rancho Vegas possui estrutura com espa\u00e7o coberto, estacionamento, pscina, \u00e1rea para churrasqueira, cozinha equipada [&hellip;]","og_url":"http:\/\/guiaturisticodesinop.com.br\/?page_id=2673","og_site_name":"GUIA TUR\u00cdSTICO DE SINOP","article_publisher":"https:\/\/www.facebook.com\/people\/Guia-Turstico-de-Sinop\/100089015200279\/","article_modified_time":"2025-06-12T11:33:25+00:00","og_image":[{"width":1111,"height":354,"url":"http:\/\/guiaturisticodesinop.com.br\/wp-content\/uploads\/2023\/02\/27-mapa-7.png","type":"image\/png"}],"twitter_card":"summary_large_image","schema":{"@context":"https:\/\/schema.org","@graph":[{"@type":"WebPage","@id":"http:\/\/guiaturisticodesinop.com.br\/?page_id=2673","url":"http:\/\/guiaturisticodesinop.com.br\/?page_id=2673","name":"Rancho Vegas - GUIA TUR\u00cdSTICO DE SINOP","isPartOf":{"@id":"https:\/\/guiaturisticodesinop.com.br\/#website"},"primaryImageOfPage":{"@id":"http:\/\/guiaturisticodesinop.com.br\/?page_id=2673#primaryimage"},"image":{"@id":"http:\/\/guiaturisticodesinop.com.br\/?page_id=2673#primaryimage"},"thumbnailUrl":"https:\/\/guiaturisticodesinop.com.br\/wp-content\/uploads\/2023\/02\/27-mapa-7.png","datePublished":"2024-07-09T13:00:48+00:00","dateModified":"2025-06-12T11:33:25+00:00","breadcrumb":{"@id":"http:\/\/guiaturisticodesinop.com.br\/?page_id=2673#breadcrumb"},"inLanguage":"pt-BR","potentialAction":[{"@type":"ReadAction","target":["http:\/\/guiaturisticodesinop.com.br\/?page_id=2673"]}]},{"@type":"ImageObject","inLanguage":"pt-BR","@id":"http:\/\/guiaturisticodesinop.com.br\/?page_id=2673#primaryimage","url":"https:\/\/guiaturisticodesinop.com.br\/wp-content\/uploads\/2023\/02\/27-mapa-7.png","contentUrl":"https:\/\/guiaturisticodesinop.com.br\/wp-content\/uploads\/2023\/02\/27-mapa-7.png","width":1111,"height":354,"caption":"#Pra\u00e7a Jardim Curitiba II #Sinop #Brinquedos para crian\u00e7as #Lazer #Academia ao livre #Quadras esportiva #Pergolado #Banheiro p\u00fablico #Obra de arte #F\u00e1bio Gomes Trindade"},{"@type":"BreadcrumbList","@id":"http:\/\/guiaturisticodesinop.com.br\/?page_id=2673#breadcrumb","itemListElement":[{"@type":"ListItem","position":1,"name":"In\u00edcio","item":"https:\/\/guiaturisticodesinop.com.br\/"},{"@type":"ListItem","position":2,"name":"Rancho Vegas"}]},{"@type":"WebSite","@id":"https:\/\/guiaturisticodesinop.com.br\/#website","url":"https:\/\/guiaturisticodesinop.com.br\/","name":"GUIA TUR\u00cdSTICO DE SINOP","description":"A vitrine on-line do turismo em Sinop para o mundo!","publisher":{"@id":"https:\/\/guiaturisticodesinop.com.br\/#organization"},"potentialAction":[{"@type":"SearchAction","target":{"@type":"EntryPoint","urlTemplate":"https:\/\/guiaturisticodesinop.com.br\/?s={search_term_string}"},"query-input":{"@type":"PropertyValueSpecification","valueRequired":true,"valueName":"search_term_string"}}],"inLanguage":"pt-BR"},{"@type":"Organization","@id":"https:\/\/guiaturisticodesinop.com.br\/#organization","name":"GUIA TUR\u00cdSTICO DE SINOP","url":"https:\/\/guiaturisticodesinop.com.br\/","logo":{"@type":"ImageObject","inLanguage":"pt-BR","@id":"https:\/\/guiaturisticodesinop.com.br\/#\/schema\/logo\/image\/","url":"https:\/\/guiaturisticodesinop.com.br\/wp-content\/uploads\/2023\/02\/logo_marca_guia_turistico_de_sinop.png","contentUrl":"https:\/\/guiaturisticodesinop.com.br\/wp-content\/uploads\/2023\/02\/logo_marca_guia_turistico_de_sinop.png","width":250,"height":149,"caption":"GUIA TUR\u00cdSTICO DE SINOP"},"image":{"@id":"https:\/\/guiaturisticodesinop.com.br\/#\/schema\/logo\/image\/"},"sameAs":["https:\/\/www.facebook.com\/people\/Guia-Turstico-de-Sinop\/100089015200279\/","https:\/\/www.instagram.com\/guiaturisticodesinop"]}]}},"_links":{"self":[{"href":"https:\/\/guiaturisticodesinop.com.br\/index.php?rest_route=\/wp\/v2\/pages\/2673","targetHints":{"allow":["GET"]}}],"collection":[{"href":"https:\/\/guiaturisticodesinop.com.br\/index.php?rest_route=\/wp\/v2\/pages"}],"about":[{"href":"https:\/\/guiaturisticodesinop.com.br\/index.php?rest_route=\/wp\/v2\/types\/page"}],"author":[{"embeddable":true,"href":"https:\/\/guiaturisticodesinop.com.br\/index.php?rest_route=\/wp\/v2\/users\/1"}],"replies":[{"embeddable":true,"href":"https:\/\/guiaturisticodesinop.com.br\/index.php?rest_route=%2Fwp%2Fv2%2Fcomments&post=2673"}],"version-history":[{"count":41,"href":"https:\/\/guiaturisticodesinop.com.br\/index.php?rest_route=\/wp\/v2\/pages\/2673\/revisions"}],"predecessor-version":[{"id":2967,"href":"https:\/\/guiaturisticodesinop.com.br\/index.php?rest_route=\/wp\/v2\/pages\/2673\/revisions\/2967"}],"wp:featuredmedia":[{"embeddable":true,"href":"https:\/\/guiaturisticodesinop.com.br\/index.php?rest_route=\/wp\/v2\/media\/2407"}],"wp:attachment":[{"href":"https:\/\/guiaturisticodesinop.com.br\/index.php?rest_route=%2Fwp%2Fv2%2Fmedia&parent=2673"}],"curies":[{"name":"wp","href":"https:\/\/api.w.org\/{rel}","templated":true}]}}