{"id":2488,"date":"2023-05-10T15:52:45","date_gmt":"2023-05-10T19:52:45","guid":{"rendered":"http:\/\/guiaturisticodesinop.com.br\/?page_id=2488"},"modified":"2025-06-26T19:11:03","modified_gmt":"2025-06-26T23:11:03","slug":"orla-aquarela-das-artes-sinop-mt-2","status":"publish","type":"page","link":"https:\/\/guiaturisticodesinop.com.br\/?page_id=2488","title":{"rendered":"Orla Aquarela Brasil"},"content":{"rendered":"\n<p align=\"justify\" style=\"color: #000; font-size: 25px \">\n\n<img decoding=\"async\" src=\"http:\/\/guiaturisticodesinop.com.br\/orla_aquarela_brasil_sinop\/orla_aquarela_brasil_sinop_logo1.png\" alt=\"Orla Aquarela Brasil - Sinop - Mato Grosso\" hspace=\"5\"><br><br>\n\nA <b>Orla Aquarela Brasil<\/b> em Sinop possui mais de 100 mil metros quadrados de \u00e1rea verde, bosque de conviv\u00eancia, lago, quadras esportivas e playground, pista de caminhada, bancos r\u00fasticos e banheiro p\u00fablico.\n<br><br>\nA orla foi idealizada e concebida como parte integrante do bairro Aquarela Brasil, sua finalidade \u00e9 servir como alternativa de lazer e pr\u00e1tica esportiva para os moradores local e comunidade em geral.\n<\/p>\n\n\n\n<div id=\"metaslider-id-3427\" style=\"width: 100%;\" class=\"ml-slider-3-99-0 metaslider metaslider-flex metaslider-3427 ml-slider ms-theme-bubble has-dots-nav\" role=\"region\" aria-label=\"Orla Aquarela Brasil\" data-width=\"601\">\n    <div id=\"metaslider_container_3427\">\n        <div id=\"metaslider_3427\">\n            <ul class='slides'>\n                <li style=\"display: block; width: 100%;\" class=\"slide-3433 ms-image \" aria-roledescription=\"slide\" data-date=\"2025-06-26 19:08:38\"><img fetchpriority=\"high\" decoding=\"async\" src=\"https:\/\/guiaturisticodesinop.com.br\/wp-content\/uploads\/2025\/06\/orla_aquarela_brasil_sinop02-1.png\" height=\"415\" width=\"601\" alt=\"\" class=\"slider-3427 slide-3433 msDefaultImage\" \/><\/li>\n                <li style=\"display: none; width: 100%;\" class=\"slide-3434 ms-image \" aria-roledescription=\"slide\" data-date=\"2025-06-26 19:08:39\"><img decoding=\"async\" src=\"https:\/\/guiaturisticodesinop.com.br\/wp-content\/uploads\/2025\/06\/orla_aquarela_brasil_sinop03-1.png\" height=\"415\" width=\"601\" alt=\"\" class=\"slider-3427 slide-3434 msDefaultImage\" title=\"orla_aquarela_brasil_sinop03\" \/><\/li>\n                <li style=\"display: none; width: 100%;\" class=\"slide-3435 ms-image \" aria-roledescription=\"slide\" data-date=\"2025-06-26 19:08:39\"><img decoding=\"async\" src=\"https:\/\/guiaturisticodesinop.com.br\/wp-content\/uploads\/2025\/06\/orla_aquarela_brasil_sinop04-1.png\" height=\"415\" width=\"601\" alt=\"\" class=\"slider-3427 slide-3435 msDefaultImage\" title=\"orla_aquarela_brasil_sinop04\" \/><\/li>\n                <li style=\"display: none; width: 100%;\" class=\"slide-3436 ms-image \" aria-roledescription=\"slide\" data-date=\"2025-06-26 19:08:39\"><img loading=\"lazy\" decoding=\"async\" src=\"https:\/\/guiaturisticodesinop.com.br\/wp-content\/uploads\/2025\/06\/orla_aquarela_brasil_sinop05-1.png\" height=\"415\" width=\"601\" alt=\"\" class=\"slider-3427 slide-3436 msDefaultImage\" title=\"orla_aquarela_brasil_sinop05\" \/><\/li>\n                <li style=\"display: none; width: 100%;\" class=\"slide-3437 ms-image \" aria-roledescription=\"slide\" data-date=\"2025-06-26 19:08:40\"><img loading=\"lazy\" decoding=\"async\" src=\"https:\/\/guiaturisticodesinop.com.br\/wp-content\/uploads\/2025\/06\/orla_aquarela_brasil_sinop06-1.png\" height=\"415\" width=\"601\" alt=\"\" class=\"slider-3427 slide-3437 msDefaultImage\" title=\"orla_aquarela_brasil_sinop06\" \/><\/li>\n            <\/ul>\n        <\/div>\n        \n    <\/div>\n<\/div>\n\n\n\n<p><br><p><strong>Orla Aquarela Brasil<\/strong><\/p><\/p>\n\n\n\n<p class=\"has-text-align-left has-black-color has-text-color\"><img loading=\"lazy\" decoding=\"async\" width=\"35\" height=\"35\" class=\"wp-image-660\" style=\"width: 35px;\" src=\"http:\/\/guiaturisticodesinop.com.br\/wp-content\/uploads\/2022\/12\/icone_telefone-1.png\" alt=\"\"><strong> <\/strong>(66) 3531-9345<\/p>\n\n\n\n<p class=\"has-text-align-right has-black-color has-text-color\"><p class=\"has-text-align-left has-black-color has-text-color\">Bairro: Aquarela Brasil<br>Sinop-MT<\/p>\n\n\n\n<hr style=\"width: 99.8%; height: 2px; text-align:center\" color=\"#A9A9A9\"\/><br>\n\n\n\n<center><img decoding=\"async\" src=\"http:\/\/guiaturisticodesinop.com.br\/orla_aquarela_brasil_sinop\/cadastur.png\" alt=\"Cadastur\" hspace=\"5\"><\/center>\n\n\n\n<br><p><center><strong>Consulte o portal do Cadastur \/ Minist\u00e9rio do Turismo:<\/strong> <a href=\"https:\/\/cadastur.turismo.gov.br\/hotsite\/\" target=\"_blank\" rel=\"noreferrer noopener\"><br><br>Clicar aqui<\/a><\/center><\/p><br>\n\n\n\n<p align=\"justify\" style=\"color: #000; font-size: 25px \">\n\n<!--#Orla_Aquarela_Brasil #Sinop #Mato_Grosso-->\n<!--#Piquenique #Sinop #Mato_Grosso-->\n<!--#Lazer_em_Sinop #Mato_Grosso-->\n<!--#Turismo_em_Sinop #Mato_Grosso-->\n<!--Atrativo_tur\u00edstico #Sinop #Mato_Grosso-->\n<!--#Passeios #Sinop #Mato_Grosso-->\n<!--#Quadra_esportiva #Sinop #Mato_Grosso-->\n<!--#Lago #Sinop #Mato_Grosso-->\n<!--#Trilha_ecol\u00f3gica #Sinop #Mato_Grosso-->\n<!--#Lagos #Sinop #Mato_Grosso-->\n<!--#Fauna #flora #Sinop #Mato_Grosso-->\n<!--#Ecoturismo #Sinop #Mato_Grosso-->\n<!--#Onde_passear #Sinop #Mato_Grosso-->\n<!--#Playground #Orla_Aquarela_Brasil #Sinop-->\n<!--#Bosque #Orla_Aquarela_Brasil #Sinop-->\n\n#sinop #orla_aquarela_brasil #lazer #turismo #piquenique #lago #brinquedo_para_crian\u00e7a #ecoturismo #Playground #Bosque\n<\/p>\n","protected":false},"excerpt":{"rendered":"<p>A Orla Aquarela Brasil em Sinop possui mais de 100 mil metros quadrados de \u00e1rea verde, bosque de conviv\u00eancia, lago, quadras esportivas e playground, pista de caminhada, bancos r\u00fasticos e banheiro p\u00fablico. A orla foi idealizada e concebida como parte integrante do bairro Aquarela Brasil, sua finalidade \u00e9 servir como [&hellip;]<\/p>\n","protected":false},"author":1,"featured_media":2407,"parent":0,"menu_order":0,"comment_status":"closed","ping_status":"closed","template":"","meta":{"_themeisle_gutenberg_block_has_review":false,"footnotes":""},"class_list":["post-2488","page","type-page","status-publish","has-post-thumbnail","hentry"],"yoast_head":"<!-- This site is optimized with the Yoast SEO plugin v25.3.1 - https:\/\/yoast.com\/wordpress\/plugins\/seo\/ -->\n<title>Orla Aquarela Brasil - GUIA TUR\u00cdSTICO DE SINOP<\/title>\n<meta name=\"robots\" content=\"index, follow, max-snippet:-1, max-image-preview:large, max-video-preview:-1\" \/>\n<link rel=\"canonical\" href=\"http:\/\/guiaturisticodesinop.com.br\/?page_id=2488\" \/>\n<meta property=\"og:locale\" content=\"pt_BR\" \/>\n<meta property=\"og:type\" content=\"article\" \/>\n<meta property=\"og:title\" content=\"Orla Aquarela Brasil - GUIA TUR\u00cdSTICO DE SINOP\" \/>\n<meta property=\"og:description\" content=\"A Orla Aquarela Brasil em Sinop possui mais de 100 mil metros quadrados de \u00e1rea verde, bosque de conviv\u00eancia, lago, quadras esportivas e playground, pista de caminhada, bancos r\u00fasticos e banheiro p\u00fablico. A orla foi idealizada e concebida como parte integrante do bairro Aquarela Brasil, sua finalidade \u00e9 servir como [&hellip;]\" \/>\n<meta property=\"og:url\" content=\"http:\/\/guiaturisticodesinop.com.br\/?page_id=2488\" \/>\n<meta property=\"og:site_name\" content=\"GUIA TUR\u00cdSTICO DE SINOP\" \/>\n<meta property=\"article:publisher\" content=\"https:\/\/www.facebook.com\/people\/Guia-Turstico-de-Sinop\/100089015200279\/\" \/>\n<meta property=\"article:modified_time\" content=\"2025-06-26T23:11:03+00:00\" \/>\n<meta property=\"og:image\" content=\"http:\/\/guiaturisticodesinop.com.br\/wp-content\/uploads\/2023\/02\/27-mapa-7.png\" \/>\n\t<meta property=\"og:image:width\" content=\"1111\" \/>\n\t<meta property=\"og:image:height\" content=\"354\" \/>\n\t<meta property=\"og:image:type\" content=\"image\/png\" \/>\n<meta name=\"twitter:card\" content=\"summary_large_image\" \/>\n<meta name=\"twitter:label1\" content=\"Est. tempo de leitura\" \/>\n\t<meta name=\"twitter:data1\" content=\"2 minutos\" \/>\n<script type=\"application\/ld+json\" class=\"yoast-schema-graph\">{\"@context\":\"https:\/\/schema.org\",\"@graph\":[{\"@type\":\"WebPage\",\"@id\":\"http:\/\/guiaturisticodesinop.com.br\/?page_id=2488\",\"url\":\"http:\/\/guiaturisticodesinop.com.br\/?page_id=2488\",\"name\":\"Orla Aquarela Brasil - GUIA TUR\u00cdSTICO DE SINOP\",\"isPartOf\":{\"@id\":\"https:\/\/guiaturisticodesinop.com.br\/#website\"},\"primaryImageOfPage\":{\"@id\":\"http:\/\/guiaturisticodesinop.com.br\/?page_id=2488#primaryimage\"},\"image\":{\"@id\":\"http:\/\/guiaturisticodesinop.com.br\/?page_id=2488#primaryimage\"},\"thumbnailUrl\":\"https:\/\/guiaturisticodesinop.com.br\/wp-content\/uploads\/2023\/02\/27-mapa-7.png\",\"datePublished\":\"2023-05-10T19:52:45+00:00\",\"dateModified\":\"2025-06-26T23:11:03+00:00\",\"breadcrumb\":{\"@id\":\"http:\/\/guiaturisticodesinop.com.br\/?page_id=2488#breadcrumb\"},\"inLanguage\":\"pt-BR\",\"potentialAction\":[{\"@type\":\"ReadAction\",\"target\":[\"http:\/\/guiaturisticodesinop.com.br\/?page_id=2488\"]}]},{\"@type\":\"ImageObject\",\"inLanguage\":\"pt-BR\",\"@id\":\"http:\/\/guiaturisticodesinop.com.br\/?page_id=2488#primaryimage\",\"url\":\"https:\/\/guiaturisticodesinop.com.br\/wp-content\/uploads\/2023\/02\/27-mapa-7.png\",\"contentUrl\":\"https:\/\/guiaturisticodesinop.com.br\/wp-content\/uploads\/2023\/02\/27-mapa-7.png\",\"width\":1111,\"height\":354,\"caption\":\"#Pra\u00e7a Jardim Curitiba II #Sinop #Brinquedos para crian\u00e7as #Lazer #Academia ao livre #Quadras esportiva #Pergolado #Banheiro p\u00fablico #Obra de arte #F\u00e1bio Gomes Trindade\"},{\"@type\":\"BreadcrumbList\",\"@id\":\"http:\/\/guiaturisticodesinop.com.br\/?page_id=2488#breadcrumb\",\"itemListElement\":[{\"@type\":\"ListItem\",\"position\":1,\"name\":\"In\u00edcio\",\"item\":\"https:\/\/guiaturisticodesinop.com.br\/\"},{\"@type\":\"ListItem\",\"position\":2,\"name\":\"Orla Aquarela Brasil\"}]},{\"@type\":\"WebSite\",\"@id\":\"https:\/\/guiaturisticodesinop.com.br\/#website\",\"url\":\"https:\/\/guiaturisticodesinop.com.br\/\",\"name\":\"GUIA TUR\u00cdSTICO DE SINOP\",\"description\":\"A vitrine on-line do turismo em Sinop para o mundo!\",\"publisher\":{\"@id\":\"https:\/\/guiaturisticodesinop.com.br\/#organization\"},\"potentialAction\":[{\"@type\":\"SearchAction\",\"target\":{\"@type\":\"EntryPoint\",\"urlTemplate\":\"https:\/\/guiaturisticodesinop.com.br\/?s={search_term_string}\"},\"query-input\":{\"@type\":\"PropertyValueSpecification\",\"valueRequired\":true,\"valueName\":\"search_term_string\"}}],\"inLanguage\":\"pt-BR\"},{\"@type\":\"Organization\",\"@id\":\"https:\/\/guiaturisticodesinop.com.br\/#organization\",\"name\":\"GUIA TUR\u00cdSTICO DE SINOP\",\"url\":\"https:\/\/guiaturisticodesinop.com.br\/\",\"logo\":{\"@type\":\"ImageObject\",\"inLanguage\":\"pt-BR\",\"@id\":\"https:\/\/guiaturisticodesinop.com.br\/#\/schema\/logo\/image\/\",\"url\":\"https:\/\/guiaturisticodesinop.com.br\/wp-content\/uploads\/2023\/02\/logo_marca_guia_turistico_de_sinop.png\",\"contentUrl\":\"https:\/\/guiaturisticodesinop.com.br\/wp-content\/uploads\/2023\/02\/logo_marca_guia_turistico_de_sinop.png\",\"width\":250,\"height\":149,\"caption\":\"GUIA TUR\u00cdSTICO DE SINOP\"},\"image\":{\"@id\":\"https:\/\/guiaturisticodesinop.com.br\/#\/schema\/logo\/image\/\"},\"sameAs\":[\"https:\/\/www.facebook.com\/people\/Guia-Turstico-de-Sinop\/100089015200279\/\",\"https:\/\/www.instagram.com\/guiaturisticodesinop\"]}]}<\/script>\n<!-- \/ Yoast SEO plugin. -->","yoast_head_json":{"title":"Orla Aquarela Brasil - GUIA TUR\u00cdSTICO DE SINOP","robots":{"index":"index","follow":"follow","max-snippet":"max-snippet:-1","max-image-preview":"max-image-preview:large","max-video-preview":"max-video-preview:-1"},"canonical":"http:\/\/guiaturisticodesinop.com.br\/?page_id=2488","og_locale":"pt_BR","og_type":"article","og_title":"Orla Aquarela Brasil - GUIA TUR\u00cdSTICO DE SINOP","og_description":"A Orla Aquarela Brasil em Sinop possui mais de 100 mil metros quadrados de \u00e1rea verde, bosque de conviv\u00eancia, lago, quadras esportivas e playground, pista de caminhada, bancos r\u00fasticos e banheiro p\u00fablico. A orla foi idealizada e concebida como parte integrante do bairro Aquarela Brasil, sua finalidade \u00e9 servir como [&hellip;]","og_url":"http:\/\/guiaturisticodesinop.com.br\/?page_id=2488","og_site_name":"GUIA TUR\u00cdSTICO DE SINOP","article_publisher":"https:\/\/www.facebook.com\/people\/Guia-Turstico-de-Sinop\/100089015200279\/","article_modified_time":"2025-06-26T23:11:03+00:00","og_image":[{"width":1111,"height":354,"url":"http:\/\/guiaturisticodesinop.com.br\/wp-content\/uploads\/2023\/02\/27-mapa-7.png","type":"image\/png"}],"twitter_card":"summary_large_image","twitter_misc":{"Est. tempo de leitura":"2 minutos"},"schema":{"@context":"https:\/\/schema.org","@graph":[{"@type":"WebPage","@id":"http:\/\/guiaturisticodesinop.com.br\/?page_id=2488","url":"http:\/\/guiaturisticodesinop.com.br\/?page_id=2488","name":"Orla Aquarela Brasil - GUIA TUR\u00cdSTICO DE SINOP","isPartOf":{"@id":"https:\/\/guiaturisticodesinop.com.br\/#website"},"primaryImageOfPage":{"@id":"http:\/\/guiaturisticodesinop.com.br\/?page_id=2488#primaryimage"},"image":{"@id":"http:\/\/guiaturisticodesinop.com.br\/?page_id=2488#primaryimage"},"thumbnailUrl":"https:\/\/guiaturisticodesinop.com.br\/wp-content\/uploads\/2023\/02\/27-mapa-7.png","datePublished":"2023-05-10T19:52:45+00:00","dateModified":"2025-06-26T23:11:03+00:00","breadcrumb":{"@id":"http:\/\/guiaturisticodesinop.com.br\/?page_id=2488#breadcrumb"},"inLanguage":"pt-BR","potentialAction":[{"@type":"ReadAction","target":["http:\/\/guiaturisticodesinop.com.br\/?page_id=2488"]}]},{"@type":"ImageObject","inLanguage":"pt-BR","@id":"http:\/\/guiaturisticodesinop.com.br\/?page_id=2488#primaryimage","url":"https:\/\/guiaturisticodesinop.com.br\/wp-content\/uploads\/2023\/02\/27-mapa-7.png","contentUrl":"https:\/\/guiaturisticodesinop.com.br\/wp-content\/uploads\/2023\/02\/27-mapa-7.png","width":1111,"height":354,"caption":"#Pra\u00e7a Jardim Curitiba II #Sinop #Brinquedos para crian\u00e7as #Lazer #Academia ao livre #Quadras esportiva #Pergolado #Banheiro p\u00fablico #Obra de arte #F\u00e1bio Gomes Trindade"},{"@type":"BreadcrumbList","@id":"http:\/\/guiaturisticodesinop.com.br\/?page_id=2488#breadcrumb","itemListElement":[{"@type":"ListItem","position":1,"name":"In\u00edcio","item":"https:\/\/guiaturisticodesinop.com.br\/"},{"@type":"ListItem","position":2,"name":"Orla Aquarela Brasil"}]},{"@type":"WebSite","@id":"https:\/\/guiaturisticodesinop.com.br\/#website","url":"https:\/\/guiaturisticodesinop.com.br\/","name":"GUIA TUR\u00cdSTICO DE SINOP","description":"A vitrine on-line do turismo em Sinop para o mundo!","publisher":{"@id":"https:\/\/guiaturisticodesinop.com.br\/#organization"},"potentialAction":[{"@type":"SearchAction","target":{"@type":"EntryPoint","urlTemplate":"https:\/\/guiaturisticodesinop.com.br\/?s={search_term_string}"},"query-input":{"@type":"PropertyValueSpecification","valueRequired":true,"valueName":"search_term_string"}}],"inLanguage":"pt-BR"},{"@type":"Organization","@id":"https:\/\/guiaturisticodesinop.com.br\/#organization","name":"GUIA TUR\u00cdSTICO DE SINOP","url":"https:\/\/guiaturisticodesinop.com.br\/","logo":{"@type":"ImageObject","inLanguage":"pt-BR","@id":"https:\/\/guiaturisticodesinop.com.br\/#\/schema\/logo\/image\/","url":"https:\/\/guiaturisticodesinop.com.br\/wp-content\/uploads\/2023\/02\/logo_marca_guia_turistico_de_sinop.png","contentUrl":"https:\/\/guiaturisticodesinop.com.br\/wp-content\/uploads\/2023\/02\/logo_marca_guia_turistico_de_sinop.png","width":250,"height":149,"caption":"GUIA TUR\u00cdSTICO DE SINOP"},"image":{"@id":"https:\/\/guiaturisticodesinop.com.br\/#\/schema\/logo\/image\/"},"sameAs":["https:\/\/www.facebook.com\/people\/Guia-Turstico-de-Sinop\/100089015200279\/","https:\/\/www.instagram.com\/guiaturisticodesinop"]}]}},"_links":{"self":[{"href":"https:\/\/guiaturisticodesinop.com.br\/index.php?rest_route=\/wp\/v2\/pages\/2488","targetHints":{"allow":["GET"]}}],"collection":[{"href":"https:\/\/guiaturisticodesinop.com.br\/index.php?rest_route=\/wp\/v2\/pages"}],"about":[{"href":"https:\/\/guiaturisticodesinop.com.br\/index.php?rest_route=\/wp\/v2\/types\/page"}],"author":[{"embeddable":true,"href":"https:\/\/guiaturisticodesinop.com.br\/index.php?rest_route=\/wp\/v2\/users\/1"}],"replies":[{"embeddable":true,"href":"https:\/\/guiaturisticodesinop.com.br\/index.php?rest_route=%2Fwp%2Fv2%2Fcomments&post=2488"}],"version-history":[{"count":56,"href":"https:\/\/guiaturisticodesinop.com.br\/index.php?rest_route=\/wp\/v2\/pages\/2488\/revisions"}],"predecessor-version":[{"id":3438,"href":"https:\/\/guiaturisticodesinop.com.br\/index.php?rest_route=\/wp\/v2\/pages\/2488\/revisions\/3438"}],"wp:featuredmedia":[{"embeddable":true,"href":"https:\/\/guiaturisticodesinop.com.br\/index.php?rest_route=\/wp\/v2\/media\/2407"}],"wp:attachment":[{"href":"https:\/\/guiaturisticodesinop.com.br\/index.php?rest_route=%2Fwp%2Fv2%2Fmedia&parent=2488"}],"curies":[{"name":"wp","href":"https:\/\/api.w.org\/{rel}","templated":true}]}}