{"id":2346,"date":"2023-02-25T13:02:19","date_gmt":"2023-02-25T17:02:19","guid":{"rendered":"http:\/\/guiaturisticodesinop.com.br\/?page_id=2346"},"modified":"2023-06-21T20:45:12","modified_gmt":"2023-06-22T00:45:12","slug":"familia-masiero-emporio","status":"publish","type":"page","link":"https:\/\/guiaturisticodesinop.com.br\/?page_id=2346","title":{"rendered":"Fam\u00edlia Masiero Emp\u00f3rio"},"content":{"rendered":"\n<img decoding=\"async\" src=\"http:\/\/guiaturisticodesinop.com.br\/familia_masiero_emporio\/familia_masiero_emporio_sinop.png\" alt=\"Fam\u00edlia Masiero Emp\u00f3rio - Sinop - Mato Grosso\" hspace=\"5\"><br><br>\n\n\n\n<p align=\"justify\" style=\"color: #000; font-size: 25px \">\nAtuando em conformidade com os conceitos de turismo rural, cultural e enoturismo, a empresa <b>Fam\u00edlia Masiero Emp\u00f3rio<\/b> est\u00e1 localizada na Rodovia MT 140 &#8211; KM 12 (Sentido Santa Carmem). O empreendimento foi implantado em uma ch\u00e1cara e contempla a explora\u00e7\u00e3o comercial, principalmente de produtos in natura derivados do plantio de uva existente no local. A cultura de cultivo da uva e passeios guiados em meio ao parreiral tamb\u00e9m representam o cart\u00e3o postal e carro-chefe dos produtos, servi\u00e7os e experi\u00eancias oferecidos aos clientes do estabelecimento .\n<br><br>\nPara visitar o atrativo, \u00e9 preciso agendar com anteced\u00eancia. No local \u00e9 servido o tradicional e delicioso caf\u00e9 colonial em datas previamente estabelecidas pelos gestores do emp\u00f3rio. \n<br><br>\nO <b>Caf\u00e9 Colonial<\/b> da Fam\u00edlia Masiero Emp\u00f3rio \u00e9 um verdadeiro banquete de del\u00edcias produzidas em sua maioria no local. Fazem parte do card\u00e1pio diversos produtos como p\u00e3es, geleias, tortas, salames, queijos, presuntos, cachorro-quente, polenta sapecada, frutas da esta\u00e7\u00e3o e muito mais. Tudo acompanhado por caf\u00e9, ch\u00e1, suco, leite, \u00e1gua com g\u00e1s e bebidas produzidas artesanalmente. \n<br><br>\n<b>OBS.<\/b> Consuma\u00e7\u00e3o livre de bebidas: vinhos, licores e cacha\u00e7a, produ\u00e7\u00e3o pr\u00f3pria.\n<br><br>\nAproveitem, viva essa experi\u00eancia \u00fanica! \n<\/p>\n<!--http:\/\/guiaturisticodesinop.com.br\/-->\n<html lang=\"pt-br\">\n<head>\n<!--Tag que define toda estrutura de codigo desta p\u00e1gina como sendo HTML5-->\n<meta charset=\"utf-8\" \/>\n<!--Fim Tag que define toda estrutura de codigo desta p\u00e1gina como sendo HTML5-->\n<!--Inicio da tag (title), mecanismo importante para os sites de busca-->\n<title>GUIA TUR\u00cdSTICO DE SINOP :-: Sinop &#8211; Mato Grosso&#8230;<\/title>\n<!--Fim da tag (title), mecanismo importante para os sites de busca-->\n<!--Inicio das Tags de SEO, mecanismos sensivel ao moteres de buscas Google, Bing e outros-->\n<meta name=\"description\" content=\"Gabriel Jos\u00e9 Pereira\"\/>\n<meta name=\"description\" content=\"Turismo em Sinop\"\/>\n<meta name=\"description\" content=\"Passeios em Sinop\"\/>\n<meta name=\"description\" content=\"Bacharel em Turismo em Sinop\"\/>\n<meta name=\"description\" content=\"Guia de Turismo em Sinop\"\/>\n<meta name=\"description\" content=\"Gastronomia em Sinop\"\/>\n<meta name=\"description\" content=\"Parque Florestal em Sinop\"\/>\n<meta name=\"description\" content=\"Sinop - Mato Grosso\"\/>\n<meta name=\"description\" content=\"City Tour em Sinop\"\/>\n<meta name=\"description\" content=\"Hot\u00e9is e Pousadas em Sinop\"\/>\n<meta name=\"description\" content=\"Parque Jardim Bot\u00eanico em Sinop\"\/>\n<meta name=\"description\" content=\"Pra\u00e7a da B\u00edblia em Sinop\"\/>\n<meta name=\"description\" content=\"Lazer em Sinop\"\/>\n<!--Fim das Tags de SEO-->\n<!--Inicio da estrutura de codigo JQuery responsavel pela funcionalidade do Slide Show-->\n<script type=\"text\/javascript\" src=\"http:\/\/code.jquery.com\/jquery-1.10.2.js\"><\/script>\n<script type=\"text\/javascript\" src=\"familia_masiero_emporio\/cycle.js\"><\/script>\n<script type=\"text\/javascript\" src=\"familia_masiero_emporio\/script.js\"><\/script>\n<!--Fim da estrutura de codigo JQuery responsavel pela funcionalidade do Slide Show-->\n<!--Inicio da estrutura de codigo que linka \/ chama a p\u00e1gina de codigo CSS-->\n<link rel=\"stylesheet\" href=\"familia_masiero_emporio\/slide.css\"\/>\n<!--Fim da estrutura de codigo que linka \/ chama a p\u00e1gina de codigo CSS-->\n<\/head>\n<body onselectstart=\"return false\">\n<!--Bloco de codigo em JavaScript responsavel por impedir sele\u00e7\u00e3o \/ copia de imagens--> \n<script language=\"javascript\"> \nfunction desabilitaCopia(){ \nalert (\"C\u00f3pia n\u00e3o permitida.\\n\\n\\ Obrigado pela compreens\u00e3o.\") \nreturn false \n} \ndocument.oncontextmenu=desabilitaCopia \n<\/script>\n<!--Fim do bloco de codigo em JavaScript responsavel por impedir sele\u00e7\u00e3o \/ copia de imagens-->\n<table bgcolor=\"#FFFFFF\" width=\"464\" border=\"0\" align=\"center\" >\n<tr>\n<td div align=\"center\">\n<div id=\"Jquery\">\n<div class=\"box\">\n<span class=\"pager\"><\/span>\n<div class=\"slider\">\n<div class=\"slider-item\">\n<p><a target=\"_blank\" href=\"https:\/\/www.instagram.com\/familia_masiero\/\" style=\"text-decoration:none\" rel=\"noopener\">Saiba mais<\/a><\/p>\n<img fetchpriority=\"high\" decoding=\"async\" src=\"familia_masiero_emporio\/foto_logo.png\" width=\"464\" height=\"462\"\/>\n<\/div> \n<div class=\"slider-item\">\n<img decoding=\"async\" src=\"familia_masiero_emporio\/foto9.png\" width=\"464\" height=\"462\"\/>\n<\/div> \n<div class=\"slider-item\">\n<p><a target=\"_blank\" href=\"https:\/\/www.instagram.com\/familia_masiero\/\" style=\"text-decoration:none\" rel=\"noopener\">Saiba mais<\/a><\/p>\n<img fetchpriority=\"high\" decoding=\"async\" src=\"familia_masiero_emporio\/foto_logo.png\" width=\"464\" height=\"462\"\/>\n<\/div> \n<div class=\"slider-item\">\n<img decoding=\"async\" src=\"familia_masiero_emporio\/foto1.png\" width=\"464\" height=\"462\"\/>\n<\/div> \n<div class=\"slider-item\">\n<p><a target=\"_blank\" href=\"https:\/\/www.instagram.com\/familia_masiero\/\" style=\"text-decoration:none\" rel=\"noopener\">Saiba mais<\/a><\/p>\n<img fetchpriority=\"high\" decoding=\"async\" src=\"familia_masiero_emporio\/foto_logo.png\" width=\"464\" height=\"462\"\/>\n<\/div> \n<div class=\"slider-item\">\n<img loading=\"lazy\" decoding=\"async\" src=\"familia_masiero_emporio\/foto2.png\" width=\"464\" height=\"462\"\/>\n<\/div> \n<div class=\"slider-item\">\n<p><a target=\"_blank\" href=\"https:\/\/www.instagram.com\/familia_masiero\/\" style=\"text-decoration:none\" rel=\"noopener\">Saiba mais<\/a><\/p>\n<img fetchpriority=\"high\" decoding=\"async\" src=\"familia_masiero_emporio\/foto_logo.png\" width=\"464\" height=\"462\"\/>\n<\/div> \n<div class=\"slider-item\">\n<img loading=\"lazy\" decoding=\"async\" src=\"familia_masiero_emporio\/foto4.png\" width=\"464\" height=\"462\"\/>\n<\/div> \n<div class=\"slider-item\">\n<p><a target=\"_blank\" href=\"https:\/\/www.instagram.com\/familia_masiero\/\" style=\"text-decoration:none\" rel=\"noopener\">Saiba mais<\/a><\/p>\n<img fetchpriority=\"high\" decoding=\"async\" src=\"familia_masiero_emporio\/foto_logo.png\" width=\"464\" height=\"462\"\/>\n<\/div> \n<div class=\"slider-item\">\n<img loading=\"lazy\" decoding=\"async\" src=\"familia_masiero_emporio\/foto8.png\" width=\"464\" height=\"462\"\/>\n<\/div> \n<div class=\"slider-item\">\n<p><a target=\"_blank\" href=\"https:\/\/www.instagram.com\/familia_masiero\/\" style=\"text-decoration:none\" rel=\"noopener\">Saiba mais<\/a><\/p>\n<img fetchpriority=\"high\" decoding=\"async\" src=\"familia_masiero_emporio\/foto_logo.png\" width=\"464\" height=\"462\"\/>\n<\/div> \n<div class=\"slider-item\">\n<img loading=\"lazy\" decoding=\"async\" src=\"familia_masiero_emporio\/foto6.png\" width=\"464\" height=\"462\"\/>\n<\/div> \n<\/div>\n<\/div>                             \n<\/div>\n<\/td> \n <\/tr>\n<\/table>\n<\/body>\n<\/html>\n\n\n\n<hr class=\"wp-block-separator has-alpha-channel-opacity is-style-wide\"\/>\n\n\n\n<p class=\"has-text-align-left\"><strong>Fam\u00edlia Masiero Emp\u00f3rio <\/strong><\/p>\n\n\n\n<p class=\"has-black-color has-text-color\"><img loading=\"lazy\" decoding=\"async\" width=\"35\" height=\"35\" class=\"wp-image-450\" style=\"width: 35px;\" src=\"http:\/\/guiaturisticodesinop.com.br\/wp-content\/uploads\/2022\/12\/174879-2.png\" alt=\"\" srcset=\"https:\/\/guiaturisticodesinop.com.br\/wp-content\/uploads\/2022\/12\/174879-2.png 512w, https:\/\/guiaturisticodesinop.com.br\/wp-content\/uploads\/2022\/12\/174879-2-300x300.png 300w, https:\/\/guiaturisticodesinop.com.br\/wp-content\/uploads\/2022\/12\/174879-2-150x150.png 150w\" sizes=\"(max-width: 35px) 100vw, 35px\" \/> 66.9.9228-9089<\/p>\n<p class=\"has-black-color has-text-color\"><img decoding=\"async\" class=\"wp-image-453\" style=\"width: 35px;\" src=\"http:\/\/guiaturisticodesinop.com.br\/wp-content\/uploads\/2022\/12\/icone_facebook.png\" alt=\"\"> <a rel=\"noreferrer noopener\" href=\"https:\/\/www.facebook.com\/familiamasiero\/\" target=\"_blank\">familiamasiero<\/a><\/p>\n\n<p><img loading=\"lazy\" decoding=\"async\" width=\"35\" height=\"34\" class=\"wp-image-447\" style=\"width: 35px;\" src=\"http:\/\/guiaturisticodesinop.com.br\/wp-content\/uploads\/2022\/12\/instagram-2.png\" alt=\"\"> <a rel=\"noreferrer noopener\" href=\"https:\/\/www.instagram.com\/familia_masiero\/\" target=\"_blank\">familia_masiero<\/a><\/p>\n\n<p><img decoding=\"async\" class=\"wp-image-447\" style=\"width: 55px;\" src=\"http:\/\/guiaturisticodesinop.com.br\/familia_masiero_emporio\/www.familiamasiero.com.br.png\" alt=\"Fam\u00edliia Masiero Emp\u00f3rio\"> <a rel=\"noreferrer noopener\" href=\"https:\/\/familiamasierosinop.com.br\/\" target=\"_blank\">Fam\u00edlia Masiero Emp\u00f3rio<\/a><\/p>\n\nRodovia MT 140 &#8211; KM 12 (Sentido Santa Carmem)\n<br>\nZona Rural &#8211; Sinop\/MT\n<br><br>\n","protected":false},"excerpt":{"rendered":"<p>Atuando em conformidade com os conceitos de turismo rural, cultural e enoturismo, a empresa Fam\u00edlia Masiero Emp\u00f3rio est\u00e1 localizada na Rodovia MT 140 &#8211; KM 12 (Sentido Santa Carmem). O empreendimento foi implantado em uma ch\u00e1cara e contempla a explora\u00e7\u00e3o comercial, principalmente de produtos in natura derivados do plantio de [&hellip;]<\/p>\n","protected":false},"author":1,"featured_media":2407,"parent":0,"menu_order":0,"comment_status":"closed","ping_status":"closed","template":"","meta":{"_themeisle_gutenberg_block_has_review":false,"footnotes":""},"class_list":["post-2346","page","type-page","status-publish","has-post-thumbnail","hentry"],"yoast_head":"<!-- This site is optimized with the Yoast SEO plugin v25.3.1 - https:\/\/yoast.com\/wordpress\/plugins\/seo\/ -->\n<title>Fam\u00edlia Masiero Emp\u00f3rio - GUIA TUR\u00cdSTICO DE SINOP<\/title>\n<meta name=\"robots\" content=\"index, follow, max-snippet:-1, max-image-preview:large, max-video-preview:-1\" \/>\n<link rel=\"canonical\" href=\"http:\/\/guiaturisticodesinop.com.br\/?page_id=2346\" \/>\n<meta property=\"og:locale\" content=\"pt_BR\" \/>\n<meta property=\"og:type\" content=\"article\" \/>\n<meta property=\"og:title\" content=\"Fam\u00edlia Masiero Emp\u00f3rio - GUIA TUR\u00cdSTICO DE SINOP\" \/>\n<meta property=\"og:description\" content=\"Atuando em conformidade com os conceitos de turismo rural, cultural e enoturismo, a empresa Fam\u00edlia Masiero Emp\u00f3rio est\u00e1 localizada na Rodovia MT 140 &#8211; KM 12 (Sentido Santa Carmem). O empreendimento foi implantado em uma ch\u00e1cara e contempla a explora\u00e7\u00e3o comercial, principalmente de produtos in natura derivados do plantio de [&hellip;]\" \/>\n<meta property=\"og:url\" content=\"http:\/\/guiaturisticodesinop.com.br\/?page_id=2346\" \/>\n<meta property=\"og:site_name\" content=\"GUIA TUR\u00cdSTICO DE SINOP\" \/>\n<meta property=\"article:publisher\" content=\"https:\/\/www.facebook.com\/people\/Guia-Turstico-de-Sinop\/100089015200279\/\" \/>\n<meta property=\"article:modified_time\" content=\"2023-06-22T00:45:12+00:00\" \/>\n<meta property=\"og:image\" content=\"http:\/\/guiaturisticodesinop.com.br\/wp-content\/uploads\/2023\/02\/27-mapa-7.png\" \/>\n\t<meta property=\"og:image:width\" content=\"1111\" \/>\n\t<meta property=\"og:image:height\" content=\"354\" \/>\n\t<meta property=\"og:image:type\" content=\"image\/png\" \/>\n<meta name=\"twitter:card\" content=\"summary_large_image\" \/>\n<meta name=\"twitter:label1\" content=\"Est. tempo de leitura\" \/>\n\t<meta name=\"twitter:data1\" content=\"1 minuto\" \/>\n<script type=\"application\/ld+json\" class=\"yoast-schema-graph\">{\"@context\":\"https:\/\/schema.org\",\"@graph\":[{\"@type\":\"WebPage\",\"@id\":\"http:\/\/guiaturisticodesinop.com.br\/?page_id=2346\",\"url\":\"http:\/\/guiaturisticodesinop.com.br\/?page_id=2346\",\"name\":\"Fam\u00edlia Masiero Emp\u00f3rio - GUIA TUR\u00cdSTICO DE SINOP\",\"isPartOf\":{\"@id\":\"https:\/\/guiaturisticodesinop.com.br\/#website\"},\"primaryImageOfPage\":{\"@id\":\"http:\/\/guiaturisticodesinop.com.br\/?page_id=2346#primaryimage\"},\"image\":{\"@id\":\"http:\/\/guiaturisticodesinop.com.br\/?page_id=2346#primaryimage\"},\"thumbnailUrl\":\"https:\/\/guiaturisticodesinop.com.br\/wp-content\/uploads\/2023\/02\/27-mapa-7.png\",\"datePublished\":\"2023-02-25T17:02:19+00:00\",\"dateModified\":\"2023-06-22T00:45:12+00:00\",\"breadcrumb\":{\"@id\":\"http:\/\/guiaturisticodesinop.com.br\/?page_id=2346#breadcrumb\"},\"inLanguage\":\"pt-BR\",\"potentialAction\":[{\"@type\":\"ReadAction\",\"target\":[\"http:\/\/guiaturisticodesinop.com.br\/?page_id=2346\"]}]},{\"@type\":\"ImageObject\",\"inLanguage\":\"pt-BR\",\"@id\":\"http:\/\/guiaturisticodesinop.com.br\/?page_id=2346#primaryimage\",\"url\":\"https:\/\/guiaturisticodesinop.com.br\/wp-content\/uploads\/2023\/02\/27-mapa-7.png\",\"contentUrl\":\"https:\/\/guiaturisticodesinop.com.br\/wp-content\/uploads\/2023\/02\/27-mapa-7.png\",\"width\":1111,\"height\":354,\"caption\":\"#Pra\u00e7a Jardim Curitiba II #Sinop #Brinquedos para crian\u00e7as #Lazer #Academia ao livre #Quadras esportiva #Pergolado #Banheiro p\u00fablico #Obra de arte #F\u00e1bio Gomes Trindade\"},{\"@type\":\"BreadcrumbList\",\"@id\":\"http:\/\/guiaturisticodesinop.com.br\/?page_id=2346#breadcrumb\",\"itemListElement\":[{\"@type\":\"ListItem\",\"position\":1,\"name\":\"In\u00edcio\",\"item\":\"https:\/\/guiaturisticodesinop.com.br\/\"},{\"@type\":\"ListItem\",\"position\":2,\"name\":\"Fam\u00edlia Masiero Emp\u00f3rio\"}]},{\"@type\":\"WebSite\",\"@id\":\"https:\/\/guiaturisticodesinop.com.br\/#website\",\"url\":\"https:\/\/guiaturisticodesinop.com.br\/\",\"name\":\"GUIA TUR\u00cdSTICO DE SINOP\",\"description\":\"A vitrine on-line do turismo em Sinop para o mundo!\",\"publisher\":{\"@id\":\"https:\/\/guiaturisticodesinop.com.br\/#organization\"},\"potentialAction\":[{\"@type\":\"SearchAction\",\"target\":{\"@type\":\"EntryPoint\",\"urlTemplate\":\"https:\/\/guiaturisticodesinop.com.br\/?s={search_term_string}\"},\"query-input\":{\"@type\":\"PropertyValueSpecification\",\"valueRequired\":true,\"valueName\":\"search_term_string\"}}],\"inLanguage\":\"pt-BR\"},{\"@type\":\"Organization\",\"@id\":\"https:\/\/guiaturisticodesinop.com.br\/#organization\",\"name\":\"GUIA TUR\u00cdSTICO DE SINOP\",\"url\":\"https:\/\/guiaturisticodesinop.com.br\/\",\"logo\":{\"@type\":\"ImageObject\",\"inLanguage\":\"pt-BR\",\"@id\":\"https:\/\/guiaturisticodesinop.com.br\/#\/schema\/logo\/image\/\",\"url\":\"https:\/\/guiaturisticodesinop.com.br\/wp-content\/uploads\/2023\/02\/logo_marca_guia_turistico_de_sinop.png\",\"contentUrl\":\"https:\/\/guiaturisticodesinop.com.br\/wp-content\/uploads\/2023\/02\/logo_marca_guia_turistico_de_sinop.png\",\"width\":250,\"height\":149,\"caption\":\"GUIA TUR\u00cdSTICO DE SINOP\"},\"image\":{\"@id\":\"https:\/\/guiaturisticodesinop.com.br\/#\/schema\/logo\/image\/\"},\"sameAs\":[\"https:\/\/www.facebook.com\/people\/Guia-Turstico-de-Sinop\/100089015200279\/\",\"https:\/\/www.instagram.com\/guiaturisticodesinop\"]}]}<\/script>\n<!-- \/ Yoast SEO plugin. -->","yoast_head_json":{"title":"Fam\u00edlia Masiero Emp\u00f3rio - GUIA TUR\u00cdSTICO DE SINOP","robots":{"index":"index","follow":"follow","max-snippet":"max-snippet:-1","max-image-preview":"max-image-preview:large","max-video-preview":"max-video-preview:-1"},"canonical":"http:\/\/guiaturisticodesinop.com.br\/?page_id=2346","og_locale":"pt_BR","og_type":"article","og_title":"Fam\u00edlia Masiero Emp\u00f3rio - GUIA TUR\u00cdSTICO DE SINOP","og_description":"Atuando em conformidade com os conceitos de turismo rural, cultural e enoturismo, a empresa Fam\u00edlia Masiero Emp\u00f3rio est\u00e1 localizada na Rodovia MT 140 &#8211; KM 12 (Sentido Santa Carmem). O empreendimento foi implantado em uma ch\u00e1cara e contempla a explora\u00e7\u00e3o comercial, principalmente de produtos in natura derivados do plantio de [&hellip;]","og_url":"http:\/\/guiaturisticodesinop.com.br\/?page_id=2346","og_site_name":"GUIA TUR\u00cdSTICO DE SINOP","article_publisher":"https:\/\/www.facebook.com\/people\/Guia-Turstico-de-Sinop\/100089015200279\/","article_modified_time":"2023-06-22T00:45:12+00:00","og_image":[{"width":1111,"height":354,"url":"http:\/\/guiaturisticodesinop.com.br\/wp-content\/uploads\/2023\/02\/27-mapa-7.png","type":"image\/png"}],"twitter_card":"summary_large_image","twitter_misc":{"Est. tempo de leitura":"1 minuto"},"schema":{"@context":"https:\/\/schema.org","@graph":[{"@type":"WebPage","@id":"http:\/\/guiaturisticodesinop.com.br\/?page_id=2346","url":"http:\/\/guiaturisticodesinop.com.br\/?page_id=2346","name":"Fam\u00edlia Masiero Emp\u00f3rio - GUIA TUR\u00cdSTICO DE SINOP","isPartOf":{"@id":"https:\/\/guiaturisticodesinop.com.br\/#website"},"primaryImageOfPage":{"@id":"http:\/\/guiaturisticodesinop.com.br\/?page_id=2346#primaryimage"},"image":{"@id":"http:\/\/guiaturisticodesinop.com.br\/?page_id=2346#primaryimage"},"thumbnailUrl":"https:\/\/guiaturisticodesinop.com.br\/wp-content\/uploads\/2023\/02\/27-mapa-7.png","datePublished":"2023-02-25T17:02:19+00:00","dateModified":"2023-06-22T00:45:12+00:00","breadcrumb":{"@id":"http:\/\/guiaturisticodesinop.com.br\/?page_id=2346#breadcrumb"},"inLanguage":"pt-BR","potentialAction":[{"@type":"ReadAction","target":["http:\/\/guiaturisticodesinop.com.br\/?page_id=2346"]}]},{"@type":"ImageObject","inLanguage":"pt-BR","@id":"http:\/\/guiaturisticodesinop.com.br\/?page_id=2346#primaryimage","url":"https:\/\/guiaturisticodesinop.com.br\/wp-content\/uploads\/2023\/02\/27-mapa-7.png","contentUrl":"https:\/\/guiaturisticodesinop.com.br\/wp-content\/uploads\/2023\/02\/27-mapa-7.png","width":1111,"height":354,"caption":"#Pra\u00e7a Jardim Curitiba II #Sinop #Brinquedos para crian\u00e7as #Lazer #Academia ao livre #Quadras esportiva #Pergolado #Banheiro p\u00fablico #Obra de arte #F\u00e1bio Gomes Trindade"},{"@type":"BreadcrumbList","@id":"http:\/\/guiaturisticodesinop.com.br\/?page_id=2346#breadcrumb","itemListElement":[{"@type":"ListItem","position":1,"name":"In\u00edcio","item":"https:\/\/guiaturisticodesinop.com.br\/"},{"@type":"ListItem","position":2,"name":"Fam\u00edlia Masiero Emp\u00f3rio"}]},{"@type":"WebSite","@id":"https:\/\/guiaturisticodesinop.com.br\/#website","url":"https:\/\/guiaturisticodesinop.com.br\/","name":"GUIA TUR\u00cdSTICO DE SINOP","description":"A vitrine on-line do turismo em Sinop para o mundo!","publisher":{"@id":"https:\/\/guiaturisticodesinop.com.br\/#organization"},"potentialAction":[{"@type":"SearchAction","target":{"@type":"EntryPoint","urlTemplate":"https:\/\/guiaturisticodesinop.com.br\/?s={search_term_string}"},"query-input":{"@type":"PropertyValueSpecification","valueRequired":true,"valueName":"search_term_string"}}],"inLanguage":"pt-BR"},{"@type":"Organization","@id":"https:\/\/guiaturisticodesinop.com.br\/#organization","name":"GUIA TUR\u00cdSTICO DE SINOP","url":"https:\/\/guiaturisticodesinop.com.br\/","logo":{"@type":"ImageObject","inLanguage":"pt-BR","@id":"https:\/\/guiaturisticodesinop.com.br\/#\/schema\/logo\/image\/","url":"https:\/\/guiaturisticodesinop.com.br\/wp-content\/uploads\/2023\/02\/logo_marca_guia_turistico_de_sinop.png","contentUrl":"https:\/\/guiaturisticodesinop.com.br\/wp-content\/uploads\/2023\/02\/logo_marca_guia_turistico_de_sinop.png","width":250,"height":149,"caption":"GUIA TUR\u00cdSTICO DE SINOP"},"image":{"@id":"https:\/\/guiaturisticodesinop.com.br\/#\/schema\/logo\/image\/"},"sameAs":["https:\/\/www.facebook.com\/people\/Guia-Turstico-de-Sinop\/100089015200279\/","https:\/\/www.instagram.com\/guiaturisticodesinop"]}]}},"_links":{"self":[{"href":"https:\/\/guiaturisticodesinop.com.br\/index.php?rest_route=\/wp\/v2\/pages\/2346","targetHints":{"allow":["GET"]}}],"collection":[{"href":"https:\/\/guiaturisticodesinop.com.br\/index.php?rest_route=\/wp\/v2\/pages"}],"about":[{"href":"https:\/\/guiaturisticodesinop.com.br\/index.php?rest_route=\/wp\/v2\/types\/page"}],"author":[{"embeddable":true,"href":"https:\/\/guiaturisticodesinop.com.br\/index.php?rest_route=\/wp\/v2\/users\/1"}],"replies":[{"embeddable":true,"href":"https:\/\/guiaturisticodesinop.com.br\/index.php?rest_route=%2Fwp%2Fv2%2Fcomments&post=2346"}],"version-history":[{"count":35,"href":"https:\/\/guiaturisticodesinop.com.br\/index.php?rest_route=\/wp\/v2\/pages\/2346\/revisions"}],"predecessor-version":[{"id":2620,"href":"https:\/\/guiaturisticodesinop.com.br\/index.php?rest_route=\/wp\/v2\/pages\/2346\/revisions\/2620"}],"wp:featuredmedia":[{"embeddable":true,"href":"https:\/\/guiaturisticodesinop.com.br\/index.php?rest_route=\/wp\/v2\/media\/2407"}],"wp:attachment":[{"href":"https:\/\/guiaturisticodesinop.com.br\/index.php?rest_route=%2Fwp%2Fv2%2Fmedia&parent=2346"}],"curies":[{"name":"wp","href":"https:\/\/api.w.org\/{rel}","templated":true}]}}