{"id":2187,"date":"2023-02-20T11:49:35","date_gmt":"2023-02-20T15:49:35","guid":{"rendered":"http:\/\/guiaturisticodesinop.com.br\/?page_id=2187"},"modified":"2025-06-25T19:41:09","modified_gmt":"2025-06-25T23:41:09","slug":"praca-da-biblia-sinop-mt","status":"publish","type":"page","link":"https:\/\/guiaturisticodesinop.com.br\/?page_id=2187","title":{"rendered":"Pra\u00e7a da B\u00edblia"},"content":{"rendered":"\n<!DOCTYPE html PUBLIC \"-\/\/W3C\/\/DTD XHTML 1.0 Transitional\/\/EN\" \"http:\/\/www.w3.org\/TR\/xhtml1\/DTD\/xhtml1-transitional.dtd\">\n<html xmlns=\"http:\/\/www.w3.org\/1999\/xhtml\">\n<head>\n<meta http-equiv=\"Content-Type\" content=\"text\/html; charset=utf-8\" \/>\n<title>Pra\u00e7a Arco do Triunfo &#8211; Sinop &#8211; Mato Grosso<\/title>\n\n<!--Inicio das Tags de SEO, mecanismos sensivel ao moteres de buscas Google, Bing e outros-->\n<!--#Pra\u00e7a da B\u00edblia #Sinop-->\n<!--#Lazer #Sinop-->\n<!--#Sinop #Mato_Grosso-->\n<!--#Pra\u00e7as #Sinop #Mato_Grosso-->\n<!--#Bosque #Sinop #Mato_Grosso-->\n<!--#Lanchonetes #Mato_Grosso-->\n<!--#Casa do Artes\u00e3o #Sinop #Mato Grosso-->\n<!--#Brinquedo para crian\u00e7a #Sinop #Mato_Grosso-->\n<!--#Academia ao ar livre #Sinop #Mato Grosso-->\n\n<!--Fim das Tags de SEO-->\n<\/head>\n\n<body>\n<img decoding=\"async\" src=\"http:\/\/guiaturisticodesinop.com.br\/praca_da_biblia_sinop\/praca_da_biblia_sinop_logo.png\" alt=\"Pra\u00e7a da B\u00edblia - Sinop - Mato Grosso\" hspace=\"5\"><br><br>\n<\/body>\n<\/html>\n\n\n\n<p align=\"justify\" style=\"color: #000; font-size: 25px \">\nLocalizada no centro de Sinop, a <b>Pra\u00e7a da B\u00edblia<\/b> representa um importante ponto de lazer para a sociedade sinopense e visitantes da nossa cidade em geral. O local tamb\u00e9m serve como palco para grandes eventos a c\u00e9u aberto que ocorrem durante o ano com destaque para o <b>Natal dos Sonhos<\/b> no m\u00eas de dezembro e <b>Feira da Fam\u00edlia<\/b> aos domingos pela manh\u00e3.  \n<br>\nDiariamente no per\u00edodo noturno, a pra\u00e7a conta com barracas de lanches e espetinhos. O local possui playground para as crian\u00e7as brincarem.   \n<br>\nA pra\u00e7a possui um lindo bosque composto de fauna e flora nativa, em seu interior  existe trilhas para a realiza\u00e7\u00e3o de uma boa caminhada para relaxamento e contempla\u00e7\u00e3o da natureza.\n<br><br>\n<b>Estrutura \/ Equipamentos de lazer:<\/b>\n<br>\n&#8211; Banheiro P\u00fablico\n<br>\n&#8211; Bancos\n<br>\n&#8211; Bosque\n<br>\n&#8211; Trailer de Lanche\n<br>\n&#8211; Loja de Artesanato\n<br>\n<\/p>\n\n\n\n<div id=\"metaslider-id-3365\" style=\"width: 100%;\" class=\"ml-slider-3-99-0 metaslider metaslider-flex metaslider-3365 ml-slider ms-theme-bubble has-dots-nav\" role=\"region\" aria-label=\"Pra\u00e7a da Biblia\" data-width=\"601\">\n    <div id=\"metaslider_container_3365\">\n        <div id=\"metaslider_3365\">\n            <ul class='slides'>\n                <li style=\"display: block; width: 100%;\" class=\"slide-3370 ms-image \" aria-roledescription=\"slide\" data-date=\"2025-06-25 19:14:03\"><img fetchpriority=\"high\" decoding=\"async\" src=\"https:\/\/guiaturisticodesinop.com.br\/wp-content\/uploads\/2025\/06\/praca_da_biblia_sinop_foto1.png\" height=\"415\" width=\"601\" alt=\"\" class=\"slider-3365 slide-3370 msDefaultImage\" \/><\/li>\n                <li style=\"display: none; width: 100%;\" class=\"slide-3371 ms-image \" aria-roledescription=\"slide\" data-date=\"2025-06-25 19:14:03\"><img decoding=\"async\" src=\"https:\/\/guiaturisticodesinop.com.br\/wp-content\/uploads\/2025\/06\/praca_da_biblia_sinop_foto2.png\" height=\"415\" width=\"601\" alt=\"\" class=\"slider-3365 slide-3371 msDefaultImage\" title=\"praca_da_biblia_sinop_foto2\" \/><\/li>\n                <li style=\"display: none; width: 100%;\" class=\"slide-3372 ms-image \" aria-roledescription=\"slide\" data-date=\"2025-06-25 19:14:03\"><img decoding=\"async\" src=\"https:\/\/guiaturisticodesinop.com.br\/wp-content\/uploads\/2025\/06\/praca_da_biblia_sinop_foto3.png\" height=\"415\" width=\"601\" alt=\"\" class=\"slider-3365 slide-3372 msDefaultImage\" title=\"praca_da_biblia_sinop_foto3\" \/><\/li>\n                <li style=\"display: none; width: 100%;\" class=\"slide-3373 ms-image \" aria-roledescription=\"slide\" data-date=\"2025-06-25 19:14:03\"><img loading=\"lazy\" decoding=\"async\" src=\"https:\/\/guiaturisticodesinop.com.br\/wp-content\/uploads\/2025\/06\/praca_da_biblia_sinop_foto4.png\" height=\"415\" width=\"601\" alt=\"\" class=\"slider-3365 slide-3373 msDefaultImage\" title=\"praca_da_biblia_sinop_foto4\" \/><\/li>\n            <\/ul>\n        <\/div>\n        \n    <\/div>\n<\/div>\n\n\n\n<br><p class=\"has-text-align-left\"><strong>Pra\u00e7a da B\u00edblia<\/strong><\/p>\n\n\n\n<p class=\"has-text-align-left has-black-color has-text-color\">Bairro: Centro<\/p>\n\n\n\n<p class=\"has-text-align-left has-black-color has-text-color\">Sinop-MT<\/p>\n\n\n\n<hr style=\"width: 99.8%; height: 2px; text-align:center\" color=\"#A9A9A9\"\/><br>\n\n\n\n<p><center><img decoding=\"async\" src=\"http:\/\/guiaturisticodesinop.com.br\/vale_do_mirante_sinop\/cadastur.png\" alt=\"Cadastur\" hspace=\"5\"><\/center><\/p>\n\n\n\n<br><p><center><strong>Consulte o portal do Cadastur \/ Minist\u00e9rio do Turismo:<\/strong> <a href=\"https:\/\/cadastur.turismo.gov.br\/hotsite\/\" target=\"_blank\" rel=\"noreferrer noopener\"><br><br>Clicar aqui<\/a><\/center><\/p><br>\n\n\n\n<p align=\"justify\" style=\"color: #000; font-size: 25px \">\n#Pra\u00e7aDaB\u00edblia #Sinop #TrailerDeLanche #Lazer #Passeio\n<\/p>\n\n\n\n<p><\/p>\n","protected":false},"excerpt":{"rendered":"<p>Pra\u00e7a Arco do Triunfo &#8211; Sinop &#8211; Mato Grosso Localizada no centro de Sinop, a Pra\u00e7a da B\u00edblia representa um importante ponto de lazer para a sociedade sinopense e visitantes da nossa cidade em geral. O local tamb\u00e9m serve como palco para grandes eventos a c\u00e9u aberto que ocorrem durante [&hellip;]<\/p>\n","protected":false},"author":1,"featured_media":2407,"parent":0,"menu_order":0,"comment_status":"closed","ping_status":"closed","template":"","meta":{"_themeisle_gutenberg_block_has_review":false,"footnotes":""},"class_list":["post-2187","page","type-page","status-publish","has-post-thumbnail","hentry"],"yoast_head":"<!-- This site is optimized with the Yoast SEO plugin v25.3.1 - https:\/\/yoast.com\/wordpress\/plugins\/seo\/ -->\n<title>Pra\u00e7a da B\u00edblia - GUIA TUR\u00cdSTICO DE SINOP<\/title>\n<meta name=\"robots\" content=\"index, follow, max-snippet:-1, max-image-preview:large, max-video-preview:-1\" \/>\n<link rel=\"canonical\" href=\"http:\/\/guiaturisticodesinop.com.br\/?page_id=2187\" \/>\n<meta property=\"og:locale\" content=\"pt_BR\" \/>\n<meta property=\"og:type\" content=\"article\" \/>\n<meta property=\"og:title\" content=\"Pra\u00e7a da B\u00edblia - GUIA TUR\u00cdSTICO DE SINOP\" \/>\n<meta property=\"og:description\" content=\"Pra\u00e7a Arco do Triunfo &#8211; Sinop &#8211; Mato Grosso Localizada no centro de Sinop, a Pra\u00e7a da B\u00edblia representa um importante ponto de lazer para a sociedade sinopense e visitantes da nossa cidade em geral. O local tamb\u00e9m serve como palco para grandes eventos a c\u00e9u aberto que ocorrem durante [&hellip;]\" \/>\n<meta property=\"og:url\" content=\"http:\/\/guiaturisticodesinop.com.br\/?page_id=2187\" \/>\n<meta property=\"og:site_name\" content=\"GUIA TUR\u00cdSTICO DE SINOP\" \/>\n<meta property=\"article:publisher\" content=\"https:\/\/www.facebook.com\/people\/Guia-Turstico-de-Sinop\/100089015200279\/\" \/>\n<meta property=\"article:modified_time\" content=\"2025-06-25T23:41:09+00:00\" \/>\n<meta property=\"og:image\" content=\"http:\/\/guiaturisticodesinop.com.br\/wp-content\/uploads\/2023\/02\/27-mapa-7.png\" \/>\n\t<meta property=\"og:image:width\" content=\"1111\" \/>\n\t<meta property=\"og:image:height\" content=\"354\" \/>\n\t<meta property=\"og:image:type\" content=\"image\/png\" \/>\n<meta name=\"twitter:card\" content=\"summary_large_image\" \/>\n<meta name=\"twitter:label1\" content=\"Est. tempo de leitura\" \/>\n\t<meta name=\"twitter:data1\" content=\"2 minutos\" \/>\n<script type=\"application\/ld+json\" class=\"yoast-schema-graph\">{\"@context\":\"https:\/\/schema.org\",\"@graph\":[{\"@type\":\"WebPage\",\"@id\":\"http:\/\/guiaturisticodesinop.com.br\/?page_id=2187\",\"url\":\"http:\/\/guiaturisticodesinop.com.br\/?page_id=2187\",\"name\":\"Pra\u00e7a da B\u00edblia - GUIA TUR\u00cdSTICO DE SINOP\",\"isPartOf\":{\"@id\":\"https:\/\/guiaturisticodesinop.com.br\/#website\"},\"primaryImageOfPage\":{\"@id\":\"http:\/\/guiaturisticodesinop.com.br\/?page_id=2187#primaryimage\"},\"image\":{\"@id\":\"http:\/\/guiaturisticodesinop.com.br\/?page_id=2187#primaryimage\"},\"thumbnailUrl\":\"https:\/\/guiaturisticodesinop.com.br\/wp-content\/uploads\/2023\/02\/27-mapa-7.png\",\"datePublished\":\"2023-02-20T15:49:35+00:00\",\"dateModified\":\"2025-06-25T23:41:09+00:00\",\"breadcrumb\":{\"@id\":\"http:\/\/guiaturisticodesinop.com.br\/?page_id=2187#breadcrumb\"},\"inLanguage\":\"pt-BR\",\"potentialAction\":[{\"@type\":\"ReadAction\",\"target\":[\"http:\/\/guiaturisticodesinop.com.br\/?page_id=2187\"]}]},{\"@type\":\"ImageObject\",\"inLanguage\":\"pt-BR\",\"@id\":\"http:\/\/guiaturisticodesinop.com.br\/?page_id=2187#primaryimage\",\"url\":\"https:\/\/guiaturisticodesinop.com.br\/wp-content\/uploads\/2023\/02\/27-mapa-7.png\",\"contentUrl\":\"https:\/\/guiaturisticodesinop.com.br\/wp-content\/uploads\/2023\/02\/27-mapa-7.png\",\"width\":1111,\"height\":354,\"caption\":\"#Pra\u00e7a Jardim Curitiba II #Sinop #Brinquedos para crian\u00e7as #Lazer #Academia ao livre #Quadras esportiva #Pergolado #Banheiro p\u00fablico #Obra de arte #F\u00e1bio Gomes Trindade\"},{\"@type\":\"BreadcrumbList\",\"@id\":\"http:\/\/guiaturisticodesinop.com.br\/?page_id=2187#breadcrumb\",\"itemListElement\":[{\"@type\":\"ListItem\",\"position\":1,\"name\":\"In\u00edcio\",\"item\":\"https:\/\/guiaturisticodesinop.com.br\/\"},{\"@type\":\"ListItem\",\"position\":2,\"name\":\"Pra\u00e7a da B\u00edblia\"}]},{\"@type\":\"WebSite\",\"@id\":\"https:\/\/guiaturisticodesinop.com.br\/#website\",\"url\":\"https:\/\/guiaturisticodesinop.com.br\/\",\"name\":\"GUIA TUR\u00cdSTICO DE SINOP\",\"description\":\"A vitrine on-line do turismo em Sinop para o mundo!\",\"publisher\":{\"@id\":\"https:\/\/guiaturisticodesinop.com.br\/#organization\"},\"potentialAction\":[{\"@type\":\"SearchAction\",\"target\":{\"@type\":\"EntryPoint\",\"urlTemplate\":\"https:\/\/guiaturisticodesinop.com.br\/?s={search_term_string}\"},\"query-input\":{\"@type\":\"PropertyValueSpecification\",\"valueRequired\":true,\"valueName\":\"search_term_string\"}}],\"inLanguage\":\"pt-BR\"},{\"@type\":\"Organization\",\"@id\":\"https:\/\/guiaturisticodesinop.com.br\/#organization\",\"name\":\"GUIA TUR\u00cdSTICO DE SINOP\",\"url\":\"https:\/\/guiaturisticodesinop.com.br\/\",\"logo\":{\"@type\":\"ImageObject\",\"inLanguage\":\"pt-BR\",\"@id\":\"https:\/\/guiaturisticodesinop.com.br\/#\/schema\/logo\/image\/\",\"url\":\"https:\/\/guiaturisticodesinop.com.br\/wp-content\/uploads\/2023\/02\/logo_marca_guia_turistico_de_sinop.png\",\"contentUrl\":\"https:\/\/guiaturisticodesinop.com.br\/wp-content\/uploads\/2023\/02\/logo_marca_guia_turistico_de_sinop.png\",\"width\":250,\"height\":149,\"caption\":\"GUIA TUR\u00cdSTICO DE SINOP\"},\"image\":{\"@id\":\"https:\/\/guiaturisticodesinop.com.br\/#\/schema\/logo\/image\/\"},\"sameAs\":[\"https:\/\/www.facebook.com\/people\/Guia-Turstico-de-Sinop\/100089015200279\/\",\"https:\/\/www.instagram.com\/guiaturisticodesinop\"]}]}<\/script>\n<!-- \/ Yoast SEO plugin. -->","yoast_head_json":{"title":"Pra\u00e7a da B\u00edblia - GUIA TUR\u00cdSTICO DE SINOP","robots":{"index":"index","follow":"follow","max-snippet":"max-snippet:-1","max-image-preview":"max-image-preview:large","max-video-preview":"max-video-preview:-1"},"canonical":"http:\/\/guiaturisticodesinop.com.br\/?page_id=2187","og_locale":"pt_BR","og_type":"article","og_title":"Pra\u00e7a da B\u00edblia - GUIA TUR\u00cdSTICO DE SINOP","og_description":"Pra\u00e7a Arco do Triunfo &#8211; Sinop &#8211; Mato Grosso Localizada no centro de Sinop, a Pra\u00e7a da B\u00edblia representa um importante ponto de lazer para a sociedade sinopense e visitantes da nossa cidade em geral. O local tamb\u00e9m serve como palco para grandes eventos a c\u00e9u aberto que ocorrem durante [&hellip;]","og_url":"http:\/\/guiaturisticodesinop.com.br\/?page_id=2187","og_site_name":"GUIA TUR\u00cdSTICO DE SINOP","article_publisher":"https:\/\/www.facebook.com\/people\/Guia-Turstico-de-Sinop\/100089015200279\/","article_modified_time":"2025-06-25T23:41:09+00:00","og_image":[{"width":1111,"height":354,"url":"http:\/\/guiaturisticodesinop.com.br\/wp-content\/uploads\/2023\/02\/27-mapa-7.png","type":"image\/png"}],"twitter_card":"summary_large_image","twitter_misc":{"Est. tempo de leitura":"2 minutos"},"schema":{"@context":"https:\/\/schema.org","@graph":[{"@type":"WebPage","@id":"http:\/\/guiaturisticodesinop.com.br\/?page_id=2187","url":"http:\/\/guiaturisticodesinop.com.br\/?page_id=2187","name":"Pra\u00e7a da B\u00edblia - GUIA TUR\u00cdSTICO DE SINOP","isPartOf":{"@id":"https:\/\/guiaturisticodesinop.com.br\/#website"},"primaryImageOfPage":{"@id":"http:\/\/guiaturisticodesinop.com.br\/?page_id=2187#primaryimage"},"image":{"@id":"http:\/\/guiaturisticodesinop.com.br\/?page_id=2187#primaryimage"},"thumbnailUrl":"https:\/\/guiaturisticodesinop.com.br\/wp-content\/uploads\/2023\/02\/27-mapa-7.png","datePublished":"2023-02-20T15:49:35+00:00","dateModified":"2025-06-25T23:41:09+00:00","breadcrumb":{"@id":"http:\/\/guiaturisticodesinop.com.br\/?page_id=2187#breadcrumb"},"inLanguage":"pt-BR","potentialAction":[{"@type":"ReadAction","target":["http:\/\/guiaturisticodesinop.com.br\/?page_id=2187"]}]},{"@type":"ImageObject","inLanguage":"pt-BR","@id":"http:\/\/guiaturisticodesinop.com.br\/?page_id=2187#primaryimage","url":"https:\/\/guiaturisticodesinop.com.br\/wp-content\/uploads\/2023\/02\/27-mapa-7.png","contentUrl":"https:\/\/guiaturisticodesinop.com.br\/wp-content\/uploads\/2023\/02\/27-mapa-7.png","width":1111,"height":354,"caption":"#Pra\u00e7a Jardim Curitiba II #Sinop #Brinquedos para crian\u00e7as #Lazer #Academia ao livre #Quadras esportiva #Pergolado #Banheiro p\u00fablico #Obra de arte #F\u00e1bio Gomes Trindade"},{"@type":"BreadcrumbList","@id":"http:\/\/guiaturisticodesinop.com.br\/?page_id=2187#breadcrumb","itemListElement":[{"@type":"ListItem","position":1,"name":"In\u00edcio","item":"https:\/\/guiaturisticodesinop.com.br\/"},{"@type":"ListItem","position":2,"name":"Pra\u00e7a da B\u00edblia"}]},{"@type":"WebSite","@id":"https:\/\/guiaturisticodesinop.com.br\/#website","url":"https:\/\/guiaturisticodesinop.com.br\/","name":"GUIA TUR\u00cdSTICO DE SINOP","description":"A vitrine on-line do turismo em Sinop para o mundo!","publisher":{"@id":"https:\/\/guiaturisticodesinop.com.br\/#organization"},"potentialAction":[{"@type":"SearchAction","target":{"@type":"EntryPoint","urlTemplate":"https:\/\/guiaturisticodesinop.com.br\/?s={search_term_string}"},"query-input":{"@type":"PropertyValueSpecification","valueRequired":true,"valueName":"search_term_string"}}],"inLanguage":"pt-BR"},{"@type":"Organization","@id":"https:\/\/guiaturisticodesinop.com.br\/#organization","name":"GUIA TUR\u00cdSTICO DE SINOP","url":"https:\/\/guiaturisticodesinop.com.br\/","logo":{"@type":"ImageObject","inLanguage":"pt-BR","@id":"https:\/\/guiaturisticodesinop.com.br\/#\/schema\/logo\/image\/","url":"https:\/\/guiaturisticodesinop.com.br\/wp-content\/uploads\/2023\/02\/logo_marca_guia_turistico_de_sinop.png","contentUrl":"https:\/\/guiaturisticodesinop.com.br\/wp-content\/uploads\/2023\/02\/logo_marca_guia_turistico_de_sinop.png","width":250,"height":149,"caption":"GUIA TUR\u00cdSTICO DE SINOP"},"image":{"@id":"https:\/\/guiaturisticodesinop.com.br\/#\/schema\/logo\/image\/"},"sameAs":["https:\/\/www.facebook.com\/people\/Guia-Turstico-de-Sinop\/100089015200279\/","https:\/\/www.instagram.com\/guiaturisticodesinop"]}]}},"_links":{"self":[{"href":"https:\/\/guiaturisticodesinop.com.br\/index.php?rest_route=\/wp\/v2\/pages\/2187","targetHints":{"allow":["GET"]}}],"collection":[{"href":"https:\/\/guiaturisticodesinop.com.br\/index.php?rest_route=\/wp\/v2\/pages"}],"about":[{"href":"https:\/\/guiaturisticodesinop.com.br\/index.php?rest_route=\/wp\/v2\/types\/page"}],"author":[{"embeddable":true,"href":"https:\/\/guiaturisticodesinop.com.br\/index.php?rest_route=\/wp\/v2\/users\/1"}],"replies":[{"embeddable":true,"href":"https:\/\/guiaturisticodesinop.com.br\/index.php?rest_route=%2Fwp%2Fv2%2Fcomments&post=2187"}],"version-history":[{"count":33,"href":"https:\/\/guiaturisticodesinop.com.br\/index.php?rest_route=\/wp\/v2\/pages\/2187\/revisions"}],"predecessor-version":[{"id":3386,"href":"https:\/\/guiaturisticodesinop.com.br\/index.php?rest_route=\/wp\/v2\/pages\/2187\/revisions\/3386"}],"wp:featuredmedia":[{"embeddable":true,"href":"https:\/\/guiaturisticodesinop.com.br\/index.php?rest_route=\/wp\/v2\/media\/2407"}],"wp:attachment":[{"href":"https:\/\/guiaturisticodesinop.com.br\/index.php?rest_route=%2Fwp%2Fv2%2Fmedia&parent=2187"}],"curies":[{"name":"wp","href":"https:\/\/api.w.org\/{rel}","templated":true}]}}