{"id":1930,"date":"2023-02-14T12:04:38","date_gmt":"2023-02-14T16:04:38","guid":{"rendered":"http:\/\/guiaturisticodesinop.com.br\/?page_id=1930"},"modified":"2025-06-28T11:43:20","modified_gmt":"2025-06-28T15:43:20","slug":"curupy-acqua-park-hotel-sinop-mt","status":"publish","type":"page","link":"http:\/\/guiaturisticodesinop.com.br\/?page_id=1930","title":{"rendered":"Curupy Acqua Park Hotel"},"content":{"rendered":"\n<p class=\"has-text-align-left has-black-color has-background-color-background-color has-text-color has-background has-medium-font-size\"><strong>Curupy Acqua Park Hotel <\/strong>| Sinop-MT<\/p>\n\n\n\n<br>\n<p align=\"justify\" style=\"color: #000; font-size: 25px \">\n\n<img fetchpriority=\"high\" decoding=\"async\" src=\"http:\/\/guiaturisticodesinop.com.br\/wp-content\/uploads\/2023\/01\/Curupy-Acqua-Park-Hotel-Sinop.jpg\" alt=\"Curupy Acqua Park Hotel - Sinop-MT\" height=\"350\" width=\"450\" align=\"left\" hspace=\"20\">\n\n&#8220;Imagine um lugar onde \u00e9 poss\u00edvel realizar as mais incr\u00edveis aventuras de lazer e divers\u00e3o, onde cada atra\u00e7\u00e3o \u00e9 repleta de adrenalina e novas descobertas. Este lugar \u00e9 o Curupy Acqua Park Hotel, o mais incr\u00edvel e completo parque aqu\u00e1tico do norte de Mato Grosso.&#8221; \n<br>\n<\/p>\n\n\n\n<center>\n<iframe width=\"560\" height=\"315\" src=\"https:\/\/www.youtube.com\/embed\/qHairg2ZL_w\" title=\"YouTube video player\" frameborder=\"0\" allow=\"accelerometer; autoplay; clipboard-write; encrypted-media; gyroscope; picture-in-picture; web-share\" allowfullscreen=\"\"><\/iframe>\n<\/center>\n\n\n\n<hr class=\"wp-block-separator has-alpha-channel-opacity is-style-wide\"\/>\n\n\n\n<p class=\"has-text-align-left\"><strong><strong>Curupy Acqua Park Hotel<\/strong><\/strong> <\/p>\n\n\n\n<p class=\"has-text-align-left has-black-color has-text-color\"><img decoding=\"async\" width=\"35\" height=\"35\" class=\"wp-image-660\" style=\"width: 35px;\" src=\"http:\/\/guiaturisticodesinop.com.br\/wp-content\/uploads\/2022\/12\/icone_telefone-1.png\" alt=\"\"><strong> <\/strong>66 3015.1337<\/p>\n\n\n\n<p class=\"has-text-align-left\"><img decoding=\"async\" width=\"35\" height=\"35\" class=\"wp-image-450\" style=\"width: 35px;\" src=\"http:\/\/guiaturisticodesinop.com.br\/wp-content\/uploads\/2022\/12\/174879-2.png\" alt=\"\" srcset=\"http:\/\/guiaturisticodesinop.com.br\/wp-content\/uploads\/2022\/12\/174879-2.png 512w, http:\/\/guiaturisticodesinop.com.br\/wp-content\/uploads\/2022\/12\/174879-2-300x300.png 300w, http:\/\/guiaturisticodesinop.com.br\/wp-content\/uploads\/2022\/12\/174879-2-150x150.png 150w\" sizes=\"(max-width: 35px) 100vw, 35px\" \/><strong> <\/strong>66.9.9656-2410<\/p>\n\n\n\n<p class=\"has-text-align-left has-black-color has-text-color\"><img loading=\"lazy\" decoding=\"async\" width=\"35\" height=\"34\" class=\"wp-image-670\" style=\"width: 35px;\" src=\"http:\/\/guiaturisticodesinop.com.br\/wp-content\/uploads\/2022\/12\/instagram-3.png\" alt=\"\">  <a href=\"https:\/\/www.instagram.com\/curupyacquapark\/\" target=\"_blank\" rel=\"noreferrer noopener\">curupyacquapark<\/a><\/p>\n\n\n\n<p class=\"has-text-align-left\"><img loading=\"lazy\" decoding=\"async\" width=\"35\" height=\"36\" class=\"wp-image-659\" style=\"width: 35px;\" src=\"http:\/\/guiaturisticodesinop.com.br\/wp-content\/uploads\/2022\/12\/icone_facebook-1.png\" alt=\"\"> <a rel=\"noreferrer noopener\" href=\"https:\/\/www.facebook.com\/CurupyAcquaParkHotel\" target=\"_blank\">CurupyAcquaParkHotel<\/a><\/p>\n\n\n\n<p class=\"has-text-align-right has-black-color has-text-color\"><p class=\"has-text-align-left has-black-color has-text-color\">Comunidade Nossa Senhora Aparecida &#8211; Estrada Adalgisa &#8211; Ch\u00e1cara 181 &#8211; Zona Rural <br>Cep: 78559-899<br> <span style=\"color: var(--wp--preset--color--black) ; font-size: revert; background-color: rgb(255, 255, 255);\">Sinop-MT<\/span><\/p><\/p><br>\n\n\n\n<p><strong>Fonte da Pesquisa:<\/strong> <a href=\"https:\/\/www.curupy.com.br\/\" target=\"_blank\" rel=\"noreferrer noopener\">Curupy Acqua Park<\/a><\/p><br>\n","protected":false},"excerpt":{"rendered":"<p>Curupy Acqua Park Hotel | Sinop-MT &#8220;Imagine um lugar onde \u00e9 poss\u00edvel realizar as mais incr\u00edveis aventuras de lazer e divers\u00e3o, onde cada atra\u00e7\u00e3o \u00e9 repleta de adrenalina e novas descobertas. Este lugar \u00e9 o Curupy Acqua Park Hotel, o mais incr\u00edvel e completo parque aqu\u00e1tico do norte de Mato [&hellip;]<\/p>\n","protected":false},"author":1,"featured_media":2407,"parent":0,"menu_order":0,"comment_status":"closed","ping_status":"closed","template":"","meta":{"_themeisle_gutenberg_block_has_review":false,"footnotes":""},"class_list":["post-1930","page","type-page","status-publish","has-post-thumbnail","hentry"],"yoast_head":"<!-- This site is optimized with the Yoast SEO plugin v25.3.1 - https:\/\/yoast.com\/wordpress\/plugins\/seo\/ -->\n<title>Curupy Acqua Park Hotel - GUIA TUR\u00cdSTICO DE SINOP<\/title>\n<meta name=\"robots\" content=\"index, follow, max-snippet:-1, max-image-preview:large, max-video-preview:-1\" \/>\n<link rel=\"canonical\" href=\"http:\/\/guiaturisticodesinop.com.br\/?page_id=1930\" \/>\n<meta property=\"og:locale\" content=\"pt_BR\" \/>\n<meta property=\"og:type\" content=\"article\" \/>\n<meta property=\"og:title\" content=\"Curupy Acqua Park Hotel - GUIA TUR\u00cdSTICO DE SINOP\" \/>\n<meta property=\"og:description\" content=\"Curupy Acqua Park Hotel | Sinop-MT &#8220;Imagine um lugar onde \u00e9 poss\u00edvel realizar as mais incr\u00edveis aventuras de lazer e divers\u00e3o, onde cada atra\u00e7\u00e3o \u00e9 repleta de adrenalina e novas descobertas. Este lugar \u00e9 o Curupy Acqua Park Hotel, o mais incr\u00edvel e completo parque aqu\u00e1tico do norte de Mato [&hellip;]\" \/>\n<meta property=\"og:url\" content=\"http:\/\/guiaturisticodesinop.com.br\/?page_id=1930\" \/>\n<meta property=\"og:site_name\" content=\"GUIA TUR\u00cdSTICO DE SINOP\" \/>\n<meta property=\"article:publisher\" content=\"https:\/\/www.facebook.com\/people\/Guia-Turstico-de-Sinop\/100089015200279\/\" \/>\n<meta property=\"article:modified_time\" content=\"2025-06-28T15:43:20+00:00\" \/>\n<meta property=\"og:image\" content=\"http:\/\/guiaturisticodesinop.com.br\/wp-content\/uploads\/2023\/02\/27-mapa-7.png\" \/>\n\t<meta property=\"og:image:width\" content=\"1111\" \/>\n\t<meta property=\"og:image:height\" content=\"354\" \/>\n\t<meta property=\"og:image:type\" content=\"image\/png\" \/>\n<meta name=\"twitter:card\" content=\"summary_large_image\" \/>\n<meta name=\"twitter:label1\" content=\"Est. tempo de leitura\" \/>\n\t<meta name=\"twitter:data1\" content=\"2 minutos\" \/>\n<script type=\"application\/ld+json\" class=\"yoast-schema-graph\">{\"@context\":\"https:\/\/schema.org\",\"@graph\":[{\"@type\":\"WebPage\",\"@id\":\"http:\/\/guiaturisticodesinop.com.br\/?page_id=1930\",\"url\":\"http:\/\/guiaturisticodesinop.com.br\/?page_id=1930\",\"name\":\"Curupy Acqua Park Hotel - GUIA TUR\u00cdSTICO DE SINOP\",\"isPartOf\":{\"@id\":\"https:\/\/guiaturisticodesinop.com.br\/#website\"},\"primaryImageOfPage\":{\"@id\":\"http:\/\/guiaturisticodesinop.com.br\/?page_id=1930#primaryimage\"},\"image\":{\"@id\":\"http:\/\/guiaturisticodesinop.com.br\/?page_id=1930#primaryimage\"},\"thumbnailUrl\":\"http:\/\/guiaturisticodesinop.com.br\/wp-content\/uploads\/2023\/02\/27-mapa-7.png\",\"datePublished\":\"2023-02-14T16:04:38+00:00\",\"dateModified\":\"2025-06-28T15:43:20+00:00\",\"breadcrumb\":{\"@id\":\"http:\/\/guiaturisticodesinop.com.br\/?page_id=1930#breadcrumb\"},\"inLanguage\":\"pt-BR\",\"potentialAction\":[{\"@type\":\"ReadAction\",\"target\":[\"http:\/\/guiaturisticodesinop.com.br\/?page_id=1930\"]}]},{\"@type\":\"ImageObject\",\"inLanguage\":\"pt-BR\",\"@id\":\"http:\/\/guiaturisticodesinop.com.br\/?page_id=1930#primaryimage\",\"url\":\"http:\/\/guiaturisticodesinop.com.br\/wp-content\/uploads\/2023\/02\/27-mapa-7.png\",\"contentUrl\":\"http:\/\/guiaturisticodesinop.com.br\/wp-content\/uploads\/2023\/02\/27-mapa-7.png\",\"width\":1111,\"height\":354,\"caption\":\"#Pra\u00e7a Jardim Curitiba II #Sinop #Brinquedos para crian\u00e7as #Lazer #Academia ao livre #Quadras esportiva #Pergolado #Banheiro p\u00fablico #Obra de arte #F\u00e1bio Gomes Trindade\"},{\"@type\":\"BreadcrumbList\",\"@id\":\"http:\/\/guiaturisticodesinop.com.br\/?page_id=1930#breadcrumb\",\"itemListElement\":[{\"@type\":\"ListItem\",\"position\":1,\"name\":\"In\u00edcio\",\"item\":\"https:\/\/guiaturisticodesinop.com.br\/\"},{\"@type\":\"ListItem\",\"position\":2,\"name\":\"Curupy Acqua Park Hotel\"}]},{\"@type\":\"WebSite\",\"@id\":\"https:\/\/guiaturisticodesinop.com.br\/#website\",\"url\":\"https:\/\/guiaturisticodesinop.com.br\/\",\"name\":\"GUIA TUR\u00cdSTICO DE SINOP\",\"description\":\"A vitrine on-line do turismo em Sinop para o mundo!\",\"publisher\":{\"@id\":\"https:\/\/guiaturisticodesinop.com.br\/#organization\"},\"potentialAction\":[{\"@type\":\"SearchAction\",\"target\":{\"@type\":\"EntryPoint\",\"urlTemplate\":\"https:\/\/guiaturisticodesinop.com.br\/?s={search_term_string}\"},\"query-input\":{\"@type\":\"PropertyValueSpecification\",\"valueRequired\":true,\"valueName\":\"search_term_string\"}}],\"inLanguage\":\"pt-BR\"},{\"@type\":\"Organization\",\"@id\":\"https:\/\/guiaturisticodesinop.com.br\/#organization\",\"name\":\"GUIA TUR\u00cdSTICO DE SINOP\",\"url\":\"https:\/\/guiaturisticodesinop.com.br\/\",\"logo\":{\"@type\":\"ImageObject\",\"inLanguage\":\"pt-BR\",\"@id\":\"https:\/\/guiaturisticodesinop.com.br\/#\/schema\/logo\/image\/\",\"url\":\"https:\/\/guiaturisticodesinop.com.br\/wp-content\/uploads\/2023\/02\/logo_marca_guia_turistico_de_sinop.png\",\"contentUrl\":\"https:\/\/guiaturisticodesinop.com.br\/wp-content\/uploads\/2023\/02\/logo_marca_guia_turistico_de_sinop.png\",\"width\":250,\"height\":149,\"caption\":\"GUIA TUR\u00cdSTICO DE SINOP\"},\"image\":{\"@id\":\"https:\/\/guiaturisticodesinop.com.br\/#\/schema\/logo\/image\/\"},\"sameAs\":[\"https:\/\/www.facebook.com\/people\/Guia-Turstico-de-Sinop\/100089015200279\/\",\"https:\/\/www.instagram.com\/guiaturisticodesinop\"]}]}<\/script>\n<!-- \/ Yoast SEO plugin. -->","yoast_head_json":{"title":"Curupy Acqua Park Hotel - GUIA TUR\u00cdSTICO DE SINOP","robots":{"index":"index","follow":"follow","max-snippet":"max-snippet:-1","max-image-preview":"max-image-preview:large","max-video-preview":"max-video-preview:-1"},"canonical":"http:\/\/guiaturisticodesinop.com.br\/?page_id=1930","og_locale":"pt_BR","og_type":"article","og_title":"Curupy Acqua Park Hotel - GUIA TUR\u00cdSTICO DE SINOP","og_description":"Curupy Acqua Park Hotel | Sinop-MT &#8220;Imagine um lugar onde \u00e9 poss\u00edvel realizar as mais incr\u00edveis aventuras de lazer e divers\u00e3o, onde cada atra\u00e7\u00e3o \u00e9 repleta de adrenalina e novas descobertas. Este lugar \u00e9 o Curupy Acqua Park Hotel, o mais incr\u00edvel e completo parque aqu\u00e1tico do norte de Mato [&hellip;]","og_url":"http:\/\/guiaturisticodesinop.com.br\/?page_id=1930","og_site_name":"GUIA TUR\u00cdSTICO DE SINOP","article_publisher":"https:\/\/www.facebook.com\/people\/Guia-Turstico-de-Sinop\/100089015200279\/","article_modified_time":"2025-06-28T15:43:20+00:00","og_image":[{"width":1111,"height":354,"url":"http:\/\/guiaturisticodesinop.com.br\/wp-content\/uploads\/2023\/02\/27-mapa-7.png","type":"image\/png"}],"twitter_card":"summary_large_image","twitter_misc":{"Est. tempo de leitura":"2 minutos"},"schema":{"@context":"https:\/\/schema.org","@graph":[{"@type":"WebPage","@id":"http:\/\/guiaturisticodesinop.com.br\/?page_id=1930","url":"http:\/\/guiaturisticodesinop.com.br\/?page_id=1930","name":"Curupy Acqua Park Hotel - GUIA TUR\u00cdSTICO DE SINOP","isPartOf":{"@id":"https:\/\/guiaturisticodesinop.com.br\/#website"},"primaryImageOfPage":{"@id":"http:\/\/guiaturisticodesinop.com.br\/?page_id=1930#primaryimage"},"image":{"@id":"http:\/\/guiaturisticodesinop.com.br\/?page_id=1930#primaryimage"},"thumbnailUrl":"http:\/\/guiaturisticodesinop.com.br\/wp-content\/uploads\/2023\/02\/27-mapa-7.png","datePublished":"2023-02-14T16:04:38+00:00","dateModified":"2025-06-28T15:43:20+00:00","breadcrumb":{"@id":"http:\/\/guiaturisticodesinop.com.br\/?page_id=1930#breadcrumb"},"inLanguage":"pt-BR","potentialAction":[{"@type":"ReadAction","target":["http:\/\/guiaturisticodesinop.com.br\/?page_id=1930"]}]},{"@type":"ImageObject","inLanguage":"pt-BR","@id":"http:\/\/guiaturisticodesinop.com.br\/?page_id=1930#primaryimage","url":"http:\/\/guiaturisticodesinop.com.br\/wp-content\/uploads\/2023\/02\/27-mapa-7.png","contentUrl":"http:\/\/guiaturisticodesinop.com.br\/wp-content\/uploads\/2023\/02\/27-mapa-7.png","width":1111,"height":354,"caption":"#Pra\u00e7a Jardim Curitiba II #Sinop #Brinquedos para crian\u00e7as #Lazer #Academia ao livre #Quadras esportiva #Pergolado #Banheiro p\u00fablico #Obra de arte #F\u00e1bio Gomes Trindade"},{"@type":"BreadcrumbList","@id":"http:\/\/guiaturisticodesinop.com.br\/?page_id=1930#breadcrumb","itemListElement":[{"@type":"ListItem","position":1,"name":"In\u00edcio","item":"https:\/\/guiaturisticodesinop.com.br\/"},{"@type":"ListItem","position":2,"name":"Curupy Acqua Park Hotel"}]},{"@type":"WebSite","@id":"https:\/\/guiaturisticodesinop.com.br\/#website","url":"https:\/\/guiaturisticodesinop.com.br\/","name":"GUIA TUR\u00cdSTICO DE SINOP","description":"A vitrine on-line do turismo em Sinop para o mundo!","publisher":{"@id":"https:\/\/guiaturisticodesinop.com.br\/#organization"},"potentialAction":[{"@type":"SearchAction","target":{"@type":"EntryPoint","urlTemplate":"https:\/\/guiaturisticodesinop.com.br\/?s={search_term_string}"},"query-input":{"@type":"PropertyValueSpecification","valueRequired":true,"valueName":"search_term_string"}}],"inLanguage":"pt-BR"},{"@type":"Organization","@id":"https:\/\/guiaturisticodesinop.com.br\/#organization","name":"GUIA TUR\u00cdSTICO DE SINOP","url":"https:\/\/guiaturisticodesinop.com.br\/","logo":{"@type":"ImageObject","inLanguage":"pt-BR","@id":"https:\/\/guiaturisticodesinop.com.br\/#\/schema\/logo\/image\/","url":"https:\/\/guiaturisticodesinop.com.br\/wp-content\/uploads\/2023\/02\/logo_marca_guia_turistico_de_sinop.png","contentUrl":"https:\/\/guiaturisticodesinop.com.br\/wp-content\/uploads\/2023\/02\/logo_marca_guia_turistico_de_sinop.png","width":250,"height":149,"caption":"GUIA TUR\u00cdSTICO DE SINOP"},"image":{"@id":"https:\/\/guiaturisticodesinop.com.br\/#\/schema\/logo\/image\/"},"sameAs":["https:\/\/www.facebook.com\/people\/Guia-Turstico-de-Sinop\/100089015200279\/","https:\/\/www.instagram.com\/guiaturisticodesinop"]}]}},"_links":{"self":[{"href":"http:\/\/guiaturisticodesinop.com.br\/index.php?rest_route=\/wp\/v2\/pages\/1930","targetHints":{"allow":["GET"]}}],"collection":[{"href":"http:\/\/guiaturisticodesinop.com.br\/index.php?rest_route=\/wp\/v2\/pages"}],"about":[{"href":"http:\/\/guiaturisticodesinop.com.br\/index.php?rest_route=\/wp\/v2\/types\/page"}],"author":[{"embeddable":true,"href":"http:\/\/guiaturisticodesinop.com.br\/index.php?rest_route=\/wp\/v2\/users\/1"}],"replies":[{"embeddable":true,"href":"http:\/\/guiaturisticodesinop.com.br\/index.php?rest_route=%2Fwp%2Fv2%2Fcomments&post=1930"}],"version-history":[{"count":7,"href":"http:\/\/guiaturisticodesinop.com.br\/index.php?rest_route=\/wp\/v2\/pages\/1930\/revisions"}],"predecessor-version":[{"id":2043,"href":"http:\/\/guiaturisticodesinop.com.br\/index.php?rest_route=\/wp\/v2\/pages\/1930\/revisions\/2043"}],"wp:featuredmedia":[{"embeddable":true,"href":"http:\/\/guiaturisticodesinop.com.br\/index.php?rest_route=\/wp\/v2\/media\/2407"}],"wp:attachment":[{"href":"http:\/\/guiaturisticodesinop.com.br\/index.php?rest_route=%2Fwp%2Fv2%2Fmedia&parent=1930"}],"curies":[{"name":"wp","href":"https:\/\/api.w.org\/{rel}","templated":true}]}}